{"id":1359,"date":"2025-02-05T15:29:36","date_gmt":"2025-02-05T14:29:36","guid":{"rendered":"https:\/\/www.hsu-hh.de\/bwp-w\/?page_id=1359"},"modified":"2025-02-05T15:39:19","modified_gmt":"2025-02-05T14:39:19","slug":"dr-jiayin-li-gottwald-phd-m-a-m-a","status":"publish","type":"page","link":"https:\/\/www.hsu-hh.de\/bwp-w\/dr-jiayin-li-gottwald-phd-m-a-m-a\/","title":{"rendered":"Dr. Jiayin Li-Gottwald"},"content":{"rendered":"<script type=\"application\/ld+json\">[{\"@context\": \"https:\/\/www.schema.org\",\"@type\": \"Person\",\"name\": \"Jiayin Li-Gottwald\",\"worksFor\": [{\t\"@type\": \"Organization\",\t\"name\": \"Helmut-Schmidt-Universit\u00e4t\",\t\"url\": \"https:\/\/www.hsu-hh.de\"\t, \"department\": {\"@type\": \"Organization\",\t\t\t\t\t\"name\": \"Professur f\u00fcr Berufs- und Wirtschaftsp\u00e4dagogik mit dem Schwerpunkt Wirtschaftsp\u00e4dagogik\",\t\t\t\t\t\"location\": {\t\t\t\t\t\t\"@type\": \"PostalAddress\",\t\t\t\t\t\t\"addressLocality\": \"\",        \t\t\t\t\"postalCode\": \"22043\",        \t\t\t\t\"streetAddress\": \"Holstenhofweg 85 , Geb\u00e4ude H01-2312\"\t\t\t\t\t}},\t\"location\": {\t\t\"@type\": \"PostalAddress\",    \t\"addressLocality\": \"\",    \t\"postalCode\": \"22008\",    \t\"postOfficeBoxNumber\": \"700822\"\t}   }],\"image\": \"https:\/\/www.hsu-hh.de\/bwp-w\/wp-content\/uploads\/sites\/833\/2025\/02\/IMG_7691-1-252x300-1-150x150.jpg\",\"telephone\": \"\",\"faxNumber\": \"\",\"email\": \"ligottwj@hsu-hh.de\"}]<\/script><div class=\"clearfix\"><\/div><div class=\"ansprechparter-container \" style=\"margin-top:1em; \"><div class=\"row ansprechpartner-item ansprechparter-header\" ><div class=\"col-xs-8 col-lg-12\" style=\"margin-bottom: 30px;\"><h3 class=\"ansprechparter-headline\">Jiayin Li-Gottwald<\/h3><\/div><\/div><div class=\"col-md-4 col-lg-3 col-xs-4 ansprechpartner-item floatright img-circle center-block\" style=\"margin-bottom: 30px;\"><div class=\"img-responsive-wrapper\"><img decoding=\"async\" src=\"https:\/\/www.hsu-hh.de\/bwp-w\/wp-content\/uploads\/sites\/833\/2025\/02\/IMG_7691-1-252x300-1-150x150.jpg\" alt=\"\" class=\"img-circle img-responsive center-block\" \/><\/div><\/div><div class=\"col-md-12 col-lg-3 col-xs-12 ansprechpartner-item kontakt floatright\" style=\"margin-bottom: 30px; \"><div class=\"row\"><div class=\"col-xs-12 col-sm-6 col-lg-12\"><div class=\"row\"><div class=\"col-xs-4 col-lg-4 row-text bold\" >Raum:<\/div><div class=\" row-text\">2312<\/div><\/div><\/div><div class=\"col-xs-12 col-sm-6 col-lg-12\"><div class=\"row\"><div class=\"col-xs-4 col-lg-4 row-text bold\">E-Mail:<\/div><div class=\"row-text\" style=\"overflow:hidden; word-break: break-word\"><a href=\"mailto:ligottwj@hsu-hh.de\" rel=\"nofollow\">ligottwj@hsu-hh.de<\/a><\/div><\/div><\/div><\/div><\/div><div class=\"col-md-6 col-lg-3 col-xs-12 ansprechpartner-item anschrift floatright\" ><div class=\"row-headline\">Besucheranschrift<\/div><div class=\"dataBesucheranschrift\" style=\"\"><div class=\"row-text\">Helmut-Schmidt-Universit\u00e4t<\/div><div class=\"row-text\">Geb\u00e4ude H01-2312<\/div><div class=\"row-text\">Holstenhofweg 85<\/div><div class=\"row-text\">22043 Hamburg<\/div><\/div><\/div><div class=\"col-md-6 col-lg-3 col-xs-12 ansprechpartner-item anschrift floatright\"><div class=\"row-headline\">Postanschrift<\/div><div class=\"dataPostanschrift\" style=\"\"><div class=\"row-text\">Helmut-Schmidt-Universit\u00e4t<\/div><div class=\"row-text\">Fakult\u00e4t f\u00fcr Geistes- und Sozialwissenschaften<\/div><div class=\"row-text\">Professur f\u00fcr Berufs- und Wirtschaftsp\u00e4dagogik mit dem Schwerpunkt Wirtschaftsp\u00e4dagogik<\/div><div class=\"row-text\">Postfach 70 08 22<\/div><div class=\"row-text\">22008 Hamburg<\/div><\/div><\/div><\/div><div class=\"clearfix\"><\/div>\n\n\n<details class=\"wp-block-details is-layout-flow wp-block-details-is-layout-flow\"><summary>Sprechzeiten<\/summary>\n<p>vorl\u00e4ufig nach Vereinbarung per E-Mail<\/p>\n<\/details>\n\n\n\n<details class=\"wp-block-details is-layout-flow wp-block-details-is-layout-flow\"><summary>Lebenslauf<\/summary>\n<ul class=\"wp-block-list\">\n<li>Habilitationsvorbereitung: Die Transnationalit\u00e4t und Digitalisierung im interkulturellen Kontext in Deutschland.<\/li>\n\n\n\n<li>Post-Doc und Projektmanagerin im Projekt \u201cCrowdwork und Crowdworker vor, w\u00e4hrend und nach der beruflichen Ausbildung \u2013 Kompetenz-\/Subjektivierungseffekte, individuelle Beruflichkeit und lernf\u00f6rderliche Plattformgestaltung\u201d an der Professur Berufs- und Betriebsp\u00e4dagogik an der Fakult\u00e4t f\u00fcr Geistes- und Sozialwissenschaften der Helmut Schmidt Universit\u00e4t<\/li>\n\n\n\n<li>Post-Doc im DFG-Projekt \u201eWandel und Dynamik der famili\u00e4ren Generationenbeziehungen im Kontext von Flucht und Asyl (DyFam)\u201c im Fachgebiet Sozialisation mit dem Schwerpunkt Migration und Interkulturelle Bildung, Universit\u00e4t Kassel<\/li>\n\n\n\n<li>Dozentin an der Universit\u00e4t Kassel<\/li>\n\n\n\n<li>Associate Academic am Institute of Education, University College London, UK<\/li>\n\n\n\n<li>Ph.D. am Institute of Education, University College London, UK<\/li>\n\n\n\n<li>M.A. in Management, York Management School, University of York, UK<\/li>\n\n\n\n<li>M.A. in Educational Studies, Department of Education, University of York, UK<\/li>\n\n\n\n<li>B.A. in Management, University of Leeds, UK<\/li>\n<\/ul>\n<\/details>\n\n\n\n<details class=\"wp-block-details is-layout-flow wp-block-details-is-layout-flow\"><summary>Publikationen<\/summary>\n<p>Li-Gottwald, J., Westphal, M., Aden, S., Korn, F. (2024) Family generational relations and transnationality in the context of refuge and asylum \u2013 a methodological reflection. In Bollig &amp; Gro\u00df (eds) Doing and Making Family in, with and through Education and Social Work. Bielefeld: Transcript Verlag.<\/p>\n\n\n\n<p>Li-Gottwald, J. (2024) The Meaning Making of Multicultural and Multilingual Space: Reflections on Non-linguistic Communication in Migrant research in 18th International Pragmatics Conference book.<\/p>\n\n\n\n<p>Li-Gottwald, J. (2023) The Formation of Parental Social Space in a Community School in Berlin. Journal of Multilingual and Multicultural Development. (Peer Reviewed)<\/p>\n\n\n\n<p>Li-Gottwald, J. (2023) Soziale nachhaltige Entwicklung \u2013 ein Fall einer Migrantenselbstorganisation in Deutschland in Alisch &amp; Westphal (eds). Soziale Nachhaltigkeit in der Migration Gesellschaft. Berlin: Budrich Academic Press.<\/p>\n\n\n\n<p>Li-Gottwald, J. (2022) Chinese Migrant Parents and Complementary Schooling in Germany: A Sociolinguistic Ethnography. Berlin: Budrich Academic Press. (Monography)<\/p>\n\n\n\n<p>Li-Gottwald, J. (2020) The Negotiation of Chinese Migrant Parents\u2019 Social Relations and their Social Status. PhD thesis, UCL library open access<\/p>\n\n\n\n<p>Westphal, M., Korn, F., Li-Gottwald, J., Adam, S. (Forthcoming) Growing up transnationally \u2013 transnational family practices and upbringing in the context of flight and migration. Families, Relationships and Societies. (Peer Reviewed)<\/p>\n\n\n\n<p>Li-Gottwald, J. (in review) Spatiality, Marginality, and Interculturality in an Intercultural-Ethnographic Study. The Language of Marginality and Subjectivity. (Peer Reviewed)<\/p>\n\n\n\n<p>Li-Gottwald, J. (in review) The Chinese Cultural, Social, and Identity Dynamics in the Process of Family Upbringing among Four bi-cultural Families in Germany.&nbsp; Journal of Chinese overseas. (Peer Reviewed)<\/p>\n\n\n\n<p>Li-Gottwald, J. (in review) Transcultural Identities and Chinese Culture Transmission: A digital exploration among second-generation children of mixed Chinese and German heritage in Germany. Journal Diskurs<\/p>\n\n\n\n<p>Schrooten, M., Li-Gottwald, J. Moretti, F. Cost, R. (in review) Book Review: Handbook of transnational families around the world, by Javiera Cienfuegos, Rosa Brandhorst and Deborah Fahy Bryceson (Eds.), 2023 Cham, Springer,<\/p>\n\n\n\n<p>Li-Gottwald, J. (in review) Book review: Identity and Belonging among Chinese Canadian Youth \u2013 Racialized habitus in school, family, and Media, by Dan Cui 2024, Routledge.<\/p>\n\n\n\n<p>Li-Gottwald, J. (in preparation) The Interculturality and the Imagined Transnationality on Digital Working platform.<\/p>\n\n\n\n<p>Li-Gottwald, J. (in preparation) Posthuman Approach in Crowdworking Research \u2013 for Future Studies.<\/p>\n\n\n\n<p>Li-Gottwald, J. (in preparation) The Construction of the Cultural Self \u2013 a Case of Migrant Cultural Elite in Germany. Journal of Intercultural Studies.<\/p>\n\n\n\n<p>Li-Gottwald, J. (in preparation) The Othering and Intercultural Communication in Familiar Social Event.<\/p>\n<\/details>\n","protected":false},"excerpt":{"rendered":"","protected":false},"author":740,"featured_media":0,"parent":0,"menu_order":0,"comment_status":"closed","ping_status":"closed","template":"","meta":{"_EventAllDay":false,"_EventTimezone":"","_EventStartDate":"","_EventEndDate":"","_EventStartDateUTC":"","_EventEndDateUTC":"","_EventShowMap":false,"_EventShowMapLink":false,"_EventURL":"","_EventCost":"","_EventCostDescription":"","_EventCurrencySymbol":"","_EventCurrencyCode":"","_EventCurrencyPosition":"","_EventDateTimeSeparator":"","_EventTimeRangeSeparator":"","_EventOrganizerID":[],"_EventVenueID":[],"_OrganizerEmail":"","_OrganizerPhone":"","_OrganizerWebsite":"","_VenueAddress":"","_VenueCity":"","_VenueCountry":"","_VenueProvince":"","_VenueState":"","_VenueZip":"","_VenuePhone":"","_VenueURL":"","_VenueStateProvince":"","_VenueLat":"","_VenueLng":"","_VenueShowMap":false,"_VenueShowMapLink":false,"footnotes":""},"categories":[4],"tags":[],"class_list":["post-1359","page","type-page","status-publish","hentry","category-forschung"],"_links":{"self":[{"href":"https:\/\/www.hsu-hh.de\/bwp-w\/wp-json\/wp\/v2\/pages\/1359","targetHints":{"allow":["GET"]}}],"collection":[{"href":"https:\/\/www.hsu-hh.de\/bwp-w\/wp-json\/wp\/v2\/pages"}],"about":[{"href":"https:\/\/www.hsu-hh.de\/bwp-w\/wp-json\/wp\/v2\/types\/page"}],"author":[{"embeddable":true,"href":"https:\/\/www.hsu-hh.de\/bwp-w\/wp-json\/wp\/v2\/users\/740"}],"replies":[{"embeddable":true,"href":"https:\/\/www.hsu-hh.de\/bwp-w\/wp-json\/wp\/v2\/comments?post=1359"}],"version-history":[{"count":2,"href":"https:\/\/www.hsu-hh.de\/bwp-w\/wp-json\/wp\/v2\/pages\/1359\/revisions"}],"predecessor-version":[{"id":1365,"href":"https:\/\/www.hsu-hh.de\/bwp-w\/wp-json\/wp\/v2\/pages\/1359\/revisions\/1365"}],"wp:attachment":[{"href":"https:\/\/www.hsu-hh.de\/bwp-w\/wp-json\/wp\/v2\/media?parent=1359"}],"wp:term":[{"taxonomy":"category","embeddable":true,"href":"https:\/\/www.hsu-hh.de\/bwp-w\/wp-json\/wp\/v2\/categories?post=1359"},{"taxonomy":"post_tag","embeddable":true,"href":"https:\/\/www.hsu-hh.de\/bwp-w\/wp-json\/wp\/v2\/tags?post=1359"}],"curies":[{"name":"wp","href":"https:\/\/api.w.org\/{rel}","templated":true}]}}