{"id":1226,"date":"2024-09-06T13:27:55","date_gmt":"2024-09-06T11:27:55","guid":{"rendered":"https:\/\/www.hsu-hh.de\/bwp-w\/?page_id=1226"},"modified":"2025-03-20T15:51:52","modified_gmt":"2025-03-20T14:51:52","slug":"forschungsprojekte","status":"publish","type":"page","link":"https:\/\/www.hsu-hh.de\/bwp-w\/forschungsprojekte\/","title":{"rendered":"Forschungsprojekte"},"content":{"rendered":"<p>Hier finden Sie eine \u00dcbersicht der laufenden und abgeschlossenen Forschungsprojekte an der Professur.<\/p>\n<h3><strong>aktuell laufend:<\/strong><\/h3>\n<p><a href=\"https:\/\/www.hsu-hh.de\/bwp-w\/ckobelep-ii-digitalisierte-wissensarbeit\/\">CKoBeLeP II \u2013 Digitalisierte Wissensarbeit<\/a><\/p>\n<p>CKoBeLeP ist ein Teilprojekt des Zentrums f\u00fcr Digitalisierungs- und Technologieforschung der Bundesweht (dtec.bw) und wird im Rahmen von NextGenerationEU von der Europ\u00e4ischen Union gef\u00f6rdert. Das Projekt besteht aus zwei Phasen: CKoBeLeP I (2021-2024) und CKoBeLeP II (2025-2026). W\u00e4hrend in Phase I Crowdwork und Crowdworking-Plattformen aus der Perspektive der Berufs- und Wirtschaftsp\u00e4dagogik und Arbeitssoziologie empirisch untersucht werden, zielt Phase II auf die Beforschung von digitalisierter Wissensarbeit in konventionellen Unternehmen ab.<\/p>\n<p><a href=\"https:\/\/www.hsu-hh.de\/bwp-w\/innohubazubi-innovationhubs-fuer-kaufmaennische-auszubildende\/\">InnoHubAzubi \u2013 InnovationHubs f\u00fcr kaufm\u00e4nnische Auszubildende<\/a><\/p>\n<p>Bei dem Projekt \u201eInnovationHubs f\u00fcr kaufm\u00e4nnische Auszubildende (InnoHubAzubi)\u201c handelt es sich um ein Verbundprojekt der Helmut-Schmidt-Universit\u00e4t\/Universit\u00e4t der Bundeswehr Hamburg, der Universit\u00e4t Paderborn und der HYVE Innovate <abbr title=\"Gesellschaft mit beschr\u00e4nkter Haftung\">GmbH<\/abbr>. Das Projekt InnoHubAzubi ist Teil der Ma\u00dfnahme \u201eInnovationswettbewerb InnoVET PLUS\u201c, eine Exzellenzinitiative f\u00fcr die berufliche Bildung des Bundesministeriums f\u00fcr Bildung und Forschung (<abbr title=\"Bundesministerium f\u00fcr Bildung und Forschung\">BMBF<\/abbr>), die durch das Bundesinstitut f\u00fcr Berufsbildung (BIBB) betreut wird.<\/p>\n<h3><\/h3>\n<h3>abgeschlossen (Auswahl):<\/h3>\n<p><a href=\"https:\/\/dtecbw.de\/home\/forschung\/hsu\/projekt-ckobelep-crowdwork\" rel='nofollow'>\u00a0Crowdwork und Crowdworker vor, w\u00e4hrend und nach der beruflichen Ausbildung<br \/>\n\u2013 Kompetenz-\/Subjektivierungseffekte, individuelle Beruflichkeit und lernf\u00f6rderliche Plattformgestaltung (CKoBeLeP, Phase 1, 2021-2024)<\/a><\/p>\n<p>Das Projekt ist im Dachprojekt Organisation-Personal-Arbeit-Leadership (OPAL) der <abbr title=\"Helmut Schmidt Universit\u00e4t\">HSU<\/abbr>\/UniBw H im Zentrum f\u00fcr Digitalisierungs- und Technologieforschung (dtec.bw) angesiedelt und wird aus Mitteln des Konjunkturprogramms der Bundesregierung zur \u00dcberwindung der COVID-19-Krise sowie des Programm NextGenerationEU gef\u00f6rdert.<\/p>\n<p><a href=\"https:\/\/gekonawi-transfer.de\/\" rel='nofollow'>Transfer der Module zur Gesch\u00e4ftsmodell- und Kompetenzentwicklung f\u00fcr nachhaltiges Wirtschaften (GEKONAWItransfer)<\/a>: Digitalisierung, bundesweite und regionale Verbreitung, Transferforschung<\/p>\n<p>F\u00f6rderung im Rahmen der F\u00f6rderrichtlinie \u201eBerufsbildung f\u00fcr Nachhaltige Entwicklung im Transfer f\u00fcr Ausbildungspersonal 2020 bis 2022\u201c (BBNE-Transfer 2020 bis 2022)\u00a0 vom Bundesinstitut f\u00fcr Berufsbildung (BIBB) im Auftrag und aus Mitteln des Bundesministeriums f\u00fcr Bildung und Forschung (<abbr title=\"Bundesministerium f\u00fcr Bildung und Forschung\">BMBF<\/abbr>).<\/p>\n<p><a href=\"https:\/\/www.hsu-hh.de\/bwp-w\/gekonawi\/\">Gesch\u00e4ftsmodell- und Kompetenzentwicklung f\u00fcr nachhaltiges Wirtschaften im Handel\u201c (GEKONAWI)<\/a>:<\/p>\n<p>Bestandteil des Modellversuchsf\u00f6rderschwerpunkts \u201eBerufsbildung f\u00fcr nachhaltige Entwicklung 2015 \u2013 2019\u201c des Bundesinstituts f\u00fcr Berufsbildung (BIBB) mit F\u00f6rderung aus Mitteln des Bundesministeriums f\u00fcr Bildung und Forschung (<abbr title=\"Bundesministerium f\u00fcr Bildung und Forschung\">BMBF<\/abbr>)<\/p>\n<p><a href=\"https:\/\/www.hsu-hh.de\/bwp-w\/innone\/\">Innovationsprojekte und Innovationskompetenz f\u00fcr eine Nachhaltige Entwicklung (InnoNE):<\/a><\/p>\n<p>Bestandteil des Modellversuchsf\u00f6rderschwerpunkts \u201eBerufsbildung f\u00fcr nachhaltige Entwicklung 2015 \u2013 2019\u201c des Bundesinstituts f\u00fcr Berufsbildung (BIBB) mit F\u00f6rderung aus Mitteln des Bundesministeriums f\u00fcr Bildung und Forschung (<abbr title=\"Bundesministerium f\u00fcr Bildung und Forschung\">BMBF<\/abbr>)<\/p>\n","protected":false},"excerpt":{"rendered":"<p>Hier finden Sie eine \u00dcbersicht der laufenden und abgeschlossenen Forschungsprojekte an der Professur. aktuell laufend: CKoBeLeP II \u2013 Digitalisierte Wissensarbeit CKoBeLeP ist ein Teilprojekt des Zentrums f\u00fcr Digitalisierungs- und Technologieforschung [&hellip;]<\/p>\n","protected":false},"author":740,"featured_media":0,"parent":0,"menu_order":0,"comment_status":"closed","ping_status":"closed","template":"","meta":{"_EventAllDay":false,"_EventTimezone":"","_EventStartDate":"","_EventEndDate":"","_EventStartDateUTC":"","_EventEndDateUTC":"","_EventShowMap":false,"_EventShowMapLink":false,"_EventURL":"","_EventCost":"","_EventCostDescription":"","_EventCurrencySymbol":"","_EventCurrencyCode":"","_EventCurrencyPosition":"","_EventDateTimeSeparator":"","_EventTimeRangeSeparator":"","_EventOrganizerID":[],"_EventVenueID":[],"_OrganizerEmail":"","_OrganizerPhone":"","_OrganizerWebsite":"","_VenueAddress":"","_VenueCity":"","_VenueCountry":"","_VenueProvince":"","_VenueState":"","_VenueZip":"","_VenuePhone":"","_VenueURL":"","_VenueStateProvince":"","_VenueLat":"","_VenueLng":"","_VenueShowMap":false,"_VenueShowMapLink":false,"footnotes":""},"categories":[4],"tags":[],"class_list":["post-1226","page","type-page","status-publish","hentry","category-forschung"],"_links":{"self":[{"href":"https:\/\/www.hsu-hh.de\/bwp-w\/wp-json\/wp\/v2\/pages\/1226","targetHints":{"allow":["GET"]}}],"collection":[{"href":"https:\/\/www.hsu-hh.de\/bwp-w\/wp-json\/wp\/v2\/pages"}],"about":[{"href":"https:\/\/www.hsu-hh.de\/bwp-w\/wp-json\/wp\/v2\/types\/page"}],"author":[{"embeddable":true,"href":"https:\/\/www.hsu-hh.de\/bwp-w\/wp-json\/wp\/v2\/users\/740"}],"replies":[{"embeddable":true,"href":"https:\/\/www.hsu-hh.de\/bwp-w\/wp-json\/wp\/v2\/comments?post=1226"}],"version-history":[{"count":10,"href":"https:\/\/www.hsu-hh.de\/bwp-w\/wp-json\/wp\/v2\/pages\/1226\/revisions"}],"predecessor-version":[{"id":1425,"href":"https:\/\/www.hsu-hh.de\/bwp-w\/wp-json\/wp\/v2\/pages\/1226\/revisions\/1425"}],"wp:attachment":[{"href":"https:\/\/www.hsu-hh.de\/bwp-w\/wp-json\/wp\/v2\/media?parent=1226"}],"wp:term":[{"taxonomy":"category","embeddable":true,"href":"https:\/\/www.hsu-hh.de\/bwp-w\/wp-json\/wp\/v2\/categories?post=1226"},{"taxonomy":"post_tag","embeddable":true,"href":"https:\/\/www.hsu-hh.de\/bwp-w\/wp-json\/wp\/v2\/tags?post=1226"}],"curies":[{"name":"wp","href":"https:\/\/api.w.org\/{rel}","templated":true}]}}