{"id":112,"date":"2018-01-17T14:06:36","date_gmt":"2018-01-17T13:06:36","guid":{"rendered":"https:\/\/www.hsu-hh.de\/vorlage\/?page_id=112"},"modified":"2025-03-20T15:55:39","modified_gmt":"2025-03-20T14:55:39","slug":"forschung","status":"publish","type":"page","link":"https:\/\/www.hsu-hh.de\/bwp-w\/forschung\/","title":{"rendered":"Forschung"},"content":{"rendered":"\n<p>Die gesellschaftlichen Bezugspunkte der wirtschaftsp\u00e4dagogischen Forschung an der Professur liegen aktuell insbesondere in der digitalen und nachhaltigen Transformation und dem sozio-demografischen Wandel. In unseren Projekten und Studien untersuchen wir die Zusammenh\u00e4nge zwischen diesen Transformationen und Berufen, Berufsfeldern sowie Bildungsprozessen. Wir forschen transdisziplin\u00e4r, insbesondere mit Forscher:innen aus den Wirtschaftswissenschaften, den Arbeitswissenschaften, der Soziologie und der Psychologie. Wir legen Ans\u00e4tze der empirischen Sozialforschung zu Grunde.\u00a0<\/p>\n\n\n\n<h2 class=\"wp-block-heading\">Forschungsprojekte<\/h2>\n\n\n\n<p>Eine \u00dcbersicht \u00fcber die laufenden und bereits abgeschlossenen Forschungsprojekte finden Sie <a href=\"https:\/\/www.hsu-hh.de\/bwp-w\/forschungsprojekte\/\" data-type=\"page\" data-id=\"1226\">hier<\/a>.<\/p>\n\n\n\n<hr class=\"wp-block-separator has-alpha-channel-opacity\" \/>\n\n\n\n<h2 class=\"wp-block-heading\">Aktuelles<\/h2>\n\n\n\n<p>Derzeit werden an der Professur die folgenden Studien durchgef\u00fchrt. Wir stehen Ihnen gerne f\u00fcr einen Austausch und Fragen zur Verf\u00fcgung.<\/p>\n\n\n\n<p><\/p>\n\n\n\n<p><strong>Die Zukunft von Personalmanagement und F\u00fchrung im Kontext der digitalen Transformation<\/strong> &#8211; eine Delphi-Befragung von Expert:innen aus Wissenschaft und Praxis <\/p>\n\n\n\n<ul class=\"wp-block-list\">\n<li><strong>Ziele:<\/strong> Es wird untersucht, wie sich Personalmanagement und F\u00fchrung aufgrund der digitalen Transformation bis zum Jahr 2035 ver\u00e4ndern k\u00f6nnten.\u202fZentral ist au\u00dferdem die Frage nach der Motivierung, Bef\u00e4higung und Partizipation von Besch\u00e4ftigten zur innovativen Mitgestaltung der digitalen Transformation in Unternehmen.&nbsp;<\/li>\n\n\n\n<li><strong>Erhebungszeitraum:<\/strong> Erste Welle von Juni bis August 2024; zweite Welle von Oktober bis November 2024.&nbsp;<\/li>\n\n\n\n<li><strong>Auswertung:<\/strong> Erste Ergebnisse liegen voraussichtlich im 1. Quartal 2025 vor.<\/li>\n\n\n\n<li><strong>Kooperationspartner:innen:<\/strong> <a href=\"https:\/\/www.hsu-hh.de\/apo\/\" data-type=\"link\" data-id=\"https:\/\/www.hsu-hh.de\/apo\/\">Professur f\u00fcr Arbeit, Personal und Organisation <\/a>an der <abbr title=\"Helmut Schmidt Universit\u00e4t\">HSU<\/abbr>\/UniBw H (<abbr title=\"Professor\">Prof.<\/abbr> Sven Hauff)&nbsp;<\/li>\n\n\n\n<li><strong>Ansprechpartnerin<\/strong>: <a href=\"https:\/\/www.hsu-hh.de\/bwp-w\/jennifer-liehr\/\" data-type=\"page\" data-id=\"1119\">Jennifer Liehr<\/a>&nbsp;<\/li>\n<\/ul>\n\n\n\n<p><\/p>\n\n\n\n<p><\/p>\n\n\n\n<p><strong><strong>Grundvorstellungen \u00fcber die digital-nachhaltige Transformation <\/strong><\/strong>&#8211; eine Online-Erhebung unter Crowdworker:innen<\/p>\n\n\n\n<ul class=\"wp-block-list\">\n<li><strong>Ziele:<\/strong> Es werden Grundvorstellungen von Transformation, Wirtschaft und Gesch\u00e4ftsmodellen unter Crowdworker:innen untersucht. Neben der methodischen Validierung des eingesetzten Fragebogens zielt die Studie schwerpunktm\u00e4\u00dfig auf inhaltlich begr\u00fcndbare Zusammenh\u00e4nge zwischen verschiedenen Vorstellungen und ihre repr\u00e4sentative Verteilung auf bestimmte Klassen von Crowdworker:innen ab.<\/li>\n\n\n\n<li><strong>Erhebungszeitraum:<\/strong> Mai bis Juni 2024<\/li>\n\n\n\n<li><strong>Auswertung:<\/strong> Erste Ergebnisse zu Validierung liegen vor, weitere Auswertungen erfolgen bis zum 1. Quartal 2025<\/li>\n\n\n\n<li><strong>Kooperationspartner:innen:<\/strong> <a href=\"https:\/\/www.hsu-hh.de\/paepsy\/\">Professur f\u00fcr Entwicklungspsychologie und P\u00e4dagogische Psychologie <\/a>an der <abbr title=\"Helmut Schmidt Universit\u00e4t\">HSU<\/abbr>\/UniBw H (<abbr title=\"Professor\">Prof.<\/abbr> Monika Daseking)<\/li>\n\n\n\n<li><strong>Ansprechpartnerin<\/strong>: <a href=\"https:\/\/www.hsu-hh.de\/bwp-w\/sara-marie-schoen-m-sc\/\" data-type=\"page\" data-id=\"1024\"><abbr title=\"Doktor\">Dr.<\/abbr> Sara-Marie Sch\u00f6n<\/a>&nbsp;<\/li>\n<\/ul>\n\n\n\n<p><\/p>\n\n\n\n<p><\/p>\n\n\n\n<p><strong><strong><strong>K\u00f6nnen und Wissen von Crowdworker:innen in digitalisierten Arbeitskontexten<\/strong>&nbsp;<\/strong><\/strong>&#8211; online-ethnographische Erhebungen (Dissertationsstudie)&nbsp;<strong><strong><strong><strong><strong>  <\/strong><\/strong><\/strong><\/strong><\/strong><\/p>\n\n\n\n<ul class=\"wp-block-list\">\n<li><strong>Ziele:<\/strong> K\u00f6nnen und Wissen in digitalisierten Arbeitskontexten wird aus praxistheoretischer Perspektive empirisch erhoben und in dichten Beschreibungen sowie Modellierungen dargelegt. Das Beispiel Crowdwork als stark digitalisierte Arbeitsform dient als Fallbeispiel, um ein grundlegendes Verstehen der Zusammenh\u00e4nge zwischen K\u00f6nnen und Wissen mit digitalen Technologien zu erm\u00f6glichen.&nbsp;&nbsp;<\/li>\n\n\n\n<li><strong>Erhebungszeitraum:<\/strong> Juni bis August 2022 und Februar bis Juni 2023&nbsp;<\/li>\n\n\n\n<li><strong>Auswertung<\/strong>: Ergebnisse werden in 2025 ver\u00f6ffentlicht<\/li>\n\n\n\n<li><strong>Ansprechpartnerin<\/strong>: <a href=\"https:\/\/www.hsu-hh.de\/bwp-w\/mitarbeitende\/kschwien\/\" data-type=\"page\" data-id=\"893\">Karen Schwien<\/a><\/li>\n<\/ul>\n\n\n\n<div class=\"wp-block-columns is-layout-flex wp-container-core-columns-is-layout-9d6595d7 wp-block-columns-is-layout-flex\">\n<div class=\"wp-block-column is-vertically-aligned-top is-layout-flow wp-block-column-is-layout-flow\" style=\"flex-basis:100%\">\n<p><\/p>\n\n\n\n<p><\/p>\n\n\n\n<p><strong><strong><strong>Grundvorstellungen \u00fcber die digital-nachhaltige Transformation &#8211; <\/strong><\/strong><\/strong>qualitative Erhebung<strong> <\/strong>unter Crowdworker:innen mittels Diagnoseaufgaben und Interviews (Dissertationsstudie)&nbsp;<\/p>\n\n\n\n<ul class=\"wp-block-list\">\n<li><strong>Ziele:<\/strong> Es werden Grundvorstellungen von Markt, Wertsch\u00f6pfung und Transformation unter Crowdworker:innen untersucht. Neben der methodischen Validierung des angewendeten Forschungsansatzes aus Diagnoseaufgaben und Leitfadeninterviews zielt die Studie schwerpunktm\u00e4\u00dfig ab auf die transdisziplin\u00e4re und \u2013paradigmatische Ermittlung und Begr\u00fcndung der Grundvorstellung, ihre fallbezogene Repr\u00e4sentation durch einzelne Crowdworker:innen und ihre handlungsleitende Wirkung.&nbsp;&nbsp;<\/li>\n\n\n\n<li><strong>Erhebungszeitraum:<\/strong> Februar bis Juli 2023<\/li>\n\n\n\n<li><strong>Auswertung<\/strong>: Ergebnisse werden in 2025 ver\u00f6ffentlicht<\/li>\n\n\n\n<li><strong>Ansprechpartnerin<\/strong>: <a href=\"https:\/\/www.hsu-hh.de\/bwp-w\/mitarbeitende\/tim-neu\/\" data-type=\"page\" data-id=\"632\">Tim Neu<\/a><\/li>\n<\/ul>\n<\/div>\n<\/div>\n","protected":false},"excerpt":{"rendered":"<p>Die gesellschaftlichen Bezugspunkte der wirtschaftsp\u00e4dagogischen Forschung an der Professur liegen aktuell insbesondere in der digitalen und nachhaltigen Transformation und dem sozio-demografischen Wandel. In unseren Projekten und Studien untersuchen wir die [&hellip;]<\/p>\n","protected":false},"author":740,"featured_media":0,"parent":0,"menu_order":0,"comment_status":"closed","ping_status":"closed","template":"","meta":{"_EventAllDay":false,"_EventTimezone":"","_EventStartDate":"","_EventEndDate":"","_EventStartDateUTC":"","_EventEndDateUTC":"","_EventShowMap":false,"_EventShowMapLink":false,"_EventURL":"","_EventCost":"","_EventCostDescription":"","_EventCurrencySymbol":"","_EventCurrencyCode":"","_EventCurrencyPosition":"","_EventDateTimeSeparator":"","_EventTimeRangeSeparator":"","_EventOrganizerID":[],"_EventVenueID":[],"_OrganizerEmail":"","_OrganizerPhone":"","_OrganizerWebsite":"","_VenueAddress":"","_VenueCity":"","_VenueCountry":"","_VenueProvince":"","_VenueState":"","_VenueZip":"","_VenuePhone":"","_VenueURL":"","_VenueStateProvince":"","_VenueLat":"","_VenueLng":"","_VenueShowMap":false,"_VenueShowMapLink":false,"footnotes":""},"categories":[4],"tags":[],"class_list":["post-112","page","type-page","status-publish","hentry","category-forschung"],"_links":{"self":[{"href":"https:\/\/www.hsu-hh.de\/bwp-w\/wp-json\/wp\/v2\/pages\/112","targetHints":{"allow":["GET"]}}],"collection":[{"href":"https:\/\/www.hsu-hh.de\/bwp-w\/wp-json\/wp\/v2\/pages"}],"about":[{"href":"https:\/\/www.hsu-hh.de\/bwp-w\/wp-json\/wp\/v2\/types\/page"}],"author":[{"embeddable":true,"href":"https:\/\/www.hsu-hh.de\/bwp-w\/wp-json\/wp\/v2\/users\/740"}],"replies":[{"embeddable":true,"href":"https:\/\/www.hsu-hh.de\/bwp-w\/wp-json\/wp\/v2\/comments?post=112"}],"version-history":[{"count":35,"href":"https:\/\/www.hsu-hh.de\/bwp-w\/wp-json\/wp\/v2\/pages\/112\/revisions"}],"predecessor-version":[{"id":1428,"href":"https:\/\/www.hsu-hh.de\/bwp-w\/wp-json\/wp\/v2\/pages\/112\/revisions\/1428"}],"wp:attachment":[{"href":"https:\/\/www.hsu-hh.de\/bwp-w\/wp-json\/wp\/v2\/media?parent=112"}],"wp:term":[{"taxonomy":"category","embeddable":true,"href":"https:\/\/www.hsu-hh.de\/bwp-w\/wp-json\/wp\/v2\/categories?post=112"},{"taxonomy":"post_tag","embeddable":true,"href":"https:\/\/www.hsu-hh.de\/bwp-w\/wp-json\/wp\/v2\/tags?post=112"}],"curies":[{"name":"wp","href":"https:\/\/api.w.org\/{rel}","templated":true}]}}