{"id":868,"date":"2021-07-02T10:33:20","date_gmt":"2021-07-02T08:33:20","guid":{"rendered":"https:\/\/www.hsu-hh.de\/bbp\/?page_id=868"},"modified":"2025-03-07T08:42:57","modified_gmt":"2025-03-07T07:42:57","slug":"heinrich-rascher","status":"publish","type":"page","link":"https:\/\/www.hsu-hh.de\/bwp-b\/team\/heinrich-rascher\/","title":{"rendered":"Kristina Heinrich-Rascher, M.A., M.Sc."},"content":{"rendered":"<div class=\"clearfix\">\u00a0<\/div>\n<div class=\"ansprechparter-container\">\n<div class=\"row ansprechpartner-item ansprechparter-header\">\n<div class=\"col-xs-8 col-lg-12\" style=\"margin-bottom: 30px\">\n<h3 class=\"ansprechparter-headline\">Wissenschaftliche Mitarbeiterin \u00a0 \u00a0 \u00a0 \u00a0 \u00a0 \u00a0 \u00a0 \u00a0 \u00a0 \u00a0 \u00a0 \u00a0 \u00a0 \u00a0 \u00a0 \u00a0 \u00a0 \u00a0 \u00a0 \u00a0 \u00a0 \u00a0 \u00a0 \u00a0 \u00a0 \u00a0 \u00a0 \u00a0 \u00a0 \u00a0 \u00a0 \u00a0 \u00a0 \u00a0 \u00a0 \u00a0 \u00a0<\/h3>\n<\/div>\n<div class=\"col-md-4 col-lg-3 col-xs-4 ansprechpartner-item floatright img-circle center-block\" style=\"margin-bottom: 30px\">\n<div><img loading=\"lazy\" decoding=\"async\" class=\"alignnone wp-image-984 size-medium\" src=\"https:\/\/www.hsu-hh.de\/bbp\/wp-content\/uploads\/sites\/818\/2021\/07\/HeinrichRascher_Mitarbeiterbild-225x300.jpeg\" alt=\"Heinrich-Rascher\" width=\"225\" height=\"300\" data-credit=\"Heinrich-Rascher\" srcset=\"https:\/\/www.hsu-hh.de\/bwp-b\/wp-content\/uploads\/sites\/818\/2021\/07\/HeinrichRascher_Mitarbeiterbild-225x300.jpeg 225w, https:\/\/www.hsu-hh.de\/bwp-b\/wp-content\/uploads\/sites\/818\/2021\/07\/HeinrichRascher_Mitarbeiterbild-769x1024.jpeg 769w, https:\/\/www.hsu-hh.de\/bwp-b\/wp-content\/uploads\/sites\/818\/2021\/07\/HeinrichRascher_Mitarbeiterbild-768x1023.jpeg 768w, https:\/\/www.hsu-hh.de\/bwp-b\/wp-content\/uploads\/sites\/818\/2021\/07\/HeinrichRascher_Mitarbeiterbild-1153x1536.jpeg 1153w, https:\/\/www.hsu-hh.de\/bwp-b\/wp-content\/uploads\/sites\/818\/2021\/07\/HeinrichRascher_Mitarbeiterbild-1537x2048.jpeg 1537w, https:\/\/www.hsu-hh.de\/bwp-b\/wp-content\/uploads\/sites\/818\/2021\/07\/HeinrichRascher_Mitarbeiterbild-1100x1466.jpeg 1100w, https:\/\/www.hsu-hh.de\/bwp-b\/wp-content\/uploads\/sites\/818\/2021\/07\/HeinrichRascher_Mitarbeiterbild-scaled.jpeg 1921w\" sizes=\"auto, (max-width: 225px) 100vw, 225px\" \/><\/div>\n<div class=\"img-responsive-wrapper\">\u00a0<\/div>\n<\/div>\n<div class=\"col-md-12 col-lg-3 col-xs-12 ansprechpartner-item kontakt floatright\" style=\"margin-bottom: 30px\">\n<div class=\"row\">\n<div class=\"col-xs-12 col-sm-6 col-lg-12\">\n<div class=\"row\">\n<div class=\"col-xs-12 col-lg-4 row-text bold\">Raum:<\/div>\n<div class=\"col-xs-12 col-lg-8 row-text\">2218<\/div>\n<\/div>\n<\/div>\n<div class=\"col-xs-12 col-sm-6 col-lg-12\">\n<div class=\"row\">\n<div>\u00a0<\/div>\n<div class=\"col-xs-12 col-lg-4 row-text bold\">Telefon:<\/div>\n<div class=\"col-xs-12 col-lg-8 row-text\">(040) 6541-2981<\/div>\n<\/div>\n<\/div>\n<div class=\"col-xs-12 col-sm-6 col-lg-12\">\n<div class=\"row\">\u00a0<\/div>\n<\/div>\n<div class=\"col-xs-12 col-sm-6 col-lg-12\">\n<div class=\"row\">\n<div>\u00a0<\/div>\n<div class=\"col-xs-12 col-md-12 row-text bold\">E-Mail:<\/div>\n<div class=\"col-xs-12 col-md-12 row-text\"><a href=\"mailto:muster@hsu-hh.de\" rel='nofollow'>heinrick@hsu-hh.de<\/a><\/div>\n<\/div>\n<\/div>\n<\/div>\n<\/div>\n<div class=\"col-md-6 col-lg-3 col-xs-12 ansprechpartner-item anschrift floatright\">\n<div class=\"row-headline\">Besucheranschrift<\/div>\n<div class=\"row-text\">Helmut-Schmidt-Universit\u00e4t<\/div>\n<div class=\"row-text\">Geb\u00e4ude H1<\/div>\n<div class=\"row-text\">Holstenhofweg 85<\/div>\n<div class=\"row-text\">22043 Hamburg<\/div>\n<\/div>\n<div class=\"col-md-6 col-lg-3 col-xs-12 ansprechpartner-item anschrift floatright\">\n<div class=\"row-headline\">Postanschrift<\/div>\n<div class=\"row-text\">Helmut-Schmidt-Universit\u00e4t<\/div>\n<div class=\"row-text\">Postfach 70 08 22<\/div>\n<div class=\"row-text\">22008 Hamburg<\/div>\n<\/div>\n<\/div>\n<\/div>\n<div class=\"clearfix\">\u00a0<\/div>\n<\/p>\n\n\n<details class=\"wp-block-details is-layout-flow wp-block-details-is-layout-flow\"><summary>Sprechzeiten<\/summary>\n<p>Nach Absprache&nbsp;<\/p>\n<\/details>\n\n\n\n<details class=\"wp-block-details is-layout-flow wp-block-details-is-layout-flow\"><summary>Lebenslauf<\/summary>\n<p>Bachelor- und Masterstudium der Bildungs- und Erziehungswissenschaft an der Helmut-Schmidt-Universit\u00e4t\/Universit\u00e4t der Bundeswehr Hamburg<br>Thema der Masterarbeit: \u201eDie Bedeutung von Goffmanns Stigmatheorie f\u00fcr die Erkl\u00e4rung von sozialer Ungleichheit \u2013 Eine Dokumentenanalyse am Beispiel von Migranten und Gefl\u00fcchteten im deutschen Berufsbildungsbereich\u201c<\/p>\n\n\n\n<p>Freie Mitarbeiterin an der Professur f\u00fcr Berufs- und Betriebsp\u00e4dagogik an der Helmut-Schmidt-Universit\u00e4t\/Universit\u00e4t der Bundeswehr Hamburg<\/p>\n\n\n\n<p>Bachelor- und Masterstudium der Psychologie an der Helmut-Schmidt-Universit\u00e4t\/Universit\u00e4t der Bundeswehr Hamburg<br>Thema der Masterarbeit: &#8222;Fr\u00fchwarnsignalerkennung im digitalen Arbeitskontext: Externe, mitarbeiter- und f\u00fchrungskr\u00e4ftebezogene Einflussfaktoren&#8220;<\/p>\n\n\n\n<p>Wissenschaftliche Mitarbeiterin und Doktorandin an der Professur f\u00fcr Berufs- und Betriebsp\u00e4dagogik an der Helmut-Schmidt-Universit\u00e4t\/Universit\u00e4t der Bundeswehr Hamburg<\/p>\n<\/details>\n\n\n\n<details class=\"wp-block-details is-layout-flow wp-block-details-is-layout-flow\"><summary>Publikationen<\/summary>\n<p><strong>2021<\/strong><\/p>\n\n\n\n<p>Heinrich-Rascher, K. (2021). Berufsberatung \u2013 Historische Kontinuit\u00e4t des Spannungsfeldes individueller und wirtschaftlicher Interessen. Berufsbildung: Zeitschrift f\u00fcr Theorie-Praxis-Dialog, 75(189), 14-16.<\/p>\n<\/details>\n\n\n\n<div style=\"height:30px\" aria-hidden=\"true\" class=\"wp-block-spacer\"><\/div>\n\n\n\n<h2 class=\"wp-block-heading\"><strong>Aktuelles Forschungsprojekt: <em>&#8222;Stress in der Pflegeausbildung&#8220;<\/em><\/strong><\/h2>\n\n\n\n<div class=\"wp-block-columns is-layout-flex wp-container-core-columns-is-layout-9d6595d7 wp-block-columns-is-layout-flex\">\n<div class=\"wp-block-column is-vertically-aligned-center is-layout-flow wp-block-column-is-layout-flow\" style=\"flex-basis:66.66%\">\n<p><strong>Wir suchen aktuell noch Teilnehmende f\u00fcr unsere Umfrage!<\/strong><\/p>\n\n\n\n<blockquote class=\"wp-block-quote is-layout-flow wp-block-quote-is-layout-flow\">\n<p><\/p>\n<\/blockquote>\n\n\n\n<p>Leiten Sie den Link zur Umfrage oder zu dieser Website gerne an teilnahmeberechtigte Personen weiter (Auszubildende zur Pflegefachkraft ab 16 Jahren mit guten Deutschkenntnissen).<\/p>\n\n\n\n<blockquote class=\"wp-block-quote is-layout-flow wp-block-quote-is-layout-flow\">\n<p><a href=\"https:\/\/ww3.unipark.de\/uc\/Stress_in_der_Pflegeausbildung\" rel='nofollow'>https:\/\/ww3.unipark.de\/uc\/Stress_in_der_Pflegeausbildung<\/a><\/p>\n<\/blockquote>\n\n\n<div class=\"wp-block-image\">\n<figure class=\"alignleft size-full\"><img loading=\"lazy\" decoding=\"async\" width=\"164\" height=\"164\" src=\"https:\/\/www.hsu-hh.de\/bwp-b\/wp-content\/uploads\/sites\/818\/2025\/02\/qr_StressPflegeausbildung.png\" data-credit=\"heinrich-rascher\" alt=\"\" class=\"wp-image-2493\" srcset=\"https:\/\/www.hsu-hh.de\/bwp-b\/wp-content\/uploads\/sites\/818\/2025\/02\/qr_StressPflegeausbildung.png 164w, https:\/\/www.hsu-hh.de\/bwp-b\/wp-content\/uploads\/sites\/818\/2025\/02\/qr_StressPflegeausbildung-150x150.png 150w, https:\/\/www.hsu-hh.de\/bwp-b\/wp-content\/uploads\/sites\/818\/2025\/02\/qr_StressPflegeausbildung-100x100.png 100w\" sizes=\"auto, (max-width: 164px) 100vw, 164px\" \/><\/figure>\n<\/div><\/div>\n\n\n\n<div class=\"wp-block-column is-layout-flow wp-block-column-is-layout-flow\" style=\"flex-basis:33.33%\"><script>\tvar sosereDefaults = {\"allowfullscreen\":true,\"fit\":\"contain\",\"transition\":\"crossfade\",\"loop\":true,\"autoplay\":\"3000\",\"stopautoplayontouch\":true,\"keyboard\":true,\"nav\":\"thumbs\"}<\/script><div class='sosere--wp' data-ids='2505'data-link='file'data-itemtag='dl'data-icontag='dt'data-captiontag='dd'data-columns='0'data-size='large'data-width='724'data-auto='false'data-max-width='100%'data-ratio='0.70703125'><div id='gallery-1' class='gallery galleryid-868 gallery-columns-0 gallery-size-thumbnail'><dl class='gallery-item'>\n\t\t\t<dt class='gallery-icon portrait'>\n\t\t\t\t<a href='https:\/\/www.hsu-hh.de\/bwp-b\/wp-content\/uploads\/sites\/818\/2025\/03\/Poster_Erhebung_hohe-Aufloesung_A_20-30-724x1024.jpg' data-full='https:\/\/www.hsu-hh.de\/bwp-b\/wp-content\/uploads\/sites\/818\/2025\/03\/Poster_Erhebung_hohe-Aufloesung_A_20-30-scaled.jpg' data-credit=\"heinrich-rascher\"><img loading=\"lazy\" decoding=\"async\" width=\"150\" height=\"150\" src=\"https:\/\/www.hsu-hh.de\/bwp-b\/wp-content\/uploads\/sites\/818\/2025\/03\/Poster_Erhebung_hohe-Aufloesung_A_20-30-150x150.jpg\" class=\"attachment-thumbnail size-thumbnail\" alt=\"Info-Poster Erhebung\" srcset=\"https:\/\/www.hsu-hh.de\/bwp-b\/wp-content\/uploads\/sites\/818\/2025\/03\/Poster_Erhebung_hohe-Aufloesung_A_20-30-150x150.jpg 150w, https:\/\/www.hsu-hh.de\/bwp-b\/wp-content\/uploads\/sites\/818\/2025\/03\/Poster_Erhebung_hohe-Aufloesung_A_20-30-100x100.jpg 100w\" sizes=\"auto, (max-width: 150px) 100vw, 150px\" \/><\/a>\n\t\t\t<\/dt><\/dl>\n\t\t<\/div>\n<\/div><\/div>\n<\/div>\n\n\n\n<p><\/p>\n","protected":false},"excerpt":{"rendered":"<p>\u00a0 Wissenschaftliche Mitarbeiterin \u00a0 \u00a0 \u00a0 \u00a0 \u00a0 \u00a0 \u00a0 \u00a0 \u00a0 \u00a0 \u00a0 \u00a0 \u00a0 \u00a0 \u00a0 \u00a0 \u00a0 \u00a0 \u00a0 \u00a0 \u00a0 \u00a0 \u00a0 \u00a0 \u00a0 \u00a0 \u00a0 [&hellip;]<\/p>\n","protected":false},"author":2636,"featured_media":0,"parent":1076,"menu_order":0,"comment_status":"closed","ping_status":"closed","template":"","meta":{"_EventAllDay":false,"_EventTimezone":"","_EventStartDate":"","_EventEndDate":"","_EventStartDateUTC":"","_EventEndDateUTC":"","_EventShowMap":false,"_EventShowMapLink":false,"_EventURL":"","_EventCost":"","_EventCostDescription":"","_EventCurrencySymbol":"","_EventCurrencyCode":"","_EventCurrencyPosition":"","_EventDateTimeSeparator":"","_EventTimeRangeSeparator":"","_EventOrganizerID":[],"_EventVenueID":[],"_OrganizerEmail":"","_OrganizerPhone":"","_OrganizerWebsite":"","_VenueAddress":"","_VenueCity":"","_VenueCountry":"","_VenueProvince":"","_VenueState":"","_VenueZip":"","_VenuePhone":"","_VenueURL":"","_VenueStateProvince":"","_VenueLat":"","_VenueLng":"","_VenueShowMap":false,"_VenueShowMapLink":false,"footnotes":""},"categories":[8],"tags":[302,180,182],"class_list":["post-868","page","type-page","status-publish","hentry","category-team_de","tag-heinrich-rascher-de","tag-mitarbeiter-de","tag-team-de"],"_links":{"self":[{"href":"https:\/\/www.hsu-hh.de\/bwp-b\/wp-json\/wp\/v2\/pages\/868","targetHints":{"allow":["GET"]}}],"collection":[{"href":"https:\/\/www.hsu-hh.de\/bwp-b\/wp-json\/wp\/v2\/pages"}],"about":[{"href":"https:\/\/www.hsu-hh.de\/bwp-b\/wp-json\/wp\/v2\/types\/page"}],"author":[{"embeddable":true,"href":"https:\/\/www.hsu-hh.de\/bwp-b\/wp-json\/wp\/v2\/users\/2636"}],"replies":[{"embeddable":true,"href":"https:\/\/www.hsu-hh.de\/bwp-b\/wp-json\/wp\/v2\/comments?post=868"}],"version-history":[{"count":82,"href":"https:\/\/www.hsu-hh.de\/bwp-b\/wp-json\/wp\/v2\/pages\/868\/revisions"}],"predecessor-version":[{"id":2506,"href":"https:\/\/www.hsu-hh.de\/bwp-b\/wp-json\/wp\/v2\/pages\/868\/revisions\/2506"}],"up":[{"embeddable":true,"href":"https:\/\/www.hsu-hh.de\/bwp-b\/wp-json\/wp\/v2\/pages\/1076"}],"wp:attachment":[{"href":"https:\/\/www.hsu-hh.de\/bwp-b\/wp-json\/wp\/v2\/media?parent=868"}],"wp:term":[{"taxonomy":"category","embeddable":true,"href":"https:\/\/www.hsu-hh.de\/bwp-b\/wp-json\/wp\/v2\/categories?post=868"},{"taxonomy":"post_tag","embeddable":true,"href":"https:\/\/www.hsu-hh.de\/bwp-b\/wp-json\/wp\/v2\/tags?post=868"}],"curies":[{"name":"wp","href":"https:\/\/api.w.org\/{rel}","templated":true}]}}