{"id":73,"date":"2017-07-03T15:52:08","date_gmt":"2017-07-03T13:52:08","guid":{"rendered":"https:\/\/www.hsu-hh.de\/vorlage\/?page_id=73"},"modified":"2024-08-30T15:21:02","modified_gmt":"2024-08-30T13:21:02","slug":"startseite","status":"publish","type":"page","link":"https:\/\/www.hsu-hh.de\/bwp-b\/","title":{"rendered":"Professur Berufs- und Wirtschaftsp\u00e4dagogik \/ Berufsp\u00e4dagogik"},"content":{"rendered":"<div>\n<h2>Leitung <abbr title=\"Universit\u00e4tsprofessor\">Univ.-Prof.<\/abbr> <abbr title=\"Doktor\">Dr.<\/abbr> phil. <abbr title=\"habilitatus\">habil.<\/abbr> Karin B\u00fcchter<\/h2>\n<p>Die Professur Berufs- und Wirtschaftsp\u00e4dagogik \/ Berufsp\u00e4dagogik befasst sich in Forschung und Lehre mit p\u00e4dagogischen Fragen zu allen Bereichen der beruflichen Bildung, unter besonderer Ber\u00fccksichtigung des Lernorts Betrieb: Berufsorientierung, Berufsvorbereitung, berufliche Ausbildung und beruflich-betriebliche Weiterbildung. Ausgangspunkt jeder Auseinandersetzung sind theoretische Ans\u00e4tze und empirische Ergebnisse zu Prozessen beruflicher Bildung von Jugendlichen und Erwachsenen. Es geht um Fragen nach M\u00f6glichkeiten zur F\u00f6rderung individueller Neigungen und Interessen, zur Unterst\u00fctzung ihrer beruflichen und sozialen Chancen und zur Bef\u00e4higung zur Mitgestaltung in der Arbeitswelt und Gesellschaft. Da die Erreichung dieser Ziele nicht lediglich als p\u00e4dagogische Aufgabe verstanden werden darf, befasst sich die Professur in Forschung und Lehre auch mit Fragen zur historischen Entstehung und Entwicklung gegenw\u00e4rtiger Besonderheiten der beruflichen Bildung, mit Standpunkten in der Berufsbildungspolitik, mit Interessen verschiedener Akteure, mit Machtkonstellationen, Aushandlungen, Etablierungen und Auslegungen von Ordnung und Steuerung von beruflicher Bildung im Schnittbereich zwischen Bildungs-, Besch\u00e4ftigungs-, Arbeitsmarkt-, Sozialpolitik, Wirtschafts- und EU-Politik.<\/p>\n<\/div>\n\n\n<h3 class=\"wp-block-heading\">Schwerpunkte sind:<\/h3>\n\n\n\n<ul class=\"wp-block-list\">\n<li>Geschichte der beruflichen\/betrieblichen Bildung im 20. Jahrhundert<\/li>\n\n\n\n<li>Berufliche Bildung im Spannungsfeld von Bildungs- und Besch\u00e4ftigungssystem<\/li>\n\n\n\n<li>Ordnung und Steuerung beruflicher Bildung<\/li>\n\n\n\n<li>Akteure, Interessen, Machtkonstellationen<\/li>\n\n\n\n<li>Qualit\u00e4tsentwicklung in der betrieblichen Ausbildung<\/li>\n<\/ul>\n\n\n\n<p><\/p>\n","protected":false},"excerpt":{"rendered":"<p>Leitung Univ.-Prof. Dr. phil. habil. Karin B\u00fcchter Die Professur Berufs- und Wirtschaftsp\u00e4dagogik \/ Berufsp\u00e4dagogik befasst sich in Forschung und Lehre mit p\u00e4dagogischen Fragen zu allen Bereichen der beruflichen Bildung, unter [&hellip;]<\/p>\n","protected":false},"author":26,"featured_media":0,"parent":0,"menu_order":0,"comment_status":"closed","ping_status":"closed","template":"","meta":{"_EventAllDay":false,"_EventTimezone":"","_EventStartDate":"","_EventEndDate":"","_EventStartDateUTC":"","_EventEndDateUTC":"","_EventShowMap":false,"_EventShowMapLink":false,"_EventURL":"","_EventCost":"","_EventCostDescription":"","_EventCurrencySymbol":"","_EventCurrencyCode":"","_EventCurrencyPosition":"","_EventDateTimeSeparator":"","_EventTimeRangeSeparator":"","_EventOrganizerID":[],"_EventVenueID":[],"_OrganizerEmail":"","_OrganizerPhone":"","_OrganizerWebsite":"","_VenueAddress":"","_VenueCity":"","_VenueCountry":"","_VenueProvince":"","_VenueState":"","_VenueZip":"","_VenuePhone":"","_VenueURL":"","_VenueStateProvince":"","_VenueLat":"","_VenueLng":"","_VenueShowMap":false,"_VenueShowMapLink":false,"footnotes":""},"categories":[35],"tags":[],"class_list":["post-73","page","type-page","status-publish","hentry","category-startseite"],"_links":{"self":[{"href":"https:\/\/www.hsu-hh.de\/bwp-b\/wp-json\/wp\/v2\/pages\/73","targetHints":{"allow":["GET"]}}],"collection":[{"href":"https:\/\/www.hsu-hh.de\/bwp-b\/wp-json\/wp\/v2\/pages"}],"about":[{"href":"https:\/\/www.hsu-hh.de\/bwp-b\/wp-json\/wp\/v2\/types\/page"}],"author":[{"embeddable":true,"href":"https:\/\/www.hsu-hh.de\/bwp-b\/wp-json\/wp\/v2\/users\/26"}],"replies":[{"embeddable":true,"href":"https:\/\/www.hsu-hh.de\/bwp-b\/wp-json\/wp\/v2\/comments?post=73"}],"version-history":[{"count":27,"href":"https:\/\/www.hsu-hh.de\/bwp-b\/wp-json\/wp\/v2\/pages\/73\/revisions"}],"predecessor-version":[{"id":2310,"href":"https:\/\/www.hsu-hh.de\/bwp-b\/wp-json\/wp\/v2\/pages\/73\/revisions\/2310"}],"wp:attachment":[{"href":"https:\/\/www.hsu-hh.de\/bwp-b\/wp-json\/wp\/v2\/media?parent=73"}],"wp:term":[{"taxonomy":"category","embeddable":true,"href":"https:\/\/www.hsu-hh.de\/bwp-b\/wp-json\/wp\/v2\/categories?post=73"},{"taxonomy":"post_tag","embeddable":true,"href":"https:\/\/www.hsu-hh.de\/bwp-b\/wp-json\/wp\/v2\/tags?post=73"}],"curies":[{"name":"wp","href":"https:\/\/api.w.org\/{rel}","templated":true}]}}