{"id":2142,"date":"2023-09-23T11:19:43","date_gmt":"2023-09-23T09:19:43","guid":{"rendered":"https:\/\/www.hsu-hh.de\/bbp\/?page_id=2142"},"modified":"2025-03-26T19:26:03","modified_gmt":"2025-03-26T18:26:03","slug":"johannes-klassen-m-a","status":"publish","type":"page","link":"https:\/\/www.hsu-hh.de\/bwp-b\/en\/team-en\/johannes-klassen-m-a\/","title":{"rendered":"Johannes Klassen, M.A."},"content":{"rendered":"\n\n<div class=\"clearfix\">\u00a0<\/div>\n<div class=\"ansprechparter-container\">\n<div class=\"row ansprechpartner-item ansprechparter-header\">\n<div class=\"col-xs-8 col-lg-12\" style=\"margin-bottom: 30px\">\n<h3 class=\"ansprechparter-headline\">Researcher<\/h3>\n<\/div>\n<div class=\"col-md-4 col-lg-3 col-xs-4 ansprechpartner-item floatright img-circle center-block\" style=\"margin-bottom: 30px\">\n<div class=\"img-responsive-wrapper\"><img loading=\"lazy\" decoding=\"async\" class=\"alignnone size-full wp-image-1567\" src=\"https:\/\/www.hsu-hh.de\/bbp\/wp-content\/uploads\/sites\/818\/2021\/12\/Johannes_Klassen-1-e1614787134388.png\" alt=\"Klassen\" width=\"150\" height=\"150\" data-credit=\"\" srcset=\"https:\/\/www.hsu-hh.de\/bwp-b\/wp-content\/uploads\/sites\/818\/2021\/12\/Johannes_Klassen-1-e1614787134388.png 150w, https:\/\/www.hsu-hh.de\/bwp-b\/wp-content\/uploads\/sites\/818\/2021\/12\/Johannes_Klassen-1-e1614787134388-100x100.png 100w\" sizes=\"auto, (max-width: 150px) 100vw, 150px\" \/><\/div>\n<\/div>\n<div class=\"col-md-12 col-lg-3 col-xs-12 ansprechpartner-item kontakt floatright\" style=\"margin-bottom: 30px\">\n<div class=\"row\">\n<div class=\"col-xs-12 col-sm-6 col-lg-12\">\n<div class=\"row\">\n<div class=\"col-xs-12 col-lg-4 row-text bold\">Room:<\/div>\n<div class=\"col-xs-12 col-lg-8 row-text\">2312<\/div>\n<\/div>\n<\/div>\n<div class=\"col-xs-12 col-sm-6 col-lg-12\">\n<div class=\"row\">\n<div class=\"col-xs-12 col-lg-8 row-text\">\u00a0<\/div>\n<\/div>\n<\/div>\n<div class=\"col-xs-12 col-sm-6 col-lg-12\">\n<div class=\"row\">\n<div class=\"col-xs-12 col-md-12 row-text bold\">E-Mail:<\/div>\n<div class=\"col-xs-12 col-md-12 row-text\"><a href=\"mailto:klassenj@hsu-hh.de\" rel='nofollow'>klassenj@hsu-hh.de<\/a><\/div>\n<\/div>\n<\/div>\n<\/div>\n<\/div>\n<div class=\"col-md-6 col-lg-3 col-xs-12 ansprechpartner-item anschrift floatright\">\n<div class=\"row-headline\">Visitor Address<\/div>\n<div class=\"row-text\">Helmut-Schmidt-Universit\u00e4t<\/div>\n<div class=\"row-text\">Geb\u00e4ude H1<\/div>\n<div class=\"row-text\">Holstenhofweg 81<\/div>\n<div class=\"row-text\">22043 Hamburg<\/div>\n<\/div>\n<div class=\"col-md-6 col-lg-3 col-xs-12 ansprechpartner-item anschrift floatright\">\n<div class=\"row-headline\">Post Address<\/div>\n<p>Helmut-Schmidt-Universit\u00e4t<br \/>Postfach 70 08 22<br \/>22008 Hamburg<\/p>\n<\/div>\n<\/div>\n<\/div>\n<div class=\"clearfix\">\u00a0<\/div>\n<p>Johannes Klassen is a postdoctoral researcher at the Chair of Vocational and Industrial Education at the Helmut Schmidt University Hamburg. He studied Social Sciences, Law and Economics (B.A.) at the University of Erfurt and Political Theory (M.A.) at the Goethe University Frankfurt and the Technical University of Darmstadt. During his studies, he spent an exchange semester at the Universit\u00e9 de Paris-Sorbonne (IV) and worked as an intern at the Peace Research Institute Frankfurt and at the Deutsche Gesellschaft f\u00fcr Internationale Zusammenarbeit (GIZ) <abbr title=\"Gesellschaft mit beschr\u00e4nkter Haftung\">GmbH<\/abbr>. He received a PhD scholarship from the Cluster of Excellence \u201cThe Formation of Normative Orders\u201d and defended his PhD summa cum laude at the Technical University of Darmstadt in February 2023.<\/p>\n<p>His research focuses on the role of international organizations in vocational education and training, the politics of evaluation in international development, and the global governance of education and development.<\/p>\n\n\n<details class=\"wp-block-details is-layout-flow wp-block-details-is-layout-flow\" open><summary>Office hours<\/summary>\n<p>After appointment via email.<\/p>\n<\/details>\n\n\n\n<details class=\"wp-block-details is-layout-flow wp-block-details-is-layout-flow\" open><summary>Publications<\/summary>\n<p><strong>Edited Books and Special Issues<\/strong> <\/p>\n\n\n\n<p>Eckelt, M., Ketschau, T. J., Klassen, J., Schauer, J., Schmees, J. K. &amp; Steib, C. (<abbr title=\"Herausgeber\">Hrsg.<\/abbr>). (2022). <em>Berufsbildungspolitik: Strukturen \u2013 Krise \u2013 Perspektiven<\/em>. wbv Media. Open Access.<\/p>\n\n\n\n<p>B\u00fcchter, K., Klassen J. (<abbr title=\"Herausgeber\">Hrsg.<\/abbr>) (2024). Internationale Berufsbildungsforschung. Theoretische und empirische Reflexionen. <em>Bildung und Erziehung<\/em>, 77 (3), <a href=\"https:\/\/www.vr-elibrary.de\/toc\/buer\/77\/3\" rel='nofollow'>https:\/\/www.vandenhoeck-ruprecht-verlage.com\/detail\/index\/sArticle\/59352<\/a><\/p>\n\n\n\n<p><strong>Articles<\/strong><\/p>\n\n\n\n<p>Klassen, J. (2024). &#8218;International organisations in vocational education and training: a literature review.&#8216; <em>Journal of Vocational Education &amp; Training<\/em>, 1-27. <a href=\"https:\/\/doi.org\/10.1080\/13636820.2024.2320895\" rel='nofollow'>https:\/\/doi.org\/10.1080\/13636820.2024.2320895<\/a><\/p>\n\n\n\n<p>Klassen, J. , Schmees, J. K. (2024). &#8218;Internationale Berufsbildungsgovernance: Konzept und Typologie.&#8216; <em>Bildung und Erziehung<\/em>, 77 (3), 296-319. <a href=\"https:\/\/www.vr-elibrary.de\/doi\/abs\/10.7788\/buer.2024.77.3.296\" rel='nofollow'>https:\/\/www.vr-elibrary.de\/doi\/abs\/10.7788\/buer.2024.77.3.296<\/a><\/p>\n\n\n\n<p><strong>Book Chapters<\/strong><\/p>\n\n\n\n<p>Klassen, J., Schmees, J. K. &amp; Steib, C. (2022). Berufsbildungspolitik als Forschungsfeld: Gegenst\u00e4nde und Zug\u00e4nge. In: Eckelt, M., Ketschau, T. J., Klassen, J., Schauer, J., Schmees, J. K. &amp; Steib, C. (<abbr title=\"Herausgeber\">Hrsg.<\/abbr>). <em>Berufsbildungspolitik: Strukturen \u2013 Krise \u2013 Perspektiven<\/em>, Bielefeld: wbv Publikation, 251-259.<\/p>\n\n\n\n<p>Klassen, J. &amp; Schmees, J. K. (2022). Wandel in der Krise? Eine Analyse der Plenardebatten zum dualen System der Berufsausbildung in der COVID-19-Pandemie. In: Eckelt, M., Ketschau, T. J., Klassen, J., Schauer, J., Schmees, J. K. &amp; Steib, C. (<abbr title=\"Herausgeber\">Hrsg.<\/abbr>). <em>Berufsbildungspolitik: Strukturen \u2013 Krise \u2013 Perspektiven<\/em>, Bielefeld: wbv Publikation, 157-177.<\/p>\n\n\n\n<p>Eckelt, M., Ketschau, T. J., Klassen, J., Schauer, J., Schmees, J. K. &amp; Steib, C. (2022). Einleitung. In: Eckelt, M., Ketschau, T. J., Klassen, J., Schauer, J., Schmees, J. K. &amp; Steib, C. (<abbr title=\"Herausgeber\">Hrsg.<\/abbr>). <em>Berufsbildungspolitik: Strukturen \u2013 Krise \u2013 Perspektiven<\/em>, Bielefeld: wbv Publikation, 11-18.<\/p>\n\n\n\n<p>Daase, C., Gertheiss, S., Junk, J. &amp; Klassen, J. (2016). Herausforderungen des Wissenstransfers. In: Biene, J., Daase, J., Junk, J., M\u00fcller, H. (<abbr title=\"Herausgeber\">Hrsg.<\/abbr>): <em>Salafismus und Dschihadismus in Deutschland. Ursachen, Dynamiken, Handlungsempfehlungen<\/em>, Frankfurt am Main: Campus, 271-295.<\/p>\n<\/details>\n","protected":false},"excerpt":{"rendered":"<p>\u00a0 Researcher Room: 2312 \u00a0 E-Mail: klassenj@hsu-hh.de Visitor Address Helmut-Schmidt-Universit\u00e4t Geb\u00e4ude H1 Holstenhofweg 81 22043 Hamburg Post Address Helmut-Schmidt-Universit\u00e4tPostfach 70 08 2222008 Hamburg \u00a0 Johannes Klassen is a postdoctoral researcher [&hellip;]<\/p>\n","protected":false},"author":3736,"featured_media":0,"parent":1481,"menu_order":0,"comment_status":"closed","ping_status":"closed","template":"","meta":{"_EventAllDay":false,"_EventTimezone":"","_EventStartDate":"","_EventEndDate":"","_EventStartDateUTC":"","_EventEndDateUTC":"","_EventShowMap":false,"_EventShowMapLink":false,"_EventURL":"","_EventCost":"","_EventCostDescription":"","_EventCurrencySymbol":"","_EventCurrencyCode":"","_EventCurrencyPosition":"","_EventDateTimeSeparator":"","_EventTimeRangeSeparator":"","_EventOrganizerID":[],"_EventVenueID":[],"_OrganizerEmail":"","_OrganizerPhone":"","_OrganizerWebsite":"","_VenueAddress":"","_VenueCity":"","_VenueCountry":"","_VenueProvince":"","_VenueState":"","_VenueZip":"","_VenuePhone":"","_VenueURL":"","_VenueStateProvince":"","_VenueLat":"","_VenueLng":"","_VenueShowMap":false,"_VenueShowMapLink":false,"footnotes":""},"categories":[9],"tags":[],"class_list":["post-2142","page","type-page","status-publish","hentry","category-team_en"],"_links":{"self":[{"href":"https:\/\/www.hsu-hh.de\/bwp-b\/wp-json\/wp\/v2\/pages\/2142","targetHints":{"allow":["GET"]}}],"collection":[{"href":"https:\/\/www.hsu-hh.de\/bwp-b\/wp-json\/wp\/v2\/pages"}],"about":[{"href":"https:\/\/www.hsu-hh.de\/bwp-b\/wp-json\/wp\/v2\/types\/page"}],"author":[{"embeddable":true,"href":"https:\/\/www.hsu-hh.de\/bwp-b\/wp-json\/wp\/v2\/users\/3736"}],"replies":[{"embeddable":true,"href":"https:\/\/www.hsu-hh.de\/bwp-b\/wp-json\/wp\/v2\/comments?post=2142"}],"version-history":[{"count":11,"href":"https:\/\/www.hsu-hh.de\/bwp-b\/wp-json\/wp\/v2\/pages\/2142\/revisions"}],"predecessor-version":[{"id":2532,"href":"https:\/\/www.hsu-hh.de\/bwp-b\/wp-json\/wp\/v2\/pages\/2142\/revisions\/2532"}],"up":[{"embeddable":true,"href":"https:\/\/www.hsu-hh.de\/bwp-b\/wp-json\/wp\/v2\/pages\/1481"}],"wp:attachment":[{"href":"https:\/\/www.hsu-hh.de\/bwp-b\/wp-json\/wp\/v2\/media?parent=2142"}],"wp:term":[{"taxonomy":"category","embeddable":true,"href":"https:\/\/www.hsu-hh.de\/bwp-b\/wp-json\/wp\/v2\/categories?post=2142"},{"taxonomy":"post_tag","embeddable":true,"href":"https:\/\/www.hsu-hh.de\/bwp-b\/wp-json\/wp\/v2\/tags?post=2142"}],"curies":[{"name":"wp","href":"https:\/\/api.w.org\/{rel}","templated":true}]}}