{"id":2072,"date":"2023-09-22T15:47:53","date_gmt":"2023-09-22T13:47:53","guid":{"rendered":"https:\/\/www.hsu-hh.de\/bbp\/?page_id=2072"},"modified":"2025-03-27T17:26:34","modified_gmt":"2025-03-27T16:26:34","slug":"johannes-klassen","status":"publish","type":"page","link":"https:\/\/www.hsu-hh.de\/bwp-b\/team\/johannes-klassen\/","title":{"rendered":"Johannes Klassen, M.A."},"content":{"rendered":"<\/p>\n<div class=\"clearfix\">\u00a0<\/div>\n<div class=\"ansprechparter-container\">\n<div class=\"row ansprechpartner-item ansprechparter-header\">\n<div class=\"col-xs-8 col-lg-12\" style=\"margin-bottom: 30px\">\n<h3 class=\"ansprechparter-headline\">Wissenschaftlicher Mitarbeiter<\/h3>\n<\/div>\n<div class=\"col-md-4 col-lg-3 col-xs-4 ansprechpartner-item floatright img-circle center-block\" style=\"margin-bottom: 30px\">\n<div class=\"img-responsive-wrapper\"><img loading=\"lazy\" decoding=\"async\" class=\"alignnone size-full wp-image-810\" src=\"https:\/\/www.hsu-hh.de\/bwp-b\/wp-content\/uploads\/sites\/818\/2021\/03\/Johannes_Klassen-1-e1614787134388.png\" alt=\"Johannes Klassen\" width=\"150\" height=\"150\" data-credit=\" privat\" \/><\/div>\n<\/div>\n<div class=\"col-md-12 col-lg-3 col-xs-12 ansprechpartner-item kontakt floatright\" style=\"margin-bottom: 30px\">\n<div class=\"row\">\n<div class=\"col-xs-12 col-sm-6 col-lg-12\">\n<div class=\"row\">\n<div class=\"col-xs-12 col-lg-4 row-text bold\">Raum:<\/div>\n<div class=\"col-xs-12 col-lg-8 row-text\">2312<\/div>\n<\/div>\n<\/div>\n<div class=\"col-xs-12 col-sm-6 col-lg-12\">\n<div class=\"row\">\u00a0<\/div>\n<\/div>\n<div class=\"col-xs-12 col-sm-6 col-lg-12\">\n<div class=\"row\">\n<div class=\"col-xs-12 col-lg-8 row-text\">\u00a0<\/div>\n<\/div>\n<\/div>\n<div class=\"col-xs-12 col-sm-6 col-lg-12\">\n<div class=\"row\">\n<div class=\"col-xs-12 col-md-12 row-text bold\">E-Mail:<\/div>\n<div class=\"col-xs-12 col-md-12 row-text\"><a href=\"mailto:muster@hsu-hh.de\" rel='nofollow'>klassenj@hsu-hh.de<\/a><\/div>\n<\/div>\n<\/div>\n<\/div>\n<\/div>\n<div class=\"col-md-6 col-lg-3 col-xs-12 ansprechpartner-item anschrift floatright\">\n<div class=\"row-headline\">Besucheranschrift<\/div>\n<div class=\"row-text\">Helmut-Schmidt-Universit\u00e4t<\/div>\n<div class=\"row-text\">Geb\u00e4ude H1<\/div>\n<div class=\"row-text\">Holstenhofweg 85<\/div>\n<div class=\"row-text\">22043 Hamburg<\/div>\n<\/div>\n<div class=\"col-md-6 col-lg-3 col-xs-12 ansprechpartner-item anschrift floatright\">\n<div class=\"row-headline\">Postanschrift<\/div>\n<div class=\"row-text\">Helmut-Schmidt-Universit\u00e4t<\/div>\n<div class=\"row-text\">Postfach 70 08 22<\/div>\n<div class=\"row-text\">22008 Hamburg<\/div>\n<\/div>\n<\/div>\n<\/div>\n<div class=\"clearfix\">\u00a0<\/div>\n<\/p>\n\n\n<p><strong>Arbeitschwerpunkte<\/strong><\/p>\n\n\n\n<ul class=\"wp-block-list\">\n<li>Internationale Organisationen und Berufsbildungspolitik<\/li>\n\n\n\n<li>Global Governance von Bildung<\/li>\n\n\n\n<li>Politik von Evaluationen in der Entwicklungszusammenarbeit<\/li>\n<\/ul>\n\n\n\n<p><\/p>\n\n\n\n<details class=\"wp-block-details is-layout-flow wp-block-details-is-layout-flow\" open><summary>Sprechzeiten<\/summary>\n<p>Nach Vereinbarung per E-Mail.<\/p>\n<\/details>\n\n\n\n<details class=\"wp-block-details is-layout-flow wp-block-details-is-layout-flow\" open><summary>Lebenslauf<\/summary>\n<p>Seit 03\/2021: Wissenschaftlicher Mitarbeiter an der Professur Berufs- und Wirtschaftsp\u00e4dagogik \/ Berufsp\u00e4dagogik an der Helmut-Schmidt-Universit\u00e4t Hamburg<\/p>\n\n\n\n<p>02\/2023: Promotion zum <abbr title=\"Doktor\">Dr.<\/abbr> phil. an der Technischen Universit\u00e4t Darmstadt zum Thema &#8222;Governing by Promoting Evaluation: International Organizations, Transnational Networks, and the Governmentality of Evaluation Capacity Development&#8220; (summa cum laude)<\/p>\n\n\n\n<p>04\/2020 \u2013 02\/2021: Project Manager, Collective Leadership Institute gGmbH<\/p>\n\n\n\n<p>11\/2015 \u2013 04\/2019: Promotionsstipendiat des Exzellenzclusters \u201eDie Herausbildung normativer Ordnungen\u201c der Goethe-Universit\u00e4t Frankfurt am Main und der Technischen Universit\u00e4t Darmstadt<\/p>\n\n\n\n<p>10\/2016 \u2013 03\/2017, 10\/2018 \u2013 03\/2019: Lehrbeauftragter am Arbeitsbereich \u201eTransnationales Regieren\u201c der Technischen Universit\u00e4t Darmstadt<\/p>\n\n\n\n<p>10\/2012 \u2013 09\/2015: M.A.-Studium der Politischen Theorie an der Goethe-Universit\u00e4t Frankfurt am Main, der Technischen Universit\u00e4t Darmstadt und der Universit\u00e9 Paris-Sorbonne (Paris IV)<\/p>\n\n\n\n<p>10\/2009 \u2013 09\/2012: B.A.-Studium der Staatswissenschaften (Sozial-, Rechts- und Wirtschaftswissenschaften) an der Universit\u00e4t Erfurt<\/p>\n<\/details>\n\n\n\n<details class=\"wp-block-details is-layout-flow wp-block-details-is-layout-flow\" open><summary>Publikationen<\/summary>\n<p><strong>Herausgeberschaft<\/strong><\/p>\n\n\n\n<p>Eckelt, M., Ketschau, T. J., Klassen, J., Schauer, J., Schmees, J. K. &amp; Steib, C. (<abbr title=\"Herausgeber\">Hrsg.<\/abbr>). (2022). <em>Berufsbildungspolitik: Strukturen \u2013 Krise \u2013 Perspektiven<\/em>. wbv Media. <a href=\"https:\/\/www.wbv.de\/shop\/detail\/72980f68e34532bd930cedea0f46f0cd\" rel='nofollow'>Open Access.<\/a><\/p>\n\n\n\n<p>B\u00fcchter, K., Klassen J. (<abbr title=\"Herausgeber\">Hrsg.<\/abbr>) (2024). Internationale Berufsbildungsforschung. Theoretische und empirische Reflexionen. <em>Bildung und Erziehung<\/em>, 77 (3), <a href=\"https:\/\/www.vr-elibrary.de\/toc\/buer\/77\/3\" rel='nofollow'>https:\/\/www.vandenhoeck-ruprecht-verlage.com\/detail\/index\/sArticle\/59352<\/a><\/p>\n\n\n\n<p><strong>Artikel<\/strong><\/p>\n\n\n\n<p>Klassen, J. (2024). International organisations in vocational education and training: a literature review.<em> Journal of Vocational Education &amp; Training<\/em>, 1-27. <a href=\"https:\/\/doi.org\/10.1080\/13636820.2024.2320895\" rel='nofollow'>https:\/\/doi.org\/10.1080\/13636820.2024.2320895<\/a><\/p>\n\n\n\n<p>Klassen, J. , Schmees, J. K. (2024). Internationale Berufsbildungsgovernance: Konzept und Typologie. <em>Bildung und Erziehung<\/em>, 77 (3), 296-319. <a href=\"https:\/\/www.vr-elibrary.de\/doi\/abs\/10.7788\/buer.2024.77.3.296\" rel='nofollow'>https:\/\/www.vr-elibrary.de\/doi\/abs\/10.7788\/buer.2024.77.3.296<\/a><\/p>\n\n\n\n<p><strong>Buchkapitel<\/strong><\/p>\n\n\n\n<p>Klassen, J., Schmees, J. K. &amp; Steib, C. (2022). Berufsbildungspolitik als Forschungsfeld: Gegenst\u00e4nde und Zug\u00e4nge. In: Eckelt, M., Ketschau, T. J., Klassen, J., Schauer, J., Schmees, J. K. &amp; Steib, C. (<abbr title=\"Herausgeber\">Hrsg.<\/abbr>). <em>Berufsbildungspolitik: Strukturen \u2013 Krise \u2013 Perspektiven<\/em>, Bielefeld: wbv Publikation, 251-259.<\/p>\n\n\n\n<p>Klassen, J. &amp; Schmees, J. K. (2022). Wandel in der Krise? Eine Analyse der Plenardebatten zum dualen System der Berufsausbildung in der COVID-19-Pandemie. In: Eckelt, M., Ketschau, T. J., Klassen, J., Schauer, J., Schmees, J. K. &amp; Steib, C. (<abbr title=\"Herausgeber\">Hrsg.<\/abbr>). <em>Berufsbildungspolitik: Strukturen \u2013 Krise \u2013 Perspektiven<\/em>, Bielefeld: wbv Publikation, 157-177.<\/p>\n\n\n\n<p>Eckelt, M., Ketschau, T. J., Klassen, J., Schauer, J., Schmees, J. K. &amp; Steib, C. (2022). Einleitung. In: Eckelt, M., Ketschau, T. J., Klassen, J., Schauer, J., Schmees, J. K. &amp; Steib, C. (<abbr title=\"Herausgeber\">Hrsg.<\/abbr>). <em>Berufsbildungspolitik: Strukturen \u2013 Krise \u2013 Perspektiven<\/em>, Bielefeld: wbv Publikation, 11-18.<\/p>\n\n\n\n<p>Daase, C., Gertheiss, S., Junk, J. &amp; Klassen, J. (2016). Herausforderungen des Wissenstransfers. In: Biene, J., Daase, J., Junk, J., M\u00fcller, H. (<abbr title=\"Herausgeber\">Hrsg.<\/abbr>): <em>Salafismus und Dschihadismus in Deutschland. Ursachen, Dynamiken, Handlungsempfehlungen<\/em>, Frankfurt am Main: Campus, 271-295.<\/p>\n<\/details>\n\n\n\n<p><\/p>\n","protected":false},"excerpt":{"rendered":"<p>\u00a0 Wissenschaftlicher Mitarbeiter Raum: 2312 \u00a0 \u00a0 E-Mail: klassenj@hsu-hh.de Besucheranschrift Helmut-Schmidt-Universit\u00e4t Geb\u00e4ude H1 Holstenhofweg 85 22043 Hamburg Postanschrift Helmut-Schmidt-Universit\u00e4t Postfach 70 08 22 22008 Hamburg \u00a0 Arbeitschwerpunkte<\/p>\n","protected":false},"author":3736,"featured_media":0,"parent":1076,"menu_order":0,"comment_status":"closed","ping_status":"closed","template":"","meta":{"_EventAllDay":false,"_EventTimezone":"","_EventStartDate":"","_EventEndDate":"","_EventStartDateUTC":"","_EventEndDateUTC":"","_EventShowMap":false,"_EventShowMapLink":false,"_EventURL":"","_EventCost":"","_EventCostDescription":"","_EventCurrencySymbol":"","_EventCurrencyCode":"","_EventCurrencyPosition":"","_EventDateTimeSeparator":"","_EventTimeRangeSeparator":"","_EventOrganizerID":[],"_EventVenueID":[],"_OrganizerEmail":"","_OrganizerPhone":"","_OrganizerWebsite":"","_VenueAddress":"","_VenueCity":"","_VenueCountry":"","_VenueProvince":"","_VenueState":"","_VenueZip":"","_VenuePhone":"","_VenueURL":"","_VenueStateProvince":"","_VenueLat":"","_VenueLng":"","_VenueShowMap":false,"_VenueShowMapLink":false,"footnotes":""},"categories":[8],"tags":[317,180,182],"class_list":["post-2072","page","type-page","status-publish","hentry","category-team_de","tag-klassen-de","tag-mitarbeiter-de","tag-team-de"],"_links":{"self":[{"href":"https:\/\/www.hsu-hh.de\/bwp-b\/wp-json\/wp\/v2\/pages\/2072","targetHints":{"allow":["GET"]}}],"collection":[{"href":"https:\/\/www.hsu-hh.de\/bwp-b\/wp-json\/wp\/v2\/pages"}],"about":[{"href":"https:\/\/www.hsu-hh.de\/bwp-b\/wp-json\/wp\/v2\/types\/page"}],"author":[{"embeddable":true,"href":"https:\/\/www.hsu-hh.de\/bwp-b\/wp-json\/wp\/v2\/users\/3736"}],"replies":[{"embeddable":true,"href":"https:\/\/www.hsu-hh.de\/bwp-b\/wp-json\/wp\/v2\/comments?post=2072"}],"version-history":[{"count":39,"href":"https:\/\/www.hsu-hh.de\/bwp-b\/wp-json\/wp\/v2\/pages\/2072\/revisions"}],"predecessor-version":[{"id":2530,"href":"https:\/\/www.hsu-hh.de\/bwp-b\/wp-json\/wp\/v2\/pages\/2072\/revisions\/2530"}],"up":[{"embeddable":true,"href":"https:\/\/www.hsu-hh.de\/bwp-b\/wp-json\/wp\/v2\/pages\/1076"}],"wp:attachment":[{"href":"https:\/\/www.hsu-hh.de\/bwp-b\/wp-json\/wp\/v2\/media?parent=2072"}],"wp:term":[{"taxonomy":"category","embeddable":true,"href":"https:\/\/www.hsu-hh.de\/bwp-b\/wp-json\/wp\/v2\/categories?post=2072"},{"taxonomy":"post_tag","embeddable":true,"href":"https:\/\/www.hsu-hh.de\/bwp-b\/wp-json\/wp\/v2\/tags?post=2072"}],"curies":[{"name":"wp","href":"https:\/\/api.w.org\/{rel}","templated":true}]}}