{"id":1758,"date":"2022-07-20T17:02:33","date_gmt":"2022-07-20T15:02:33","guid":{"rendered":"https:\/\/www.hsu-hh.de\/bbp\/?page_id=1758"},"modified":"2023-09-22T17:38:29","modified_gmt":"2023-09-22T15:38:29","slug":"iovet","status":"publish","type":"page","link":"https:\/\/www.hsu-hh.de\/bwp-b\/forschung\/iovet\/","title":{"rendered":"International Organizations in Vocational Education and Training (IOVET)\ufffc"},"content":{"rendered":"\n<h3 class=\"wp-block-heading\"><strong>Gef\u00f6rdert durch die Interne Forschungsf\u00f6rderung (IFF) der Helmut-Schmidt-Universit\u00e4t<\/strong> <\/h3>\n\n\n\n<h3 class=\"wp-block-heading\"><strong>Projektteam: Johannes Klassen, <abbr title=\"Doktor\">Dr.<\/abbr> Marcus Eckelt, <abbr title=\"Professor\">Prof.<\/abbr> <abbr title=\"Doktor\">Dr.<\/abbr> Karin B\u00fcchter<\/strong><\/h3>\n\n\n\n<h3 class=\"wp-block-heading\"><strong>Laufzeit: 07\/2022 \u2013 06\/2024<\/strong><\/h3>\n\n\n\n<p>Internationale Organisationen pr\u00e4gen berufliche Bildung in mehrerlei Hinsicht. Sie erheben Daten, ver\u00f6ffentlichen Berichte und \u00fcberpr\u00fcfen die Wirksamkeit nationaler Berufsbildungssysteme; sie stellen Mittel f\u00fcr Berufsbildungsprojekte bereit und f\u00f6rdern institutionelle Kapazit\u00e4ten f\u00fcr Berufsbildung \u2013 insbesondere in L\u00e4ndern des globalen S\u00fcdens; und sie verbreiten ihre eigenen Vorstellungen und Ideen zur Gestaltung beruflicher Bildung durch Netzwerkaustausch und die Diffusion von <em>best practices<\/em>. Dennoch ist bislang wenig dar\u00fcber bekannt, wie internationale Organisationen Berufsbildung verstehen und wie sich ihre Aktivit\u00e4ten konkret auf nationale Berufsbildungssysteme auswirken.<\/p>\n\n\n\n<p>Ziel des Projekts ist es, diese Forschungsl\u00fccke zu schlie\u00dfen und einen DFG-Antrag vorzubereiten, der die Rolle der vier wichtigsten internationalen Organisationen im Bereich der Berufsbildung \u2013 die OECD, die Weltbank, die International Labour Organization (ILO) und UNESCO \u2013 mittels eines qualitativen Forschungsdesigns systematisch untersucht. Im Rahmen des IFF-Projekts wird daf\u00fcr zun\u00e4chst der aktuelle Forschungstand zu internationalen Organisationen in der Berufsbildung aufgearbeitet. Dar\u00fcber hinaus werden Vorstudien zu der OECD und UNESCO vorgenommen, um zu rekonstruieren, wie beide Organisationen Berufsbildung im Zeitraum von 1990-2020 konzipiert haben. In einem abschlie\u00dfenden Schritt werden Fallstudien vorbereitet, in denen der Einfluss von internationalen Organisationen auf nationale Berufsbildungssysteme untersucht werden kann.<\/p>\n\n\n\n<p>\u00dcbergreifendes Ziel des Projekts ist es, die Rolle internationaler Organisationen in der Berufsbildung durch eine Verbindung von politik- und berufsbildungswissenschaftlichen Ans\u00e4tzen zu untersuchen und damit einen Beitrag zur internationalen Berufsbildungsforschung zu leisten.<\/p>\n\n\n\n<h3 class=\"wp-block-heading\"><strong>Vortr\u00e4ge<\/strong><\/h3>\n\n\n\n<p>Klassen, J. (2023). International Organizations in Vocational Education and Training: A Literature Review, Journal of Vocational Education and Training, 75th Anniversary Conference, Keble College, Oxford, 13-15. Juli 2023.<\/p>\n\n\n\n<p>Klassen, J. &amp; Eckelt, M. (2022). International Organizations in Vocational Education and Training: A Neglected Type of Actor? Vortrag, VET &amp; Culture Workshop \u201cCurrent Challenges and Hegemonic Discourses on Vocational and Adult Education\u201d, 13.-15.06.2022, Universit\u00e4t Rostock.<\/p>\n\n\n\n<h3 class=\"wp-block-heading\">Kontakt<\/h3>\n\n\n\n<p>Johannes Klassen<\/p>\n\n\n\n<p><a href=\"mailto:klassenj@hsu-hh.de\" rel='nofollow'>klassenj@hsu-hh.de<\/a><\/p>\n","protected":false},"excerpt":{"rendered":"<p>Gef\u00f6rdert durch die Interne Forschungsf\u00f6rderung (IFF) der Helmut-Schmidt-Universit\u00e4t Projektteam: Johannes Klassen, Dr. Marcus Eckelt, Prof. Dr. Karin B\u00fcchter Laufzeit: 07\/2022 \u2013 06\/2024 Internationale Organisationen pr\u00e4gen berufliche Bildung in mehrerlei Hinsicht. [&hellip;]<\/p>\n","protected":false},"author":2636,"featured_media":0,"parent":1028,"menu_order":0,"comment_status":"closed","ping_status":"closed","template":"","meta":{"_EventAllDay":false,"_EventTimezone":"","_EventStartDate":"","_EventEndDate":"","_EventStartDateUTC":"","_EventEndDateUTC":"","_EventShowMap":false,"_EventShowMapLink":false,"_EventURL":"","_EventCost":"","_EventCostDescription":"","_EventCurrencySymbol":"","_EventCurrencyCode":"","_EventCurrencyPosition":"","_EventDateTimeSeparator":"","_EventTimeRangeSeparator":"","_EventOrganizerID":[],"_EventVenueID":[],"_OrganizerEmail":"","_OrganizerPhone":"","_OrganizerWebsite":"","_VenueAddress":"","_VenueCity":"","_VenueCountry":"","_VenueProvince":"","_VenueState":"","_VenueZip":"","_VenuePhone":"","_VenueURL":"","_VenueStateProvince":"","_VenueLat":"","_VenueLng":"","_VenueShowMap":false,"_VenueShowMapLink":false,"footnotes":""},"categories":[4],"tags":[],"class_list":["post-1758","page","type-page","status-publish","hentry","category-forschung"],"_links":{"self":[{"href":"https:\/\/www.hsu-hh.de\/bwp-b\/wp-json\/wp\/v2\/pages\/1758","targetHints":{"allow":["GET"]}}],"collection":[{"href":"https:\/\/www.hsu-hh.de\/bwp-b\/wp-json\/wp\/v2\/pages"}],"about":[{"href":"https:\/\/www.hsu-hh.de\/bwp-b\/wp-json\/wp\/v2\/types\/page"}],"author":[{"embeddable":true,"href":"https:\/\/www.hsu-hh.de\/bwp-b\/wp-json\/wp\/v2\/users\/2636"}],"replies":[{"embeddable":true,"href":"https:\/\/www.hsu-hh.de\/bwp-b\/wp-json\/wp\/v2\/comments?post=1758"}],"version-history":[{"count":10,"href":"https:\/\/www.hsu-hh.de\/bwp-b\/wp-json\/wp\/v2\/pages\/1758\/revisions"}],"predecessor-version":[{"id":2130,"href":"https:\/\/www.hsu-hh.de\/bwp-b\/wp-json\/wp\/v2\/pages\/1758\/revisions\/2130"}],"up":[{"embeddable":true,"href":"https:\/\/www.hsu-hh.de\/bwp-b\/wp-json\/wp\/v2\/pages\/1028"}],"wp:attachment":[{"href":"https:\/\/www.hsu-hh.de\/bwp-b\/wp-json\/wp\/v2\/media?parent=1758"}],"wp:term":[{"taxonomy":"category","embeddable":true,"href":"https:\/\/www.hsu-hh.de\/bwp-b\/wp-json\/wp\/v2\/categories?post=1758"},{"taxonomy":"post_tag","embeddable":true,"href":"https:\/\/www.hsu-hh.de\/bwp-b\/wp-json\/wp\/v2\/tags?post=1758"}],"curies":[{"name":"wp","href":"https:\/\/api.w.org\/{rel}","templated":true}]}}