{"id":1540,"date":"2021-12-08T08:52:41","date_gmt":"2021-12-08T07:52:41","guid":{"rendered":"https:\/\/www.hsu-hh.de\/bbp\/?page_id=1540"},"modified":"2024-12-24T15:04:34","modified_gmt":"2024-12-24T14:04:34","slug":"inga-kulpmann","status":"publish","type":"page","link":"https:\/\/www.hsu-hh.de\/bwp-b\/en\/team-en\/inga-kulpmann\/","title":{"rendered":"Inga K\u00fclpmann, M.A."},"content":{"rendered":"<div class=\"clearfix\">\u00a0<\/div>\n<div class=\"ansprechparter-container\">\n<div class=\"row ansprechpartner-item ansprechparter-header\">\n<div class=\"col-xs-8 col-lg-12\" style=\"margin-bottom: 30px\">\n<h3 class=\"ansprechparter-headline\">Researcher\/Lecturer<\/h3>\n<\/div>\n<div class=\"col-md-4 col-lg-3 col-xs-4 ansprechpartner-item floatright img-circle center-block\" style=\"margin-bottom: 30px\">\n<div class=\"img-responsive-wrapper\"><img loading=\"lazy\" decoding=\"async\" class=\"alignnone  wp-image-1565\" src=\"https:\/\/www.hsu-hh.de\/bbp\/wp-content\/uploads\/sites\/818\/2021\/12\/IngaKuelpmann.jpeg\" alt=\"Inga K\u00fclpmann\" width=\"255\" height=\"292\" data-credit=\"K\u00fclpmann\" srcset=\"https:\/\/www.hsu-hh.de\/bwp-b\/wp-content\/uploads\/sites\/818\/2021\/12\/IngaKuelpmann.jpeg 476w, https:\/\/www.hsu-hh.de\/bwp-b\/wp-content\/uploads\/sites\/818\/2021\/12\/IngaKuelpmann-262x300.jpeg 262w\" sizes=\"auto, (max-width: 255px) 100vw, 255px\" \/><\/div>\n<\/div>\n<div class=\"col-md-12 col-lg-3 col-xs-12 ansprechpartner-item kontakt floatright\" style=\"margin-bottom: 30px\">\n<div class=\"row\">\n<div class=\"col-xs-12 col-sm-6 col-lg-12\">\n<div class=\"row\">\n<div class=\"col-xs-12 col-lg-4 row-text bold\">Room:<\/div>\n<div class=\"col-xs-12 col-lg-8 row-text\">2313<\/div>\n<\/div>\n<\/div>\n<div class=\"col-xs-12 col-sm-6 col-lg-12\">\n<div class=\"row\">\n<div>\u00a0<\/div>\n<div class=\"col-xs-12 col-lg-4 row-text bold\">Telephone:<\/div>\n<div class=\"col-xs-12 col-lg-8 row-text\">(040) 6541-2945<\/div>\n<\/div>\n<\/div>\n<div class=\"col-xs-12 col-sm-6 col-lg-12\">\n<div class=\"row\">\n<div class=\"col-xs-12 col-lg-8 row-text\">\u00a0<\/div>\n<\/div>\n<\/div>\n<div class=\"col-xs-12 col-sm-6 col-lg-12\">\n<div class=\"row\">\n<div class=\"col-xs-12 col-md-12 row-text bold\">E-Mail:<\/div>\n<div class=\"col-xs-12 col-md-12 row-text\"><a href=\"mailto:kuelpmai@hsu-hh.de\" rel='nofollow'>kuelpmai@hsu-hh.de<\/a><\/div>\n<\/div>\n<\/div>\n<\/div>\n<\/div>\n<div class=\"col-md-6 col-lg-3 col-xs-12 ansprechpartner-item anschrift floatright\">\n<div class=\"row-headline\">Visitor address<\/div>\n<div class=\"row-text\">Helmut-Schmidt-Universit\u00e4t<\/div>\n<div class=\"row-text\">Building H1<\/div>\n<div class=\"row-text\">Holstenhofweg 85<\/div>\n<div class=\"row-text\">22043 Hamburg<\/div>\n<\/div>\n<div class=\"col-md-6 col-lg-3 col-xs-12 ansprechpartner-item anschrift floatright\">\n<div class=\"row-headline\">Postal address<\/div>\n<div class=\"row-text\">Helmut-Schmidt-Universit\u00e4t<\/div>\n<div class=\"row-text\">Postfach 70 08 22<\/div>\n<div class=\"row-text\">22008 Hamburg<\/div>\n<\/div>\n<\/div>\n<\/div>\n<div class=\"clearfix\">\u00a0<\/div>\n<p>\u00a0<\/p>\n\n\n<details class=\"wp-block-details is-layout-flow wp-block-details-is-layout-flow\"><summary>Visiting hours<\/summary>\n<p>Vorl\u00e4ufig nach Vereinbarung per E-Mail als Telefonsprechstunde <abbr title=\"beziehungsweise\">bzw.<\/abbr> als Videokonferenz<\/p>\n<\/details>\n\n\n\n<details class=\"wp-block-details is-layout-flow wp-block-details-is-layout-flow\"><summary>Curriculum Vitae<\/summary>\n<p>2010-2012 Beginn der Offizierausbildung<\/p>\n\n\n\n<p>2012-2016 Studium der Bildungs- und Erziehungswissenschaften an der Helmut-Schmidt-Universit\u00e4t\/Universit\u00e4t der Bundeswehr Hamburg mit dem Schwerpunkt Berufsbildung<\/p>\n\n\n\n<p>Thema der Masterarbeit: \u201ePotenzial und M\u00f6glichkeiten der technologiegest\u00fctzten Aus-, Fort- und Weiterbildung von Einsatzkr\u00e4ften im Bereich der maritimen Sicherheit am Beispiel der Wasserschutzpolizei-Schule in Hamburg.\u201c<\/p>\n\n\n\n<p>2017-2021 Abschluss der Offizierausbildung und anschlie\u00dfende Aus\u00fcbung verschiedener Dienstposten in der Truppengattung Artillerie<\/p>\n\n\n\n<p>Seit 2018 parallel Doktorandin an der Professur f\u00fcr Berufs- und Betriebsp\u00e4dagogik an der Helmut-Schmidt-Universit\u00e4t\/Universit\u00e4t der Bundeswehr Hamburg<\/p>\n\n\n\n<p>Seit August 2021 Wissenschaftliche Mitarbeiterin an der Professur f\u00fcr Berufs- und Betriebsp\u00e4dagogik an der Helmut-Schmidt-Universit\u00e4t\/Universit\u00e4t der Bundeswehr Hamburg<\/p>\n<\/details>\n\n\n\n<details class=\"wp-block-details is-layout-flow wp-block-details-is-layout-flow\"><summary>Publications<\/summary>\n<p><strong>2021<\/strong><\/p>\n\n\n\n<p>K\u00fclpmann, I. (2021). Ein Blick in die Zukunft \u2013 auf den&nbsp;Spuren des transversalen Charakters von Schl\u00fcsselkompetenzen. (Forum Arbeit, Potentiale der beruflichen Bildung Nutzen, 04\/2021). Berlin.<\/p>\n<\/details>\n","protected":false},"excerpt":{"rendered":"<p>\u00a0 Researcher\/Lecturer Room: 2313 \u00a0 Telephone: (040) 6541-2945 \u00a0 E-Mail: kuelpmai@hsu-hh.de Visitor address Helmut-Schmidt-Universit\u00e4t Building H1 Holstenhofweg 85 22043 Hamburg Postal address Helmut-Schmidt-Universit\u00e4t Postfach 70 08 22 22008 Hamburg \u00a0 [&hellip;]<\/p>\n","protected":false},"author":2636,"featured_media":0,"parent":1481,"menu_order":0,"comment_status":"closed","ping_status":"closed","template":"","meta":{"_EventAllDay":false,"_EventTimezone":"","_EventStartDate":"","_EventEndDate":"","_EventStartDateUTC":"","_EventEndDateUTC":"","_EventShowMap":false,"_EventShowMapLink":false,"_EventURL":"","_EventCost":"","_EventCostDescription":"","_EventCurrencySymbol":"","_EventCurrencyCode":"","_EventCurrencyPosition":"","_EventDateTimeSeparator":"","_EventTimeRangeSeparator":"","_EventOrganizerID":[],"_EventVenueID":[],"_OrganizerEmail":"","_OrganizerPhone":"","_OrganizerWebsite":"","_VenueAddress":"","_VenueCity":"","_VenueCountry":"","_VenueProvince":"","_VenueState":"","_VenueZip":"","_VenuePhone":"","_VenueURL":"","_VenueStateProvince":"","_VenueLat":"","_VenueLng":"","_VenueShowMap":false,"_VenueShowMapLink":false,"footnotes":""},"categories":[9],"tags":[321,209,202],"class_list":["post-1540","page","type-page","status-publish","hentry","category-team_en","tag-kuelpmann-en","tag-mitarbeiter-en","tag-team-en"],"_links":{"self":[{"href":"https:\/\/www.hsu-hh.de\/bwp-b\/wp-json\/wp\/v2\/pages\/1540","targetHints":{"allow":["GET"]}}],"collection":[{"href":"https:\/\/www.hsu-hh.de\/bwp-b\/wp-json\/wp\/v2\/pages"}],"about":[{"href":"https:\/\/www.hsu-hh.de\/bwp-b\/wp-json\/wp\/v2\/types\/page"}],"author":[{"embeddable":true,"href":"https:\/\/www.hsu-hh.de\/bwp-b\/wp-json\/wp\/v2\/users\/2636"}],"replies":[{"embeddable":true,"href":"https:\/\/www.hsu-hh.de\/bwp-b\/wp-json\/wp\/v2\/comments?post=1540"}],"version-history":[{"count":4,"href":"https:\/\/www.hsu-hh.de\/bwp-b\/wp-json\/wp\/v2\/pages\/1540\/revisions"}],"predecessor-version":[{"id":2440,"href":"https:\/\/www.hsu-hh.de\/bwp-b\/wp-json\/wp\/v2\/pages\/1540\/revisions\/2440"}],"up":[{"embeddable":true,"href":"https:\/\/www.hsu-hh.de\/bwp-b\/wp-json\/wp\/v2\/pages\/1481"}],"wp:attachment":[{"href":"https:\/\/www.hsu-hh.de\/bwp-b\/wp-json\/wp\/v2\/media?parent=1540"}],"wp:term":[{"taxonomy":"category","embeddable":true,"href":"https:\/\/www.hsu-hh.de\/bwp-b\/wp-json\/wp\/v2\/categories?post=1540"},{"taxonomy":"post_tag","embeddable":true,"href":"https:\/\/www.hsu-hh.de\/bwp-b\/wp-json\/wp\/v2\/tags?post=1540"}],"curies":[{"name":"wp","href":"https:\/\/api.w.org\/{rel}","templated":true}]}}