{"id":1536,"date":"2021-12-08T08:44:23","date_gmt":"2021-12-08T07:44:23","guid":{"rendered":"https:\/\/www.hsu-hh.de\/bbp\/?page_id=1536"},"modified":"2024-12-24T14:31:55","modified_gmt":"2024-12-24T13:31:55","slug":"heinrich-rascher","status":"publish","type":"page","link":"https:\/\/www.hsu-hh.de\/bwp-b\/en\/team-en\/heinrich-rascher\/","title":{"rendered":"Kristina Heinrich-Rascher, M.A., M.Sc."},"content":{"rendered":"<div class=\"clearfix\">\u00a0<\/div>\n<div class=\"ansprechparter-container\">\n<div class=\"row ansprechpartner-item ansprechparter-header\">\n<div class=\"col-xs-8 col-lg-12\" style=\"margin-bottom: 30px\">\n<h3 class=\"ansprechparter-headline\">Researcher\/Lecturer<\/h3>\n<h3>\u00a0<\/h3>\n<h3>\u00a0<\/h3>\n<h3 class=\"ansprechparter-headline\">\u00a0<\/h3>\n<\/div>\n<div class=\"col-md-4 col-lg-3 col-xs-4 ansprechpartner-item floatright img-circle center-block\" style=\"margin-bottom: 30px\">\n<div class=\"img-responsive-wrapper\"><img loading=\"lazy\" decoding=\"async\" class=\"alignnone  wp-image-1564\" src=\"https:\/\/www.hsu-hh.de\/bbp\/wp-content\/uploads\/sites\/818\/2021\/12\/HeinrichRascher_Mitarbeiterbild-769x1024-1.jpeg\" alt=\"Heinrich-Rascher\" width=\"224\" height=\"298\" data-credit=\"Heinrich-Rascher\" srcset=\"https:\/\/www.hsu-hh.de\/bwp-b\/wp-content\/uploads\/sites\/818\/2021\/12\/HeinrichRascher_Mitarbeiterbild-769x1024-1.jpeg 769w, https:\/\/www.hsu-hh.de\/bwp-b\/wp-content\/uploads\/sites\/818\/2021\/12\/HeinrichRascher_Mitarbeiterbild-769x1024-1-225x300.jpeg 225w\" sizes=\"auto, (max-width: 224px) 100vw, 224px\" \/><\/div>\n<\/div>\n<div class=\"col-md-12 col-lg-3 col-xs-12 ansprechpartner-item kontakt floatright\" style=\"margin-bottom: 30px\">\n<div class=\"row\">\n<div class=\"col-xs-12 col-sm-6 col-lg-12\">\n<div class=\"row\">\n<div class=\"col-xs-12 col-lg-4 row-text bold\">Room:<\/div>\n<div class=\"col-xs-12 col-lg-8 row-text\">2218<\/div>\n<\/div>\n<\/div>\n<div>\u00a0<\/div>\n<div class=\"col-xs-12 col-sm-6 col-lg-12\">\n<div class=\"row\">\n<div class=\"col-xs-12 col-lg-4 row-text bold\">Telephone:<\/div>\n<div class=\"col-xs-12 col-lg-8 row-text\">(040) 6541-2981<\/div>\n<\/div>\n<\/div>\n<div class=\"col-xs-12 col-sm-6 col-lg-12\">\n<div class=\"col-xs-12 col-lg-8 row-text\">\u00a0<\/div>\n<\/div>\n<div class=\"col-xs-12 col-sm-6 col-lg-12\">\n<div class=\"row\">\n<div>\u00a0<\/div>\n<div class=\"col-xs-12 col-md-12 row-text bold\">E-Mail:<\/div>\n<div class=\"col-xs-12 col-md-12 row-text\"><a href=\"mailto:heinrick@hsu-hh.de\" rel='nofollow'>heinrick@hsu-hh.de<\/a><\/div>\n<\/div>\n<\/div>\n<\/div>\n<\/div>\n<div class=\"col-md-6 col-lg-3 col-xs-12 ansprechpartner-item anschrift floatright\">\n<div class=\"row-headline\">Visitor address<\/div>\n<div class=\"row-text\">Helmut-Schmidt-Universit\u00e4t<\/div>\n<div class=\"row-text\">Building H1<\/div>\n<div class=\"row-text\">Holstenhofweg 85<\/div>\n<div class=\"row-text\">22043 Hamburg<\/div>\n<\/div>\n<div>\u00a0<\/div>\n<div class=\"col-md-6 col-lg-3 col-xs-12 ansprechpartner-item anschrift floatright\">\n<div class=\"row-headline\">Postal address<\/div>\n<div class=\"row-text\">Helmut-Schmidt-Universit\u00e4t<\/div>\n<div class=\"row-text\">Postfach 70 08 22<\/div>\n<div class=\"row-text\">22008 Hamburg<\/div>\n<\/div>\n<\/div>\n<\/div>\n<div class=\"clearfix\">\u00a0<\/div>\n<p>\u00a0<\/p>\n\n\n<details class=\"wp-block-details is-layout-flow wp-block-details-is-layout-flow\"><summary>Visiting hours<\/summary>\n<p>Nach Absprache<\/p>\n<\/details>\n\n\n\n<details class=\"wp-block-details is-layout-flow wp-block-details-is-layout-flow\"><summary>Curriculum Vitae<\/summary>\n<p>Bachelor- und Masterstudium der Bildungs- und Erziehungswissenschaft an der Helmut-Schmidt-Universit\u00e4t\/Universit\u00e4t der Bundeswehr Hamburg<br>Thema der Masterarbeit: \u201eDie Bedeutung von Goffmanns Stigmatheorie f\u00fcr die Erkl\u00e4rung von sozialer Ungleichheit \u2013 Eine Dokumentenanalyse am Beispiel von Migranten und Gefl\u00fcchteten im deutschen Berufsbildungsbereich\u201c<\/p>\n\n\n\n<p>Freie Mitarbeiterin an der Professur f\u00fcr Berufs- und Betriebsp\u00e4dagogik an der Helmut-Schmidt-Universit\u00e4t\/Universit\u00e4t der Bundeswehr Hamburg<\/p>\n\n\n\n<p>Bachelor- und Masterstudium der Psychologie an der Helmut-Schmidt-Universit\u00e4t\/Universit\u00e4t der Bundeswehr Hamburg<br>Thema der Masterarbeit: &#8222;Fr\u00fchwarnsignalerkennung im digitalen Arbeitskontext: Externe, mitarbeiter- und f\u00fchrungskr\u00e4ftebezogene Einflussfaktoren&#8220;<\/p>\n\n\n\n<p>Wissenschaftliche Mitarbeiterin an der Professur f\u00fcr Berufs- und Betriebsp\u00e4dagogik an der Helmut-Schmidt-Universit\u00e4t\/Universit\u00e4t der Bundeswehr Hamburg<\/p>\n<\/details>\n\n\n\n<details class=\"wp-block-details is-layout-flow wp-block-details-is-layout-flow\"><summary>Publications<\/summary>\n<p>2021<\/p>\n\n\n\n<p>Heinrich-Rascher, K. (2021). Berufsberatung \u2013 Historische Kontinuit\u00e4t des Spannungsfeldes individueller und wirtschaftlicher Interessen. Berufsbildung: Zeitschrift f\u00fcr Theorie-Praxis-Dialog, 75(189), 14-16.<\/p>\n<\/details>\n","protected":false},"excerpt":{"rendered":"<p>\u00a0 Researcher\/Lecturer \u00a0 \u00a0 \u00a0 Room: 2218 \u00a0 Telephone: (040) 6541-2981 \u00a0 \u00a0 E-Mail: heinrick@hsu-hh.de Visitor address Helmut-Schmidt-Universit\u00e4t Building H1 Holstenhofweg 85 22043 Hamburg \u00a0 Postal address Helmut-Schmidt-Universit\u00e4t Postfach 70 [&hellip;]<\/p>\n","protected":false},"author":2636,"featured_media":0,"parent":1481,"menu_order":0,"comment_status":"closed","ping_status":"closed","template":"","meta":{"_EventAllDay":false,"_EventTimezone":"","_EventStartDate":"","_EventEndDate":"","_EventStartDateUTC":"","_EventEndDateUTC":"","_EventShowMap":false,"_EventShowMapLink":false,"_EventURL":"","_EventCost":"","_EventCostDescription":"","_EventCurrencySymbol":"","_EventCurrencyCode":"","_EventCurrencyPosition":"","_EventDateTimeSeparator":"","_EventTimeRangeSeparator":"","_EventOrganizerID":[],"_EventVenueID":[],"_OrganizerEmail":"","_OrganizerPhone":"","_OrganizerWebsite":"","_VenueAddress":"","_VenueCity":"","_VenueCountry":"","_VenueProvince":"","_VenueState":"","_VenueZip":"","_VenuePhone":"","_VenueURL":"","_VenueStateProvince":"","_VenueLat":"","_VenueLng":"","_VenueShowMap":false,"_VenueShowMapLink":false,"footnotes":""},"categories":[9],"tags":[299,209,202],"class_list":["post-1536","page","type-page","status-publish","hentry","category-team_en","tag-heinrich-rascher-en","tag-mitarbeiter-en","tag-team-en"],"_links":{"self":[{"href":"https:\/\/www.hsu-hh.de\/bwp-b\/wp-json\/wp\/v2\/pages\/1536","targetHints":{"allow":["GET"]}}],"collection":[{"href":"https:\/\/www.hsu-hh.de\/bwp-b\/wp-json\/wp\/v2\/pages"}],"about":[{"href":"https:\/\/www.hsu-hh.de\/bwp-b\/wp-json\/wp\/v2\/types\/page"}],"author":[{"embeddable":true,"href":"https:\/\/www.hsu-hh.de\/bwp-b\/wp-json\/wp\/v2\/users\/2636"}],"replies":[{"embeddable":true,"href":"https:\/\/www.hsu-hh.de\/bwp-b\/wp-json\/wp\/v2\/comments?post=1536"}],"version-history":[{"count":19,"href":"https:\/\/www.hsu-hh.de\/bwp-b\/wp-json\/wp\/v2\/pages\/1536\/revisions"}],"predecessor-version":[{"id":2425,"href":"https:\/\/www.hsu-hh.de\/bwp-b\/wp-json\/wp\/v2\/pages\/1536\/revisions\/2425"}],"up":[{"embeddable":true,"href":"https:\/\/www.hsu-hh.de\/bwp-b\/wp-json\/wp\/v2\/pages\/1481"}],"wp:attachment":[{"href":"https:\/\/www.hsu-hh.de\/bwp-b\/wp-json\/wp\/v2\/media?parent=1536"}],"wp:term":[{"taxonomy":"category","embeddable":true,"href":"https:\/\/www.hsu-hh.de\/bwp-b\/wp-json\/wp\/v2\/categories?post=1536"},{"taxonomy":"post_tag","embeddable":true,"href":"https:\/\/www.hsu-hh.de\/bwp-b\/wp-json\/wp\/v2\/tags?post=1536"}],"curies":[{"name":"wp","href":"https:\/\/api.w.org\/{rel}","templated":true}]}}