{"id":1518,"date":"2021-12-06T17:57:29","date_gmt":"2021-12-06T16:57:29","guid":{"rendered":"https:\/\/www.hsu-hh.de\/bbp\/?page_id=1518"},"modified":"2026-03-16T13:38:29","modified_gmt":"2026-03-16T12:38:29","slug":"marcus-eckelt","status":"publish","type":"page","link":"https:\/\/www.hsu-hh.de\/bwp-b\/en\/team-en\/marcus-eckelt\/","title":{"rendered":"PD Dr. Marcus Eckelt"},"content":{"rendered":"<div class=\"clearfix\">\u00a0<\/div>\n<div class=\"ansprechparter-container\">\n<div class=\"row ansprechpartner-item ansprechparter-header\">\n<div class=\"col-xs-8 col-lg-12\" style=\"margin-bottom: 30px\">\n<h3 class=\"ansprechparter-headline\">Private Lecturer \u00a0 \u00a0 \u00a0 \u00a0 \u00a0 \u00a0 \u00a0 \u00a0 \u00a0 \u00a0 \u00a0 \u00a0 \u00a0 \u00a0 \u00a0 \u00a0 \u00a0 \u00a0 \u00a0 \u00a0 \u00a0 \u00a0 \u00a0 \u00a0 \u00a0 \u00a0 \u00a0 \u00a0 \u00a0 \u00a0 \u00a0 \u00a0 \u00a0 \u00a0 \u00a0 \u00a0 \u00a0 \u00a0 \u00a0 \u00a0 \u00a0 \u00a0 \u00a0 \u00a0 \u00a0 \u00a0 \u00a0 \u00a0\u00a0<\/h3>\n<\/div>\n<div class=\"col-md-4 col-lg-3 col-xs-4 ansprechpartner-item floatright img-circle center-block\" style=\"margin-bottom: 30px\">\n<div class=\"img-responsive-wrapper\"><img loading=\"lazy\" decoding=\"async\" class=\" wp-image-1563 aligncenter\" src=\"https:\/\/www.hsu-hh.de\/bbp\/wp-content\/uploads\/sites\/818\/2021\/12\/Foto_Eckelt_klein-1024x683-1.jpeg\" alt=\"Marcus Eckelt\" width=\"254\" height=\"169\" data-credit=\"Violeta Domingo Villada\" srcset=\"https:\/\/www.hsu-hh.de\/bwp-b\/wp-content\/uploads\/sites\/818\/2021\/12\/Foto_Eckelt_klein-1024x683-1.jpeg 1024w, https:\/\/www.hsu-hh.de\/bwp-b\/wp-content\/uploads\/sites\/818\/2021\/12\/Foto_Eckelt_klein-1024x683-1-300x200.jpeg 300w, https:\/\/www.hsu-hh.de\/bwp-b\/wp-content\/uploads\/sites\/818\/2021\/12\/Foto_Eckelt_klein-1024x683-1-768x512.jpeg 768w\" sizes=\"auto, (max-width: 254px) 100vw, 254px\" \/><\/div>\n<\/div>\n<div class=\"col-md-12 col-lg-3 col-xs-12 ansprechpartner-item kontakt floatright\" style=\"margin-bottom: 30px\">\n<div class=\"row\">\n<div class=\"col-xs-12 col-sm-6 col-lg-12\">\n<div class=\"row\">\n<div class=\"col-xs-12 col-lg-4 row-text bold\">Room:<\/div>\n<div class=\"col-xs-12 col-lg-8 row-text\">2312<\/div>\n<\/div>\n<\/div>\n<div class=\"col-xs-12 col-sm-6 col-lg-12\">\n<div class=\"row\">\n<div>\u00a0<\/div>\n<div class=\"col-xs-12 col-lg-4 row-text bold\">Telephone:<\/div>\n<div>\u00a0<\/div>\n<div class=\"col-xs-12 col-lg-8 row-text\">(040) 6541-2806<\/div>\n<\/div>\n<\/div>\n<div class=\"col-xs-12 col-sm-6 col-lg-12\">\n<div class=\"row\">\n<div class=\"col-xs-12 col-lg-8 row-text\">\u00a0<\/div>\n<\/div>\n<\/div>\n<div class=\"col-xs-12 col-sm-6 col-lg-12\">\n<div class=\"row\">\n<div class=\"col-xs-12 col-md-12 row-text bold\">E-Mail:<\/div>\n<div class=\"col-xs-12 col-md-12 row-text\"><a href=\"mailto:eckelt@hsu-hh.de\" rel='nofollow'>eckelt@hsu-hh.de<\/a><\/div>\n<\/div>\n<\/div>\n<\/div>\n<\/div>\n<div class=\"col-md-6 col-lg-3 col-xs-12 ansprechpartner-item anschrift floatright\">\n<div class=\"row-headline\">Visitor address<\/div>\n<div class=\"row-text\">Helmut-Schmidt-Universit\u00e4t<\/div>\n<div class=\"row-text\">Building H1<\/div>\n<div class=\"row-text\">Holstenhofweg 85<\/div>\n<div class=\"row-text\">22043 Hamburg<\/div>\n<\/div>\n<div class=\"col-md-6 col-lg-3 col-xs-12 ansprechpartner-item anschrift floatright\">\n<div class=\"row-headline\">Postal address<\/div>\n<div class=\"row-text\">Helmut-Schmidt-Universit\u00e4t<\/div>\n<div class=\"row-text\">Postfach 70 08 22<\/div>\n<div class=\"row-text\">22008 Hamburg<\/div>\n<\/div>\n<\/div>\n<\/div>\n<div class=\"clearfix\">\u00a0<\/div>\n\n\n<blockquote class=\"wp-block-quote is-layout-flow wp-block-quote-is-layout-flow\">\n<p>Project leadership <a href=\"https:\/\/www.hsu-hh.de\/bwp-b\/en\/research\/crowdwork\/\" target=\"_blank\" rel=\"noreferrer noopener\">Crowdwork and crowdworkers before, during and after vocational training&nbsp;\u2014competence\/subjectification effects, individual vocationality and platform design conducive to learning<\/a><a href=\"https:\/\/www.hsu-hh.de\/bbp\/forschung\/crowdwork\/\">.<\/a> Duration: Jan 21 to Dec 24<\/p>\n\n\n\n<p>Research project &#8222;Secondary and post-secondary education in Germany&#8220; financed by the Bertelsmann Stiftung. Duration: Nov 21 to Jul 22<\/p>\n\n\n\n<p>Research projekt <a href=\"https:\/\/www.hsu-hh.de\/bwp-b\/en\/research\/iovet\/\" target=\"_blank\" rel=\"noreferrer noopener\">&#8222;IOVET &#8211; The Role of International Organizations in Vocational Education and Training&#8220;<\/a>. Duration: Jul 22 to Jun 24<\/p>\n<\/blockquote>\n\n\n\n<div style=\"height:41px\" aria-hidden=\"true\" class=\"wp-block-spacer\"><\/div>\n\n\n\n<details class=\"wp-block-details is-layout-flow wp-block-details-is-layout-flow\"><summary>Visiting hours<\/summary>\n<p>Please contact me by email<\/p>\n<\/details>\n\n\n\n<details class=\"wp-block-details is-layout-flow wp-block-details-is-layout-flow\"><summary>Curriculum Vitae<\/summary>\n<p>Studies of Political Science and Modern and Contemporary History (Magister) at the Philipps-University Marburg and the Universitatea de Vest din Timisoara, Romania<\/p>\n\n\n\n<p>Research assistant at the Department of School and Vocational Education at the Institute of Educational Science at the Technical University of Berlin<\/p>\n\n\n\n<p>Doctorate (<abbr title=\"Doktor\">Dr.<\/abbr> phil.) on the topic \u201eZur sozialen Praxis der Berufsbildungspolitik\u201c at the Faculty I Humanities and Educational Sciences of the Technical University of Berlin. Awarded by the K\u00e4the and Ulrich Plei\u00df Foundation in the category: Outstanding Dissertations in Vocational and Business Education 2016.<\/p>\n\n\n\n<p>Project Manager in the Bertelsmann Stiftung&#8217;s &#8222;Chance Ausbildung&#8220; team<\/p>\n\n\n\n<p>Research assistant at the Chair of Vocational and Industrial Education at the <abbr title=\"Helmut Schmidt Universit\u00e4t\">HSU<\/abbr>\/ University of the Federal Armed Forces Hamburg<\/p>\n\n\n\n<p>Interim professor for School and Vocational Pedagogy at the Technical University of Berlin since Winter Semester 2023\/24<\/p>\n\n\n\n<p>Habilitation in Educational Science at Helmut Schmidt University Hamburg\/ University of the Federal Armed Forces Hamburg in 2024<\/p>\n<\/details>\n\n\n\n<details class=\"wp-block-details is-layout-flow wp-block-details-is-layout-flow\"><summary>Publications<\/summary>\n<p><strong>Books &amp; Editorships<\/strong><\/p>\n\n\n\n<p>Eckelt, M. (2025). Auszubildende in Deutschland \u2013 Lebenssituation und digitale Praktiken (OPAL Working Papers, <abbr title=\"Band\">Bd.<\/abbr> 18). Hamburg: Helmut-Schmidt-Universit\u00e4t\/Universit\u00e4t der Bundeswehr Hamburg. Open Access &nbsp; &nbsp; [Link f\u00fcr Open Access =&nbsp;<a href=\"https:\/\/doi.org\/10.24405\/21589\" target=\"_blank\" rel=\"noreferrer noopener\">https:\/\/doi.org\/10.24405\/21589<\/a>&nbsp;]<\/p>\n\n\n\n<p>Eckelt, M. (2025). Internationale Berufsbildungsforschung (Berufsbildung, <abbr title=\"Band\">Bd.<\/abbr> 7). Hamburg: Helmut-Schmidt-Universit\u00e4t\/Universit\u00e4t der Bundeswehr Hamburg. Open Access &nbsp; &nbsp; &nbsp;[Link f\u00fcr Open Access = doi.org\/10.24405\/20260 ]<\/p>\n\n\n\n<p>Eckelt, M. (2024). Zug\u00e4nge zu Ausbildung. Emanzipatorischer Realismus als Forschungsperspektive der Berufs- und Wirtschaftsp\u00e4dagogik auf ein strukturelles gesellschaftliches Problem (Berufsbildung, <abbr title=\"Band\">Bd.<\/abbr> 6). Hamburg: Helmut-Schmidt-Universit\u00e4t\/Universit\u00e4t der Bundeswehr Hamburg. <a href=\"http:\/\/dx.doi.org\/10.24405\/17099\" rel='nofollow'>Open Access<\/a><\/p>\n\n\n\n<p>Eckelt, M. &amp; Burkard, C. (2022). Nachschulische Bildung in Deutschland: Zentrale Ergebnisse und bildungspolitische Einordnung. Bertelsmann Stiftung. <a href=\"http:\/\/www.chance-ausbildung.de\/nachschulischebildung\/NEPS2022\" rel='nofollow'>Open Access<\/a><\/p>\n\n\n\n<p>Eckelt, M., Ketschau, T. J., Klassen, J., Schauer, J., Schmees, J. K. &amp; Steib, C. (<abbr title=\"Herausgeber\">Hrsg.<\/abbr>). (2022). Berufsbildungspolitik: Strukturen \u2013 Krise \u2013 Perspektiven. wbv Media. <a href=\"https:\/\/www.wbv.de\/shop\/detail\/72980f68e34532bd930cedea0f46f0cd\" rel='nofollow'>Open Access<\/a><\/p>\n\n\n\n<p>Michaelis, C., Busse, R., Seeber, S. &amp; Eckelt, M. (2022). Nachschulische Bildungsverl\u00e4ufe in Deutschland: Schulentlassene zwischen institutionalisierten Idealwegen und schwierigen Umwegen. wbv Media. <a href=\"https:\/\/www.wbv.de\/openaccess\/themenbereiche\/berufs-und-wirtschaftspaedagogik\/shop\/detail\/16\/_\/0\/1\/I73125\/facet\/eckelt\/\/\/\/\/\/\/nb\/0\/category\/1636.html?cHash=42f44255c1c2faf3ea5b387ec590ea5f?scrollto=searchresultarea\" rel='nofollow'>Open Access<\/a><\/p>\n\n\n\n<p>Eckelt, M., Mohr, S., Gerhards, C. &amp; Burkard, C. (2020). R\u00fcckgang der betrieblichen Ausbildungsbeteiligung. Gr\u00fcnde und Unterst\u00fctzungsma\u00dfnahmen mit Fokus auf Kleinstbetriebe. Bonn: Bundesinstitut f\u00fcr Berufsbildung\/G\u00fctersloh: Bertelsmann Stiftung. Open Access<\/p>\n\n\n\n<p>Eckelt, M., Lehmkuhl, K. &amp; Wolf, S. (<abbr title=\"Herausgeber\">Hrsg.<\/abbr>). (2018). Duale Ausbildung im Tourismus \u2013 das Projekt MENDI. Deutsch-griechische Kooperation in der beruflichen Bildung (Berufsbildung, Arbeit und Innovation, <abbr title=\"Band\">Bd.<\/abbr> 46). Bielefeld: wbv Media. Open Access<\/p>\n\n\n\n<p>Eckelt, M. (2016). Zur sozialen Praxis der Berufsbildungspolitik. Theoretische Schl\u00fcsse aus der Rekonstruktion der Entwicklung des Deutschen Qualifikationsrahmens (Berufsbildung, Arbeit und Innovation \u2013 Dissertationen und Habilitationen, <abbr title=\"Band\">Bd.<\/abbr> 38). Bielefeld: wbv. Open Acess<\/p>\n\n\n\n<p>Eckelt, M. (2011). Syrien im internationalen System. Die politische \u00d6konomie des syrischen Ba&#8217;th-Regimes vor und nach der doppelten Z\u00e4sur 1990 (Demokratie und Entwicklung, <abbr title=\"Band\">Bd.<\/abbr> 64). Berlin: Lit.<\/p>\n\n\n\n<p>Lehmkuhl, K., Eckelt, M. &amp; Sch\u00f6ler, C. (2011). Ausbildung: Ein attraktive Zukunftsoption? Sch\u00fclerinnen und Sch\u00fcler mit Migrationshintergrund berichten. Expertise f\u00fcr BQN Berlin, Berlin. Open Access<\/p>\n\n\n\n<p><strong>Articles, book chapters, reviews and interviews<\/strong><\/p>\n\n\n\n<p>Becker, A., Eckelt, M., Kleemann, F. &amp; K\u00fclpmann, I. (2025). Voice Messaging: eine Methode zur prozessbegleitenden Erfassung digitaler Praktiken. In: FQS \u2013 Forum Qualitative Sozialforschung 26(2), 1\u201326. Open Access \u00a0 \u00a0 \u00a0 \u00a0[Open Access =\u00a0<a href=\"https:\/\/doi.org\/10.17169\/fqs-26.2.4235\" target=\"_blank\" rel=\"noreferrer noopener\">https:\/\/doi.org\/10.17169\/fqs-26.2.4235<\/a>\u00a0]<\/p>\n\n\n\n<p>Eckelt, M. (2025). Emanzipatorischer Realismus. Eine Forschungsperspektive der Berufs- und Wirtschaftsp\u00e4dagogik. In K. K\u00f6gler, H.-H. Kremer &amp; V. Herkner (<abbr title=\"Herausgeber\">Hrsg.<\/abbr>), Jahrbuch der berufs- und wirtschaftsp\u00e4dagogischen Forschung 2025 (S. 35\u201349). Opladen, Berlin, Toronto: Budrich.<\/p>\n\n\n\n<p>Eckelt, M. &amp; L\u00e1scarez Smith, D. (2025). Berufsbildungsreform in Costa Rica. Aktuelle und strukturelle Herausforderungen. In: berufsbildung. Zeitschrift f\u00fcr Theorie-Praxis-Dialog 79(1), 54\u201356.<\/p>\n\n\n\n<p>Eckelt, M. (2024, 20. September). La otra cara de la moneda.&nbsp;Beitrag im Podcast El Solar.&nbsp;<a href=\"https:\/\/shows.acast.com\/el-solar-podcast\/episodes\/08-la-otra-cara-de-la-moneda\" rel='nofollow'>Open Access<\/a><\/p>\n\n\n\n<p>Eckelt, M. (2024). Internationales erforschen oder international forschen? Reflexionen \u00fcber die internationale Berufsbildungsforschung. In: Bildung und Erziehung 77(3), 379\u2013388.<\/p>\n\n\n\n<p>Eckelt, M. (2024, 1. August). Was bringt die Ausbildungsgarantie?&nbsp;Interview f\u00fcr HR Info. <a href=\"https:\/\/www.hr-inforadio.de\/podcast\/das-thema\/was-bringt-die-ausbildungsgarantie,podcast-episode-133400.html\" rel='nofollow'>Open Access<\/a><\/p>\n\n\n\n<p>Eckelt, M. (2024, 31. Juli). Ausbildungsjahr startet in Hessen. Interview f\u00fcr Hessenschau.&nbsp;<a href=\"https:\/\/www.hessenschau.de\/tv-sendung\/ausbildungsjahr-startet-in-hessen--die-neue-ausbildungsplatzgarantie,video-199980.html\" rel='nofollow'>Open Access<\/a><\/p>\n\n\n\n<p>Eckelt, M. (2024). Ausbildungsgarantie in \u00d6sterreich. Was steckt dahinter und was kann in Deutschland davon gelernt werden? DENK-doch-MAL.de Das online-Magazin. <a href=\"https:\/\/denk-doch-mal.de\/marcus-eckelt-ausbildungsgarantie-in-oesterreich-was-steckt-dahinter-und-was-kann-in-deutschland-davon-gelernt-werden\/#toggle-id-1-closed\" rel='nofollow'>Open Access<\/a><\/p>\n\n\n\n<p>Eckelt, M. (2023). On the Planned Apprenticeship Guarantee for Germany: An Attempt to Reduce the Risk of Social Exclusion During the Transition from School to VET? T\u016btlys, V., Vaitkut\u0117, L. &amp; N\u00e4gele, C. (<abbr title=\"Herausgeber\">Hrsg.<\/abbr>), Vocational Education and Training Transformations for Digital, Sustainable and Socially Fair Future. Proceedings of the 5th Crossing Boundaries Conference in Vocational Education and Training, Kaunas, 25. \u2013 26. May 2023 (S. 138\u2013146). <a href=\"http:\/\/10.5281\/zenodo.780851\" rel='nofollow'>Open Access<\/a><\/p>\n\n\n\n<p>Eckelt, M.; Schauer, J. (2023). It\u2019s the region, stupid? Zur Bedeutung der Wohnortgr\u00f6\u00dfe als regionales Merkmal in der beruflichen Erstausbildung. bwp@ Berufs- und Wirtschaftsp\u00e4dagogik \u2013 online, Ausgabe 44, 1-44. <a href=\"https:\/\/www.bwpat.de\/ausgabe44\/eckelt_schauer_bwpat44.pdf\" rel='nofollow'>Open Access<\/a><\/p>\n\n\n\n<p>B\u00fcchter, K. &amp; Eckelt, M. (2022). Berufs- und Wirtschaftsp\u00e4dagogik und Berufsbildungspolitik \u2013 eine Verh\u00e4ltnisfrage. In S. Bohlinger, G. Scheiermann &amp; C. Schmidt (<abbr title=\"Herausgeber\">Hrsg.<\/abbr>), Berufsbildung, Beruf und Arbeit im gesellschaftlichen Wandel (S. 107\u2013125). Wiesbaden: Springer. <a href=\"https:\/\/doi.org\/10.1007\/978-3-658-37897-4_8\" rel='nofollow'>Open Access<\/a><\/p>\n\n\n\n<p>B\u00fcchter, K. &amp; Eckelt, M. (2022). Soziale Ungleichheit durch berufliche Schlie\u00dfung: Zur legitimierenden Funktion individualistischer Erkl\u00e4rungsmuster in der beruflichen Bildung. berufsbildung. Zeitschrift f\u00fcr Theorie-Praxis-Dialog, 76(193), 38\u201341.<\/p>\n\n\n\n<p>Eckelt, M. (2022). Forderung nach Chancengerechtigkeit als Treiber demokratischer Berufsbildungspolitik. In M. Eckelt, T. J. Ketschau, J. Klassen, J. Schauer, J. K. Schmees &amp; C. Steib (<abbr title=\"Herausgeber\">Hrsg.<\/abbr>), Berufsbildungspolitik: Strukturen \u2013 Krise \u2013 Perspektiven (S. 21\u201339). wbv Media. <a href=\"https:\/\/www.wbv.de\/shop\/detail\/72980f68e34532bd930cedea0f46f0cd\" rel='nofollow'>Open Access<\/a><\/p>\n\n\n\n<p>Eckelt, M. (2022). Krise ohne Reaktion? Die Folgen der Corona-Pandemie auf dem dualen Ausbildungsmarkt im Licht der Berufsbildungsstatistik und die berufsbildungspolitische Reaktion. In D. Heisler &amp; J. Meier (<abbr title=\"Herausgeber\">Hrsg.<\/abbr>), Berufsbildung, Arbeit und Innovation: Band 65. Berufsausbildung zwischen Hygienema\u00dfnahmen und Lockdown(s): Folgen f\u00fcr die schulische und au\u00dferschulische Berufsausbildung in Schule, Betrieb und Bildungstr\u00e4ger (S. 49\u201373). Bielefeld: wbv Media.<\/p>\n\n\n\n<p>Eckelt, M. &amp; Schauer, J. (2022). Regionale Unterschiede auf dem Ausbildungsmarkt w\u00e4hrend der COVID-19-Pandemie: Entwicklung der Neuvertr\u00e4ge in der dualen Ausbildung. In M. Eckelt, T. J. Ketschau, J. Klassen, J. Schauer, J. K. Schmees &amp; C. Steib (<abbr title=\"Herausgeber\">Hrsg.<\/abbr>), Berufsbildungspolitik: Strukturen \u2013 Krise \u2013 Perspektiven (S. 105\u2013119). wbv Media. <a href=\"https:\/\/www.wbv.de\/shop\/detail\/72980f68e34532bd930cedea0f46f0cd\" rel='nofollow'>Open Access<\/a><\/p>\n\n\n\n<p>Meier, A. &amp; Eckelt, M. (2022). Podcast-Projekt &#8222;Unvergessen&#8220;. Interview mit Andreas Meier. berufsbildung. Zeitschrift f\u00fcr Theorie-Praxis-Dialog 76 (194), 49\u201351.<\/p>\n\n\n\n<p>Eckelt, M. (2021). bwp@-Rezension zu Marianne Friese (<abbr title=\"Herausgeber\">Hrsg.<\/abbr>): Care Work 4.0. Digitalisierung in der beruflichen und akademischen Bildung f\u00fcr personenbezogene Dienstleistungsberufe. Bielefeld: 2021. 1\u20136. Open Access<\/p>\n\n\n\n<p>Eckelt, M. (2021). bwp@-Rezension zu Robin Busse: \u00dcbergangsverl\u00e4ufe am Ende der Sekundarstufe I. Erkl\u00e4rungsans\u00e4tze f\u00fcr soziale und migrationsbezogene Ungleichheiten. Bielefeld 2021, 1\u20139. Open Access<\/p>\n\n\n\n<p>Eckelt, M. (2021). Jugend &amp; Beruf im Zeichen von Corona. Berufliche Zukunftsperspektiven eines Teils der Jugendlichen verschlechtern sich weiter. Sozialismus 48 (1), 20\u201326.<\/p>\n\n\n\n<p>Eckelt, M. (2021). On the Relationship of Politics and Research of Vocational Education and Training in Germany. In C. N\u00e4gele, B. E. Stalder &amp; M. Weich (<abbr title=\"Herausgeber\">Hrsg.<\/abbr>), Pathways in Vocational Education and Training and Lifelong Learning. Proceedings of the 4th Crossing Boundaries Conference in Vocational Education and Training, Muttenz and Bern online, 8.-9. April (S. 117\u2013122). European Research Network on Vocational Education and Training, VETNET. Open Access<\/p>\n\n\n\n<p>Eckelt, M. (2021). \u00dcberg\u00e4nge in Ausbildung besonders gef\u00e4hrdet. Die Auswirkungen der Corona-Pandemie im Licht der statistischen Bildungsberichterstattung. Berufsbildung \u2013 Zeitschrift f\u00fcr Praxis und Theorie in Betrieb und Schule 75 (189), 45\u201348.<\/p>\n\n\n\n<p>Eckelt, M. (2021). Von Meistern und Akademikern. \u00d6konomisierung und Depolitisierung in der Berufsbildungspolitik am Beispiel des Deutschen Qualifikationsrahmens. In K. B\u00fcchter &amp; T. H\u00f6hne (<abbr title=\"Herausgeber\">Hrsg.<\/abbr>), Berufs- und Weiterbildung unter Druck. \u00d6konomisierungsprozesse in Arbeit, Beruf und Qualifizierung (S. 74\u201387). Weinheim [u.a.]: Beltz Juventa.<\/p>\n\n\n\n<p>Eckelt, M. &amp; Schauer, J. (2021). Ausbildungsmarkt droht das zweite Jahr in Folge einzubrechen. In Blog Aus- und Weiterbildung der Bertelsmann Stiftung. Open Access<\/p>\n\n\n\n<p>Eckelt, M. &amp; Thrun, T. (2021). Crowdwork und Plattform\u00f6konomie: Kann dort auch Berufsbildung stattfinden? Berufsbildung \u2013 Zeitschrift f\u00fcr Praxis und Theorie in Betrieb und Schule, 75 (191), 33\u201336.<\/p>\n\n\n\n<p>Peter, B., Eckelt, M. &amp; Lehmkuhl, K. (2021). Quereinsteiger*innen im beruflichen Lehramt: Die Ausnahme als Normalfall? In J. Pfetsch &amp; A. Stellmacher (<abbr title=\"Herausgeber\">Hrsg.<\/abbr>), Praxisbezogene Lerngelegenheiten und Berufswahlmotivation im beruflichen Lehramt (S. 165\u2013183). Waxmann.<\/p>\n\n\n\n<p>Eckelt, M. (2020, 02. Dezember). Ausbildungsplatz gesucht \u2013 Wie die Corona-Krise den Fachkr\u00e4ftemangel verst\u00e4rkt. Interview f\u00fcr ARD Plusminus. Open Access [ab Minute 7:55]<\/p>\n\n\n\n<p>Eckelt, M. (2020). bwp@-Rezension zu Johannes Karl Schmees: Lehrer*innenbildung und Bologna-Prozess. Politische Strategien zur Einf\u00fchrung der Bachelor-und Masterabschl\u00fcsse im Bundesl\u00e4ndervergleich. Bad Heilbrunn, 1\u20138. Open Access<\/p>\n\n\n\n<p>Eckelt, M. (2019). Vers\u00e4ulung war gestern. Wege zwischen beruflicher und hochschulischer Ausbildung als bildungspolitische Herausforderung. Berufsbildung \u2013 Zeitschrift f\u00fcr Praxis und Theorie in Betrieb und Schule 73 (179), 43\u201345.<\/p>\n\n\n\n<p>Eckelt, M. &amp; H\u00e4rle, N. (2019). Berufsbildung f\u00fcr eine digitale Arbeitswelt. Gastbeitrag. Personaldienstleister. Branchenmagazin des BAP Bundesarbeitgeberverband der Personaldienstleister (3\/19), 4\u20135.<\/p>\n\n\n\n<p>Eckelt, M. &amp; Schauer, J. (2019). Der Einfluss des regionalen Ausbildungsangebots auf die \u00dcbergangswahrscheinlichkeit in Ausbildung nicht-studienberechtigter Jugendlicher. Zeitschrift f\u00fcr Berufs- und Wirtschaftsp\u00e4dagogik 115 (3), 447\u2013485. Open Access<\/p>\n\n\n\n<p>Eckelt, M. &amp; Wieland, C. (2019). Nachschulische Bildung im Umbruch. In D. Frommberger (<abbr title=\"Herausgeber\">Hrsg.<\/abbr>), Wege zwischen beruflicher und hochschulischer Bildung. Ein internationaler Vergleich (S. 8\u201318). G\u00fctersloh: Bertelsmann Stiftung. Open Access<\/p>\n\n\n\n<p>Eckelt, M. (2018). Berufsbildungstransfer als Forschungsgegenstand im Rahmen von wissenschaftlicher Projektbegleitung. Eine Reflexion anhand des griechisch-deutschen Pilotprojekts MENDI zur Erprobung dualer Hotelberufe. ZBW \u2013 Zeitschrift f\u00fcr Berufs- und Wirtschaftsp\u00e4dagogik 114 (2), 191\u2013212. Open Access<\/p>\n\n\n\n<p>Eckelt, M. (2018). Mentoring Dual International \u2013 MENDI. Eine Projektbeschreibung. In M. Eckelt, K. Lehmkuhl &amp; S. Wolf (<abbr title=\"Herausgeber\">Hrsg.<\/abbr>), Duale Ausbildung im Tourismus \u2013 das Projekt MENDI. Deutsch-griechische Kooperation in der beruflichen Bildung (Berufsbildung, Arbeit und Innovation, <abbr title=\"Band\">Bd.<\/abbr> 46, S. 7\u201313). Bielefeld: wbv Media. Open Access<\/p>\n\n\n\n<p>Eckelt, M. (2018). M\u00f6glichkeiten und Restriktionen der wissenschaftlichen Begleitung von Berufsbildungstransferprojekten. In M. Eckelt, K. Lehmkuhl &amp; S. Wolf (<abbr title=\"Herausgeber\">Hrsg.<\/abbr>), Duale Ausbildung im Tourismus \u2013 das Projekt MENDI. Deutsch-griechische Kooperation in der beruflichen Bildung (Berufsbildung, Arbeit und Innovation, <abbr title=\"Band\">Bd.<\/abbr> 46, S. 145\u2013163). Bielefeld: wbv Media. Open Access<\/p>\n\n\n\n<p>Eckelt, M. &amp; Lehmkuhl, K. (2018). Betriebliche Ausbildung in Griechenland \u2013 nur zweite Wahl? berufsbildung 72 (174), 49\u201351.<\/p>\n\n\n\n<p>Eckelt, M. &amp; Lehmkuhl, K. (2018). Duale Ausbildung \u2013 nur zweite Wahl? In M. Eckelt, K. Lehmkuhl &amp; S. Wolf (<abbr title=\"Herausgeber\">Hrsg.<\/abbr>), Duale Ausbildung im Tourismus \u2013 das Projekt MENDI. Deutsch-griechische Kooperation in der beruflichen Bildung (Berufsbildung, Arbeit und Innovation, <abbr title=\"Band\">Bd.<\/abbr> 46, S. 179\u2013189). Bielefeld: wbv Media. Open Access<\/p>\n\n\n\n<p>Eckelt, M., Lehmkuhl, K. &amp; Wolf, S. (2018). Berufsbildungszusammenarbeit als Teil der deutsch-griechischen Beziehungen. In M. Eckelt, K. Lehmkuhl &amp; S. Wolf (<abbr title=\"Herausgeber\">Hrsg.<\/abbr>), Duale Ausbildung im Tourismus \u2013 das Projekt MENDI. Deutsch-griechische Kooperation in der beruflichen Bildung (Berufsbildung, Arbeit und Innovation, <abbr title=\"Band\">Bd.<\/abbr> 46, S. 15\u201329). Bielefeld: wbv Media. Open Access<\/p>\n\n\n\n<p>Eckelt, M. (2017). Berufsbildung in Spanien. Bildungsexpansion, Krise und Reform. Berufsbildung \u2013 Zeitschrift f\u00fcr Praxis und Theorie in Betrieb und Schule 71 (165), 22\u201324.<\/p>\n\n\n\n<p>Eckelt, M. (2017, 06. Juli). La FP dual alemana. Radiointerview, Radio Aut\u00f3noma de Canarias. Open Access<\/p>\n\n\n\n<p>Eckelt, M. (2017, 27. Juli). La oferta de FP relacionada con el turismo es poca, solo unas mil plazas. Zeitungsinterview. Diario de las Palmas &amp; La Opini\u00f3n de Tenerife.<\/p>\n\n\n\n<p>Eckelt, M. &amp; Sobhi, P. (2017). Reconstructing underlying rationalities in TVET teacher&#8217;s recruitment in the case of Egypt. In F. X. Kaiser &amp; S. Krugmann (<abbr title=\"Herausgeber\">Hrsg.<\/abbr>), Social dimension and participation in vocational education and training. Proceedings of the 2nd conference \u201cCrossing Boundaries in VET\u201d (Rostocker Schriften der Berufsp\u00e4dagogik, Band 1, S. 56\u201361). Rostock: Universit\u00e4t Rostock Institut f\u00fcr Berufsp\u00e4dagogik. Open Access<\/p>\n\n\n\n<p>Eckelt, M. (2016). Berufsbildung in Kuba. Herausforderungen durch den sozio-\u00f6konomischen Wandel. Berufsbildung \u2013 Zeitschrift f\u00fcr Praxis und Theorie in Betrieb und Schule 70 (160), 48\u201350.<\/p>\n\n\n\n<p>Eckelt, M. &amp; Schmidt, G. (2014). Learning to be precarious. The transition of young people from school into precarious work in Germany. JCEPS \u2013 Journal for Critical Education Policy Studies 12 (3), 130\u2013155. Open Access<\/p>\n\n\n\n<p>Eckelt, M. &amp; Schmidt, G. (2014). Wie wird man prek\u00e4re*r Lohnarbeiter*in? Ver\u00e4ndertes Selbstverst\u00e4ndnis Jugendlicher in beruflichen Bildungsangeboten. bwp@ Berufs- und Wirtschaftsp\u00e4dagogik &#8211; online (26), 1\u201322. Open Access<\/p>\n\n\n\n<p>Eckelt, M. (2013). Kann man dem Zufall auf die Spr\u00fcnge helfen? Erfahrungen mit Betriebspraktika. In Arbeitsgemeinschaft Weinheimer Initiative (<abbr title=\"Herausgeber\">Hrsg.<\/abbr>), Lokale Bildungsverantwortung. Kommunale Koordinierung beim \u00dcbergang von der Schule in die Arbeitswelt (S. 336\u2013342). Stuttgart: Kohlhammer Verlag.<\/p>\n\n\n\n<p>Eckelt, M. (2013). Rezension zu: Klenk, Johannes (2013): Nationale Qualifikationsrahmen in dualen Berufsbildungssystemen, Bielefeld. bwp@ Berufs- und Wirtschaftsp\u00e4dagogik &#8211; online (9), 1\u20136. bwp@. Open Access<\/p>\n\n\n\n<p>Eckelt, M. &amp; Kohlmeyer, K. (2011). Interkulturelle \u00d6ffnung der Berufsausbildung. forum arbeit (02), 13\u201317.<\/p>\n<\/details>\n","protected":false},"excerpt":{"rendered":"<p>\u00a0 Private Lecturer \u00a0 \u00a0 \u00a0 \u00a0 \u00a0 \u00a0 \u00a0 \u00a0 \u00a0 \u00a0 \u00a0 \u00a0 \u00a0 \u00a0 \u00a0 \u00a0 \u00a0 \u00a0 \u00a0 \u00a0 \u00a0 \u00a0 \u00a0 \u00a0 \u00a0 \u00a0 \u00a0 [&hellip;]<\/p>\n","protected":false},"author":2636,"featured_media":0,"parent":1481,"menu_order":0,"comment_status":"closed","ping_status":"closed","template":"","meta":{"_EventAllDay":false,"_EventTimezone":"","_EventStartDate":"","_EventEndDate":"","_EventStartDateUTC":"","_EventEndDateUTC":"","_EventShowMap":false,"_EventShowMapLink":false,"_EventURL":"","_EventCost":"","_EventCostDescription":"","_EventCurrencySymbol":"","_EventCurrencyCode":"","_EventCurrencyPosition":"","_EventDateTimeSeparator":"","_EventTimeRangeSeparator":"","_EventOrganizerID":[],"_EventVenueID":[],"_OrganizerEmail":"","_OrganizerPhone":"","_OrganizerWebsite":"","_VenueAddress":"","_VenueCity":"","_VenueCountry":"","_VenueProvince":"","_VenueState":"","_VenueZip":"","_VenuePhone":"","_VenueURL":"","_VenueStateProvince":"","_VenueLat":"","_VenueLng":"","_VenueShowMap":false,"_VenueShowMapLink":false,"footnotes":""},"categories":[9],"tags":[290,209,202],"class_list":["post-1518","page","type-page","status-publish","hentry","category-team_en","tag-eckelt-en","tag-mitarbeiter-en","tag-team-en"],"_links":{"self":[{"href":"https:\/\/www.hsu-hh.de\/bwp-b\/wp-json\/wp\/v2\/pages\/1518","targetHints":{"allow":["GET"]}}],"collection":[{"href":"https:\/\/www.hsu-hh.de\/bwp-b\/wp-json\/wp\/v2\/pages"}],"about":[{"href":"https:\/\/www.hsu-hh.de\/bwp-b\/wp-json\/wp\/v2\/types\/page"}],"author":[{"embeddable":true,"href":"https:\/\/www.hsu-hh.de\/bwp-b\/wp-json\/wp\/v2\/users\/2636"}],"replies":[{"embeddable":true,"href":"https:\/\/www.hsu-hh.de\/bwp-b\/wp-json\/wp\/v2\/comments?post=1518"}],"version-history":[{"count":36,"href":"https:\/\/www.hsu-hh.de\/bwp-b\/wp-json\/wp\/v2\/pages\/1518\/revisions"}],"predecessor-version":[{"id":2559,"href":"https:\/\/www.hsu-hh.de\/bwp-b\/wp-json\/wp\/v2\/pages\/1518\/revisions\/2559"}],"up":[{"embeddable":true,"href":"https:\/\/www.hsu-hh.de\/bwp-b\/wp-json\/wp\/v2\/pages\/1481"}],"wp:attachment":[{"href":"https:\/\/www.hsu-hh.de\/bwp-b\/wp-json\/wp\/v2\/media?parent=1518"}],"wp:term":[{"taxonomy":"category","embeddable":true,"href":"https:\/\/www.hsu-hh.de\/bwp-b\/wp-json\/wp\/v2\/categories?post=1518"},{"taxonomy":"post_tag","embeddable":true,"href":"https:\/\/www.hsu-hh.de\/bwp-b\/wp-json\/wp\/v2\/tags?post=1518"}],"curies":[{"name":"wp","href":"https:\/\/api.w.org\/{rel}","templated":true}]}}