{"id":1502,"date":"2021-12-06T17:13:24","date_gmt":"2021-12-06T16:13:24","guid":{"rendered":"https:\/\/www.hsu-hh.de\/bbp\/?page_id=1502"},"modified":"2024-12-24T15:21:36","modified_gmt":"2024-12-24T14:21:36","slug":"anna-grabbe","status":"publish","type":"page","link":"https:\/\/www.hsu-hh.de\/bwp-b\/en\/team-en\/anna-grabbe\/","title":{"rendered":"Dipl.-P\u00e4d. Anna Grabbe"},"content":{"rendered":"<div class=\"clearfix\">\u00a0<\/div>\n<div class=\"ansprechparter-container\">\n<div class=\"row ansprechpartner-item ansprechparter-header\">\n<div class=\"col-xs-8 col-lg-12\" style=\"margin-bottom: 30px\">\n<h3 class=\"ansprechparter-headline\">Researcher\/Lecturer<\/h3>\n<\/div>\n<\/div>\n<div>\u00a0<\/div>\n<div class=\"row ansprechpartner-item ansprechparter-header\">\n<p><img loading=\"lazy\" decoding=\"async\" class=\"wp-image-1998 alignright\" src=\"https:\/\/www.hsu-hh.de\/bbp\/wp-content\/uploads\/sites\/818\/2023\/04\/IMG_20230316_082354_edit_384950890684489-225x300.jpg\" alt=\"Anna Grabbe\" width=\"235\" height=\"313\" data-credit=\"Grabbe\" srcset=\"https:\/\/www.hsu-hh.de\/bwp-b\/wp-content\/uploads\/sites\/818\/2023\/04\/IMG_20230316_082354_edit_384950890684489-225x300.jpg 225w, https:\/\/www.hsu-hh.de\/bwp-b\/wp-content\/uploads\/sites\/818\/2023\/04\/IMG_20230316_082354_edit_384950890684489-768x1025.jpg 768w, https:\/\/www.hsu-hh.de\/bwp-b\/wp-content\/uploads\/sites\/818\/2023\/04\/IMG_20230316_082354_edit_384950890684489-1151x1536.jpg 1151w, https:\/\/www.hsu-hh.de\/bwp-b\/wp-content\/uploads\/sites\/818\/2023\/04\/IMG_20230316_082354_edit_384950890684489-1535x2048.jpg 1535w, https:\/\/www.hsu-hh.de\/bwp-b\/wp-content\/uploads\/sites\/818\/2023\/04\/IMG_20230316_082354_edit_384950890684489-1100x1467.jpg 1100w, https:\/\/www.hsu-hh.de\/bwp-b\/wp-content\/uploads\/sites\/818\/2023\/04\/IMG_20230316_082354_edit_384950890684489-scaled.jpg 1919w\" sizes=\"auto, (max-width: 235px) 100vw, 235px\" \/><\/p>\n<div class=\"col-md-12 col-lg-3 col-xs-12 ansprechpartner-item kontakt floatright\" style=\"margin-bottom: 30px\">\n<div class=\"row\">\n<div class=\"col-xs-12 col-sm-6 col-lg-12\">\n<div class=\"row\">\n<div class=\"col-xs-12 col-lg-4 row-text bold\">Room:<\/div>\n<div class=\"col-xs-12 col-lg-8 row-text\">2312<\/div>\n<\/div>\n<\/div>\n<div class=\"col-xs-12 col-sm-6 col-lg-12\">\n<div>\u00a0<\/div>\n<div class=\"row\">\n<div class=\"col-xs-12 col-lg-4 row-text bold\">Telephone:<\/div>\n<div class=\"col-xs-12 col-lg-8 row-text\">(040) 6541-2806<\/div>\n<\/div>\n<\/div>\n<div class=\"col-xs-12 col-sm-6 col-lg-12\">\n<div class=\"row\">\n<div class=\"col-xs-12 col-lg-8 row-text\">\u00a0<\/div>\n<\/div>\n<\/div>\n<div class=\"col-xs-12 col-sm-6 col-lg-12\">\n<div class=\"row\">\n<div class=\"col-xs-12 col-md-12 row-text bold\">E-Mail:<\/div>\n<div class=\"col-xs-12 col-md-12 row-text\"><a href=\"mailto:grabbea@hsu-hh.de\" rel='nofollow'>grabbea@hsu-hh.de<\/a><\/div>\n<\/div>\n<\/div>\n<\/div>\n<\/div>\n<div class=\"col-md-6 col-lg-3 col-xs-12 ansprechpartner-item anschrift floatright\">\n<div class=\"row-headline\">Visitor address<\/div>\n<div class=\"row-text\">Helmut-Schmidt-Universit\u00e4t<\/div>\n<div class=\"row-text\">Building H1<\/div>\n<div class=\"row-text\">Holstenhofweg 85<\/div>\n<div class=\"row-text\">22043 Hamburg<\/div>\n<\/div>\n<div class=\"col-md-6 col-lg-3 col-xs-12 ansprechpartner-item anschrift floatright\">\n<div class=\"row-headline\">Postal address<\/div>\n<div class=\"row-text\">Helmut-Schmidt-Universit\u00e4t<\/div>\n<div class=\"row-text\">Postfach 70 08 22<\/div>\n<div class=\"row-text\">22008 Hamburg<\/div>\n<\/div>\n<\/div>\n<\/div>\n<div class=\"clearfix\">\u00a0<\/div>\n<div>\u00a0<\/div>\n<p>\u00a0<\/p>\n\n\n<details class=\"wp-block-details is-layout-flow wp-block-details-is-layout-flow\"><summary>Visiting hours<\/summary>\n<p>Dienstags 14:00-15:00<\/p>\n<\/details>\n\n\n\n<details class=\"wp-block-details is-layout-flow wp-block-details-is-layout-flow\"><summary>Curriculum Vitae<\/summary>\n<p>2006 &#8211; 2015 Studium an der Universit\u00e4t Hamburg: Erziehungswissenschaft, Psychologie und Soziologie, Wahlfach Deutsche Geb\u00e4rdensprache<\/p>\n\n\n\n<p>Thema der Diplomarbeit: &#8222;Pers\u00f6nlichkeitsmerkmale im Lehrerberuf und deren F\u00f6rderungsm\u00f6glichkeiten in der Ausbildung&#8220;<\/p>\n\n\n\n<p>Juli 2015 &#8211; Juli 2016 Wissenschaftliche Mitarbeiterin im Zentrum f\u00fcr technologiegest\u00fctzte Bildung an der Helmut-Schmidt-Universit\u00e4t\/ Universit\u00e4t der Bundeswehr<\/p>\n\n\n\n<p>seit November 2016 wissenschaftliche Mitarbeiterin an den Professuren Berufs- und Betriebsp\u00e4dagogik sowie Berufs- und Arbeitsp\u00e4dagogik an der <abbr title=\"Helmut Schmidt Universit\u00e4t\">HSU<\/abbr>\/ Universit\u00e4t der Bundeswehr Hamburg<\/p>\n<\/details>\n\n\n\n<details class=\"wp-block-details is-layout-flow wp-block-details-is-layout-flow\"><summary>Publications<\/summary>\n<p>Folgt in K\u00fcrze<\/p>\n<\/details>\n","protected":false},"excerpt":{"rendered":"<p>\u00a0 Researcher\/Lecturer \u00a0 Room: 2312 \u00a0 Telephone: (040) 6541-2806 \u00a0 E-Mail: grabbea@hsu-hh.de Visitor address Helmut-Schmidt-Universit\u00e4t Building H1 Holstenhofweg 85 22043 Hamburg Postal address Helmut-Schmidt-Universit\u00e4t Postfach 70 08 22 22008 Hamburg [&hellip;]<\/p>\n","protected":false},"author":2636,"featured_media":0,"parent":1481,"menu_order":0,"comment_status":"closed","ping_status":"closed","template":"","meta":{"_EventAllDay":false,"_EventTimezone":"","_EventStartDate":"","_EventEndDate":"","_EventStartDateUTC":"","_EventEndDateUTC":"","_EventShowMap":false,"_EventShowMapLink":false,"_EventURL":"","_EventCost":"","_EventCostDescription":"","_EventCurrencySymbol":"","_EventCurrencyCode":"","_EventCurrencyPosition":"","_EventDateTimeSeparator":"","_EventTimeRangeSeparator":"","_EventOrganizerID":[],"_EventVenueID":[],"_OrganizerEmail":"","_OrganizerPhone":"","_OrganizerWebsite":"","_VenueAddress":"","_VenueCity":"","_VenueCountry":"","_VenueProvince":"","_VenueState":"","_VenueZip":"","_VenuePhone":"","_VenueURL":"","_VenueStateProvince":"","_VenueLat":"","_VenueLng":"","_VenueShowMap":false,"_VenueShowMapLink":false,"footnotes":""},"categories":[9],"tags":[324,209,202],"class_list":["post-1502","page","type-page","status-publish","hentry","category-team_en","tag-grabbe-en","tag-mitarbeiter-en","tag-team-en"],"_links":{"self":[{"href":"https:\/\/www.hsu-hh.de\/bwp-b\/wp-json\/wp\/v2\/pages\/1502","targetHints":{"allow":["GET"]}}],"collection":[{"href":"https:\/\/www.hsu-hh.de\/bwp-b\/wp-json\/wp\/v2\/pages"}],"about":[{"href":"https:\/\/www.hsu-hh.de\/bwp-b\/wp-json\/wp\/v2\/types\/page"}],"author":[{"embeddable":true,"href":"https:\/\/www.hsu-hh.de\/bwp-b\/wp-json\/wp\/v2\/users\/2636"}],"replies":[{"embeddable":true,"href":"https:\/\/www.hsu-hh.de\/bwp-b\/wp-json\/wp\/v2\/comments?post=1502"}],"version-history":[{"count":16,"href":"https:\/\/www.hsu-hh.de\/bwp-b\/wp-json\/wp\/v2\/pages\/1502\/revisions"}],"predecessor-version":[{"id":2450,"href":"https:\/\/www.hsu-hh.de\/bwp-b\/wp-json\/wp\/v2\/pages\/1502\/revisions\/2450"}],"up":[{"embeddable":true,"href":"https:\/\/www.hsu-hh.de\/bwp-b\/wp-json\/wp\/v2\/pages\/1481"}],"wp:attachment":[{"href":"https:\/\/www.hsu-hh.de\/bwp-b\/wp-json\/wp\/v2\/media?parent=1502"}],"wp:term":[{"taxonomy":"category","embeddable":true,"href":"https:\/\/www.hsu-hh.de\/bwp-b\/wp-json\/wp\/v2\/categories?post=1502"},{"taxonomy":"post_tag","embeddable":true,"href":"https:\/\/www.hsu-hh.de\/bwp-b\/wp-json\/wp\/v2\/tags?post=1502"}],"curies":[{"name":"wp","href":"https:\/\/api.w.org\/{rel}","templated":true}]}}