{"id":73,"date":"2017-07-03T15:52:08","date_gmt":"2017-07-03T13:52:08","guid":{"rendered":"https:\/\/www.hsu-hh.de\/vorlage\/?page_id=73"},"modified":"2024-11-29T15:28:10","modified_gmt":"2024-11-29T14:28:10","slug":"startseite","status":"publish","type":"page","link":"https:\/\/www.hsu-hh.de\/bp\/","title":{"rendered":"Betriebswirtschaftslehre, insbesondere Beschaffung und Produktion"},"content":{"rendered":"\n<h2 class=\"wp-block-heading\">Herzlich willkommen!<\/h2>\n\n\n\n<div class=\"wp-block-columns is-layout-flex wp-container-core-columns-is-layout-9d6595d7 wp-block-columns-is-layout-flex\">\n<div class=\"wp-block-column is-layout-flow wp-block-column-is-layout-flow\" style=\"flex-basis:18%\">\n<figure class=\"wp-block-image size-large is-resized\"><a href=\"https:\/\/www.hsu-hh.de\/bp\/team_leitung\/\"><img loading=\"lazy\" decoding=\"async\" width=\"371\" height=\"459\" src=\"https:\/\/www.hsu-hh.de\/bp\/wp-content\/uploads\/sites\/829\/2020\/10\/dominik_kress.jpg\" data-credit=\"Dominik Kre\u00df\" alt=\"Dominik Kre\u00df\" class=\"wp-image-414\" style=\"width:200px;height:248px\" srcset=\"https:\/\/www.hsu-hh.de\/bp\/wp-content\/uploads\/sites\/829\/2020\/10\/dominik_kress.jpg 371w, https:\/\/www.hsu-hh.de\/bp\/wp-content\/uploads\/sites\/829\/2020\/10\/dominik_kress-242x300.jpg 242w\" sizes=\"auto, (max-width: 371px) 100vw, 371px\" \/><\/a><\/figure>\n<\/div>\n\n\n\n<div class=\"wp-block-column is-layout-flow wp-block-column-is-layout-flow\" style=\"flex-basis:82%\">\n<p>Wir begr\u00fc\u00dfen Sie auf den Seiten der Professur f\u00fcr Betriebswirtschaftslehre, insbesondere Beschaffung und Produktion der <abbr title=\"Helmut Schmidt Universit\u00e4t\">HSU<\/abbr>\/UniBw Hamburg.<\/p>\n\n\n\n<p>Hier finden Sie einen \u00dcberblick \u00fcber unsere Aktivit\u00e4ten in Forschung, Lehre und Praxis.<\/p>\n\n\n\n<p><\/p>\n<\/div>\n<\/div>\n\n\n\n<hr class=\"wp-block-separator has-alpha-channel-opacity\" \/>\n\n\n<div class=\"background-grey\">\n\n<h2>Aktuelles<\/h2>\n<div id=\"category_content_UXKC3XpX\" class=\"hsu_category archive-page\"><article  id=\"post-3681\" class=\"category-list-item post-3681 post type-post status-publish format-standard hentry \"><a href=\"https:\/\/www.hsu-hh.de\/bp\/34-workshop-fuer-quantitative-bwl\/\" title=\"35. Workshop f\u00fcr Quantitative BWL\" >\t<div class=\"article-listitem-datetime\">\t\t<time class=\"updated\" datetime=\"2026-04-07 09:19:02\"><\/time>\t\t<span class=\"article-month\">\t\t\t<time class=\"entry-date published\" datetime=\"\">Mar<\/time>\t\t<\/span>\t\t<span class=\"article-day\">\t\t\t<time class=\"entry-date published\" datetime=\"\">27<\/time>\t\t<\/span>\t\t<span class=\"article-datetime\">\t\t\t<time class=\"entry-date published\" datetime=\"\">2026<\/time>\t\t<\/span>\t<\/div><div class=\"hsu_category_article-content-wrap\"><div class=\"hsu_category_article-content-wrap-inner\"><div>\t<header class=\"entry-header\">\t\t<h3 class=\"entry-title\">35. Workshop f\u00fcr Quantitative BWL\t\t<\/h3>\t<\/header><div class=\"entry-content-excerpt\">Der 35. Workshop f\u00fcr Quantitative Betriebswirtschaftslehre (QBWL) fand vom 23.-26. M\u00e4rz 2026 in Beilngries auf Schloss Hirschberg statt. Bei der j\u00e4hrlich ausgerichteten Veranstaltung pr\u00e4sentieren Doktorandinnen und Doktoranden der teilnehmenden Professuren ihre aktuellen Forschungsarbeiten und nutzen die Gelegenheit zum intensiven fachlichen Austausch. Die Professur f\u00fcr BWL, insb. Beschaffung und Produktion war in diesem Jahr mit zwei...<\/div> <\/div><\/div><\/div><\/a><\/article><article  id=\"post-3601\" class=\"category-list-item post-3601 post type-post status-publish format-standard hentry \"><a href=\"https:\/\/www.hsu-hh.de\/bp\/neues-paper-umschlag-von-militaerfahrzeugen-in-roll-on-roll-off-terminals\/\" title=\"Neues Paper: Umschlag von Milit\u00e4rfahrzeugen in Roll-on\/Roll-off-Terminals\" >\t<div class=\"article-listitem-datetime\">\t\t<time class=\"updated\" datetime=\"2026-03-20 10:43:13\"><\/time>\t\t<span class=\"article-month\">\t\t\t<time class=\"entry-date published\" datetime=\"\">Mar<\/time>\t\t<\/span>\t\t<span class=\"article-day\">\t\t\t<time class=\"entry-date published\" datetime=\"\">20<\/time>\t\t<\/span>\t\t<span class=\"article-datetime\">\t\t\t<time class=\"entry-date published\" datetime=\"\">2026<\/time>\t\t<\/span>\t<\/div><div class=\"hsu_category_article-content-wrap\"><div class=\"hsu_category_article-content-wrap-inner\"><div>\t<header class=\"entry-header\">\t\t<h3 class=\"entry-title\">Neues Paper: Umschlag von Milit\u00e4rfahrzeugen in Roll-on\/Roll-off-Terminals\t\t<\/h3>\t<\/header><div class=\"entry-content-excerpt\">Ab sofort ist unser neues Paper, erschienen im European Journal of Operational Reserch, online. Wir betrachten den Umschlag von Milit\u00e4rfahrzeugen in Roll-on\/Roll-off-Terminals. Abstract: Roll-on\/Roll-off (RoRo) vessels allow the overseas transportation of vehicles that can be driven onto a ship on their own or by means of a platform vehicle. In civilian RoRo operations, vehicles are...<\/div> <\/div><\/div><\/div><\/a><\/article><\/div><div class=\"col-xs-12 col-md-3 col-md-push-4\"><span class=\"link no-arrow\"><button class=\"categorymore hsu_btn\" id=\"UXKC3XpX\"  data-category=\"Startseite\" data-categoryid=\"45\" data-posts_per_page=\"2\" data-order=\"DESC\" data-paged=\"2\" data-more_posts=\"1\" data-nocontent=\"1\" data-uid=\"UXKC3XpX\">Mehr Beitr\u00e4ge<\/button><\/span><\/div><div class=\"clearfix\"><\/div>\n\n<\/div>\n\n\n<hr class=\"wp-block-separator has-alpha-channel-opacity\" \/>\n\n\n<div class=\"background-grey\">\n\n\n<h2 class=\"wp-block-heading\">Kontaktinformationen<\/h2>\n\n\n\n<p><strong>Postanschrift:<\/strong><br>Helmut-Schmidt-Universit\u00e4t\/Universit\u00e4t der Bundeswehr Hamburg<br>Fakult\u00e4t f\u00fcr Wirtschafts- und Sozialwissenschaften<br><abbr title=\"Betriebswirtschaftslehre\">BWL<\/abbr>, <abbr title=\"insbesondere\">insb.<\/abbr> Beschaffung und Produktion<br>Postfach 70 08 22<br>D-22039 Hamburg<\/p>\n\n\n\n<p><strong>Besucheranschrift:<\/strong><br>Helmut-Schmidt-Universit\u00e4t\/Universit\u00e4t der Bundeswehr Hamburg<br>Fakult\u00e4t f\u00fcr Wirtschafts- und Sozialwissenschaften<br><abbr title=\"Betriebswirtschaftslehre\">BWL<\/abbr>, <abbr title=\"insbesondere\">insb.<\/abbr> Beschaffung und Produktion<br>Friedrich-Ebert-Damm 245<br>D-22159 Hamburg<\/p>\n\n\n\n<p><strong>E-Mail\/Telefon:<br><\/strong>Detaillierte Kontaktinformationen finden Sie auf den <a href=\"https:\/\/www.hsu-hh.de\/bp\/team\/\">Seiten<\/a> der Mitarbeiter:innen der Professur.<\/p>\n\n\n<p><\/p><\/div>\n\n\n<hr class=\"wp-block-separator has-alpha-channel-opacity\" \/>\n\n\n<div class=\"background-grey\">\n\n\n<h2 class=\"wp-block-heading\">Zugang zum Campus Nord<\/h2>\n\n\n\n<p>F\u00fcr Universit\u00e4tsangeh\u00f6rige und G\u00e4ste ohne Zugangskarte f\u00fcr den Campus Nord ist ein Zugang zu unseren R\u00e4umlichkeiten wie folgt m\u00f6glich:<\/p>\n\n\n\n<ul class=\"wp-block-list\">\n<li>Innerhalb der \u00d6ffnungszeiten der Rentenversicherung Nord (Mo.-Do.: 07:30 &#8211; 16:00 Uhr, Fr.: 07:30 &#8211; 14:00 Uhr): Nutzen Sie bitte den&nbsp;<strong>Haupteingang der Rentenversicherung Nord<\/strong>. Nachdem Sie das Geb\u00e4ude durch die Dreht\u00fcr betreten haben, wenden Sie sich unmittelbar nach links und gehen durch die Zwischent\u00fcr in den Bereich der&nbsp;<abbr title=\"Helmut Schmidt Universit\u00e4t\">HSU<\/abbr>\/UniBw H. Die T\u00fcr \u00f6ffnet automatisch. Um zu unseren R\u00e4umlichkeiten zu gelangen, nutzen Sie bitte den Aufzug oder das Treppenhaus.<\/li>\n\n\n\n<li>Au\u00dferhalb der \u00d6ffnungszeiten der Rentenversicherung Nord (Mo.-Do.: 07:30 &#8211; 16:00 Uhr, Fr.: 07:30 &#8211; 14:00 Uhr): Nutzen Sie bitte den&nbsp;<strong>Nebeneingang der Rentenversicherung Nord<\/strong> an der Charlie-Mills-Stra\u00dfe. Verwenden Sie das Display an der Geb\u00e4udet\u00fcr, scrollen Sie zur gew\u00fcnschten Durchwahl (siehe <a href=\"https:\/\/www.hsu-hh.de\/bp\/team\/\">Team<\/a>) und bet\u00e4tigen Sie diese, um uns zu kontaktieren. Nachdem wir Ihnen die Geb\u00e4udet\u00fcr ge\u00f6ffnet haben, nutzen Sie bitte den Aufzug oder das Treppenhaus, um zu unseren R\u00e4umlichkeiten zu gelangen.<\/li>\n<\/ul>\n\n\n<p><\/p><\/div>\n\n\n<hr class=\"wp-block-separator has-alpha-channel-opacity\" \/>\n","protected":false},"excerpt":{"rendered":"<p>Herzlich willkommen! Wir begr\u00fc\u00dfen Sie auf den Seiten der Professur f\u00fcr Betriebswirtschaftslehre, insbesondere Beschaffung und Produktion der HSU\/UniBw Hamburg. Hier finden Sie einen \u00dcberblick \u00fcber unsere Aktivit\u00e4ten in Forschung, Lehre [&hellip;]<\/p>\n","protected":false},"author":26,"featured_media":0,"parent":0,"menu_order":0,"comment_status":"closed","ping_status":"closed","template":"","meta":{"footnotes":""},"categories":[35],"tags":[],"class_list":["post-73","page","type-page","status-publish","hentry","category-startseite"],"_links":{"self":[{"href":"https:\/\/www.hsu-hh.de\/bp\/wp-json\/wp\/v2\/pages\/73","targetHints":{"allow":["GET"]}}],"collection":[{"href":"https:\/\/www.hsu-hh.de\/bp\/wp-json\/wp\/v2\/pages"}],"about":[{"href":"https:\/\/www.hsu-hh.de\/bp\/wp-json\/wp\/v2\/types\/page"}],"author":[{"embeddable":true,"href":"https:\/\/www.hsu-hh.de\/bp\/wp-json\/wp\/v2\/users\/26"}],"replies":[{"embeddable":true,"href":"https:\/\/www.hsu-hh.de\/bp\/wp-json\/wp\/v2\/comments?post=73"}],"version-history":[{"count":101,"href":"https:\/\/www.hsu-hh.de\/bp\/wp-json\/wp\/v2\/pages\/73\/revisions"}],"predecessor-version":[{"id":3145,"href":"https:\/\/www.hsu-hh.de\/bp\/wp-json\/wp\/v2\/pages\/73\/revisions\/3145"}],"wp:attachment":[{"href":"https:\/\/www.hsu-hh.de\/bp\/wp-json\/wp\/v2\/media?parent=73"}],"wp:term":[{"taxonomy":"category","embeddable":true,"href":"https:\/\/www.hsu-hh.de\/bp\/wp-json\/wp\/v2\/categories?post=73"},{"taxonomy":"post_tag","embeddable":true,"href":"https:\/\/www.hsu-hh.de\/bp\/wp-json\/wp\/v2\/tags?post=73"}],"curies":[{"name":"wp","href":"https:\/\/api.w.org\/{rel}","templated":true}]}}