{"id":3401,"date":"2025-08-12T15:25:37","date_gmt":"2025-08-12T13:25:37","guid":{"rendered":"https:\/\/www.hsu-hh.de\/bp\/?page_id=3401"},"modified":"2026-02-02T09:42:17","modified_gmt":"2026-02-02T08:42:17","slug":"m-sc-paula-nicole-kudwin","status":"publish","type":"page","link":"https:\/\/www.hsu-hh.de\/bp\/m-sc-paula-nicole-kudwin\/","title":{"rendered":"M. Sc. Paula Nicole Kudwin"},"content":{"rendered":"\n<div class=\"wp-block-columns is-layout-flex wp-container-core-columns-is-layout-9d6595d7 wp-block-columns-is-layout-flex\">\n<div class=\"wp-block-column is-layout-flow wp-block-column-is-layout-flow\" style=\"flex-basis:20%\">\n<figure class=\"wp-block-image size-full is-resized\"><img loading=\"lazy\" decoding=\"async\" width=\"371\" height=\"459\" src=\"https:\/\/www.hsu-hh.de\/bp\/wp-content\/uploads\/sites\/829\/2020\/09\/bild_dummy.jpg\" data-credit=\" \" alt=\"Dummy Bild\" class=\"wp-image-231\" style=\"object-fit:cover;width:200px;height:250px\" srcset=\"https:\/\/www.hsu-hh.de\/bp\/wp-content\/uploads\/sites\/829\/2020\/09\/bild_dummy.jpg 371w, https:\/\/www.hsu-hh.de\/bp\/wp-content\/uploads\/sites\/829\/2020\/09\/bild_dummy-242x300.jpg 242w\" sizes=\"auto, (max-width: 371px) 100vw, 371px\" \/><\/figure>\n<\/div>\n\n\n\n<div class=\"wp-block-column is-layout-flow wp-block-column-is-layout-flow\" style=\"flex-basis:66.66%\">\n<p><strong>Au\u00dfengeb\u00e4ude:<\/strong>&nbsp;Campus Nord (Geb\u00e4ude der Deutschen Rentenversicherung Nord)<br><strong>Raum:<\/strong>&nbsp;2E 107<\/p>\n\n\n\n<p><strong>Geb\u00e4ude:<\/strong>\u00a0H1<br><strong>Raum:<\/strong>\u00a02202<\/p>\n\n\n\n<p><strong>E-Mail:<\/strong>\u00a0paula.kudwin@hsu-hh.de<br><strong>Telefon:<\/strong>\u00a0+49 (0)40 6541 4572<\/p>\n\n\n\n<p><a href=\"http:\/\/www.linkedin.com\/in\/paula-nicole-kudwin-27a28019a\" rel='nofollow'>LinkedIn-Profil<\/a><br><strong>Sprechstunde:&nbsp;<\/strong>nach Vereinbarung per E-Mail<\/p>\n<\/div>\n<\/div>\n\n\n\n<hr class=\"wp-block-separator has-alpha-channel-opacity\" \/>\n\n\n\n<h2 class=\"wp-block-heading\">Lebenslauf<\/h2>\n\n\n\n<ul class=\"wp-block-list\">\n<li>Studium International Business Studies (B.A.) mit der Vertiefung International Management und Personalwesen an der Hochschule Harz in Wernigerode sowie der Haaga-Helia University of Applied Sciences in Helsinki, Finnland (09\/2018 &#8211; 08\/2022)<\/li>\n\n\n\n<li>Studium Business Studies (<abbr title=\"Master of Science\">M.Sc.<\/abbr>) mit der Vertiefung Management und Marketing an der Universit\u00e4t Kassel sowie der University of Wisconsin &#8211; Green Bay, USA (10\/2022 &#8211; 01\/2025)<\/li>\n\n\n\n<li><em>Wissenschaftliche Mitarbeiterin<\/em>, Lehrstuhl f\u00fcr Betriebswirtschaftslehre, <abbr title=\"insbesondere\">insb.<\/abbr> Beschaffung und Produktion (<abbr title=\"Professor\">Prof.<\/abbr> <abbr title=\"Doktor\">Dr.<\/abbr> Dominik Kre\u00df), Fakult\u00e4t f\u00fcr Wirtschafts- und Sozialwissenschaften der Helmut-Schmidt-Universit\u00e4t\/Universit\u00e4t der Bundeswehr Hamburg (seit 08\/2025)<\/li>\n<\/ul>\n\n\n\n<p><\/p>\n","protected":false},"excerpt":{"rendered":"<p>Au\u00dfengeb\u00e4ude:&nbsp;Campus Nord (Geb\u00e4ude der Deutschen Rentenversicherung Nord)Raum:&nbsp;2E 107 Geb\u00e4ude:\u00a0H1Raum:\u00a02202 E-Mail:\u00a0paula.kudwin@hsu-hh.deTelefon:\u00a0+49 (0)40 6541 4572 LinkedIn-ProfilSprechstunde:&nbsp;nach Vereinbarung per E-Mail Lebenslauf<\/p>\n","protected":false},"author":4164,"featured_media":0,"parent":0,"menu_order":0,"comment_status":"closed","ping_status":"closed","template":"","meta":{"footnotes":""},"categories":[8],"tags":[],"class_list":["post-3401","page","type-page","status-publish","hentry","category-team"],"_links":{"self":[{"href":"https:\/\/www.hsu-hh.de\/bp\/wp-json\/wp\/v2\/pages\/3401","targetHints":{"allow":["GET"]}}],"collection":[{"href":"https:\/\/www.hsu-hh.de\/bp\/wp-json\/wp\/v2\/pages"}],"about":[{"href":"https:\/\/www.hsu-hh.de\/bp\/wp-json\/wp\/v2\/types\/page"}],"author":[{"embeddable":true,"href":"https:\/\/www.hsu-hh.de\/bp\/wp-json\/wp\/v2\/users\/4164"}],"replies":[{"embeddable":true,"href":"https:\/\/www.hsu-hh.de\/bp\/wp-json\/wp\/v2\/comments?post=3401"}],"version-history":[{"count":6,"href":"https:\/\/www.hsu-hh.de\/bp\/wp-json\/wp\/v2\/pages\/3401\/revisions"}],"predecessor-version":[{"id":3510,"href":"https:\/\/www.hsu-hh.de\/bp\/wp-json\/wp\/v2\/pages\/3401\/revisions\/3510"}],"wp:attachment":[{"href":"https:\/\/www.hsu-hh.de\/bp\/wp-json\/wp\/v2\/media?parent=3401"}],"wp:term":[{"taxonomy":"category","embeddable":true,"href":"https:\/\/www.hsu-hh.de\/bp\/wp-json\/wp\/v2\/categories?post=3401"},{"taxonomy":"post_tag","embeddable":true,"href":"https:\/\/www.hsu-hh.de\/bp\/wp-json\/wp\/v2\/tags?post=3401"}],"curies":[{"name":"wp","href":"https:\/\/api.w.org\/{rel}","templated":true}]}}