{"id":3393,"date":"2025-08-12T14:51:39","date_gmt":"2025-08-12T12:51:39","guid":{"rendered":"https:\/\/www.hsu-hh.de\/bp\/?page_id=3393"},"modified":"2026-01-22T16:47:20","modified_gmt":"2026-01-22T15:47:20","slug":"m-sc-juana-pfautsch-2","status":"publish","type":"page","link":"https:\/\/www.hsu-hh.de\/bp\/m-sc-juana-pfautsch-2\/","title":{"rendered":"M. Sc. Juana Pfautsch"},"content":{"rendered":"\n<div class=\"wp-block-media-text is-stacked-on-mobile\" style=\"grid-template-columns:18% auto\"><figure class=\"wp-block-media-text__media\"><img loading=\"lazy\" decoding=\"async\" width=\"371\" height=\"459\" src=\"https:\/\/www.hsu-hh.de\/bp\/wp-content\/uploads\/sites\/829\/2020\/09\/bild_dummy.jpg\" data-credit=\" \" alt=\"Dummy Bild\" class=\"wp-image-231 size-full\" srcset=\"https:\/\/www.hsu-hh.de\/bp\/wp-content\/uploads\/sites\/829\/2020\/09\/bild_dummy.jpg 371w, https:\/\/www.hsu-hh.de\/bp\/wp-content\/uploads\/sites\/829\/2020\/09\/bild_dummy-242x300.jpg 242w\" sizes=\"auto, (max-width: 371px) 100vw, 371px\" \/><\/figure><div class=\"wp-block-media-text__content\">\n<p><strong>Au\u00dfengeb\u00e4ude:<\/strong>&nbsp;Campus Nord (Geb\u00e4ude der Deutschen Rentenversicherung Nord)<br><strong>Raum:<\/strong>&nbsp;2E 107<\/p>\n\n\n\n<p><strong>E-Mail:<\/strong>&nbsp;juana.pfautsch@hsu-hh.de<br><strong>Telefon:<\/strong>&nbsp;+49 (0)40 6541 4570<\/p>\n\n\n\n<p><strong>Sprechstunde:<\/strong>&nbsp;nach Vereinbarung per E-Mail<\/p>\n\n\n\n<p><\/p>\n<\/div><\/div>\n\n\n\n<p><\/p>\n\n\n\n<hr class=\"wp-block-separator has-alpha-channel-opacity\" \/>\n\n\n\n<h2 class=\"wp-block-heading\">Lebenslauf<\/h2>\n\n\n\n<ul class=\"wp-block-list\">\n<li>Studium des Ingenieurwesens (B.Sc.) mit der Vertiefung Logistik und Mobilit\u00e4t an der Technischen Universit\u00e4t Hamburg (2018-2022)<\/li>\n\n\n\n<li>Studium des Wirtschaftsingenieurwesens (<abbr title=\"Master of Science\">M.Sc.<\/abbr>) mit der Vertiefung Produktion und Logistik an der Technischen Universit\u00e4t Hamburg (2020-2024)<\/li>\n\n\n\n<li>Wissenschaftliche Mitarbeiterin, Lehrstuhl f\u00fcr Betriebswirtschaftslehre,&nbsp;<abbr title=\"insbesondere\">insb.<\/abbr>&nbsp;Beschaffung und Produktion (<abbr title=\"Professor\">Prof.<\/abbr>&nbsp;<abbr title=\"Doktor\">Dr.<\/abbr>&nbsp;Dominik Kre\u00df), Fakult\u00e4t f\u00fcr Wirtschafts- und Sozialwissenschaften der Helmut-Schmidt-Universit\u00e4t\/Universit\u00e4t der Bundeswehr Hamburg (seit 08\/2025)<\/li>\n<\/ul>\n\n\n\n<p><\/p>\n","protected":false},"excerpt":{"rendered":"<p>Au\u00dfengeb\u00e4ude:&nbsp;Campus Nord (Geb\u00e4ude der Deutschen Rentenversicherung Nord)Raum:&nbsp;2E 107 E-Mail:&nbsp;juana.pfautsch@hsu-hh.deTelefon:&nbsp;+49 (0)40 6541 4570 Sprechstunde:&nbsp;nach Vereinbarung per E-Mail Lebenslauf<\/p>\n","protected":false},"author":4165,"featured_media":0,"parent":0,"menu_order":0,"comment_status":"closed","ping_status":"closed","template":"","meta":{"footnotes":""},"categories":[8],"tags":[],"class_list":["post-3393","page","type-page","status-publish","hentry","category-team"],"_links":{"self":[{"href":"https:\/\/www.hsu-hh.de\/bp\/wp-json\/wp\/v2\/pages\/3393","targetHints":{"allow":["GET"]}}],"collection":[{"href":"https:\/\/www.hsu-hh.de\/bp\/wp-json\/wp\/v2\/pages"}],"about":[{"href":"https:\/\/www.hsu-hh.de\/bp\/wp-json\/wp\/v2\/types\/page"}],"author":[{"embeddable":true,"href":"https:\/\/www.hsu-hh.de\/bp\/wp-json\/wp\/v2\/users\/4165"}],"replies":[{"embeddable":true,"href":"https:\/\/www.hsu-hh.de\/bp\/wp-json\/wp\/v2\/comments?post=3393"}],"version-history":[{"count":12,"href":"https:\/\/www.hsu-hh.de\/bp\/wp-json\/wp\/v2\/pages\/3393\/revisions"}],"predecessor-version":[{"id":3501,"href":"https:\/\/www.hsu-hh.de\/bp\/wp-json\/wp\/v2\/pages\/3393\/revisions\/3501"}],"wp:attachment":[{"href":"https:\/\/www.hsu-hh.de\/bp\/wp-json\/wp\/v2\/media?parent=3393"}],"wp:term":[{"taxonomy":"category","embeddable":true,"href":"https:\/\/www.hsu-hh.de\/bp\/wp-json\/wp\/v2\/categories?post=3393"},{"taxonomy":"post_tag","embeddable":true,"href":"https:\/\/www.hsu-hh.de\/bp\/wp-json\/wp\/v2\/tags?post=3393"}],"curies":[{"name":"wp","href":"https:\/\/api.w.org\/{rel}","templated":true}]}}