{"id":2677,"date":"2024-03-13T09:06:11","date_gmt":"2024-03-13T08:06:11","guid":{"rendered":"https:\/\/www.hsu-hh.de\/bp\/?page_id=2677"},"modified":"2026-04-08T08:46:38","modified_gmt":"2026-04-08T06:46:38","slug":"m-sc-lara-nehrke","status":"publish","type":"page","link":"https:\/\/www.hsu-hh.de\/bp\/m-sc-lara-nehrke\/","title":{"rendered":"M. Sc. Lara Nehrke"},"content":{"rendered":"\n<div class=\"wp-block-columns is-layout-flex wp-container-core-columns-is-layout-9d6595d7 wp-block-columns-is-layout-flex\">\n<div class=\"wp-block-column is-layout-flow wp-block-column-is-layout-flow\" style=\"flex-basis:200px\">\n<figure class=\"wp-block-image size-full is-resized\"><img loading=\"lazy\" decoding=\"async\" width=\"945\" height=\"1025\" src=\"https:\/\/www.hsu-hh.de\/bp\/wp-content\/uploads\/sites\/829\/2024\/11\/Nehrke-Foto-SW-MS-1.jpg\" data-credit=\"\" alt=\"\" class=\"wp-image-3096\" style=\"width:193px\" srcset=\"https:\/\/www.hsu-hh.de\/bp\/wp-content\/uploads\/sites\/829\/2024\/11\/Nehrke-Foto-SW-MS-1.jpg 945w, https:\/\/www.hsu-hh.de\/bp\/wp-content\/uploads\/sites\/829\/2024\/11\/Nehrke-Foto-SW-MS-1-277x300.jpg 277w, https:\/\/www.hsu-hh.de\/bp\/wp-content\/uploads\/sites\/829\/2024\/11\/Nehrke-Foto-SW-MS-1-768x833.jpg 768w\" sizes=\"auto, (max-width: 945px) 100vw, 945px\" \/><\/figure>\n<\/div>\n\n\n\n<div class=\"wp-block-column is-layout-flow wp-block-column-is-layout-flow\" style=\"flex-basis:66.66%\">\n<p><strong>Au\u00dfengeb\u00e4ude:<\/strong> Campus Nord (Geb\u00e4ude der Deutschen Rentenversicherung Nord)<br><strong>Raum:<\/strong> 2E 107<\/p>\n\n\n\n<p><strong>Geb\u00e4ude:<\/strong> H1<br><strong>Raum: <\/strong>2171A<\/p>\n\n\n\n<p><strong>E-Mail:<\/strong> <a href=\"mailto:lara.nehrke@hsu-hh.de\" rel='nofollow'>lara.nehrke@hsu-hh.de<\/a><br><strong>Telefon:<\/strong> +49 (0)40 6541 4570<br><a href=\"https:\/\/www.linkedin.com\/in\/lara-nehrke-66607b20a\/\" rel='nofollow'>LinkedIn-Profil<\/a><\/p>\n\n\n\n<p><strong>Sprechstunde:<\/strong> nach Vereinbarung per E-Mail<\/p>\n<\/div>\n<\/div>\n\n\n\n<hr class=\"wp-block-separator has-alpha-channel-opacity\" \/>\n\n\n\n<h2 class=\"wp-block-heading\">Lebenslauf<\/h2>\n\n\n\n<ul class=\"wp-block-list\">\n<li>Studium des&nbsp;<em>Wirtschaftsingenieurwesens<\/em>&nbsp;(B. Sc.) mit der Vertiefung Operations &amp; Supply Chain Management an der Universit\u00e4t Hamburg (10\/2017-09\/2020)<\/li>\n\n\n\n<li><em>Tutorin <\/em>an der Professur f\u00fcr Chemie und Werkstoffkunde an der HAW Hamburg (10\/2018-01\/2020)<\/li>\n\n\n\n<li>Studium des&nbsp;<em>Wirtschaftsingenieurwesens<\/em>&nbsp;(M. Sc.) mit den Vertiefungen Operations &amp; Supply Chain Management, Business Analytics sowie Technische Logistik an der Universit\u00e4t Hamburg (10\/2020-01\/2023)<\/li>\n\n\n\n<li><em>Studentische Mitarbeiterin <\/em>am Institut f\u00fcr Operations Management an der Universit\u00e4t Hamburg (11\/2020-12\/2020)<\/li>\n\n\n\n<li><em>Studentische Mitarbeiterin <\/em>an der Professur Technologie von Logistiksystemen, Fakult\u00e4t Maschinenbau der Helmut-Schmidt- Universit\u00e4t\/ Universit\u00e4t der Bundeswehr Hamburg (08\/2021-01\/2023)<\/li>\n\n\n\n<li><em>Wissenschaftliche Mitarbeiterin<\/em>&nbsp;an der Professur Technologie von Logistiksystemen, Fakult\u00e4t Maschinenbau der Helmut-Schmidt- Universit\u00e4t\/ Universit\u00e4t der Bundeswehr Hamburg (02\/2023-03\/2024)<\/li>\n\n\n\n<li><em>Wissenschaftliche Mitarbeiterin<\/em>&nbsp;an der Professur f\u00fcr Betriebswirtschaftslehre, <abbr title=\"insbesondere\">insb.<\/abbr> Beschaffung und Produktion, Fakult\u00e4t f\u00fcr Wirtschafts- und Sozialwissenschaften der Helmut-Schmidt-Universit\u00e4t\/Universit\u00e4t der Bundeswehr Hamburg (seit 04\/2024)<\/li>\n<\/ul>\n\n\n\n<hr class=\"wp-block-separator has-alpha-channel-opacity\" \/>\n\n\n\n<h2 class=\"wp-block-heading\">Publikationen<\/h2>\n\n\n\n<h3 class=\"wp-block-heading\"><strong>Arbeitspapiere (in Begutachtung)<\/strong><\/h3>\n\n\n\n<ul class=\"wp-block-list\">\n<li>Golak, J.,<strong> L. Nehrke<\/strong>, D. Kress und M. Fliedner (2026). Collaborative Routing Problems in Automated Warehouses. <a href=\"https:\/\/openhsu.ub.hsu-hh.de\/handle\/10.24405\/21801\" target=\"_blank\" rel=\"noreferrer noopener\">Preprint Download<\/a><\/li>\n<\/ul>\n\n\n\n<h3 class=\"wp-block-heading\"><strong>Artikel in Fachzeitschriften und Konferenzb\u00e4nden<\/strong><\/h3>\n\n\n\n<ul class=\"wp-block-list\">\n<li>Kress, D. und <strong>L. Nehrke<\/strong> (2026). Mathematical models for collaborative routing problems in automated warehouses. In: Amen, M., K. Tierney und M. R\u00f6mer (<abbr title=\"Herausgeber\">Hrsg.<\/abbr>), Operations Research Proceedings 2025. Springer. (Zur Ver\u00f6ffentlichung angenommen)<\/li>\n\n\n\n<li>Cammin, C., <strong>Nehrke, L.<\/strong>, &amp; Ulrich, S. (2024, August). An Approach to Teach Automation of Logistics Processes. In&nbsp;<em>2024 IEEE 3rd German Education Conference (GECon)<\/em>&nbsp;(pp. 1-6). IEEE. DOI:<strong> <\/strong><a href=\"https:\/\/doi.org\/10.1109\/GECon62014.2024.10734020\" target=\"_blank\" rel=\"noreferrer noopener\">10.1109\/GECon62014.2024.10734020<\/a><\/li>\n\n\n\n<li><strong>Nehrke, L.<\/strong>, Ulrich, S., &amp; Kirchheim, A. (2023). Greif and Drive\u2013Konzept f\u00fcr ein neuartiges roboterbasiertes Kommissionierprinzip. Logistics Journal: Proceedings, 2023(1) DOI:<strong>&nbsp;<\/strong><a href=\"https:\/\/doi.org\/10.2195\/lj_proc_nehrke_de_202310_01\" rel='nofollow'>10.2195\/lj_proc_nehrke_de_202310_01 <\/a><\/li>\n\n\n\n<li>Cammin, C., Mousavi, M. R., Trautwein, I., Freymann, A., Beutelspacher, C., <strong>Nehrke, L.<\/strong>, &#8230; &amp; Kirchheim, A. (2023, July). Concept for a Real-Time IoT-Architecture for Collision Avoidance in Smart Cities based on the 5G Mobile Technology. In 2023 IEEE International Conference on Omni-layer Intelligent Systems (COINS) (pp. 1-7). IEEE. DOI: <a href=\"https:\/\/doi.org\/10.1109\/COINS57856.2023.10189240\" target=\"_blank\" rel=\"noreferrer noopener\">10.1109\/COINS57856.2023.10189240<\/a><\/li>\n\n\n\n<li><strong>Nehrke, L.<\/strong>, Neumann, S., Cieslak, A., &amp; Kirchheim, A. (2022). Survey on Usage of 5G Campus Networks in Intralogistics. In International Conference on System-Integrated Intelligence (pp. 480-488). Cham: Springer International Publishing. DOI: <a href=\"https:\/\/doi.org\/10.1007\/978-3-031-16281-7_45\" rel='nofollow'>https:\/\/doi.org\/10.1007\/978-3-031-16281-7_45<\/a><\/li>\n\n\n\n<li><strong>Nehrke, L.<\/strong>, &amp; Schulz, A. (2022). Scheduling of waterways with tide and passing box. Naval Research Logistics (NRL), 69(4), 609-621. DOI: <a href=\"https:\/\/doi.org\/10.1002\/nav.22033\" rel='nofollow'>https:\/\/doi.org\/10.1002\/nav.22033<\/a><\/li>\n<\/ul>\n\n\n\n<hr class=\"wp-block-separator has-alpha-channel-opacity\" \/>\n\n\n\n<h2 class=\"wp-block-heading\">Vortr\u00e4ge<\/h2>\n\n\n\n<ul class=\"wp-block-list\">\n<li>09\/2022: <em>\u201eSurvey on Usage of 5G Campus Networks in Intralogistics\u201c<\/em>, SYSINT 2022, Genua<\/li>\n\n\n\n<li>09\/2023: <em>\u201eGreif and Drive &#8211; Konzept f\u00fcr ein neuartiges Kommissionierprinzip\u201c<\/em>, 19. Fachkolloquium Logistik, Dortmund<\/li>\n\n\n\n<li>03\/2025: <em>\u201eNice to Meet You! Collaborative Routing Problems in Automated Warehouses\u201c<\/em>, 34. QBWL-Workshop, Pfronten<\/li>\n\n\n\n<li>09\/2025: <em>\u201eCollaborative Routing Problems in Automated Warehouses\u201c<\/em>, International Conference on Operations Research 2025, Bielefeld<\/li>\n\n\n\n<li>03\/2026: <em>\u201eConflict-Free and Collaborative Routing Problems\u201c<\/em>, 35. QBWL-Workshop, Beilngries<\/li>\n<\/ul>\n\n\n\n<hr class=\"wp-block-separator has-alpha-channel-opacity\" \/>\n\n\n\n<h2 class=\"wp-block-heading\">T\u00e4tigkeiten<\/h2>\n\n\n\n<ul class=\"wp-block-list\">\n<li>Mitglied Gemeinsame Kommission f\u00fcr Frauenstudien, Frauen- und Geschlechterforschung, Gender und Queer Studies (GK), Vertreterin der Helmut-Schmidt-Universit\u00e4t\/ Universit\u00e4t der Bundeswehr Hamburg (08\/2023-12\/2024)<strong><a href=\"\" rel='nofollow'><\/a><\/strong><\/li>\n<\/ul>\n\n\n\n<hr class=\"wp-block-separator has-alpha-channel-opacity\" \/>\n\n\n\n<h2 class=\"wp-block-heading\">Stipendien und F\u00f6rderprogramme<\/h2>\n\n\n\n<ul class=\"wp-block-list\">\n<li><em>Stipendium zur Studienf\u00f6rderung, <\/em>Hans-B\u00f6ckler-Stiftung (10\/2017-01\/2023)<\/li>\n\n\n\n<li><em><a href=\"https:\/\/eu.badgr.com\/public\/assertions\/1h6LUj3_SRWW85LxVHxu_w\" rel='nofollow'>Karrieref\u00f6rderprogramm f\u00fcr Frauen der Begabtenf\u00f6rderungswerke, <\/a><\/em>Cusanuswerk (03\/2021-10\/2022)<\/li>\n\n\n\n<li><em>F\u00f6rderprogramm EXIST-Women des Bundesministeriums f\u00fcr Wirtschaft und Klimaschutz, <\/em>Helmut-Schmidt-Universit\u00e4t\/ Universit\u00e4t der Bundeswehr Hamburg (01\/2024-11\/2024)<\/li>\n<\/ul>\n\n\n\n<hr class=\"wp-block-separator has-alpha-channel-opacity\" \/>\n\n\n\n<h2 class=\"wp-block-heading\">Zertifikate<\/h2>\n\n\n\n<ul class=\"wp-block-list\">\n<li>06\/2023: <em><em>Visualizing Science &#8211; Make Your Research Visible, <\/em><\/em>Hamburg Research Academy<\/li>\n\n\n\n<li>07\/2023: <em><em>Conference Presentation: Engaging the Listener in Your Talk, <\/em><\/em>Hamburg Research Academy<\/li>\n\n\n\n<li>10\/2023: <em><em>Python for Computational Science<\/em><\/em>, Max Planck Institute for the Structure and Dynamics of Matter<\/li>\n\n\n\n<li>02\/2024: <em><em>Advanced Methods of Mathematical Programming, <\/em><\/em>VHB-ProDok <\/li>\n\n\n\n<li>05\/2025: <a href=\"https:\/\/www.credly.com\/badges\/2718dfcc-3202-4d7f-a9af-e805c002dd53\/linked_in_profile\" rel='nofollow'>Professional Scrum Master\u2122 I<\/a> (PSM I) <\/li>\n\n\n\n<li>05\/2025: <a href=\"https:\/\/www.credly.com\/badges\/968992a1-5dd9-4a4b-8aae-b767968c7365\/linked_in_profile\" rel='nofollow'>Professional Scrum Product Owner\u2122 I<\/a> (PSPO I)<\/li>\n\n\n\n<li>09\/2025: <em><em>Mit Storytelling &#8211; Forschung Neu Denken,  <\/em><\/em>Hamburg Research Academy<\/li>\n\n\n\n<li>10\/2025: <em><em>I go my way &#8211; Karriereperspektiven nach der Promotion,<\/em><\/em> Pro Excellentia lead &#8211; Hamburgs Karriere-Kompetenzzentrum f\u00fcr Frauen<\/li>\n\n\n\n<li>01\/2026: <em><em>Mit Verhandlungstechniken konstruktiv Ergebnisse erzielen,<\/em><\/em> Pro Excellentia lead &#8211; Hamburgs Karriere-Kompetenzzentrum f\u00fcr Frauen<\/li>\n<\/ul>\n\n\n\n<hr class=\"wp-block-separator has-alpha-channel-opacity\" \/>\n\n\n\n<h2 class=\"wp-block-heading\">Auszeichnungen<\/h2>\n\n\n\n<ul class=\"wp-block-list\">\n<li><em><a href=\"https:\/\/www.hamburg-logistik.net\/blog\/netzwerk\/young-professionals-award-logistics-2024-geht-an-absolventin-der-universitaet-hamburg\/\" rel='nofollow'>Gewinnerin Young Professionals\u2018 Award Logistics (YPAL) 2024<\/a><\/em>, verliehen f\u00fcr die Masterarbeit \u201eGreif and Drive \u2013 Konzept f\u00fcr ein neuartiges roboterbasiertes Kommissioniersystem\u201c durch die Logistik-Initiative Hamburg<\/li>\n<\/ul>\n","protected":false},"excerpt":{"rendered":"<p>Au\u00dfengeb\u00e4ude: Campus Nord (Geb\u00e4ude der Deutschen Rentenversicherung Nord)Raum: 2E 107 Geb\u00e4ude: H1Raum: 2171A E-Mail: lara.nehrke@hsu-hh.deTelefon: +49 (0)40 6541 4570LinkedIn-Profil Sprechstunde: nach Vereinbarung per E-Mail Lebenslauf Publikationen Arbeitspapiere (in Begutachtung) Artikel [&hellip;]<\/p>\n","protected":false},"author":2239,"featured_media":0,"parent":0,"menu_order":0,"comment_status":"closed","ping_status":"closed","template":"","meta":{"footnotes":""},"categories":[4],"tags":[],"class_list":["post-2677","page","type-page","status-publish","hentry","category-forschung"],"_links":{"self":[{"href":"https:\/\/www.hsu-hh.de\/bp\/wp-json\/wp\/v2\/pages\/2677","targetHints":{"allow":["GET"]}}],"collection":[{"href":"https:\/\/www.hsu-hh.de\/bp\/wp-json\/wp\/v2\/pages"}],"about":[{"href":"https:\/\/www.hsu-hh.de\/bp\/wp-json\/wp\/v2\/types\/page"}],"author":[{"embeddable":true,"href":"https:\/\/www.hsu-hh.de\/bp\/wp-json\/wp\/v2\/users\/2239"}],"replies":[{"embeddable":true,"href":"https:\/\/www.hsu-hh.de\/bp\/wp-json\/wp\/v2\/comments?post=2677"}],"version-history":[{"count":42,"href":"https:\/\/www.hsu-hh.de\/bp\/wp-json\/wp\/v2\/pages\/2677\/revisions"}],"predecessor-version":[{"id":3692,"href":"https:\/\/www.hsu-hh.de\/bp\/wp-json\/wp\/v2\/pages\/2677\/revisions\/3692"}],"wp:attachment":[{"href":"https:\/\/www.hsu-hh.de\/bp\/wp-json\/wp\/v2\/media?parent=2677"}],"wp:term":[{"taxonomy":"category","embeddable":true,"href":"https:\/\/www.hsu-hh.de\/bp\/wp-json\/wp\/v2\/categories?post=2677"},{"taxonomy":"post_tag","embeddable":true,"href":"https:\/\/www.hsu-hh.de\/bp\/wp-json\/wp\/v2\/tags?post=2677"}],"curies":[{"name":"wp","href":"https:\/\/api.w.org\/{rel}","templated":true}]}}