{"id":2257,"date":"2023-06-12T11:22:26","date_gmt":"2023-06-12T09:22:26","guid":{"rendered":"https:\/\/www.hsu-hh.de\/bp\/?page_id=2257"},"modified":"2026-02-18T12:01:25","modified_gmt":"2026-02-18T11:01:25","slug":"m-sc-hendrik-schanz","status":"publish","type":"page","link":"https:\/\/www.hsu-hh.de\/bp\/m-sc-hendrik-schanz\/","title":{"rendered":"M. Sc. Hendrik Schanz"},"content":{"rendered":"\n<div class=\"wp-block-columns is-layout-flex wp-container-core-columns-is-layout-9d6595d7 wp-block-columns-is-layout-flex\">\n<div class=\"wp-block-column is-layout-flow wp-block-column-is-layout-flow\" style=\"flex-basis:66.7%\">\n<div class=\"wp-block-columns is-layout-flex wp-container-core-columns-is-layout-9d6595d7 wp-block-columns-is-layout-flex\">\n<div class=\"wp-block-column is-layout-flow wp-block-column-is-layout-flow\" style=\"flex-basis:33.33%\">\n<figure class=\"wp-block-image size-large is-resized\"><img loading=\"lazy\" decoding=\"async\" width=\"1024\" height=\"1024\" src=\"https:\/\/www.hsu-hh.de\/bp\/wp-content\/uploads\/sites\/829\/2024\/12\/Unbenannt-1024x1024.jpg\" data-credit=\"Hendrik Schanz\" alt=\"\" class=\"wp-image-3221\" style=\"width:250px;height:auto\" srcset=\"https:\/\/www.hsu-hh.de\/bp\/wp-content\/uploads\/sites\/829\/2024\/12\/Unbenannt-1024x1024.jpg 1024w, https:\/\/www.hsu-hh.de\/bp\/wp-content\/uploads\/sites\/829\/2024\/12\/Unbenannt-300x300.jpg 300w, https:\/\/www.hsu-hh.de\/bp\/wp-content\/uploads\/sites\/829\/2024\/12\/Unbenannt-150x150.jpg 150w, https:\/\/www.hsu-hh.de\/bp\/wp-content\/uploads\/sites\/829\/2024\/12\/Unbenannt-768x768.jpg 768w, https:\/\/www.hsu-hh.de\/bp\/wp-content\/uploads\/sites\/829\/2024\/12\/Unbenannt-1536x1536.jpg 1536w, https:\/\/www.hsu-hh.de\/bp\/wp-content\/uploads\/sites\/829\/2024\/12\/Unbenannt-2048x2048.jpg 2048w, https:\/\/www.hsu-hh.de\/bp\/wp-content\/uploads\/sites\/829\/2024\/12\/Unbenannt-100x100.jpg 100w, https:\/\/www.hsu-hh.de\/bp\/wp-content\/uploads\/sites\/829\/2024\/12\/Unbenannt-1100x1100.jpg 1100w\" sizes=\"auto, (max-width: 1024px) 100vw, 1024px\" \/><\/figure>\n<\/div>\n\n\n\n<div class=\"wp-block-column is-layout-flow wp-block-column-is-layout-flow\" style=\"flex-basis:66.66%\">\n<p><strong>Au\u00dfengeb\u00e4ude:<\/strong>&nbsp;Campus Nord (Geb\u00e4ude der Deutschen Rentenversicherung Nord)<br><strong>Raum:<\/strong>&nbsp;2E 109<\/p>\n\n\n\n<p><strong>E-Mail:<\/strong>&nbsp;hendrik[dot]schanz[at]hsu-hh.de<br><strong>Telefon:<\/strong>&nbsp;+49 (0)40 6541 4571<\/p>\n\n\n\n<p><strong>Sprechstunde:<\/strong>&nbsp;nach Vereinbarung per E-Mail<\/p>\n<\/div>\n<\/div>\n<\/div>\n<\/div>\n\n\n\n<hr class=\"wp-block-separator has-alpha-channel-opacity\" \/>\n\n\n\n<h2 class=\"wp-block-heading\">Lebenslauf<\/h2>\n\n\n\n<ul class=\"wp-block-list\">\n<li>Studium der Betriebswirtschaftslehre (B.Sc.) mit der Vertiefung Logistik und Supply Chain Management an der Universit\u00e4t Duisburg-Essen (2014-2018)<\/li>\n\n\n\n<li>Studium der Betriebswirtschaftslehre (<abbr title=\"Master of Science\">M.Sc.<\/abbr>) mit der Vertiefung Logistik und Supply Chain Management an der Universit\u00e4t Duisburg-Essen (2018-2020)<\/li>\n\n\n\n<li><em>Wissenschaftlicher Mitarbeiter<\/em>, Lehrstuhl f\u00fcr Betriebswirtschaftslehre, <abbr title=\"insbesondere\">insb.<\/abbr> Beschaffung und Produktion (<abbr title=\"Professor\">Prof.<\/abbr> <abbr title=\"Doktor\">Dr.<\/abbr> Dominik Kre\u00df), Fakult\u00e4t f\u00fcr Wirtschafts- und Sozialwissenschaften der Helmut-Schmidt-Universit\u00e4t\/Universit\u00e4t der Bundeswehr Hamburg (seit 07\/2023)<\/li>\n<\/ul>\n\n\n\n<hr class=\"wp-block-separator has-alpha-channel-opacity\" \/>\n\n\n\n<h2 class=\"wp-block-heading\">Vortr\u00e4ge<\/h2>\n\n\n\n<ul class=\"wp-block-list\">\n<li>09\/2025: &#8222;<em>A Branch-and-Price Approach for Flexible Job Shops with Processing Alternatives&#8220;<\/em>, <a href=\"https:\/\/www.hsu-hh.de\/doorlog\/\">doORlog 2025<\/a>, W\u00fcrzburg<\/li>\n\n\n\n<li>03\/2025: &#8222;Solving the Job Shop Scheduling Problem with Flexibilities&#8220;, <a href=\"https:\/\/www.qbwl.de\/\" rel='nofollow'>34. QBWL-Workshop<\/a>, Pfronten-Rehbichl<\/li>\n\n\n\n<li>09\/2024: <em>&#8222;Integrated Process Planning and Scheduling&#8220;<\/em>, <a href=\"https:\/\/www.hsu-hh.de\/doorlog\/\">doORlog 2024<\/a>, G\u00f6ttingen<\/li>\n<\/ul>\n","protected":false},"excerpt":{"rendered":"<p>Au\u00dfengeb\u00e4ude:&nbsp;Campus Nord (Geb\u00e4ude der Deutschen Rentenversicherung Nord)Raum:&nbsp;2E 109 E-Mail:&nbsp;hendrik[dot]schanz[at]hsu-hh.deTelefon:&nbsp;+49 (0)40 6541 4571 Sprechstunde:&nbsp;nach Vereinbarung per E-Mail Lebenslauf Vortr\u00e4ge<\/p>\n","protected":false},"author":2239,"featured_media":0,"parent":0,"menu_order":0,"comment_status":"closed","ping_status":"closed","template":"","meta":{"footnotes":""},"categories":[4],"tags":[],"class_list":["post-2257","page","type-page","status-publish","hentry","category-forschung"],"_links":{"self":[{"href":"https:\/\/www.hsu-hh.de\/bp\/wp-json\/wp\/v2\/pages\/2257","targetHints":{"allow":["GET"]}}],"collection":[{"href":"https:\/\/www.hsu-hh.de\/bp\/wp-json\/wp\/v2\/pages"}],"about":[{"href":"https:\/\/www.hsu-hh.de\/bp\/wp-json\/wp\/v2\/types\/page"}],"author":[{"embeddable":true,"href":"https:\/\/www.hsu-hh.de\/bp\/wp-json\/wp\/v2\/users\/2239"}],"replies":[{"embeddable":true,"href":"https:\/\/www.hsu-hh.de\/bp\/wp-json\/wp\/v2\/comments?post=2257"}],"version-history":[{"count":9,"href":"https:\/\/www.hsu-hh.de\/bp\/wp-json\/wp\/v2\/pages\/2257\/revisions"}],"predecessor-version":[{"id":3571,"href":"https:\/\/www.hsu-hh.de\/bp\/wp-json\/wp\/v2\/pages\/2257\/revisions\/3571"}],"wp:attachment":[{"href":"https:\/\/www.hsu-hh.de\/bp\/wp-json\/wp\/v2\/media?parent=2257"}],"wp:term":[{"taxonomy":"category","embeddable":true,"href":"https:\/\/www.hsu-hh.de\/bp\/wp-json\/wp\/v2\/categories?post=2257"},{"taxonomy":"post_tag","embeddable":true,"href":"https:\/\/www.hsu-hh.de\/bp\/wp-json\/wp\/v2\/tags?post=2257"}],"curies":[{"name":"wp","href":"https:\/\/api.w.org\/{rel}","templated":true}]}}