{"id":2009,"date":"2022-12-11T20:22:56","date_gmt":"2022-12-11T19:22:56","guid":{"rendered":"https:\/\/www.hsu-hh.de\/bp\/?page_id=2009"},"modified":"2026-03-20T20:06:09","modified_gmt":"2026-03-20T19:06:09","slug":"hilfskraefte_de","status":"publish","type":"page","link":"https:\/\/www.hsu-hh.de\/bp\/hilfskraefte_de\/","title":{"rendered":"Hilfskr\u00e4fte"},"content":{"rendered":"<p>Aktuell sind keine studentischen oder soldatischen Hilfskr\u00e4fte an der Professur t\u00e4tig.<\/p>\n","protected":false},"excerpt":{"rendered":"<p>Aktuell sind keine studentischen oder soldatischen Hilfskr\u00e4fte an der Professur t\u00e4tig.<\/p>\n","protected":false},"author":3529,"featured_media":0,"parent":0,"menu_order":0,"comment_status":"closed","ping_status":"closed","template":"","meta":{"footnotes":""},"categories":[8],"tags":[],"class_list":["post-2009","page","type-page","status-publish","hentry","category-team"],"_links":{"self":[{"href":"https:\/\/www.hsu-hh.de\/bp\/wp-json\/wp\/v2\/pages\/2009","targetHints":{"allow":["GET"]}}],"collection":[{"href":"https:\/\/www.hsu-hh.de\/bp\/wp-json\/wp\/v2\/pages"}],"about":[{"href":"https:\/\/www.hsu-hh.de\/bp\/wp-json\/wp\/v2\/types\/page"}],"author":[{"embeddable":true,"href":"https:\/\/www.hsu-hh.de\/bp\/wp-json\/wp\/v2\/users\/3529"}],"replies":[{"embeddable":true,"href":"https:\/\/www.hsu-hh.de\/bp\/wp-json\/wp\/v2\/comments?post=2009"}],"version-history":[{"count":48,"href":"https:\/\/www.hsu-hh.de\/bp\/wp-json\/wp\/v2\/pages\/2009\/revisions"}],"predecessor-version":[{"id":3643,"href":"https:\/\/www.hsu-hh.de\/bp\/wp-json\/wp\/v2\/pages\/2009\/revisions\/3643"}],"wp:attachment":[{"href":"https:\/\/www.hsu-hh.de\/bp\/wp-json\/wp\/v2\/media?parent=2009"}],"wp:term":[{"taxonomy":"category","embeddable":true,"href":"https:\/\/www.hsu-hh.de\/bp\/wp-json\/wp\/v2\/categories?post=2009"},{"taxonomy":"post_tag","embeddable":true,"href":"https:\/\/www.hsu-hh.de\/bp\/wp-json\/wp\/v2\/tags?post=2009"}],"curies":[{"name":"wp","href":"https:\/\/api.w.org\/{rel}","templated":true}]}}