{"id":116,"date":"2018-01-17T14:07:04","date_gmt":"2018-01-17T13:07:04","guid":{"rendered":"https:\/\/www.hsu-hh.de\/vorlage\/?page_id=116"},"modified":"2026-03-20T19:53:28","modified_gmt":"2026-03-20T18:53:28","slug":"lehre","status":"publish","type":"page","link":"https:\/\/www.hsu-hh.de\/bp\/lehre\/","title":{"rendered":"Lehre"},"content":{"rendered":"\n<p>Im Folgenden erhalten Sie einen \u00dcberblick \u00fcber unser regelm\u00e4\u00dfiges Lehrprogramm. Details entnehmen Sie bitte dem Campus Management System (CMS). Das CMS nutzen wir auch, um Ihnen relevante Informationen vor Beginn der jeweiligen Veranstaltung zukommen zu lassen.<\/p>\n\n\n\n<hr class=\"wp-block-separator has-alpha-channel-opacity\" \/>\n\n\n<div class=\"background-grey\">\n\n\n<h2 class=\"wp-block-heading\">Aktuelles<\/h2>\n\n\n<div id=\"category_content_OhwhDROe\" class=\"hsu_category archive-page\"><article  id=\"post-3612\" class=\"category-list-item post-3612 post type-post status-publish format-standard hentry \"><a href=\"https:\/\/www.hsu-hh.de\/bp\/orel-operations-research-e-learning-plattform\/\" title=\"OREL: Operations Research E-Learning Plattform\" >\t<div class=\"article-listitem-datetime\">\t\t<time class=\"updated\" datetime=\"2026-03-20 12:14:05\"><\/time>\t\t<span class=\"article-month\">\t\t\t<time class=\"entry-date published\" datetime=\"\">Mar<\/time>\t\t<\/span>\t\t<span class=\"article-day\">\t\t\t<time class=\"entry-date published\" datetime=\"\">20<\/time>\t\t<\/span>\t\t<span class=\"article-datetime\">\t\t\t<time class=\"entry-date published\" datetime=\"\">2026<\/time>\t\t<\/span>\t<\/div><div class=\"hsu_category_article-content-wrap\"><div class=\"hsu_category_article-content-wrap-inner\"><div>\t<header class=\"entry-header\">\t\t<h3 class=\"entry-title\">OREL: Operations Research E-Learning Plattform\t\t<\/h3>\t<\/header><div class=\"entry-content-excerpt\">Erg\u00e4nzend zu unseren Vorlesungen und \u00dcbungen finden Sie unter https:\/\/orel.hsu-hh.de\/ ein E-Learning Angebot, das fortlaufend weiterentwickelt wird.<\/div> <\/div><\/div><\/div><\/a><\/article><article  id=\"post-2670\" class=\"category-list-item post-2670 post type-post status-publish format-standard hentry \"><a href=\"https:\/\/www.hsu-hh.de\/bp\/master-seminar-logistik-lo12102-ab-sofort-jedes-trimester-moeglich\/\" title=\"Master-Seminar Logistik (LO12102) ab sofort jedes Trimester m\u00f6glich\" >\t<div class=\"article-listitem-datetime\">\t\t<time class=\"updated\" datetime=\"2024-01-30 17:24:29\"><\/time>\t\t<span class=\"article-month\">\t\t\t<time class=\"entry-date published\" datetime=\"\">Jan<\/time>\t\t<\/span>\t\t<span class=\"article-day\">\t\t\t<time class=\"entry-date published\" datetime=\"\">30<\/time>\t\t<\/span>\t\t<span class=\"article-datetime\">\t\t\t<time class=\"entry-date published\" datetime=\"\">2024<\/time>\t\t<\/span>\t<\/div><div class=\"hsu_category_article-content-wrap\"><div class=\"hsu_category_article-content-wrap-inner\"><div>\t<header class=\"entry-header\">\t\t<h3 class=\"entry-title\">Master-Seminar Logistik (LO12102) ab sofort jedes Trimester m\u00f6glich\t\t<\/h3>\t<\/header><div class=\"entry-content-excerpt\">Das Master-Seminar Logistik (LO12102) k\u00f6nnen Studierende ab sofort in jedem Trimester belegen. Zus\u00e4tzlich kann das Seminar in der Sommerpause bearbeitet werden. Beachten Sie die Fristen, die auf den Seiten der Professur angegeben werden.<\/div> <\/div><\/div><\/div><\/a><\/article><\/div><div class=\"col-xs-12 col-md-3 col-md-push-4\"><span class=\"link no-arrow\"><button class=\"categorymore hsu_btn\" id=\"OhwhDROe\"  data-category=\"Startseite\" data-categoryid=\"43\" data-posts_per_page=\"2\" data-order=\"DESC\" data-paged=\"2\" data-more_posts=\"1\" data-nocontent=\"1\" data-uid=\"OhwhDROe\">Mehr Beitr\u00e4ge<\/button><\/span><\/div><div class=\"clearfix\"><\/div>\n<\/div>\n\n\n<hr class=\"wp-block-separator has-alpha-channel-opacity\" \/>\n\n\n<div class=\"background-grey\">\n\n\n<h2 class=\"wp-block-heading\">\u00dcbersicht des Lehrprogramms<\/h2>\n\n\n<table width=\"982\">\n<tbody>\n<tr>\n<th align=\"left\"><\/th>\n<th align=\"left\">Wintertrimester<\/th>\n<th align=\"left\">Fr\u00fchjahrstrimester<\/th>\n<th align=\"left\">Herbsttrimester<\/th>\n<\/tr>\n<tr>\n<th align=\"left\">BA<\/th>\n<td>Beschaffungs- und Bereitstellungsplanung<\/td>\n<td>Lagerhaltung<\/td>\n<td>Studienkompetenzen f\u00fcr Logistik<\/td>\n<\/tr>\n<tr>\n<th><\/th>\n<td>Produktion<\/td>\n<td><em>Bachelor-Seminare<\/em><\/td>\n<td><em>Bachelor-Thesis<\/em><\/td>\n<\/tr>\n<tr>\n<th align=\"left\">MA<\/th>\n<td><em>Master-Seminar Logistik<\/em><\/td>\n<td>Material- und Ersatzteillogistik<\/td>\n<td>Beschaffungs- und Lieferantenmanagement<\/td>\n<\/tr>\n<tr>\n<th><\/th>\n<td><\/td>\n<td><em>Master-Seminar Logistik<\/em><\/td>\n<td><em>Master-Seminar Logistik<\/em><\/td>\n<\/tr>\n<tr>\n<th><\/th>\n<td><\/td>\n<td><em>Master-Thesis und Kolloquium<\/em><\/td>\n<td><em>Master-Seminar Logistik-Management<\/em><\/td>\n<\/tr>\n<\/tbody>\n<\/table>\n<\/div>\n\n\n<hr class=\"wp-block-separator has-alpha-channel-opacity\" \/>\n\n\n<div class=\"background-grey\">\n\n\n<h2 class=\"wp-block-heading\">Details zum Lehrprogramm<\/h2>\n\n\n\n<h3 class=\"wp-block-heading\" style=\"font-size:20px\">Vorlesungen in Bachelor-Studieng\u00e4ngen<\/h3>\n\n\n\n<details class=\"wp-block-details is-layout-flow wp-block-details-is-layout-flow\" style=\"font-size:18px\"><summary>Produktion (WS15B01)<\/summary>\n<h4 class=\"wp-block-heading\">Inhalt<\/h4>\n\n\n\n<p>Die Veranstaltung Produktion ist Teil des Moduls Produktion und Logistik (WS15B01). Sie beschreibt im \u00ad\u2013 Sinne einer anwendungsorientierten Einf\u00fchrung \u2013 die wichtigsten produktionswirtschaftlichen Planungsprobleme, zugeh\u00f6rige mathematische Modelle sowie exakte und heuristische Verfahren zu deren L\u00f6sung.<\/p>\n\n\n\n<h4 class=\"wp-block-heading\">Schwerpunkte<\/h4>\n\n\n\n<ul class=\"wp-block-list\">\n<li>Grundlagen der Produktion, <abbr title=\"insbesondere\">insb.<\/abbr> Begriffsbestimmung und Abgrenzung, Produktionssysteme, Produktionsplanung und -steuerung<\/li>\n\n\n\n<li>Grundlagen der Linearen Optimierung<\/li>\n\n\n\n<li>Strategische und infrastrukturelle Rahmenbedingungen: betriebliche und innerbetriebliche Standortplanung in der Produktion<\/li>\n\n\n\n<li>Operative Produktionsplanung und -steuerung: Produktionsprogrammplanung, Losgr\u00f6\u00dfen- und Ressourceneinsatzplanung, Feinplanung und Steuerung<\/li>\n\n\n\n<li>Aktuelle wissenschaftliche Aspekte der Produktion<\/li>\n<\/ul>\n\n\n\n<h4 class=\"wp-block-heading\">Informationen<\/h4>\n\n\n\n<p>Die 2 TWS Vorlesung wird immer im Wintertrimester angeboten.<\/p>\n\n\n\n<h4 class=\"wp-block-heading\">Ilias<\/h4>\n\n\n\n<p>Bitte melden Sie sich im <a href=\"https:\/\/intranet.hsu-hh.de\/ilias.php?baseClass=ilrepositorygui&amp;ref_id=195071\" target=\"_blank\" rel=\"noreferrer noopener\">Intranet<\/a> an. Das Passwort erhalten Sie in der ersten Vorlesungseinheit.<\/p>\n\n\n\n<h4 class=\"wp-block-heading\">\u00dcbung<\/h4>\n\n\n\n<p>Die \u00dcbungseinheiten sind in die Vorlesung integriert. In einem Begleitkurs zur Vorlesung bieten wir erg\u00e4nzende Unterst\u00fctzung an.<\/p>\n<\/details>\n\n\n\n<p><\/p>\n\n\n\n<details class=\"wp-block-details is-layout-flow wp-block-details-is-layout-flow\"><summary>Lagerhaltung (LOWS103)<\/summary>\n<h4 class=\"wp-block-heading\">Inhalt<\/h4>\n\n\n\n<p>Nach erfolgreichem Abschluss des Moduls kennen die Teilnehmer:innen \u00fcbliche Kriterien und Kennziffern zur lagerbezogenen Leistungsbewertung. Sie sind in der Lage, Bedarfe eines Unternehmens zu prognostizieren und \u2013 darauf aufbauend \u2013 praktische Lagerhaltungsprobleme und -politiken zu identifizieren und diese mittels mathematischer Methoden zu planen und zu analysieren.<\/p>\n\n\n\n<h4 class=\"wp-block-heading\">Schwerpunkte<\/h4>\n\n\n\n<ul class=\"wp-block-list\">\n<li>Modellierung von Lagern: Grundbegriffe, lagerbezogene Leistungskriterien, Kennziffern, mathematische Grundlagen<\/li>\n\n\n\n<li>Einf\u00fchrung in Prognoseverfahren und in die Materialbedarfsplanung<\/li>\n\n\n\n<li>Einstufige Lagerhaltungspolitiken<\/li>\n\n\n\n<li>Aktuelle wissenschaftliche Aspekte der Lagerhaltung<\/li>\n<\/ul>\n\n\n\n<h4 class=\"wp-block-heading\">Informationen<\/h4>\n\n\n\n<p>Die 2 TWS Vorlesung wird immer im Fr\u00fchjahrstrimester angeboten.<\/p>\n\n\n\n<h4 class=\"wp-block-heading\">Ilias<\/h4>\n\n\n\n<p>Bitte melden Sie sich im <a href=\"https:\/\/intranet.hsu-hh.de\/ilias.php?baseClass=ilrepositorygui&amp;ref_id=195162\" target=\"_blank\" rel=\"noreferrer noopener\">Intranet<\/a> an. Das Passwort erhalten Sie in der ersten Vorlesungseinheit.<\/p>\n\n\n\n<h4 class=\"wp-block-heading\">\u00dcbung<\/h4>\n\n\n\n<p>Die \u00dcbungseinheiten sind in die Vorlesung integriert. In einem Begleitkurs zur Vorlesung bieten wir erg\u00e4nzende Unterst\u00fctzung an.<\/p>\n<\/details>\n\n\n\n<p><\/p>\n\n\n\n<details class=\"wp-block-details is-layout-flow wp-block-details-is-layout-flow\"><summary>Beschaffungs- und Bereitstellungsplanung (LOWS105)<\/summary>\n<h4 class=\"wp-block-heading\">Inhalt<\/h4>\n\n\n\n<p>Nach erfolgreichem Abschluss des Moduls sind die Teilnehmer:innen in der Lage, die Aufgabenfelder der Beschaffungsplanung und der Bereitstellungsplanung abzugrenzen. Sie k\u00f6nnen Entscheidungen zur Eigen- oder Fremdherstellung treffen, sinnvolle Bestellungen durchf\u00fchren und die Grundprinzipien des Lieferantenmanagements anwenden. Sie sind in der Lage, selbst\u00e4ndig die Losgr\u00f6\u00dfen- und Ressourceneinsatzplanung eines Unternehmens durchzuf\u00fchren.<\/p>\n\n\n\n<h4 class=\"wp-block-heading\">Schwerpunkte<\/h4>\n\n\n\n<ul class=\"wp-block-list\">\n<li>Das Aufgabenfeld der Beschaffung<\/li>\n\n\n\n<li>Beschaffungsprozesse: <abbr title=\"zum Beispiel\">z.B.<\/abbr> Lieferantenmanagement, Make-or-Buy-Entscheidungen<\/li>\n\n\n\n<li>Bestellmengenplanung<\/li>\n\n\n\n<li>Bereitstellung von Betriebsmitteln, Arbeitskr\u00e4ften und Werkstoffen<\/li>\n\n\n\n<li>Losgr\u00f6\u00dfen- und Ressourceneinsatzplanung<\/li>\n\n\n\n<li>Integrierte Planung<\/li>\n\n\n\n<li>Aktuelle wissenschaftliche Aspekte der Beschaffungs- und Bereitstellungsplanung<\/li>\n<\/ul>\n\n\n\n<h4 class=\"wp-block-heading\">Informationen<\/h4>\n\n\n\n<p>Die 2 TWS Vorlesung wird immer im Wintertrimester angeboten.<\/p>\n\n\n\n<h4 class=\"wp-block-heading\">Ilias<\/h4>\n\n\n\n<p>Bitte melden Sie sich im <a href=\"https:\/\/intranet.hsu-hh.de\/ilias.php?baseClass=ilrepositorygui&amp;ref_id=195126\" target=\"_blank\" rel=\"noreferrer noopener\">Intranet<\/a> an. Das Passwort erhalten Sie in der ersten Vorlesungseinheit.<\/p>\n\n\n\n<h4 class=\"wp-block-heading\">\u00dcbung<\/h4>\n\n\n\n<p>Die \u00dcbungseinheiten sind in die Vorlesung integriert. In einem Begleitkurs zur Vorlesung bieten wir erg\u00e4nzende Unterst\u00fctzung an.<\/p>\n<\/details>\n\n\n\n<h3 class=\"wp-block-heading\" style=\"font-size:20px\">Vorlesungen in Master-Studieng\u00e4ngen<\/h3>\n\n\n\n<details class=\"wp-block-details is-layout-flow wp-block-details-is-layout-flow\"><summary>Material- und Ersatzteillogistik (WS24B16)<\/summary>\n<h4 class=\"wp-block-heading\">Inhalt<\/h4>\n\n\n\n<p>Nach erfolgreichem Besuch der Veranstaltung sind die Teilnehmer:innen in der Lage, die Besonderheiten der Ersatzteillogistik im Vergleich zur klassischen Materiallogistik zu benennen. Sie k\u00f6nnen \u2013 auch in komplexen Entscheidungssituationen \u2013 Verfahren zur Materialbedarfsprognose anwenden. Ferner kennen sie die mathematischen Grundlagen der Methoden der Simulation, der simulationsbasierten Optimierung sowie der Planung von Instandhaltungsma\u00dfnahmen und k\u00f6nnen diese auf komplexe Problemstellungen anwenden.<\/p>\n\n\n\n<h4 class=\"wp-block-heading\">Schwerpunkte<\/h4>\n\n\n\n<ul class=\"wp-block-list\">\n<li>Ersatzteillogistik: Begriffsbestimmung und Abgrenzung von der Materiallogistik<\/li>\n\n\n\n<li>Rolle und Einflussgr\u00f6\u00dfen der Unsicherheit<\/li>\n\n\n\n<li>Prognoseverfahren: weiterf\u00fchrende Konzepte<\/li>\n\n\n\n<li>Simulation und simulationsbasierte Optimierung<\/li>\n\n\n\n<li>Instandhaltung<\/li>\n\n\n\n<li>Aktuelle wissenschaftliche Aspekte der Material- und Ersatzteillogistik<\/li>\n<\/ul>\n\n\n\n<h4 class=\"wp-block-heading\">Informationen<\/h4>\n\n\n\n<p>Die 4 TWS Veranstaltung wird immer im Fr\u00fchjahrstrimester angeboten.<\/p>\n\n\n\n<h4 class=\"wp-block-heading\">Ilias<\/h4>\n\n\n\n<p>Bitte melden Sie sich im <a href=\"https:\/\/intranet.hsu-hh.de\/ilias.php?baseClass=ilrepositorygui&amp;ref_id=195188\" target=\"_blank\" rel=\"noreferrer noopener\">Intranet<\/a> an. Das Passwort erhalten Sie in der ersten Vorlesungseinheit.<\/p>\n\n\n\n<h4 class=\"wp-block-heading\">\u00dcbung<\/h4>\n\n\n\n<p>Die \u00dcbungseinheiten sind in die Vorlesung integriert. In einem Begleitkurs zur Vorlesung bieten wir erg\u00e4nzende Unterst\u00fctzung an.<\/p>\n<\/details>\n\n\n\n<p><\/p>\n\n\n\n<details class=\"wp-block-details is-layout-flow wp-block-details-is-layout-flow\"><summary>Beschaffungs- und Lieferantenmanagement (WS22B02)<\/summary>\n<h4 class=\"wp-block-heading\">Inhalt<\/h4>\n\n\n\n<p>Nach erfolgreichem Besuch der Veranstaltung sind die Teilnehmer:innen in der Lage, grundlegende Funktionen und Methoden des Beschaffungs- und Lieferantenmanagements einzuordnen und anzuwenden. Sie k\u00f6nnen komplexe Probleme aus dem Bereich der Losgr\u00f6\u00dfen- und Ressourceneinsatzplanung mathematisch modellieren und kennen geeignete L\u00f6sungsverfahren. Ferner sind sie mit Modellen und Methoden aus dem Bereich der Transportplanung an der Schnittstelle zum Beschaffungsmanagement vertraut.<\/p>\n\n\n\n<h4 class=\"wp-block-heading\">Schwerpunkte<\/h4>\n\n\n\n<ul class=\"wp-block-list\">\n<li>Beschreibung und Abgrenzung des Lieferantenmanagements: insbesondere Lieferantenauswahl und -beurteilung<\/li>\n\n\n\n<li>Beschreibung und Abgrenzung des Beschaffungsmanagements<\/li>\n\n\n\n<li>Fortgeschrittene Konzepte, Modelle und Methoden der Losgr\u00f6\u00dfen- und Ressourceneinsatzplanung<\/li>\n\n\n\n<li>Lineare Programme mit spezieller Struktur: Transport-, Zuordnungs- und Umladeprobleme<\/li>\n\n\n\n<li>Nicht-klassische Transport- und Umladeprobleme<\/li>\n\n\n\n<li>Aktuelle wissenschaftliche Aspekte des Beschaffungs- und Lieferantenmanagements<\/li>\n<\/ul>\n\n\n\n<h4 class=\"wp-block-heading\">Informationen<\/h4>\n\n\n\n<ul class=\"wp-block-list\">\n<li>Die 4 TWS Veranstaltung wird immer im Herbsttrimester angeboten.<\/li>\n\n\n\n<li>Diese Veranstaltung verfolgt das Konzept des Inverted Classroom. <\/li>\n\n\n\n<li>Pr\u00fcfungsform: Hausarbeit und Referat<\/li>\n<\/ul>\n\n\n\n<h4 class=\"wp-block-heading\">Ilias<\/h4>\n\n\n\n<p>Bitte melden Sie sich im <a href=\"https:\/\/intranet.hsu-hh.de\/ilias.php?baseClass=ilrepositorygui&amp;ref_id=195240\" target=\"_blank\" rel=\"noreferrer noopener\">Intranet<\/a> an. Das Passwort erhalten Sie in der ersten Vorlesungseinheit.<\/p>\n<\/details>\n\n\n\n<h3 class=\"wp-block-heading\" style=\"font-size:20px\">Seminare<\/h3>\n\n\n\n<details class=\"wp-block-details is-layout-flow wp-block-details-is-layout-flow\"><summary>Bachelorseminare Logistik (WS16B17, LO06102, Fr\u00fchjahrstrimester)<\/summary>\n<h4 class=\"wp-block-heading\">Informationen zum Ablauf<\/h4>\n\n\n\n<ul class=\"wp-block-list\">\n<li>In der Auftaktveranstaltung zu Beginn des Fr\u00fchjahrstrimesters erhalten Sie alle Hinweise.<\/li>\n\n\n\n<li>Weitere Informationen finden Sie im <a href=\"https:\/\/intranet.hsu-hh.de\/ilias.php?baseClass=ilrepositorygui&amp;ref_id=195149\" target=\"_blank\" rel=\"noreferrer noopener\">Intranet<\/a>.<\/li>\n<\/ul>\n<\/details>\n\n\n\n<p><\/p>\n\n\n\n<details class=\"wp-block-details is-layout-flow wp-block-details-is-layout-flow\"><summary>Masterseminar Logistik (LO12102, jedes Trimester)<\/summary>\n<h4 class=\"wp-block-heading\">Informationen zum Ablauf<\/h4>\n\n\n\n<ul class=\"wp-block-list\">\n<li>Das Seminar wird jedes Trimester und in der Sommerpause angeboten.\n<ul class=\"wp-block-list\">\n<li>Bitte melden Sie sich sp\u00e4testens in der ersten (!) Trimesterwoche per E-Mail, sofern Sie das Seminar <em>innerhalb des Trimesters<\/em> belegen m\u00f6chten. Sie erhalten dann ein Thema und alle relevanten Hinweise.<\/li>\n\n\n\n<li>Bitte melden Sie sich in der ersten (!) Juni-Woche per E-Mail, wenn Sie das Seminar <em>innerhalb der Sommerpause<\/em> (Juli, August, September) belegen m\u00f6chten. Sie erhalten dann ein Thema und alle relevanten Hinweise.<\/li>\n<\/ul>\n<\/li>\n\n\n\n<li>Weitere Informationen finden Sie im <a href=\"https:\/\/intranet.hsu-hh.de\/ilias.php?baseClass=ilrepositorygui&amp;ref_id=195149\" target=\"_blank\" rel=\"noreferrer noopener\">Intranet<\/a>.<\/li>\n<\/ul>\n\n\n\n<\/p>\n<\/details>\n\n\n\n<p><\/p>\n\n\n\n<details class=\"wp-block-details is-layout-flow wp-block-details-is-layout-flow\"><summary>Masterseminar Logistik-Management (WS23B75, Herbsttrimester)<\/summary>\n<h4 class=\"wp-block-heading\">Informationen zum Ablauf<\/h4>\n\n\n\n<ul class=\"wp-block-list\">\n<li>Das Seminar wird jedes Herbsttrimester sowie in jeder Sommerpause angeboten.\n<ul class=\"wp-block-list\">\n<li>Bitte kommen Sie zur Auftaktveranstaltung zu Beginn des Herbsttrimesters, sofern Sie das Seminar <em>innerhalb des Trimesters<\/em> belegen m\u00f6chten. Sie erhalten dann ein Thema und alle relevanten Hinweise.<\/li>\n\n\n\n<li>Bitte melden Sie sich in der ersten (!) Juni-Woche per E-Mail, wenn Sie das Seminar <em>innerhalb der Sommerpause<\/em> (Juli, August, September) belegen m\u00f6chten. Sie erhalten dann ein Thema und alle relevanten Hinweise.<\/li>\n<\/ul>\n<\/li>\n\n\n\n<li>Weitere Informationen finden Sie im <a href=\"https:\/\/intranet.hsu-hh.de\/ilias.php?baseClass=ilrepositorygui&amp;ref_id=195149\" target=\"_blank\" rel=\"noreferrer noopener\">Intranet<\/a>.<\/li>\n<\/ul>\n<\/details>\n\n\n\n<h3 class=\"wp-block-heading\" style=\"font-size:20px\">Bachelor- und Masterarbeiten<\/h3>\n\n\n\n<details class=\"wp-block-details is-layout-flow wp-block-details-is-layout-flow\"><summary>Abschlussarbeiten<\/summary>\n<p>Bacherlor- und Masterarbeiten bieten wir nach Vereinbarung an. Bitte kontaktieren Sie bei Interesse die Mitarbeiter:innen der Professur.<\/p>\n<\/details>\n\n\n\n<h3 class=\"wp-block-heading\" style=\"font-size:20px\">Weitere Veranstaltungen<\/h3>\n\n\n\n<details class=\"wp-block-details is-layout-flow wp-block-details-is-layout-flow\"><summary>Studienkompetenzen f\u00fcr Logistik (ISA, 0801P)<\/summary>\n<h4 class=\"wp-block-heading\">Inhalt<\/h4>\n\n\n\n<p>Ziel des Moduls ist die Erg\u00e4nzung und Beherrschung von f\u00fcr das Studium grundlegendem Wissen, das regelm\u00e4\u00dfig einer Vielzahl von Studierenden Schwierigkeiten bereitet. Die vorlesungsbegleitende und intensive Ein\u00fcbung wichtiger Lehrinhalte verschiedener Grundlagenf\u00e4cher soll die Studierenden in die Lage versetzen, grundlegendes abstrahierendes, hochschulspezifisches Denken vertieft kennenzulernen, anzuwenden und dadurch Sicherheit im Umgang zu erlangen.<\/p>\n\n\n\n<p>Das Modul wird gemeinsam mit den Professuren <a href=\"https:\/\/www.hsu-hh.de\/or\/\" target=\"_blank\" rel=\"noreferrer noopener\">Jaehn<\/a>, <a href=\"https:\/\/www.hsu-hh.de\/log\/\" target=\"_blank\" rel=\"noreferrer noopener\">N.N.<\/a> und <a href=\"https:\/\/www.hsu-hh.de\/dataeng\/\" target=\"_blank\" rel=\"noreferrer noopener\">Maleshkova <\/a>angeboten<\/p>\n\n\n\n<h4 class=\"wp-block-heading\">Schwerpunkte<\/h4>\n\n\n\n<ul class=\"wp-block-list\">\n<li>Grundf\u00e4higkeiten des Studierens wie innere Einstellung, Zeitmanagement, Mitschrift, Pr\u00fcfungsvorbereitungen <abbr title=\"et cetera\">etc.<\/abbr><\/li>\n\n\n\n<li>Wissenschaftstheoretische Grundlagen zu Aufgaben und Funktionen von Wissenschaft und Grundlagen wissenschaftlichen Arbeitens<\/li>\n\n\n\n<li>Anwendungen und \u00dcbertragung mathematischer Formeln und Grundfertigkeiten der mathematischen Beweisf\u00fchrung<\/li>\n\n\n\n<li>Kennenlernen und Anwenden grundlegender Konzepte der Informatik wie der Aussagenlogik und Programmierkonzepte<\/li>\n\n\n\n<li>Erkennen der Einsatzpotentiale und Erlernen der grundlegenden Funktionsweise von Standardsoftware zur Datenverwaltung, Datenanalyse und zur (mathematischen) Optimierung<\/li>\n\n\n\n<li>Kennenlernen der Grundlagen des wissenschaftlichen Arbeitens (Schreibprozess), des wissenschaftlichen Stils sowie formale Aspekte der Erstellung wissenschaftlicher Arbeiten (<abbr title=\"inclusive\">inkl.<\/abbr> Nutzung von Standardsoftware)<\/li>\n\n\n\n<li>Kennenlernen von Herausforderungen und Aufgaben von T\u00e4tigkeiten im Kontext der Logistik in der Bundeswehr<\/li>\n<\/ul>\n\n\n\n<h4 class=\"wp-block-heading\">Informationen<\/h4>\n\n\n\n<p>Die 2 TWS Vorlesung wird immer im Herbsttrimester angeboten.<\/p>\n\n\n\n<h4 class=\"wp-block-heading\">Ilias<\/h4>\n\n\n\n<p>Bitte melden Sie sich im Intranet an. Das Passwort erhalten Sie in der ersten Vorlesungseinheit.<\/p>\n\n\n\n<h4 class=\"wp-block-heading\">\u00dcbung<\/h4>\n\n\n\n<p>Die \u00dcbungseinheiten sind in die Vorlesung integriert.<\/p>\n<\/details>\n\n\n\n<p><\/p>\n\n\n\n<details class=\"wp-block-details is-layout-flow wp-block-details-is-layout-flow\"><summary>Publizieren und Begutachten in den Wirtschaftswissenschaften (Angebot f\u00fcr Doktorand:innen)<\/summary>\n<h4 class=\"wp-block-heading\">Inhalt<\/h4>\n\n\n\n<p>Die Veranstaltung richtet sich an Nachwuchswissenschaftler:innen aus den Wirtschaftswissenschaften, die am Beginn ihres Promotionsprojektes stehen. Wir durchleuchten in einem gemeinsamen Gespr\u00e4ch und anhand konkreter Beispiele alle Phasen des Publikationsprozesses in Fachzeitschriften.<\/p>\n\n\n\n<h4 class=\"wp-block-heading\">Schwerpunkte<\/h4>\n\n\n\n<ul class=\"wp-block-list\">\n<li>Zeitschriften\n<ul class=\"wp-block-list\">\n<li>Rankings, Impact Factor, <abbr title=\"et cetera\">etc.<\/abbr><\/li>\n\n\n\n<li>Wahl der \u201erichtigen\u201c Zeitschrift<\/li>\n\n\n\n<li>Dauer des Publikationsprozesses<\/li>\n\n\n\n<li>\u201eGuide for authors\u201c<\/li>\n<\/ul>\n<\/li>\n\n\n\n<li>Das Paper\n<ul class=\"wp-block-list\">\n<li>Was macht ein \u201egutes\u201c Paper aus?<\/li>\n\n\n\n<li>Welche Zeitschrift ist die richtige?<\/li>\n<\/ul>\n<\/li>\n\n\n\n<li>Der Einreichungsprozess<\/li>\n\n\n\n<li>Peer-Review\n<ul class=\"wp-block-list\">\n<li>Was ist das?<\/li>\n\n\n\n<li>Gutachten schreiben<\/li>\n\n\n\n<li>Auf Gutachten antworten<\/li>\n\n\n\n<li>Was tun, wenn mein Paper abgelehnt wurde?<\/li>\n<\/ul>\n<\/li>\n\n\n\n<li>Was passiert, nachdem mein Paper angenommen wurde?\n<ul class=\"wp-block-list\">\n<li>Page Proofs<\/li>\n\n\n\n<li>Copyright (auch: Verwendung in Monographien?)<\/li>\n\n\n\n<li>Article Sharing: accepted manuscript, embargo periods<\/li>\n<\/ul>\n<\/li>\n\n\n\n<li>VGWort<\/li>\n<\/ul>\n\n\n\n<h4 class=\"wp-block-heading\">Informationen<\/h4>\n\n\n\n<p>Die Veranstaltung wird unregelm\u00e4\u00dfig bei Bedarf angeboten. Melden Sie sich gerne, wenn Sie Interesse haben. Sofern gen\u00fcgend Teilnehmer:innen Interesse bekunden, bieten wir den Kurs gerne an. Es handelt sich um eine Blockveranstaltung mit ca. 2 Terminen zu je ca. 1,5 Stunden.<\/p>\n<\/details>\n\n\n<\/p>\n<\/div>\n\n\n<hr class=\"wp-block-separator has-alpha-channel-opacity\" \/>\n\n\n<\/p>\n<\/div>\n<div class=\"background-grey\">\n\n\n<h2 class=\"wp-block-heading\">Gestaltungsrichtlinien<\/h2>\n\n\n\n<p>F\u00fcr Ausarbeitungen an unserer Professur gilt: Es sind \u2013 in wissenschaftlicher und ethischer Hinsicht \u2013 die \u00fcblichen Anforderungen zu beachten. Insbesondere sind die allgemeing\u00fcltigen Regeln der wissenschaftlichen Zitiertechnik in der <abbr title=\"Betriebswirtschaftslehre\">BWL<\/abbr> einzuhalten. Orientierungshilfen bieten z. B. einschl\u00e4gige Dissertationen oder Literatur zum wissenschaftlichen Arbeiten. Im <a href=\"https:\/\/intranet.hsu-hh.de\/ilias.php?baseClass=ilrepositorygui&amp;ref_id=195149\" target=\"_blank\" rel=\"noreferrer noopener\">Intranet<\/a> bieten wir Ihnen ein Merkblatt mit Hinweisen an.<\/p>\n\n\n<\/p>\n<\/div>\n\n\n<hr class=\"wp-block-separator has-alpha-channel-opacity\" \/>\n","protected":false},"excerpt":{"rendered":"<p>Im Folgenden erhalten Sie einen \u00dcberblick \u00fcber unser regelm\u00e4\u00dfiges Lehrprogramm. Details entnehmen Sie bitte dem Campus Management System (CMS). Das CMS nutzen wir auch, um Ihnen relevante Informationen vor Beginn [&hellip;]<\/p>\n","protected":false},"author":26,"featured_media":0,"parent":0,"menu_order":0,"comment_status":"closed","ping_status":"closed","template":"","meta":{"footnotes":""},"categories":[6],"tags":[],"class_list":["post-116","page","type-page","status-publish","hentry","category-lehre"],"_links":{"self":[{"href":"https:\/\/www.hsu-hh.de\/bp\/wp-json\/wp\/v2\/pages\/116","targetHints":{"allow":["GET"]}}],"collection":[{"href":"https:\/\/www.hsu-hh.de\/bp\/wp-json\/wp\/v2\/pages"}],"about":[{"href":"https:\/\/www.hsu-hh.de\/bp\/wp-json\/wp\/v2\/types\/page"}],"author":[{"embeddable":true,"href":"https:\/\/www.hsu-hh.de\/bp\/wp-json\/wp\/v2\/users\/26"}],"replies":[{"embeddable":true,"href":"https:\/\/www.hsu-hh.de\/bp\/wp-json\/wp\/v2\/comments?post=116"}],"version-history":[{"count":385,"href":"https:\/\/www.hsu-hh.de\/bp\/wp-json\/wp\/v2\/pages\/116\/revisions"}],"predecessor-version":[{"id":3635,"href":"https:\/\/www.hsu-hh.de\/bp\/wp-json\/wp\/v2\/pages\/116\/revisions\/3635"}],"wp:attachment":[{"href":"https:\/\/www.hsu-hh.de\/bp\/wp-json\/wp\/v2\/media?parent=116"}],"wp:term":[{"taxonomy":"category","embeddable":true,"href":"https:\/\/www.hsu-hh.de\/bp\/wp-json\/wp\/v2\/categories?post=116"},{"taxonomy":"post_tag","embeddable":true,"href":"https:\/\/www.hsu-hh.de\/bp\/wp-json\/wp\/v2\/tags?post=116"}],"curies":[{"name":"wp","href":"https:\/\/api.w.org\/{rel}","templated":true}]}}