{"id":112,"date":"2018-01-17T14:06:36","date_gmt":"2018-01-17T13:06:36","guid":{"rendered":"https:\/\/www.hsu-hh.de\/vorlage\/?page_id=112"},"modified":"2026-03-20T21:47:11","modified_gmt":"2026-03-20T20:47:11","slug":"forschung","status":"publish","type":"page","link":"https:\/\/www.hsu-hh.de\/bp\/forschung\/","title":{"rendered":"Forschung"},"content":{"rendered":"\n<p>Die Professur f\u00fcr Betriebswirtschaftslehre, insbesondere Beschaffung und Produktion ist in das <em>Institut f\u00fcr Quantitative Logistik<\/em> der F\u00e4chergruppe Betriebswirtschaftslehre an der Fakult\u00e4t f\u00fcr Wirtschafts- und Sozialwissenschaften der <abbr title=\"Helmut Schmidt Universit\u00e4t\">HSU<\/abbr>\/UniBw H eingegliedert. Sie setzt ihren Forschungsschwerpunkt auf die Entwicklung und Anwendung quantitativer Methoden des <em>Operations Research<\/em> zur Unterst\u00fctzung von Managemententscheidungen und zur Automatisierung industrieller Wertsch\u00f6pfungsprozesse in Beschaffung, Produktion und Logistik.<\/p>\n\n\n\n<hr class=\"wp-block-separator has-alpha-channel-opacity\" \/>\n\n\n<div class=\"background-grey\">\n\n\n<h2 class=\"wp-block-heading\">Forschungsthemen<\/h2>\n\n\n\n<p>Unsere Forschung umfasst angewandte und theoriegetriebene Fragestellungen, insbesondere aus folgenden Bereichen:<\/p>\n\n\n\n<ul class=\"wp-block-list\">\n<li><strong>Produktionsplanung<br><\/strong>Eine methodisch fundierte, auf quantitativen Verfahren basierende Produktionsplanung stellt eine wesentliche Voraussetzung f\u00fcr die Wettbewerbsf\u00e4higkeit moderner Industrieunternehmen dar. Die Professur widmet sich einem breiten Spektrum einschl\u00e4giger Fragestellungen in diesem Bereich. Schwerpunkte liegen dabei insbesondere auf der zeitlichen Allokation begrenzter Ressourcen (Maschinen, Personal, Werkzeug, <abbr title=\"et cetera\">etc.<\/abbr>) zu Produktionsprozessen (Ablaufplanung) sowie in der Analyse und Optimierung von Warehousing-Systemen. Zahlreiche Fragestellungen aus Theorie und Praxis sowie aktuelle Entwicklungen auf dem Bereich der Prozessautomatisierung (<abbr title=\"zum Beispiel\">z.B.<\/abbr> Gewinnung von Echtzeitdaten \u00fcber Sensoren in Maschinen, Einsatz autonomer robotischer Systeme) sowie der fortschreitenden Digitalisierung und des dadurch immer gr\u00f6\u00dfer werdenden nutzbaren Datenvolumens, er\u00f6ffnen st\u00e4ndig neuartige und spannende Fragestellungen.<\/li>\n\n\n\n<li><strong>Milit\u00e4rlogistik und Infrastrukturmanagement<\/strong><br>Angesichts steigender geopolitischer Spannungen und wachsender Anforderungen an die Einsatzbereitschaft gewinnt die wissenschaftliche Analyse robuster und resilienter logistischer Systeme zunehmend an Bedeutung. Moderne Methoden des Operations Research tragen dazu bei, Ressourcen optimal zu allokieren, Transportwege zu sichern und kritische Infrastrukturen nachhaltig zu betreiben. Sie liefern wertvolle Entscheidungsunterst\u00fctzung f\u00fcr strategische, taktische und operative Planungsprozesse. Die Professur besch\u00e4ftigt sich in diesem Bereich beispielsweise mit mit der Instandhaltungsplanung an Wasserbauwerken oder dem Umschlag milit\u00e4rischen Gro\u00dfger\u00e4ts an Seeh\u00e4fen. So leisten wir einen wichtigen Beitrag zur Sicherheit, Effizienz und Anpassungsf\u00e4higkeit milit\u00e4rischer und ziviler Infrastruktursysteme.<\/li>\n\n\n\n<li><strong>Intermodaler Verkehr und Containerlogistik<br><\/strong>Die Nutzung standardisierter Ladungstr\u00e4ger, insbesondere von Containern, ist ein essentieller Bestandteil intermodaler Logistikprozesse. Umschlagterminals bilden dabei eine wichtige Schnittstelle innerhalb von und zwischen einzelnen Transportmodi. Wir besch\u00e4ftigten uns in diesem Zusammenhang insbesondere mit der Prozessoptimierung an See- und Binnenh\u00e4fen. Beispiele sind Platzierungs- und Umstapelstrategien zur effizienten Nutzung von Lagerbl\u00f6cken, das Scheduling von Fahrzeugen und Kranen, die zur Bewegung der Container innerhalb eines Terminals eingesetzt werden, oder die integrierte Betrachtung mehrerer Planungsprobleme. Weiterhin besch\u00e4ftigen wir uns mit dem Einsatz von Drohnen und anderen autonomen Fahrzeugen, die eine Flexibilisierung und Automatisierung einer Vielzahl von Prozessen erlauben, im Intermodalen Verkehr. Dieser Einsatz ist nicht mehr nur eine Zukunftsvision, sondern ein schnell wachsender, interdisziplin\u00e4rer Forschungsbereich, der eine Vielzahl spannender Forschungsprojekte erm\u00f6glicht.<\/li>\n\n\n\n<li><strong>Integration spieltheoritischer Konzepte in klassiche Optimierungsprobleme<br><\/strong>Wir integrieren und analysieren spieltheoretische Konzepte, insbesondere auf dem Bereich der Standortplanung unter Wettbewerb (Leader-Follower-Probleme) und der Ablaufplanung (Mechanism Design im Maschinen Scheduling).<\/li>\n<\/ul>\n\n\n<\/p>\n<\/div>\n\n\n<hr class=\"wp-block-separator has-alpha-channel-opacity\" \/>\n\n\n<div class=\"background-grey\">\n\n\n<h2 class=\"wp-block-heading\">Publikationen und Vortragst\u00e4tigkeiten<\/h2>\n\n\n\n<p>Detaillierte Informationen zu unseren aktuellen Publikationen und Vortragst\u00e4tigkeiten finden Sie auf den Seiten unserer Mitarbeiter:innen:<\/p>\n\n\n\n<ul class=\"wp-block-list\">\n<li><a href=\"https:\/\/www.hsu-hh.de\/bp\/team_leitung\/\"><abbr title=\"Professor\">Prof.<\/abbr> <abbr title=\"Doktor\">Dr.<\/abbr> Dominik Kre\u00df<\/a><\/li>\n\n\n\n<li><a href=\"https:\/\/www.hsu-hh.de\/bp\/m-sc-paula-nicole-kudwin\/\" data-type=\"page\" data-id=\"3401\">M. Sc. Paula Nicole Kudwin<\/a><\/li>\n\n\n\n<li><a href=\"https:\/\/www.hsu-hh.de\/bp\/m-sc-lara-nehrke\/\">M. Sc. Lara Nehrke<\/a><\/li>\n\n\n\n<li><a href=\"https:\/\/www.hsu-hh.de\/bp\/m-sc-juana-pfautsch-2\/\" data-type=\"link\" data-id=\"https:\/\/www.hsu-hh.de\/bp\/de\/m-sc-juana-pfautsch\/\">M. Sc. Juana Pfautsch<\/a><\/li>\n\n\n\n<li><a href=\"https:\/\/www.hsu-hh.de\/bp\/m-sc-hendrik-schanz\/\">M. Sc. Hendrik Schanz<\/a><\/li>\n<\/ul>\n\n\n\n<hr class=\"wp-block-separator has-alpha-channel-opacity\" \/>\n\n\n<div class=\"background-grey\">\n\n\n<h2 class=\"wp-block-heading\">Forschungsprojekte<\/h2>\n\n\n\n<h4 class=\"wp-block-heading\" style=\"font-size:20px\">Laufende Projekte<\/h4>\n\n\n\n<details class=\"wp-block-details is-layout-flow wp-block-details-is-layout-flow\" style=\"font-size:18px\"><summary>Datengetriebene Optimierungsverfahren zur integrierten Prozess- und Ablaufplanung<\/summary>\n<h4 class=\"wp-block-heading\">Projektbeschreibung<\/h4>\n\n\n\n<p>Der Schwerpunkt dieses Projekts liegt auf der Optimierung und Automatisierung der Prozess- und Ablaufplanung in der Auftragsfertigung. Die Herstellung eines bestimmten Produkts kann auf unterschiedliche Weise erfolgen, wobei eine breite Palette von Fertigungstechnologien und verschiedene flexible (mit einer Reihe von Werkzeugen ausgestattete) und autonome, nicht identische Maschinen in verschiedenen Bearbeitungsschritten eingesetzt werden. Einige Maschinen m\u00fcssen von hochqualifizierten, menschlichen Bedienern \u00fcberwacht werden. Zu den zu treffenden Entscheidungen geh\u00f6ren die Auswahl eines Prozessplans f\u00fcr die Herstellung jedes Werkst\u00fccks, die Wahl der Maschine f\u00fcr jeden Bearbeitungsschritt, die Vorhersage der Bearbeitungszeit und die Einplanung einer Gruppe qualifizierter Mitarbeiter, um nur einige zu nennen.<\/p>\n\n\n\n<p>Um mit Markt- und Technologiever\u00e4nderungen Schritt zu halten, unterliegen Produktionssystem st\u00e4ndigen Anpassungen und m\u00fcssen dar\u00fcber hinaus in der Lage bleiben, schnell auf St\u00f6rungen sowie auf Maschinen- und Prozessausf\u00e4lle zu reagieren. Diese F\u00e4higkeit wird durch die Nutzung verf\u00fcgbarer technologischer Alternativen und die Neuberechnung von Produktionsrouten in Echtzeit auf der Grundlage robuster Produktionspl\u00e4ne erreicht. Datenanalyse und k\u00fcnstliche Intelligenz erm\u00f6glichen, relevante Informationen aus unstrukturierten Daten abzurufen. Die gewonnenen Informationen bilden die Grundlage f\u00fcr kontinuierliche Verbesserungen und Lernprozesse.<\/p>\n\n\n\n<p>Unsere wichtigsten Schritte auf dem Weg zur Automatisierung der Produktionsplanung sind die Datensammlung, die Modellbildung, das Erlernen von (exakten) robusten Methoden und schlie\u00dflich der Transfer in die Praxis.<\/p>\n\n\n\n<h4 class=\"wp-block-heading\">Mittelgeber<\/h4>\n\n\n\n<figure class=\"wp-block-image size-large is-resized\"><img loading=\"lazy\" decoding=\"async\" width=\"1024\" height=\"290\" src=\"https:\/\/www.hsu-hh.de\/bp\/wp-content\/uploads\/sites\/829\/2020\/10\/dfg_de-1024x290.jpg\" data-credit=\"Deutsche Forschungsgemeinschaft (DFG)\" alt=\"DFG\" class=\"wp-image-605\" style=\"width:300px\" \/><\/figure>\n\n\n\n<h4 class=\"wp-block-heading\">Informationen<\/h4>\n\n\n\n<ul class=\"wp-block-list\">\n<li>Laufzeit: 2023-2026<\/li>\n\n\n\n<li>Projektmitglieder:\n<ul class=\"wp-block-list\">\n<li><a href=\"https:\/\/www.hsu-hh.de\/bp\/team_leitung\/\"><abbr title=\"Professor\">Prof.<\/abbr> <abbr title=\"Doktor\">Dr.<\/abbr> Dominik Kre\u00df<\/a> (<abbr title=\"Helmut Schmidt Universit\u00e4t\">HSU<\/abbr>\/UniBw H)<\/li>\n\n\n\n<li><a href=\"https:\/\/www.wiwi.uni-siegen.de\/mis\/team\/pesch\/\" rel='nofollow'><abbr title=\"Professor\">Prof.<\/abbr> <abbr title=\"Doktor\">Dr.<\/abbr> Erwin Pesch<\/a> (Universit\u00e4t Siegen)<\/li>\n\n\n\n<li>Nahostkollaboration:\n<ul class=\"wp-block-list\">\n<li><a href=\"https:\/\/izackcohen.com\/\" rel='nofollow'>Ass. <abbr title=\"Professor\">Prof.<\/abbr> <abbr title=\"Doktor\">Dr.<\/abbr> Izack Cohen<\/a> (Bar-Ilan University, Israel)<\/li>\n\n\n\n<li><a href=\"https:\/\/dds.technion.ac.il\/academicstaff\/shimrit-shtern\/\" rel='nofollow'>Ass. <abbr title=\"Professor\">Prof.<\/abbr> <abbr title=\"Doktor\">Dr.<\/abbr> Shimrit Shtern<\/a> (Technion &#8211; Israel Institute of Technology, Israel)<\/li>\n<\/ul>\n<\/li>\n<\/ul>\n<\/li>\n\n\n\n<li>GEPRIS: Projekt Nr. <a href=\"https:\/\/gepris.dfg.de\/gepris\/projekt\/524165670\" rel='nofollow'>524165670<\/a><\/li>\n<\/ul>\n\n\n\n<p><\/p>\n<\/details>\n\n\n\n<h4 class=\"wp-block-heading\" style=\"font-size:20px\">Abgeschlossene Projekte<\/h4>\n\n\n\n<details class=\"wp-block-details is-layout-flow wp-block-details-is-layout-flow\" style=\"font-size:18px\"><summary>Nachhaltige Personalplanung bei kundenspezifischer Produktion an Flie\u00dflinien mit Work-Sharing (SuPerPlan)<\/summary>\n<h4 class=\"wp-block-heading\">Projektbeschreibung<\/h4>\n\n\n\n<p>SuPerPlan untersucht die getaktete Flie\u00dffertigung kundenspezifischer Produkte. Der Fokus liegt dabei auf der Entwicklung und Analyse geeigneter Konzepte, Modelle und Algorithmen zur Planung \u00f6konomisch und sozial nachhaltiger Zuordnungen von Tasks zu Arbeitskr\u00e4ften, die an den Arbeitsstationen der Flie\u00dflinie manuelle T\u00e4tigkeiten ausf\u00fchren. Unsere Forschungst\u00e4tigkeit beruht auf der Annahme, dass diese Nachhaltigkeitsziele durch eine alternierende oder kollaborative Durchf\u00fchrung spezifischer Tasks durch mehrere Mitarbeiter (Work-Sharing) erreicht werden k\u00f6nnen, sofern diese auf Regeln basieren, die durch eine intelligente Produktionsplanung vorgegeben werden. Wir identifizieren drei Typen des Work-Sharing, die wirksam zur Bereicherung von Arbeitsinhalten und zur Reduzierung von ergonomischen Risiken und Schwankungen der Durchlaufzeiten der Produkte eingesetzt werden k\u00f6nnen. Dies erleichtert Unternehmen eine variantenreiche Gestaltung der Produktpalette ohne Einbu\u00dfen bei der Liefertermintreue, wobei jedoch die Komplexit\u00e4t der betroffenen Planungsprobleme steigt.<\/p>\n\n\n\n<p>Getaktete Flie\u00dffertigung mit Work-Sharing findet bisher kaum Beachtung in der Literatur. Die dadurch entstandene Forschungsl\u00fccke sowie der zus\u00e4tzlich fehlende methodische Apparat zur Unterst\u00fctzung von Managern soll durch SuPerPlan geschlossen <abbr title=\"beziehungsweise\">bzw.<\/abbr> erschaffen werden. Dazu untersucht SuPerPlan die Auswirkungen des Work-Sharing auf Planungsentscheidungen, <abbr title=\"zum Beispiel\">z.B.<\/abbr> in der Personalplanung, der Flie\u00dfbandabstimmung und dem Scheduling. Ziel ist ferner die formale Beschreibung geeigneter Optimierungsprobleme und die Entwicklung zugeh\u00f6riger L\u00f6sungsalgorithmen, welche die diversen Facetten des Work-Sharing ber\u00fccksichtigen. Die Tatsache, dass diese Probleme in der Regel bereits ohne Ber\u00fccksichtigung von Work-Sharing zur Klasse der NP-schweren Probleme geh\u00f6ren, stellt eine gro\u00dfe Herausforderung bei der Entwicklung geeigneter Algorithmen dar.<\/p>\n\n\n\n<p>Wir werden Aspekte sozialer Nachhaltigkeit in den Mittelpunkt unserer Untersuchungen stellen. Dies erreichen wir durch die explizite Abbildung des Stammpersonals, durch die Integration pers\u00f6nlicher F\u00e4higkeiten der Mitarbeiter und ergonomischer Risiken und die Fokussierung auf eine gerechte Aufteilung der Arbeitslast. Wir werden zudem partizipative Planungsans\u00e4tze (<abbr title=\"sogenannt\">sog.<\/abbr> Mechanismen) entwickeln, welche die Pr\u00e4ferenzen der Mitarbeiter ber\u00fccksichtigen. Unsere Ergebnisse erhalten dadurch eine gesellschaftlich relevante Dimension, die zur Verbesserung der Arbeitsbedingungen und Vergr\u00f6\u00dferung der Variantenvielfalt in der Flie\u00dffertigung beitragen wird.<\/p>\n\n\n\n<h4 class=\"wp-block-heading\">Mittelgeber<\/h4>\n\n\n\n<figure class=\"wp-block-image size-large is-resized\"><img loading=\"lazy\" decoding=\"async\" width=\"1024\" height=\"290\" src=\"https:\/\/www.hsu-hh.de\/bp\/wp-content\/uploads\/sites\/829\/2020\/10\/dfg_de-1024x290.jpg\" data-credit=\"Deutsche Forschungsgemeinschaft (DFG)\" alt=\"DFG\" class=\"wp-image-605\" style=\"width:300px\" \/><\/figure>\n\n\n\n<h4 class=\"wp-block-heading\">Informationen<\/h4>\n\n\n\n<ul class=\"wp-block-list\">\n<li>Laufzeit: 01.11.2020-31.10.2022<\/li>\n\n\n\n<li>Projektmitglieder:\n<ul class=\"wp-block-list\">\n<li><a href=\"https:\/\/student.kedge.edu\/faculty-directory\/olga-battaia\" rel='nofollow'><abbr title=\"Professor\">Prof.<\/abbr> <abbr title=\"Doktor\">Dr.<\/abbr> Olga Batta\u00efa<\/a> (KEDGE Business School Campus Bordeaux, France)<\/li>\n\n\n\n<li><a href=\"https:\/\/www.hsu-hh.de\/bp\/team_leitung\/\"><abbr title=\"Professor\">Prof.<\/abbr> <abbr title=\"Doktor\">Dr.<\/abbr> Dominik Kre\u00df<\/a> (<abbr title=\"Helmut Schmidt Universit\u00e4t\">HSU<\/abbr>\/UniBw H)<\/li>\n\n\n\n<li><abbr title=\"Professor\">Prof.<\/abbr> <abbr title=\"Doktor\">Dr.<\/abbr> Alena Otto (Universit\u00e4t Passau)<\/li>\n\n\n\n<li><a href=\"https:\/\/www.wiwi.uni-siegen.de\/mis\/team\/?lang=de\" rel='nofollow'><abbr title=\"Professor\">Prof.<\/abbr> <abbr title=\"Doktor\">Dr.<\/abbr> Erwin Pesch<\/a> (Universit\u00e4t Siegen)<\/li>\n<\/ul>\n<\/li>\n\n\n\n<li>GEPRIS: Projekt Nr. <a href=\"https:\/\/gepris.dfg.de\/gepris\/projekt\/414225725\" rel='nofollow'>414225725<\/a><\/li>\n<\/ul>\n\n\n\n<p><\/p>\n<\/details>\n\n\n\n<p><\/p>\n\n\n\n<details class=\"wp-block-details is-layout-flow wp-block-details-is-layout-flow\" style=\"font-size:18px\"><summary>Echtzeitnahes kollaboratives Planen und Optimieren (EKPLO)<\/summary>\n<h4 class=\"wp-block-heading\">Projektbeschreibung<\/h4>\n\n\n\n<p>Ausgangslage:<br>Durch die von der Vision &#8222;Industrie 4.0&#8220; angesto\u00dfene und vorangetriebene, echtzeitnahe Erfassung von Prozess- und Kontextdaten sowie deren Verarbeitung, ist die Komplexit\u00e4t von Advanced Planning and Scheduling (APS) Systemen deutlich gestiegen. Ergebnisse und Pl\u00e4ne, die von Optimierungsverfahren \u201eberechnet\u201c werden, k\u00f6nnen h\u00e4ufig von den Verantwortlichen nicht mehr nachvollzogen werden. Sie werden daher oft nicht akzeptiert und durch herk\u00f6mmliche Pl\u00e4ne ersetzt <abbr title=\"beziehungsweise\">bzw.<\/abbr> mit historisch gewachsenen Praktiken umgangen.<\/p>\n\n\n\n<p>Projektziel:<br>Ziel des Projektes EKPLO ist es, die Potentiale von APS Systemen &#8211; insbesondere f\u00fcr kleine und mittelst\u00e4ndische Unternehmen &#8211; unter der besonderen Ber\u00fccksichtigung der Mitarbeiter als entscheidende Akteure bei der (wertsch\u00f6pfungsketten\u00fcbergreifenden) Auftrags- und Ressourcenplanung nutzbar zu machen. Das entstehende System nennen wir Human-Centered APS (HAPS).<\/p>\n\n\n\n<p class=\"has-text-align-left\">Vorgehen und Innovation:<br>In EKPLO wird ein klassisches APS-System durch Funktionalit\u00e4ten zur Visualisierung der APS-Algorithmen, zur Kommunikations- und Kollaborationsunterst\u00fctzung, sowie zur endnutzerfreundlichen Anpassung der APS-Algorithmen erg\u00e4nzt. Dies soll wesentlich zur Verringerung der Komplexit\u00e4t, zur besseren Unterst\u00fctzung der Mitarbeiter im echtzeitnahen Daten- und Entscheidungskontext, sowie zur schnellen Anpassung des Systems durch sowohl die Anwender einerseits, als auch durch die Entwickler andererseits, beitragen.<br>Die Innovation dieses Projektes <abbr title=\"beziehungsweise\">bzw.<\/abbr> des neuartigen Systems liegt in der einzigartigen Kombination verschiedener, h\u00e4ufig voneinander getrennter Forschungs- und Anwendungsbereiche. Hierdurch und durch eine agile Vorgehensweise bei der Projektdurchf\u00fchrung, entsteht ein holistischer Ansatz zur Bew\u00e4ltigung dieser sozio-technischen, intra- aber auch interorganisationalen Aufgabenstellung.<\/p>\n\n\n\n<p>Im Teilprojekt Human-Centered Scheduling Algorithms (HCSA) werden unter der Leitung von <abbr title=\"Doktor\">Dr.<\/abbr> Dominik Kre\u00df und in enger Zusammenarbeit mit den Kooperationspartnern APS-Algorithmen (weiter-) entwickelt und bedarfsgerecht angepasst. Gleichzeitig erarbeitet das Team Techniken zur Algorithmenvisualisierung und -manipulation.<\/p>\n\n\n\n<p>Anmerkung:<br>Das Projekt wurde am Lehrstuhl f\u00fcr Wirtschaftsinformatik, Betriebliche Anwendungs- und Entscheidungsunterst\u00fctzungssysteme, der Universit\u00e4t Siegen durchgef\u00fchrt.<\/p>\n\n\n\n<h4 class=\"wp-block-heading\">Mittelgeber<\/h4>\n\n\n\n<div class=\"wp-block-columns is-layout-flex wp-container-core-columns-is-layout-9d6595d7 wp-block-columns-is-layout-flex\">\n<div class=\"wp-block-column is-layout-flow wp-block-column-is-layout-flow\" style=\"flex-basis:33.33%\">\n<figure class=\"wp-block-image size-full is-resized\"><img loading=\"lazy\" decoding=\"async\" width=\"779\" height=\"174\" src=\"https:\/\/www.hsu-hh.de\/bp\/wp-content\/uploads\/sites\/829\/2020\/10\/efre1.png\" data-credit=\"EU\" alt=\"EFRE\" class=\"wp-image-626\" style=\"width:auto;height:60px\" srcset=\"https:\/\/www.hsu-hh.de\/bp\/wp-content\/uploads\/sites\/829\/2020\/10\/efre1.png 779w, https:\/\/www.hsu-hh.de\/bp\/wp-content\/uploads\/sites\/829\/2020\/10\/efre1-300x67.png 300w, https:\/\/www.hsu-hh.de\/bp\/wp-content\/uploads\/sites\/829\/2020\/10\/efre1-768x172.png 768w\" sizes=\"auto, (max-width: 779px) 100vw, 779px\" \/><\/figure>\n<\/div>\n\n\n\n<div class=\"wp-block-column is-layout-flow wp-block-column-is-layout-flow\" style=\"flex-basis:66.66%\">\n<figure class=\"wp-block-image size-full is-resized\"><img loading=\"lazy\" decoding=\"async\" width=\"723\" height=\"104\" src=\"https:\/\/www.hsu-hh.de\/bp\/wp-content\/uploads\/sites\/829\/2020\/10\/efre2.png\" data-credit=\"EFRE\" alt=\"EFRE\" class=\"wp-image-632\" style=\"width:auto;height:60px\" srcset=\"https:\/\/www.hsu-hh.de\/bp\/wp-content\/uploads\/sites\/829\/2020\/10\/efre2.png 723w, https:\/\/www.hsu-hh.de\/bp\/wp-content\/uploads\/sites\/829\/2020\/10\/efre2-300x43.png 300w\" sizes=\"auto, (max-width: 723px) 100vw, 723px\" \/><\/figure>\n<\/div>\n<\/div>\n\n\n\n<h4 class=\"wp-block-heading\">Informationen<\/h4>\n\n\n\n<ul class=\"wp-block-list\">\n<li>Laufzeit: 2016-2019<\/li>\n\n\n\n<li>Projektmitglieder:\n<ul class=\"wp-block-list\">\n<li>Universit\u00e4t Siegen:\n<ul class=\"wp-block-list\">\n<li><a href=\"https:\/\/www.cscw.uni-siegen.de\/\" rel='nofollow'>Lehrstuhl f\u00fcr Computerunterst\u00fctzte Gruppenarbeit und Soziale Medien<\/a><\/li>\n\n\n\n<li><a href=\"https:\/\/www.wiwi.uni-siegen.de\/mis\/team\/\" rel='nofollow'>Lehrstuhl f\u00fcr Management Information Science<\/a><\/li>\n\n\n\n<li><a href=\"https:\/\/www.uni-siegen.de\/smi\/\" rel='nofollow'>Siegener Mittelstandsinstitut<\/a><\/li>\n<\/ul>\n<\/li>\n\n\n\n<li>Industriepartner:\n<ul class=\"wp-block-list\">\n<li>Alu-Technik Attendorn<\/li>\n\n\n\n<li><a href=\"https:\/\/www.bilsing-automation.com\/\" rel='nofollow'>Bilsing Automation<\/a><\/li>\n\n\n\n<li>QOSIT<\/li>\n\n\n\n<li>Tesyo<\/li>\n<\/ul>\n<\/li>\n<\/ul>\n<\/li>\n<\/ul>\n<\/details>\n\n\n<\/p>\n<\/div>\n\n\n<hr class=\"wp-block-separator has-alpha-channel-opacity\" \/>\n","protected":false},"excerpt":{"rendered":"<p>Die Professur f\u00fcr Betriebswirtschaftslehre, insbesondere Beschaffung und Produktion ist in das Institut f\u00fcr Quantitative Logistik der F\u00e4chergruppe Betriebswirtschaftslehre an der Fakult\u00e4t f\u00fcr Wirtschafts- und Sozialwissenschaften der HSU\/UniBw H eingegliedert. Sie [&hellip;]<\/p>\n","protected":false},"author":26,"featured_media":0,"parent":0,"menu_order":0,"comment_status":"closed","ping_status":"closed","template":"","meta":{"footnotes":""},"categories":[4],"tags":[],"class_list":["post-112","page","type-page","status-publish","hentry","category-forschung"],"_links":{"self":[{"href":"https:\/\/www.hsu-hh.de\/bp\/wp-json\/wp\/v2\/pages\/112","targetHints":{"allow":["GET"]}}],"collection":[{"href":"https:\/\/www.hsu-hh.de\/bp\/wp-json\/wp\/v2\/pages"}],"about":[{"href":"https:\/\/www.hsu-hh.de\/bp\/wp-json\/wp\/v2\/types\/page"}],"author":[{"embeddable":true,"href":"https:\/\/www.hsu-hh.de\/bp\/wp-json\/wp\/v2\/users\/26"}],"replies":[{"embeddable":true,"href":"https:\/\/www.hsu-hh.de\/bp\/wp-json\/wp\/v2\/comments?post=112"}],"version-history":[{"count":213,"href":"https:\/\/www.hsu-hh.de\/bp\/wp-json\/wp\/v2\/pages\/112\/revisions"}],"predecessor-version":[{"id":3677,"href":"https:\/\/www.hsu-hh.de\/bp\/wp-json\/wp\/v2\/pages\/112\/revisions\/3677"}],"wp:attachment":[{"href":"https:\/\/www.hsu-hh.de\/bp\/wp-json\/wp\/v2\/media?parent=112"}],"wp:term":[{"taxonomy":"category","embeddable":true,"href":"https:\/\/www.hsu-hh.de\/bp\/wp-json\/wp\/v2\/categories?post=112"},{"taxonomy":"post_tag","embeddable":true,"href":"https:\/\/www.hsu-hh.de\/bp\/wp-json\/wp\/v2\/tags?post=112"}],"curies":[{"name":"wp","href":"https:\/\/api.w.org\/{rel}","templated":true}]}}