{"id":106,"date":"2018-01-17T14:05:25","date_gmt":"2018-01-17T13:05:25","guid":{"rendered":"https:\/\/www.hsu-hh.de\/vorlage\/?page_id=106"},"modified":"2026-03-20T20:05:31","modified_gmt":"2026-03-20T19:05:31","slug":"team","status":"publish","type":"page","link":"https:\/\/www.hsu-hh.de\/bp\/team\/","title":{"rendered":"Team"},"content":{"rendered":"\n<p>Im Folgenden stellen wir unser Team vor. Wenn Sie Interesse daran haben, unser Team als wissenschaftliche:r Mitarbeiter:in oder studentische Hilfskraft zu verst\u00e4rken, <a href=\"mailto:bepro@hsu-hh.de\" rel='nofollow'>kontaktieren<\/a> Sie uns gerne jederzeit (auch ohne konkrete Stellenausschreibung).<\/p>\n\n\n\n<hr class=\"wp-block-separator has-alpha-channel-opacity\" \/>\n\n\n<div class=\"background-grey\">\n\n\n<h2 class=\"wp-block-heading\">Leitung der Professur<\/h2>\n\n\n\n<h4 class=\"wp-block-heading\"><abbr title=\"Universit\u00e4tsprofessor\">Univ.-Prof.<\/abbr> <abbr title=\"Doktor\">Dr.<\/abbr> Dominik Kre\u00df<\/h4>\n\n\n\n<div class=\"wp-block-columns is-layout-flex wp-container-core-columns-is-layout-9d6595d7 wp-block-columns-is-layout-flex\">\n<div class=\"wp-block-column is-layout-flow wp-block-column-is-layout-flow\" style=\"flex-basis:200px\">\n<figure class=\"wp-block-image size-full is-resized\"><a href=\"https:\/\/www.hsu-hh.de\/bp\/team_leitung\/\"><img loading=\"lazy\" decoding=\"async\" width=\"371\" height=\"459\" src=\"https:\/\/www.hsu-hh.de\/bp\/wp-content\/uploads\/sites\/829\/2020\/10\/dominik_kress.jpg\" data-credit=\"Dominik Kre\u00df\" alt=\"Dominik Kre\u00df\" class=\"wp-image-414\" style=\"width:200px\" srcset=\"https:\/\/www.hsu-hh.de\/bp\/wp-content\/uploads\/sites\/829\/2020\/10\/dominik_kress.jpg 371w, https:\/\/www.hsu-hh.de\/bp\/wp-content\/uploads\/sites\/829\/2020\/10\/dominik_kress-242x300.jpg 242w\" sizes=\"auto, (max-width: 371px) 100vw, 371px\" \/><\/a><\/figure>\n<\/div>\n\n\n\n<div class=\"wp-block-column is-layout-flow wp-block-column-is-layout-flow\">\n<p><strong>Au\u00dfengeb\u00e4ude:<\/strong> Campus Nord (Geb\u00e4ude der Deutschen Rentenversicherung Nord)<br><strong>Raum:<\/strong> 2E 117<\/p>\n\n\n\n<p><strong>Geb\u00e4ude:<\/strong> H1<br><strong>Raum:<\/strong> 2171A<\/p>\n\n\n\n<p><strong>E-Mail:<\/strong> <a href=\"mailto:dominik.kress@hsu-hh.de\" rel='nofollow'>dominik.kress@hsu-hh.de<\/a><br><strong>Telefon:<\/strong> +49 (0)40 6541 4573<br><strong>Fax:&nbsp;<\/strong>+49 (0)40 6541 2780 (Fakult\u00e4tsverwaltung)<br><strong>Links:<\/strong> <a href=\"https:\/\/orcid.org\/0000-0001-7574-7588\" target=\"_blank\" rel=\"noreferrer noopener\">ORCID<\/a>, <a href=\"https:\/\/openhsu.ub.hsu-hh.de\/entities\/person\/kress\" target=\"_blank\" rel=\"noreferrer noopener\">openHSU<\/a><\/p>\n\n\n\n<p><strong>Sprechstunde:<\/strong> nach Vereinbarung per E-Mail<\/p>\n<\/div>\n<\/div>\n\n\n\n<details class=\"wp-block-details is-layout-flow wp-block-details-is-layout-flow\"><summary>Kontaktinformationen<\/summary>\n<p><\/p>\n\n\n\n<p><strong>Postanschrift:<br><\/strong>Helmut-Schmidt-Universit\u00e4t\/Universit\u00e4t der Bundeswehr Hamburg<br>Fakult\u00e4t f\u00fcr Wirtschafts- und Sozialwissenschaften<br><abbr title=\"Betriebswirtschaftslehre\">BWL<\/abbr>, <abbr title=\"insbesondere\">insb.<\/abbr> Beschaffung und Produktion<br>Postfach 70 08 22<br>D-22039 Hamburg<\/p>\n\n\n\n<p><strong>Besucheranschrift Au\u00dfengeb\u00e4ude:<\/strong><br>Helmut-Schmidt-Universit\u00e4t\/Universit\u00e4t der Bundeswehr Hamburg<br>Fakult\u00e4t f\u00fcr Wirtschafts- und Sozialwissenschaften<br><abbr title=\"Betriebswirtschaftslehre\">BWL<\/abbr>, <abbr title=\"insbesondere\">insb.<\/abbr> Beschaffung und Produktion<br>Friedrich-Ebert-Damm 245<br>D-22159 Hamburg<\/p>\n\n\n\n<p><strong>Besucheranschrift Campus:<br><\/strong>Helmut-Schmidt-Universit\u00e4t\/Universit\u00e4t der Bundeswehr Hamburg<br>Fakult\u00e4t f\u00fcr Wirtschafts- und Sozialwissenschaften<br><abbr title=\"Betriebswirtschaftslehre\">BWL<\/abbr>, <abbr title=\"insbesondere\">insb.<\/abbr> Beschaffung und ProduktionHolstenhofweg 85<br>D-22043 Hamburg<\/p>\n<\/details>\n\n\n<\/p>\n<\/div>\n\n\n<hr class=\"wp-block-separator has-alpha-channel-opacity\" \/>\n\n\n<div class=\"background-grey\">\n\n\n<h2 class=\"wp-block-heading\"><strong>Sekretariat<\/strong><\/h2>\n\n\n\n<h4 class=\"wp-block-heading\">Andrea Vorwerk<\/h4>\n\n\n\n<div class=\"wp-block-columns is-layout-flex wp-container-core-columns-is-layout-9d6595d7 wp-block-columns-is-layout-flex\">\n<div class=\"wp-block-column is-layout-flow wp-block-column-is-layout-flow\" style=\"flex-basis:150px\">\n<figure class=\"wp-block-image size-full is-resized\"><img loading=\"lazy\" decoding=\"async\" width=\"371\" height=\"459\" src=\"https:\/\/www.hsu-hh.de\/bp\/wp-content\/uploads\/sites\/829\/2020\/09\/bild_dummy.jpg\" data-credit=\" \" alt=\"Dummy Bild\" class=\"wp-image-231\" style=\"width:150px\" srcset=\"https:\/\/www.hsu-hh.de\/bp\/wp-content\/uploads\/sites\/829\/2020\/09\/bild_dummy.jpg 371w, https:\/\/www.hsu-hh.de\/bp\/wp-content\/uploads\/sites\/829\/2020\/09\/bild_dummy-242x300.jpg 242w\" sizes=\"auto, (max-width: 371px) 100vw, 371px\" \/><\/figure>\n<\/div>\n\n\n\n<div class=\"wp-block-column is-layout-flow wp-block-column-is-layout-flow\">\n<p><strong>Geb\u00e4ude: <\/strong>Campus Nord (Geb\u00e4ude der Deutschen Rentenversicherung Nord)<strong><br>Raum:&nbsp;<\/strong>1E 040<\/p>\n\n\n\n<p><strong>E-Mail:<\/strong> <a href=\"mailto:andrea.vorwerk@hsu.hamburg\" rel='nofollow'>andrea.vorwerk@hsu.hamburg<\/a><br><strong>Telefon:<\/strong> +49 (0)40 6541 3949<\/p>\n<\/div>\n<\/div>\n\n\n\n<details class=\"wp-block-details is-layout-flow wp-block-details-is-layout-flow\"><summary>Kontaktinformationen<\/summary>\n<p><\/p>\n\n\n\n<p><strong>Postanschrift:<\/strong><br>Helmut-Schmidt-Universit\u00e4t\/Universit\u00e4t der Bundeswehr Hamburg<br>Postfach 70 08 22<br>D-22039 Hamburg<\/p>\n\n\n\n<p><strong>Besucheranschrift:<\/strong><br>Helmut-Schmidt-Universit\u00e4t\/Universit\u00e4t der Bundeswehr Hamburg<br>Fakult\u00e4t f\u00fcr Wirtschafts- und Sozialwissenschaften<br><abbr title=\"Betriebswirtschaftslehre\">BWL<\/abbr>, <abbr title=\"insbesondere\">insb.<\/abbr> Beschaffung und Produktion<br>Friedrich-Ebert-Damm 245<br>D-22159 Hamburg<\/p>\n<\/details>\n\n\n<\/p>\n<\/div>\n\n\n<hr class=\"wp-block-separator has-alpha-channel-opacity\" \/>\n\n\n<div class=\"background-grey\">\n\n\n<h2 class=\"wp-block-heading\"><strong>Wissenschaftliche Mitarbeiter:innen<\/strong><\/h2>\n\n\n\n<h4 class=\"wp-block-heading\">M. Sc. Hendrik Schanz<\/h4>\n\n\n\n<div class=\"wp-block-columns is-layout-flex wp-container-core-columns-is-layout-9d6595d7 wp-block-columns-is-layout-flex\">\n<div class=\"wp-block-column is-layout-flow wp-block-column-is-layout-flow\" style=\"flex-basis:150px\">\n<figure class=\"wp-block-image size-large is-resized\"><a href=\"https:\/\/www.hsu-hh.de\/bp\/m-sc-hendrik-schanz\/\"><img loading=\"lazy\" decoding=\"async\" width=\"683\" height=\"1024\" src=\"https:\/\/www.hsu-hh.de\/bp\/wp-content\/uploads\/sites\/829\/2023\/09\/Bewerbungsbild-11-Mai-2016_1481-683x1024.jpg\" data-credit=\"Hendrik Schanz\" alt=\"\" class=\"wp-image-2570\" style=\"width:150px\" srcset=\"https:\/\/www.hsu-hh.de\/bp\/wp-content\/uploads\/sites\/829\/2023\/09\/Bewerbungsbild-11-Mai-2016_1481-683x1024.jpg 683w, https:\/\/www.hsu-hh.de\/bp\/wp-content\/uploads\/sites\/829\/2023\/09\/Bewerbungsbild-11-Mai-2016_1481-200x300.jpg 200w, https:\/\/www.hsu-hh.de\/bp\/wp-content\/uploads\/sites\/829\/2023\/09\/Bewerbungsbild-11-Mai-2016_1481-768x1152.jpg 768w, https:\/\/www.hsu-hh.de\/bp\/wp-content\/uploads\/sites\/829\/2023\/09\/Bewerbungsbild-11-Mai-2016_1481-1024x1536.jpg 1024w, https:\/\/www.hsu-hh.de\/bp\/wp-content\/uploads\/sites\/829\/2023\/09\/Bewerbungsbild-11-Mai-2016_1481-1365x2048.jpg 1365w, https:\/\/www.hsu-hh.de\/bp\/wp-content\/uploads\/sites\/829\/2023\/09\/Bewerbungsbild-11-Mai-2016_1481-1100x1650.jpg 1100w, https:\/\/www.hsu-hh.de\/bp\/wp-content\/uploads\/sites\/829\/2023\/09\/Bewerbungsbild-11-Mai-2016_1481-scaled.jpg 1706w\" sizes=\"auto, (max-width: 683px) 100vw, 683px\" \/><\/a><\/figure>\n<\/div>\n\n\n\n<div class=\"wp-block-column is-layout-flow wp-block-column-is-layout-flow\">\n<p><strong>Au\u00dfengeb\u00e4ude:<\/strong>&nbsp;Campus Nord (Geb\u00e4ude der Deutschen Rentenversicherung Nord)<br><strong>Raum:<\/strong> 2E 109<\/p>\n\n\n\n<p><strong>E-Mail:<\/strong> <a href=\"mailto:hendrik.schanz@hsu-hh.de\" rel='nofollow'>hendrik.schanz@hsu-hh.de<\/a><br><strong>Telefon:<\/strong> +49 (0)40 6541 4571<\/p>\n\n\n\n<p><strong>Sprechstunde:<\/strong>&nbsp;nach Vereinbarung per E-Mail<\/p>\n<\/div>\n<\/div>\n\n\n\n<details class=\"wp-block-details is-layout-flow wp-block-details-is-layout-flow\"><summary>Kontaktinformationen<\/summary>\n<p><\/p>\n\n\n\n<p><strong>Postanschrift:<\/strong><br>Helmut-Schmidt-Universit\u00e4t\/Universit\u00e4t der Bundeswehr Hamburg<br>Fakult\u00e4t f\u00fcr Wirtschafts- und Sozialwissenschaften<br><abbr title=\"Betriebswirtschaftslehre\">BWL<\/abbr>, <abbr title=\"insbesondere\">insb.<\/abbr> Beschaffung und Produktion<br>Postfach 70 08 22<br>D-22039 Hamburg<\/p>\n\n\n\n<p><strong>Besucheranschrift Au\u00dfengeb\u00e4ude:<\/strong><br>Helmut-Schmidt-Universit\u00e4t\/Universit\u00e4t der Bundeswehr Hamburg<br>Fakult\u00e4t f\u00fcr Wirtschafts- und Sozialwissenschaften<br><abbr title=\"Betriebswirtschaftslehre\">BWL<\/abbr>, <abbr title=\"insbesondere\">insb.<\/abbr> Beschaffung und Produktion<br>Friedrich-Ebert-Damm 245<br>D-22159 Hamburg<\/p>\n<\/details>\n\n\n\n<h4 class=\"wp-block-heading\">M. Sc. Lara Nehrke<\/h4>\n\n\n\n<div class=\"wp-block-columns is-layout-flex wp-container-core-columns-is-layout-9d6595d7 wp-block-columns-is-layout-flex\">\n<div class=\"wp-block-column is-layout-flow wp-block-column-is-layout-flow\" style=\"flex-basis:150px\">\n<figure class=\"wp-block-image size-full is-resized\"><a href=\"https:\/\/www.hsu-hh.de\/bp\/m-sc-lara-nehrke\/\"><img loading=\"lazy\" decoding=\"async\" width=\"371\" height=\"558\" src=\"https:\/\/www.hsu-hh.de\/bp\/wp-content\/uploads\/sites\/829\/2024\/04\/Nehrke-Foto-SW-e1712243951313.jpg\" data-credit=\"Lara Nehrke\" alt=\"\" class=\"wp-image-2718\" style=\"width:150px\" \/><\/a><\/figure>\n<\/div>\n\n\n\n<div class=\"wp-block-column is-layout-flow wp-block-column-is-layout-flow\">\n<p><strong>Au\u00dfengeb\u00e4ude:<\/strong>&nbsp;Campus Nord (Geb\u00e4ude der Deutschen Rentenversicherung Nord)<br><strong>Raum:<\/strong> 2E 107<\/p>\n\n\n\n<p><strong>E-Mail:<\/strong> <a href=\"mailto:lara.nehrke@hsu-hh.de\" rel='nofollow'>lara.nehrke@hsu-hh.de<\/a><br><strong>Telefon:<\/strong> +49 (0)40 6541 4570<\/p>\n\n\n\n<p><strong>Sprechstunde:<\/strong>&nbsp;nach Vereinbarung per E-Mail<\/p>\n<\/div>\n<\/div>\n\n\n\n<details class=\"wp-block-details is-layout-flow wp-block-details-is-layout-flow\"><summary>Kontaktinformationen<\/summary>\n<p><\/p>\n\n\n\n<p><strong>Postanschrift:<\/strong><br>Helmut-Schmidt-Universit\u00e4t\/Universit\u00e4t der Bundeswehr Hamburg<br>Fakult\u00e4t f\u00fcr Wirtschafts- und Sozialwissenschaften<br><abbr title=\"Betriebswirtschaftslehre\">BWL<\/abbr>, <abbr title=\"insbesondere\">insb.<\/abbr> Beschaffung und Produktion<br>Postfach 70 08 22<br>D-22039 Hamburg<\/p>\n\n\n\n<p><strong>Besucheranschrift Au\u00dfengeb\u00e4ude:<\/strong><br>Helmut-Schmidt-Universit\u00e4t\/Universit\u00e4t der Bundeswehr Hamburg<br>Fakult\u00e4t f\u00fcr Wirtschafts- und Sozialwissenschaften<br><abbr title=\"Betriebswirtschaftslehre\">BWL<\/abbr>, <abbr title=\"insbesondere\">insb.<\/abbr> Beschaffung und Produktion<br>Friedrich-Ebert-Damm 245<br>D-22159 Hamburg<\/p>\n<\/details>\n\n\n\n<h4 class=\"wp-block-heading\">M. Sc. Juana Pfautsch<\/h4>\n\n\n\n<div class=\"wp-block-columns is-layout-flex wp-container-core-columns-is-layout-9d6595d7 wp-block-columns-is-layout-flex\">\n<div class=\"wp-block-column is-layout-flow wp-block-column-is-layout-flow\" style=\"flex-basis:150px\">\n<figure class=\"wp-block-image size-full is-resized\"><a class=\"\" href=\"https:\/\/www.hsu-hh.de\/bp\/m-sc-juana-pfautsch-2\/\"><img loading=\"lazy\" decoding=\"async\" width=\"371\" height=\"459\" src=\"https:\/\/www.hsu-hh.de\/bp\/wp-content\/uploads\/sites\/829\/2020\/09\/bild_dummy.jpg\" data-credit=\" \" alt=\"Dummy Bild\" class=\"wp-image-231\" style=\"width:150px\" srcset=\"https:\/\/www.hsu-hh.de\/bp\/wp-content\/uploads\/sites\/829\/2020\/09\/bild_dummy.jpg 371w, https:\/\/www.hsu-hh.de\/bp\/wp-content\/uploads\/sites\/829\/2020\/09\/bild_dummy-242x300.jpg 242w\" sizes=\"auto, (max-width: 371px) 100vw, 371px\" \/><\/a><\/figure>\n<\/div>\n\n\n\n<div class=\"wp-block-column is-layout-flow wp-block-column-is-layout-flow\">\n<p><strong>Au\u00dfengeb\u00e4ude:<\/strong>&nbsp;Campus Nord (Geb\u00e4ude der Deutschen Rentenversicherung Nord)<br><strong>Raum:<\/strong> 2E 107<\/p>\n\n\n\n<p><strong>E-Mail:<\/strong> <a href=\"mailto:juana.pfautsch@hsu-hh.de\" rel='nofollow'>juana.pfautsch@hsu-hh.de<\/a><br><strong>Telefon:<\/strong> +49 (0)40 6541 4570<\/p>\n\n\n\n<p><strong>Sprechstunde:<\/strong>&nbsp;nach Vereinbarung per E-Mail<\/p>\n<\/div>\n<\/div>\n\n\n\n<details class=\"wp-block-details is-layout-flow wp-block-details-is-layout-flow\"><summary>Kontaktinformationen<\/summary>\n<p><\/p>\n\n\n\n<p><strong>Postanschrift:<\/strong><br>Helmut-Schmidt-Universit\u00e4t\/Universit\u00e4t der Bundeswehr Hamburg<br>Fakult\u00e4t f\u00fcr Wirtschafts- und Sozialwissenschaften<br><abbr title=\"Betriebswirtschaftslehre\">BWL<\/abbr>, <abbr title=\"insbesondere\">insb.<\/abbr> Beschaffung und Produktion<br>Postfach 70 08 22<br>D-22039 Hamburg<\/p>\n\n\n\n<p><strong>Besucheranschrift Au\u00dfengeb\u00e4ude:<\/strong><br>Helmut-Schmidt-Universit\u00e4t\/Universit\u00e4t der Bundeswehr Hamburg<br>Fakult\u00e4t f\u00fcr Wirtschafts- und Sozialwissenschaften<br><abbr title=\"Betriebswirtschaftslehre\">BWL<\/abbr>, <abbr title=\"insbesondere\">insb.<\/abbr> Beschaffung und Produktion<br>Friedrich-Ebert-Damm 245<br>D-22159 Hamburg<\/p>\n<\/details>\n\n\n\n<h4 class=\"wp-block-heading\">M. Sc. Paula Nicole Kudwin<\/h4>\n\n\n\n<div class=\"wp-block-columns is-layout-flex wp-container-core-columns-is-layout-9d6595d7 wp-block-columns-is-layout-flex\">\n<div class=\"wp-block-column is-layout-flow wp-block-column-is-layout-flow\" style=\"flex-basis:150px\">\n<figure class=\"wp-block-image size-full is-resized\"><a href=\"https:\/\/www.hsu-hh.de\/bp\/en\/m-sc-paula-nicole-kudwin-2\/\"><img loading=\"lazy\" decoding=\"async\" width=\"371\" height=\"459\" src=\"https:\/\/www.hsu-hh.de\/bp\/wp-content\/uploads\/sites\/829\/2020\/09\/bild_dummy.jpg\" data-credit=\" \" alt=\"Dummy Bild\" class=\"wp-image-231\" style=\"width:150px\" srcset=\"https:\/\/www.hsu-hh.de\/bp\/wp-content\/uploads\/sites\/829\/2020\/09\/bild_dummy.jpg 371w, https:\/\/www.hsu-hh.de\/bp\/wp-content\/uploads\/sites\/829\/2020\/09\/bild_dummy-242x300.jpg 242w\" sizes=\"auto, (max-width: 371px) 100vw, 371px\" \/><\/a><\/figure>\n<\/div>\n\n\n\n<div class=\"wp-block-column is-layout-flow wp-block-column-is-layout-flow\">\n<p><strong>Au\u00dfengeb\u00e4ude:<\/strong>&nbsp;Campus Nord (Geb\u00e4ude der Deutschen Rentenversicherung Nord)<br><strong>Raum:<\/strong> 2E 107<\/p>\n\n\n\n<p><strong>E-Mail:<\/strong> <a href=\"mailto:paula.kudwin@hsu-hh.de\" rel='nofollow'>paula.kudwin@hsu-hh.de<\/a><br><strong>Telefon:<\/strong> +49 (0)40 6541 4570<\/p>\n\n\n\n<p><strong>Sprechstunde:<\/strong>&nbsp;nach Vereinbarung per E-Mail<\/p>\n<\/div>\n<\/div>\n\n\n\n<details class=\"wp-block-details is-layout-flow wp-block-details-is-layout-flow\"><summary>Kontaktinformationen<\/summary>\n<p><\/p>\n\n\n\n<p><strong>Postanschrift:<\/strong><br>Helmut-Schmidt-Universit\u00e4t\/Universit\u00e4t der Bundeswehr Hamburg<br>Fakult\u00e4t f\u00fcr Wirtschafts- und Sozialwissenschaften<br><abbr title=\"Betriebswirtschaftslehre\">BWL<\/abbr>, <abbr title=\"insbesondere\">insb.<\/abbr> Beschaffung und Produktion<br>Postfach 70 08 22<br>D-22039 Hamburg<\/p>\n\n\n\n<p><strong>Besucheranschrift Au\u00dfengeb\u00e4ude:<\/strong><br>Helmut-Schmidt-Universit\u00e4t\/Universit\u00e4t der Bundeswehr Hamburg<br>Fakult\u00e4t f\u00fcr Wirtschafts- und Sozialwissenschaften<br><abbr title=\"Betriebswirtschaftslehre\">BWL<\/abbr>, <abbr title=\"insbesondere\">insb.<\/abbr> Beschaffung und Produktion<br>Friedrich-Ebert-Damm 245<br>D-22159 Hamburg<\/p>\n<\/details>\n\n\n\n<hr class=\"wp-block-separator has-alpha-channel-opacity\" \/>\n\n\n<div class=\"background-grey\">\n\n\n<h2 class=\"wp-block-heading\"><strong>Wissenschaftliche und soldatische Hilfskr\u00e4fte<\/strong><\/h2>\n\n\n<p>Aktuell sind keine studentischen oder soldatischen Hilfskr\u00e4fte an der Professur t\u00e4tig.<\/p>\n\n\n<hr class=\"wp-block-separator has-alpha-channel-opacity\" \/>\n\n\n<div class=\"background-grey\">\n\n\n<h2 class=\"wp-block-heading\">Ehemalige Mitarbeiter:innen, Alumni<\/h2>\n\n\n\n<ul class=\"wp-block-list\">\n<li><a href=\"https:\/\/www.hsu-hh.de\/bp\/wiedra_de\/\">Hauptmann <abbr title=\"Doktor\">Dr.<\/abbr> Frank Wiedra<\/a> (Wissenschaftlicher Mitarbeiter, 07\/2021-01\/2026<\/li>\n\n\n\n<li>Oberleutnant M. Sc. Christian David (Wissenschaftliche Hilfskraft, 10\/2022-09\/2024<\/li>\n\n\n\n<li>M. Sc. Simon Lux (Wissenschaftlicher Mitarbeiter, 11\/2020-10\/2023<\/li>\n<\/ul>\n\n\n<\/p>\n<\/div>\n\n\n<hr class=\"wp-block-separator has-alpha-channel-opacity\" \/>\n","protected":false},"excerpt":{"rendered":"<p>Im Folgenden stellen wir unser Team vor. Wenn Sie Interesse daran haben, unser Team als wissenschaftliche:r Mitarbeiter:in oder studentische Hilfskraft zu verst\u00e4rken, kontaktieren Sie uns gerne jederzeit (auch ohne konkrete [&hellip;]<\/p>\n","protected":false},"author":26,"featured_media":0,"parent":0,"menu_order":0,"comment_status":"closed","ping_status":"closed","template":"","meta":{"footnotes":""},"categories":[8],"tags":[],"class_list":["post-106","page","type-page","status-publish","hentry","category-team"],"_links":{"self":[{"href":"https:\/\/www.hsu-hh.de\/bp\/wp-json\/wp\/v2\/pages\/106","targetHints":{"allow":["GET"]}}],"collection":[{"href":"https:\/\/www.hsu-hh.de\/bp\/wp-json\/wp\/v2\/pages"}],"about":[{"href":"https:\/\/www.hsu-hh.de\/bp\/wp-json\/wp\/v2\/types\/page"}],"author":[{"embeddable":true,"href":"https:\/\/www.hsu-hh.de\/bp\/wp-json\/wp\/v2\/users\/26"}],"replies":[{"embeddable":true,"href":"https:\/\/www.hsu-hh.de\/bp\/wp-json\/wp\/v2\/comments?post=106"}],"version-history":[{"count":284,"href":"https:\/\/www.hsu-hh.de\/bp\/wp-json\/wp\/v2\/pages\/106\/revisions"}],"predecessor-version":[{"id":3642,"href":"https:\/\/www.hsu-hh.de\/bp\/wp-json\/wp\/v2\/pages\/106\/revisions\/3642"}],"wp:attachment":[{"href":"https:\/\/www.hsu-hh.de\/bp\/wp-json\/wp\/v2\/media?parent=106"}],"wp:term":[{"taxonomy":"category","embeddable":true,"href":"https:\/\/www.hsu-hh.de\/bp\/wp-json\/wp\/v2\/categories?post=106"},{"taxonomy":"post_tag","embeddable":true,"href":"https:\/\/www.hsu-hh.de\/bp\/wp-json\/wp\/v2\/tags?post=106"}],"curies":[{"name":"wp","href":"https:\/\/api.w.org\/{rel}","templated":true}]}}