{"id":73,"date":"2017-07-03T15:52:08","date_gmt":"2017-07-03T13:52:08","guid":{"rendered":"https:\/\/www.hsu-hh.de\/biw\/?page_id=73"},"modified":"2025-01-20T21:15:26","modified_gmt":"2025-01-20T20:15:26","slug":"startseite","status":"publish","type":"page","link":"https:\/\/www.hsu-hh.de\/biw\/","title":{"rendered":"Bauingenieurwesen"},"content":{"rendered":"\n<p>Das Bauingenieurwesen ist seit 2018 in der Fakult\u00e4t f\u00fcr Maschinenbau und Bauingenieurwesen an der Helmut-Schmidt-Universit\u00e4t \/ Universit\u00e4t der Bundeswehr Hamburg angesiedelt.<\/p>\n\n\n\n<p>Das Bauingenieurwesen, oder im englischen Civil Engineering, befasst sich neben der Errichtung von Hochbauwerken u. a. auch mit Bauwerken des Tiefbaus (z.\u00a0B. Tunnelbauwerke und Baugrubenverbauten). Zus\u00e4tzliche Arbeitsschwerpunkte finden sich im Bereich der Infrastruktur (Verkehrswege, Verkehrsplanung, Wasserstra\u00dfen, Wasserversorgung- und Entsorgung, <abbr title=\"et cetera\">etc.<\/abbr>) sowie der Umwelttechnik. Schlussfolgernd befassen sich Bauingenieure\/innen mit allem was um den Menschen herum in der Umwelt errichtet wird. Dabei existieren zahlreiche Ankn\u00fcpfungspunkte auch mit dem Maschinenbau (z. B. Turbinen von Wasserkraftanlagen, Rollbahnen von Flugh\u00e4fen) und den Naturwissenschaften. Die Helmut-Schmidt-Universit\u00e4t Hamburg \/ Universit\u00e4t der Bundeswehr ist die einzige Universit\u00e4t in Deutschland, die diese Zusammengeh\u00f6rigkeit innerhalb der Fakult\u00e4t zum Ausdruck bringt.<\/p>\n\n\n\n<p>Die Fakult\u00e4t beteiligt sich an der nationalen Gremienarbeit und ist beispielsweise Mitglied im Fakult\u00e4tentag f\u00fcr Bauingenieurwesen,<br>Geod\u00e4sie und Umweltingenieurwesen e.V.<\/p>\n\n\n\n<p>\u00dcber das breite Aufgabenspektrum definieren sich typische Arbeitgeber\/innen:<\/p>\n\n\n\n<ul class=\"wp-block-list\">\n<li>Beh\u00f6rden, Kommunen, Ministerien<\/li>\n\n\n\n<li>Ingenieurb\u00fcros<\/li>\n\n\n\n<li>Bauindustrie<\/li>\n\n\n\n<li>Bundeswehr (z. B. Pioniertruppe)<\/li>\n<\/ul>\n\n\n\n<p>Ein Anstellung erfolgt dabei zumeist in den Bereichen:<\/p>\n\n\n\n<ul class=\"wp-block-list\">\n<li>Planung (z. B. Statik)<\/li>\n\n\n\n<li>Ausf\u00fchrung (z. B. Bauleitung)<\/li>\n<\/ul>\n\n\n\n<p>Typische Aufgabengebiete orientieren sich an den Leistungsphasen der HOAI: <\/p>\n\n\n\n<ul class=\"wp-block-list\">\n<li>Aufstellung und Berechnung statischer Systeme<\/li>\n\n\n\n<li>grundst\u00e4ndige Planungsarbeiten<\/li>\n\n\n\n<li>\u00dcberwachung und Instandhaltungsaufgaben<\/li>\n\n\n\n<li>Bauleitung<\/li>\n\n\n\n<li>und vieles mehr\u00a0<\/li>\n<\/ul>\n\n\n\n<p>F\u00fcr Fragen rund um das Bauingenieurwesen k\u00f6nnen Sie sich gerne an den <a href=\"https:\/\/www.hsu-hh.de\/mb\/kontakt\">Dekan<\/a> oder <a href=\"https:\/\/www.hsu-hh.de\/mb\/kontakt\">Studiendekan<\/a> wenden.<\/p>\n","protected":false},"excerpt":{"rendered":"<p>Das Bauingenieurwesen ist seit 2018 in der Fakult\u00e4t f\u00fcr Maschinenbau und Bauingenieurwesen an der Helmut-Schmidt-Universit\u00e4t \/ Universit\u00e4t der Bundeswehr Hamburg angesiedelt. Das Bauingenieurwesen, oder im englischen Civil Engineering, befasst sich [&hellip;]<\/p>\n","protected":false},"author":26,"featured_media":0,"parent":0,"menu_order":0,"comment_status":"closed","ping_status":"closed","template":"","meta":{"footnotes":""},"categories":[35],"tags":[],"class_list":["post-73","page","type-page","status-publish","hentry","category-startseite"],"_links":{"self":[{"href":"https:\/\/www.hsu-hh.de\/biw\/wp-json\/wp\/v2\/pages\/73","targetHints":{"allow":["GET"]}}],"collection":[{"href":"https:\/\/www.hsu-hh.de\/biw\/wp-json\/wp\/v2\/pages"}],"about":[{"href":"https:\/\/www.hsu-hh.de\/biw\/wp-json\/wp\/v2\/types\/page"}],"author":[{"embeddable":true,"href":"https:\/\/www.hsu-hh.de\/biw\/wp-json\/wp\/v2\/users\/26"}],"replies":[{"embeddable":true,"href":"https:\/\/www.hsu-hh.de\/biw\/wp-json\/wp\/v2\/comments?post=73"}],"version-history":[{"count":10,"href":"https:\/\/www.hsu-hh.de\/biw\/wp-json\/wp\/v2\/pages\/73\/revisions"}],"predecessor-version":[{"id":197,"href":"https:\/\/www.hsu-hh.de\/biw\/wp-json\/wp\/v2\/pages\/73\/revisions\/197"}],"wp:attachment":[{"href":"https:\/\/www.hsu-hh.de\/biw\/wp-json\/wp\/v2\/media?parent=73"}],"wp:term":[{"taxonomy":"category","embeddable":true,"href":"https:\/\/www.hsu-hh.de\/biw\/wp-json\/wp\/v2\/categories?post=73"},{"taxonomy":"post_tag","embeddable":true,"href":"https:\/\/www.hsu-hh.de\/biw\/wp-json\/wp\/v2\/tags?post=73"}],"curies":[{"name":"wp","href":"https:\/\/api.w.org\/{rel}","templated":true}]}}