{"id":112,"date":"2018-01-17T14:06:36","date_gmt":"2018-01-17T13:06:36","guid":{"rendered":"https:\/\/www.hsu-hh.de\/biw\/?page_id=112"},"modified":"2025-01-20T21:17:25","modified_gmt":"2025-01-20T20:17:25","slug":"forschung","status":"publish","type":"page","link":"https:\/\/www.hsu-hh.de\/biw\/forschung\/","title":{"rendered":"Forschung"},"content":{"rendered":"\n<p>Die Professuren im Bauingenieurwesen forschen zumeist interdisziplin\u00e4r. Dabei sind die klassischen Drittmittelgeber die DFG, das <abbr title=\"Bundesministerium f\u00fcr Bildung und Forschung\">BMBF<\/abbr> und auch das BMVg. Der Gro\u00dfteil der eingeworbenen Forschungsgelder ist im Bereich ziviler Forschungsprojekte angesiedelt. Die Professuren beteiligen sich zudem in zahlreichen Projekten im <a href=\"https:\/\/dtecbw.de\/home\/hsu-unibw-h\/\" target=\"_blank\" rel=\"noreferrer noopener\">dtec.bw<\/a>. Die herausragende Laborinfrastruktur in Glinde erm\u00f6glicht neben der Grundlagenforschung die Durchf\u00fchrung von Auftrags- und Industrieforschung. Auf 5.000 m\u00b2 wurden Labore im Bereich Geotechnik, Hydromechanik, Konstruktionswerkstoffe, Massivbau, Wasserbau, Stahlbau sowie Statik und Dynamik von Grund auf neu errichtet. Messtechnik auf dem neuesten Stand der Technik erm\u00f6glicht die Bearbeitung aktueller Forschungsprojekte. Eine integrierte Schlosserei sowie Elektrowerkstatt unterst\u00fctzt die Professuren bei der Ausgestaltung der Forschungsvorhaben.<\/p>\n\n\n\n<figure class=\"wp-block-image size-large\"><img loading=\"lazy\" decoding=\"async\" width=\"1024\" height=\"362\" src=\"https:\/\/www.hsu-hh.de\/biw\/wp-content\/uploads\/sites\/932\/2024\/09\/Glinde2-1024x362.jpg\" data-credit=\"M. Oertel\" alt=\"\" class=\"wp-image-180\" srcset=\"https:\/\/www.hsu-hh.de\/biw\/wp-content\/uploads\/sites\/932\/2024\/09\/Glinde2-1024x362.jpg 1024w, https:\/\/www.hsu-hh.de\/biw\/wp-content\/uploads\/sites\/932\/2024\/09\/Glinde2-300x106.jpg 300w, https:\/\/www.hsu-hh.de\/biw\/wp-content\/uploads\/sites\/932\/2024\/09\/Glinde2-768x271.jpg 768w, https:\/\/www.hsu-hh.de\/biw\/wp-content\/uploads\/sites\/932\/2024\/09\/Glinde2-1536x543.jpg 1536w, https:\/\/www.hsu-hh.de\/biw\/wp-content\/uploads\/sites\/932\/2024\/09\/Glinde2-1100x389.jpg 1100w, https:\/\/www.hsu-hh.de\/biw\/wp-content\/uploads\/sites\/932\/2024\/09\/Glinde2.jpg 2000w\" sizes=\"auto, (max-width: 1024px) 100vw, 1024px\" \/><\/figure>\n\n\n\n<p>Details zu Forschungsarbeiten und aktuellen Forschungsprojekten der einzelnen Professuren sind auf den jeweiligen Seiten der Professuren angegeben. Ein genereller \u00dcberblick \u00fcber die Forschung an der Universit\u00e4t ist unter <a href=\"https:\/\/www.hsu-hh.de\/forschung\/\">https:\/\/www.hsu-hh.de\/forschung\/<\/a> hinterlegt.<\/p>\n","protected":false},"excerpt":{"rendered":"<p>Die Professuren im Bauingenieurwesen forschen zumeist interdisziplin\u00e4r. Dabei sind die klassischen Drittmittelgeber die DFG, das BMBF und auch das BMVg. Der Gro\u00dfteil der eingeworbenen Forschungsgelder ist im Bereich ziviler Forschungsprojekte [&hellip;]<\/p>\n","protected":false},"author":26,"featured_media":0,"parent":0,"menu_order":0,"comment_status":"closed","ping_status":"closed","template":"","meta":{"footnotes":""},"categories":[4],"tags":[],"class_list":["post-112","page","type-page","status-publish","hentry","category-forschung"],"_links":{"self":[{"href":"https:\/\/www.hsu-hh.de\/biw\/wp-json\/wp\/v2\/pages\/112","targetHints":{"allow":["GET"]}}],"collection":[{"href":"https:\/\/www.hsu-hh.de\/biw\/wp-json\/wp\/v2\/pages"}],"about":[{"href":"https:\/\/www.hsu-hh.de\/biw\/wp-json\/wp\/v2\/types\/page"}],"author":[{"embeddable":true,"href":"https:\/\/www.hsu-hh.de\/biw\/wp-json\/wp\/v2\/users\/26"}],"replies":[{"embeddable":true,"href":"https:\/\/www.hsu-hh.de\/biw\/wp-json\/wp\/v2\/comments?post=112"}],"version-history":[{"count":5,"href":"https:\/\/www.hsu-hh.de\/biw\/wp-json\/wp\/v2\/pages\/112\/revisions"}],"predecessor-version":[{"id":198,"href":"https:\/\/www.hsu-hh.de\/biw\/wp-json\/wp\/v2\/pages\/112\/revisions\/198"}],"wp:attachment":[{"href":"https:\/\/www.hsu-hh.de\/biw\/wp-json\/wp\/v2\/media?parent=112"}],"wp:term":[{"taxonomy":"category","embeddable":true,"href":"https:\/\/www.hsu-hh.de\/biw\/wp-json\/wp\/v2\/categories?post=112"},{"taxonomy":"post_tag","embeddable":true,"href":"https:\/\/www.hsu-hh.de\/biw\/wp-json\/wp\/v2\/tags?post=112"}],"curies":[{"name":"wp","href":"https:\/\/api.w.org\/{rel}","templated":true}]}}