{"id":73,"date":"2017-07-03T15:52:08","date_gmt":"2017-07-03T13:52:08","guid":{"rendered":"https:\/\/www.hsu-hh.de\/vorlage\/?page_id=73"},"modified":"2018-02-10T17:37:32","modified_gmt":"2018-02-10T16:37:32","slug":"startseite","status":"publish","type":"page","link":"https:\/\/www.hsu-hh.de\/bidrge\/","title":{"rendered":"Bildung, Differenz und plurale Gesellschaften"},"content":{"rendered":"<h2><\/h2>\n<p>Der Forschungsschwerpunkt untersucht den Zusammenhang von Bildung, Differenz und pluralen Gesellschaften. Dabei werden mehrere Perspektiven in Anschlag gebracht und eine Vielzahl von Theorien und Formen empirischer Daten miteinander kombiniert.<\/p>\n<p>&nbsp;<\/p>\n<p>Bildung wird in dem Forschungsschwerpunkt einerseits als Prozess verstanden, der Differenzerfahrungen in pluralen Gesellschaften durch die Hervorbringung neuer Deutungs- und Wirkungsmuster zu verarbeiten hilft. Da plurale Gesellschaften sich einer Vereinheitlichung widersetzen, erweist sich Differenz als charakteristischer Bildungsgrund f\u00fcr individuelle und kollektive Akteure.<\/p>\n<p>Andererseits wird Bildung als \u201aProdukt\u2018 und Resultat sozialer, institutioneller und organisationaler Praktiken verstanden. Hier lassen sich erstens grundlegende Ver\u00e4nderungen im Zusammenhang einer umfassenden Transformation von nationalstaatlicher Macht, Politik, \u00d6konomie und sozialen R\u00e4umen beobachten: Dazu z\u00e4hlt neben neuen privaten und transnationalen Akteuren (<abbr title=\"zum Beispiel\">z.B.<\/abbr> OECD) insbesondere die \u00d6konomisierung von Bildung, wie sie sich in neuen bildungspolitischen Steuerungsformen, Vermarktlichung und der verst\u00e4rkten Privatisierung im Bildungsbereich niederschl\u00e4gt. Zudem ist ein Wandel von Bildung durch Technologisierung und Digitalisierung (Stichwort: \u201abig data\u2018) zu registrieren, der zu ver\u00e4nderten Formaten von Wissen, Kommunikation, Vermittlungs- und Aneignungsformen f\u00fchrt.<\/p>\n<p>Nicht nur diese Aspekte gesellschaftlichen Wandels, sondern auch die internationale Migration stehen im Blickpunkt des Forschungsschwerpunkts. Es geht hier um den Beitrag der Institutionen und Organisationen des Bildungssystems an der Verfestigung oder Aufhebung von sozialer (nicht nur migrationsbedingter) Ungleichheit. Dabei werden neben der Analyse dieser Prozesse auch politische und p\u00e4dagogische Programmatiken und Konzepte diskutiert, die geeignet dazu sind, Bildungsprozesse im Kontext von Migration in einem menschenrechtlichen und demokratischen Verst\u00e4ndnis zu gestalten und die beteiligten Akteure f\u00fcr Rassismus <abbr title=\"unter anderem\">u.a.<\/abbr> Formen der Diskriminierung zu sensibilisieren und zur demokratischen Teilhabe zu bef\u00e4higen.<\/p>\n<p>Der Zusammenhang von Bildung und Differenz wird in dem Forschungsschwerpunkt indes nicht nur in Bezug auf die Bundesrepublik thematisiert, sondern dezidiert im Vergleich unterschiedlicher Gesellschaften. Im synchronen Vergleich geht es <abbr title=\"unter anderem\">u.a.<\/abbr> um den Wandel, den der \u00f6ffentliche Bildungssektor seit dem letzten Drittel des 20. Jahrhunderts im Kontext von Globalisierung, Internationalisierung und Transnationalisierung erf\u00e4hrt. In diachroner, historischer Hinsicht geht es um die Frage, wie und mit welchen Kategorien in fr\u00fcheren Gesellschaften, insbesondere seit dem 18. Jahrhundert, Pluralit\u00e4t bestimmt und bewertet wurde. Herauszuarbeiten ist nicht nur, welche Bedeutung soziale, kulturelle, ethnische oder geschlechtsspezifische Differenzen f\u00fcr Bildungsprozesse hatten, sondern auch, wie mit der Entstehung eines Bildungssystems Differenz erst erzeugt und bearbeitet wurde. Genese und Wandel sowie diskursive Rechtfertigungen von Institutionen und Organisationen, die diese Prozesse regeln, werden hierbei einer historischen Rekonstruktion unterzogen. Institutionen beherbergen unterschiedliche Wissens- und Praxisformen. Hier gilt die Frage den Effekten, die diese im Hinblick auf die Erzeugung von Differenz im Rahmen umfassender Subjektivierungsprozesse hervorbringen.<\/p>\n<p>Wenngleich der Forschungsschwerpunkt \u201aBildung\u2018 fokussiert, f\u00f6rdert er doch einen umfassenden Blick auf p\u00e4dagogische Grundprozesse, indem er den Bildungsbegriff stets in einen Zusammenhang mit anderen p\u00e4dagogischen Grundbegriffen (Erziehung, Lernen, Sozialisation) stellt, ihn aber von diesen auch abgrenzt und die Begriffe jeweils in ihrer historisch entwickelten Semantik bestimmt.<\/p>\n<p>&nbsp;<\/p>\n<p>&nbsp;<\/p>\n<h3>Mitglieder des Forschungsschwerpunkts<\/h3>\n<p><a href=\"https:\/\/web.hsu-hh.de\/fak\/geiso\/fach\/pae-idg\" rel='nofollow'>Prof. <abbr title=\"Doktor\">Dr.<\/abbr> Esther Berner<\/a><\/p>\n<p><a href=\"https:\/\/web.hsu-hh.de\/fak\/geiso\/fach\/pae-ivb\" rel='nofollow'>Prof. <abbr title=\"Doktor\">Dr.<\/abbr> Mechtild Gomolla<\/a><\/p>\n<p><a href=\"https:\/\/web.hsu-hh.de\/fak\/geiso\/fach\/pae-his\" rel='nofollow'>Prof. <abbr title=\"Doktor\">Dr.<\/abbr> Carola Groppe<\/a><\/p>\n<p><a href=\"https:\/\/web.hsu-hh.de\/fak\/geiso\/fach\/pae-ggb\" rel='nofollow'>Prof. <abbr title=\"Doktor\">Dr.<\/abbr> Thomas H\u00f6hne<\/a><\/p>\n<p><a href=\"http:\/\/www.nohl.name\" rel='nofollow'>Prof. <abbr title=\"Doktor\">Dr.<\/abbr> Arnd-Michael Nohl<\/a><\/p>\n<p><a href=\"https:\/\/web.hsu-hh.de\/fak\/geiso\/fach\/pae-bsp\" rel='nofollow'>Prof. <abbr title=\"Doktor\">Dr.<\/abbr> Olaf Sanders<\/a><\/p>\n<p>&nbsp;<\/p>\n<p>&nbsp;<\/p>\n<h3>Laufende Projekte des Forschungsschwerpunkts<\/h3>\n<p><a href=\"https:\/\/www.hsu-hh.de\/bidrge\/bildungsdatenmanagement-neue-wissens-interdependenz-und-einflussstrukturen-im-kontext-der-digitalisierung-von-educational-governance\/\">Bildungsdatenmanagement \u2013 Neue Wissens-, Interdependenz- und Einflussstrukturen im Kontext der Digitalisierung von Educational Governance<\/a><\/p>\n<p><a href=\"https:\/\/www.hsu-hh.de\/bidrge\/glossar-zur-oekonomisierung-von-bildung\/\">Glossar zur \u00d6konomisierung von Bildung<\/a><\/p>\n<p><a href=\"https:\/\/www.hsu-hh.de\/bidrge\/im-deutschen-kaiserreich-eine-bildungsgeschichte-von-1871-bis-1918\/\">Im deutschen Kaiserreich \u2013 Eine Bildungsgeschichte von 1871 bis 1918<\/a><\/p>\n<p><a href=\"http:\/\/www.hsu-hh.de\/bidrge\/die-preussischen-reformer-eine-bildungshistorische-kollektivbiographie\/\">Die preu\u00dfischen Reformer \u2013 Eine bildungshistorische Kollektivbiographie<\/a><\/p>\n<p>&nbsp;<\/p>\n<p>&nbsp;<\/p>\n<h3>Abgeschlossene Projekte des Forschungsschwerpunkts<\/h3>\n<p><a href=\"https:\/\/www.hsu-hh.de\/bidrge\/kulturelles-kapital-in-der-migration\/\">Kulturelles Kapital in der Migration<\/a><\/p>\n<p><a href=\"https:\/\/www.hsu-hh.de\/bidrge\/diasporic-news-production\/\">Diasporic News Production<\/a><\/p>\n<p><a href=\"https:\/\/www.hsu-hh.de\/bidrge\/lernorientierungen-diesseits-und-jenseits-des-bildungsprozesses-der-biographisch-kontextuierte-aufbau-von-wissen-und-koennen\/\">Lernorientierungen diesseits und jenseits des Bildungsprozesses: Der biographisch kontextuierte Aufbau von Wissen und K\u00f6nnen<\/a><\/p>\n<p><a href=\"https:\/\/www.hsu-hh.de\/bidrge\/bildung-und-sozialer-wandel-zur-dynamik-zwischen-staatlichen-bildungsorganisationen-u-sozialen-milieus-am-beispiel-der-tuerkischen-curriculumsreform\/\">Bildung und sozialer Wandel: Zur Dynamik zwischen staatlichen Bildungsorganisationen u. sozialen Milieus am Beispiel der t\u00fcrkischen Curriculumsreform<\/a><\/p>\n<p><a href=\"http:\/\/www.hsu-hh.de\/bidrge\/bildung-transformation-und-tradierung\/\">Bildung \u2013 Transformation und Tradierung im Zusammenhang von Individualit\u00e4t und Kollektivit\u00e4t<\/a><\/p>\n","protected":false},"excerpt":{"rendered":"<p>Der Forschungsschwerpunkt untersucht den Zusammenhang von Bildung, Differenz und pluralen Gesellschaften. Dabei werden mehrere Perspektiven in Anschlag gebracht und eine Vielzahl von Theorien und Formen empirischer Daten miteinander kombiniert. &nbsp; [&hellip;]<\/p>\n","protected":false},"author":26,"featured_media":0,"parent":0,"menu_order":0,"comment_status":"closed","ping_status":"closed","template":"","meta":{"footnotes":""},"categories":[35],"tags":[],"class_list":["post-73","page","type-page","status-publish","hentry","category-startseite"],"_links":{"self":[{"href":"https:\/\/www.hsu-hh.de\/bidrge\/wp-json\/wp\/v2\/pages\/73","targetHints":{"allow":["GET"]}}],"collection":[{"href":"https:\/\/www.hsu-hh.de\/bidrge\/wp-json\/wp\/v2\/pages"}],"about":[{"href":"https:\/\/www.hsu-hh.de\/bidrge\/wp-json\/wp\/v2\/types\/page"}],"author":[{"embeddable":true,"href":"https:\/\/www.hsu-hh.de\/bidrge\/wp-json\/wp\/v2\/users\/26"}],"replies":[{"embeddable":true,"href":"https:\/\/www.hsu-hh.de\/bidrge\/wp-json\/wp\/v2\/comments?post=73"}],"version-history":[{"count":23,"href":"https:\/\/www.hsu-hh.de\/bidrge\/wp-json\/wp\/v2\/pages\/73\/revisions"}],"predecessor-version":[{"id":198,"href":"https:\/\/www.hsu-hh.de\/bidrge\/wp-json\/wp\/v2\/pages\/73\/revisions\/198"}],"wp:attachment":[{"href":"https:\/\/www.hsu-hh.de\/bidrge\/wp-json\/wp\/v2\/media?parent=73"}],"wp:term":[{"taxonomy":"category","embeddable":true,"href":"https:\/\/www.hsu-hh.de\/bidrge\/wp-json\/wp\/v2\/categories?post=73"},{"taxonomy":"post_tag","embeddable":true,"href":"https:\/\/www.hsu-hh.de\/bidrge\/wp-json\/wp\/v2\/tags?post=73"}],"curies":[{"name":"wp","href":"https:\/\/api.w.org\/{rel}","templated":true}]}}