{"id":154,"date":"2018-02-09T11:24:12","date_gmt":"2018-02-09T10:24:12","guid":{"rendered":"https:\/\/www.hsu-hh.de\/bidrge\/?page_id=154"},"modified":"2018-02-09T11:24:12","modified_gmt":"2018-02-09T10:24:12","slug":"glossar-zur-oekonomisierung-von-bildung","status":"publish","type":"page","link":"https:\/\/www.hsu-hh.de\/bidrge\/glossar-zur-oekonomisierung-von-bildung\/","title":{"rendered":"Glossar zur \u00d6konomisierung von Bildung"},"content":{"rendered":"<p>Laufendes Online-Projekt seit 2013<\/p>\n<p>Projektleitung: Prof. <abbr title=\"Doktor\">Dr.<\/abbr> Thomas H\u00f6hne<\/p>\n<p><strong>Zusammenfassung des Projektberichts:<\/strong><\/p>\n<p>Der \u00d6konomisierung von Bildung, also der Expansion <abbr title=\"beziehungsweise\">bzw.<\/abbr> Adaption verst\u00e4rkt \u00f6konomischer Formen von Wissen, Diskursen und Handlungslogiken im Bildungsbereich wird seit einigen Jahren eine erh\u00f6hte wissenschaftliche Aufmerksamkeit zuteil. Dieses \u00e4u\u00dfert sich in einem mittlerweile auch international st\u00e4rker werdenden Diskurs, der\u00a0 kritisch die einschl\u00e4gigen Ma\u00dfnahmen und Instrumente von \u00d6konomisierung beleuchtet. Dazu z\u00e4hlen <abbr title=\"unter anderem\">u.a.<\/abbr> Privatisierung, Quasi-M\u00e4rkte, Managerialisierung, Evaluation, Bildungsstandards, Monitoring, Output-Orientierung, Neue Institutionen\u00f6konomie, Bildung\u00f6konomie <abbr title=\"und so weiter\">usw.<\/abbr> Zu einzelnen relevanten Stichworten des Diskurses wird in den einzelnen Beitr\u00e4gen des Online-Glossars zun\u00e4chst grundlegende Erl\u00e4uterungen zum jeweiligen Begriff vorgenommen sowie die Effekte f\u00fcr Bildung mit Blick auf \u00d6konomisierung dargestellt und kritisch bewertet.<\/p>\n","protected":false},"excerpt":{"rendered":"<p>Laufendes Online-Projekt seit 2013 Projektleitung: Prof. Dr. Thomas H\u00f6hne Zusammenfassung des Projektberichts: Der \u00d6konomisierung von Bildung, also der Expansion bzw. Adaption verst\u00e4rkt \u00f6konomischer Formen von Wissen, Diskursen und Handlungslogiken im [&hellip;]<\/p>\n","protected":false},"author":159,"featured_media":0,"parent":0,"menu_order":0,"comment_status":"closed","ping_status":"closed","template":"","meta":{"footnotes":""},"categories":[4],"tags":[41],"class_list":["post-154","page","type-page","status-publish","hentry","category-forschung","tag-nohl"],"_links":{"self":[{"href":"https:\/\/www.hsu-hh.de\/bidrge\/wp-json\/wp\/v2\/pages\/154","targetHints":{"allow":["GET"]}}],"collection":[{"href":"https:\/\/www.hsu-hh.de\/bidrge\/wp-json\/wp\/v2\/pages"}],"about":[{"href":"https:\/\/www.hsu-hh.de\/bidrge\/wp-json\/wp\/v2\/types\/page"}],"author":[{"embeddable":true,"href":"https:\/\/www.hsu-hh.de\/bidrge\/wp-json\/wp\/v2\/users\/159"}],"replies":[{"embeddable":true,"href":"https:\/\/www.hsu-hh.de\/bidrge\/wp-json\/wp\/v2\/comments?post=154"}],"version-history":[{"count":3,"href":"https:\/\/www.hsu-hh.de\/bidrge\/wp-json\/wp\/v2\/pages\/154\/revisions"}],"predecessor-version":[{"id":157,"href":"https:\/\/www.hsu-hh.de\/bidrge\/wp-json\/wp\/v2\/pages\/154\/revisions\/157"}],"wp:attachment":[{"href":"https:\/\/www.hsu-hh.de\/bidrge\/wp-json\/wp\/v2\/media?parent=154"}],"wp:term":[{"taxonomy":"category","embeddable":true,"href":"https:\/\/www.hsu-hh.de\/bidrge\/wp-json\/wp\/v2\/categories?post=154"},{"taxonomy":"post_tag","embeddable":true,"href":"https:\/\/www.hsu-hh.de\/bidrge\/wp-json\/wp\/v2\/tags?post=154"}],"curies":[{"name":"wp","href":"https:\/\/api.w.org\/{rel}","templated":true}]}}