{"id":9,"date":"2016-06-07T18:09:30","date_gmt":"2016-06-07T16:09:30","guid":{"rendered":"https:\/\/webbox.hsu-hh.de\/vorlage\/?page_id=9"},"modified":"2023-07-13T07:26:26","modified_gmt":"2023-07-13T05:26:26","slug":"impressum","status":"publish","type":"page","link":"https:\/\/www.hsu-hh.de\/bgm\/impressum","title":{"rendered":"Impressum"},"content":{"rendered":"\n<div style=\"height:55px\" aria-hidden=\"true\" class=\"wp-block-spacer\"><\/div>\n\n\n\n<h2 class=\"wp-block-heading\">Angaben gem. \u00a7 5 Telemediengesetz<\/h2>\n\n\n\n<p><strong>Herausgeber<\/strong><br>Kanzler und Leiter der Zentralen Verwaltung der<br>Helmut-Schmidt-Universit\u00e4t\/Universit\u00e4t der Bundeswehr Hamburg<br>Holstenhofweg 85<br>22043 Hamburg<\/p>\n\n\n\n<p><strong>Telefon<\/strong><br>(040) 6541-2701<\/p>\n\n\n\n<p><strong>Telefax<\/strong><br>(040) 6541-2089<\/p>\n\n\n\n<p><strong>E-Mail<\/strong><br><a href=\"mailto:axel.puckhaber@hsu-hh.de\" rel='nofollow'>axel.puckhaber@hsu-hh.de<\/a><\/p>\n\n\n\n<p><strong>Inhaltlich Verantwortliche gem\u00e4\u00df \u00a7 7 Telemediengesetz<\/strong><br>sind auf den einzelnen Seiten gesondert benannt.<\/p>\n\n\n\n<p>Haftungsausschluss<\/p>\n\n\n\n<p>Trotz sorgf\u00e4ltiger inhaltlicher Kontrolle \u00fcbernehmen wir keine Haftung f\u00fcr die Richtigkeit, Vollst\u00e4ndigkeit und Aktualit\u00e4t unserer Webseiten sowie f\u00fcr die Inhalte externer Links. F\u00fcr den Inhalt der verlinkten Seiten sind ausschlie\u00dflich deren Betreiber verantwortlich.<\/p>\n\n\n\n<p>Urheberrechtsvermerk Herausgeber<\/p>\n\n\n\n<p>Das Layout, s\u00e4mtliche Grafiken und Fotos sowie die Textbeitr\u00e4ge sind urheberrechtlich gesch\u00fctzt. Es gelten die gesetzlichen Bestimmungen. \u00c4nderungen d\u00fcrfen nicht vorgenommen werden. Bei Anfragen wenden Sie sich an den auf den jeweiligen Seiten erkenntlichen Autor.<\/p>\n","protected":false},"excerpt":{"rendered":"<p>Angaben gem. \u00a7 5 Telemediengesetz HerausgeberKanzler und Leiter der Zentralen Verwaltung derHelmut-Schmidt-Universit\u00e4t\/Universit\u00e4t der Bundeswehr HamburgHolstenhofweg 8522043 Hamburg Telefon(040) 6541-2701 Telefax(040) 6541-2089 E-Mailaxel.puckhaber@hsu-hh.de Inhaltlich Verantwortliche gem\u00e4\u00df \u00a7 7 Telemediengesetzsind auf den [&hellip;]<\/p>\n","protected":false},"author":1,"featured_media":0,"parent":0,"menu_order":0,"comment_status":"closed","ping_status":"closed","template":"","meta":{"footnotes":""},"categories":[4],"tags":[],"class_list":["post-9","page","type-page","status-publish","hentry","category-forschung"],"_links":{"self":[{"href":"https:\/\/www.hsu-hh.de\/bgm\/wp-json\/wp\/v2\/pages\/9","targetHints":{"allow":["GET"]}}],"collection":[{"href":"https:\/\/www.hsu-hh.de\/bgm\/wp-json\/wp\/v2\/pages"}],"about":[{"href":"https:\/\/www.hsu-hh.de\/bgm\/wp-json\/wp\/v2\/types\/page"}],"author":[{"embeddable":true,"href":"https:\/\/www.hsu-hh.de\/bgm\/wp-json\/wp\/v2\/users\/1"}],"replies":[{"embeddable":true,"href":"https:\/\/www.hsu-hh.de\/bgm\/wp-json\/wp\/v2\/comments?post=9"}],"version-history":[{"count":4,"href":"https:\/\/www.hsu-hh.de\/bgm\/wp-json\/wp\/v2\/pages\/9\/revisions"}],"predecessor-version":[{"id":2817,"href":"https:\/\/www.hsu-hh.de\/bgm\/wp-json\/wp\/v2\/pages\/9\/revisions\/2817"}],"wp:attachment":[{"href":"https:\/\/www.hsu-hh.de\/bgm\/wp-json\/wp\/v2\/media?parent=9"}],"wp:term":[{"taxonomy":"category","embeddable":true,"href":"https:\/\/www.hsu-hh.de\/bgm\/wp-json\/wp\/v2\/categories?post=9"},{"taxonomy":"post_tag","embeddable":true,"href":"https:\/\/www.hsu-hh.de\/bgm\/wp-json\/wp\/v2\/tags?post=9"}],"curies":[{"name":"wp","href":"https:\/\/api.w.org\/{rel}","templated":true}]}}