{"id":739,"date":"2020-05-06T17:34:42","date_gmt":"2020-05-06T15:34:42","guid":{"rendered":"https:\/\/www.hsu-hh.de\/bgm\/?page_id=739"},"modified":"2021-07-22T10:37:05","modified_gmt":"2021-07-22T08:37:05","slug":"yoga","status":"publish","type":"page","link":"https:\/\/www.hsu-hh.de\/bgm\/online-angebote\/yoga","title":{"rendered":"Yoga"},"content":{"rendered":"<p>\u00a0<\/p>\n<p style=\"text-align: center\"><strong>Herzlich Willkommen zum Yoga!\u00a0<\/strong><\/p>\n<p style=\"text-align: center\">Auf dieser Seite finden Sie ab sofort kleine Yoga-Einheiten. Die Yoga-Einheiten werden von unserer Yoga-Trainerin Claudia Schnackenberg angeleitet. Claudia Schnackenberg ist einigen bereits von den Pr\u00e4senz-Yoga-Kursen an unserer Universit\u00e4t bekannt.<\/p>\n<p style=\"text-align: center\">Wir freuen uns sehr, dass Frau Schnackenberg die BGM-Online-Kampagne unterst\u00fctzt und Videos f\u00fcr uns aufnimmt.<\/p>\n<p style=\"text-align: center\"><strong>Wir begr\u00fc\u00dfen alle Yoga-Fans der HSU, &#8230;<\/strong><\/p>\n<p style=\"text-align: center\"><strong>&#8230;aber insbesondere auch alle Yoga-Neueinsteiger!\u00a0<\/strong><\/p>\n<p>\u00a0<\/p>\n<p><strong>Einige Vorteile vom Online-Angebot YOGA auf einen Blick:<\/strong><\/p>\n<p>\u2013 Tun Sie Ihrer Gesundheit etwas Gutes! Beugen Sie Schmerzen und Verspannungen vor!<br \/>\u2013 Verbessern Sie Ihre Haltung, Atmung und Beweglichkeit! Kr\u00e4ftigen Sie sanft Ihre Muskulatur!<br \/>\u2013 Kein Anfahrtsweg!<br \/>\u2013 Kostenlos!<br \/>\u2013 Mehrmals die Woche durchf\u00fchrbar!<br \/>\u2013 Nutzen Sie die aktive Pause, um sich danach wieder besser konzentrieren zu k\u00f6nnen!<\/p>\n<p>Das Online-Angebot dient auch dazu, interessierten Neulingen das &#8222;Reinschnuppern&#8220; in das Angebot zu erm\u00f6glichen. Wir hoffen, die neuen Gesichter auch bald in den Pr\u00e4senz-Kursen begr\u00fc\u00dfen zu d\u00fcrfen, sobald diese wieder starten.<\/p>\n<p><img loading=\"lazy\" decoding=\"async\" class=\"wp-image-853 size-medium aligncenter\" src=\"https:\/\/www.hsu-hh.de\/bgm\/wp-content\/uploads\/sites\/790\/2020\/06\/BGM_Logo_2-300x211.png\" alt=\"BGM_Logo\" width=\"300\" height=\"211\" data-credit=\"Bundeswehr\" srcset=\"https:\/\/www.hsu-hh.de\/bgm\/wp-content\/uploads\/sites\/790\/2020\/06\/BGM_Logo_2-300x211.png 300w, https:\/\/www.hsu-hh.de\/bgm\/wp-content\/uploads\/sites\/790\/2020\/06\/BGM_Logo_2-1024x719.png 1024w, https:\/\/www.hsu-hh.de\/bgm\/wp-content\/uploads\/sites\/790\/2020\/06\/BGM_Logo_2-768x539.png 768w, https:\/\/www.hsu-hh.de\/bgm\/wp-content\/uploads\/sites\/790\/2020\/06\/BGM_Logo_2-1100x772.png 1100w, https:\/\/www.hsu-hh.de\/bgm\/wp-content\/uploads\/sites\/790\/2020\/06\/BGM_Logo_2.png 1108w\" sizes=\"auto, (max-width: 300px) 100vw, 300px\" \/><\/p>\n<p style=\"text-align: center\">Die Teilnahme an dem Online-Angebot erfolgt auf eigene Gefahr!<\/p>\n<p style=\"text-align: center\">Bitte beachten Sie VOR der Durchf\u00fchrung den Haftungsausschluss und die Durchf\u00fchrungshinweise:<\/p>\n<p>\u00a0<\/p>\n<p><strong>Haftungsausschluss<\/strong><\/p>\n<p>Wichtiger Hinweis vor der Nutzung der Online-Angebote:<\/p>\n<p>Bei den Online-Angeboten handelt es sich um\u00a0Empfehlungen f\u00fcr Pausenzeiten sowie f\u00fcr die Freizeit! Wenn Sie auf Basis der Empfehlungen zu Hause \u00dcbungen durchf\u00fchren, tun Sie dies also nicht im Rahmen einer dienstlichen Veranstaltung. Eventuelle Verletzungen durch die \u00dcbungen sind somit kein Dienstunfall. Es besteht\u00a0kein Versicherungsschutz\u00a0\u00fcber die Berufsgenossenschaft. Die Videos wurden sorgf\u00e4ltig ausgew\u00e4hlt und auf gesundheitsf\u00f6rdernde Inhalte gepr\u00fcft. F\u00fcr diese Bewegungs- und Stresspr\u00e4ventionsangebote gibt es KEINE professionelle Aufsicht und keine M\u00f6glichkeit f\u00fcr Hinweise\u00a0bzw.\u00a0 Korrekturen durch eine Trainerin oder einen Trainer. Die Durchf\u00fchrung erfolgt auf eigene Gefahr! F\u00fchren Sie die \u00dcbungen nur durch, wenn diesbez\u00fcglich keine gesundheitlichen Bedenken bei Ihnen bestehen.<\/p>\n<p>\u00a0<\/p>\n<p style=\"text-align: center\"><strong>Zum Start des Videos bitte den Ton anschalten und dann auf das Bild klicken.<\/strong><\/p>\n<p style=\"text-align: center\"><strong>Sie k\u00f6nnen die \u00dcbungen\u00a0z.B.\u00a0als aktive Pause im Home-Office oder nach Feierabend durchf\u00fchren.<\/strong><\/p>\n<p style=\"text-align: center\"><strong>Wir w\u00fcnschen viel Spa\u00df mit dem Angebot!<\/strong><\/p>\n<p>\u00a0<\/p>\n<h2>YOGA (Video 1): Sanfter Einstieg!<\/h2>\n<p>Claudia Schnackenberg leitet Sie bei mehreren, sanften Yoga-\u00dcbungen im Sitzen an. Die \u00dcbungen sind f\u00fcr Einsteiger geeignet. Die Einheit schlie\u00dft mit einer energetisierenden Atem\u00fcbung ab.<\/p>\n<p>Dauer: 18 Minuten<\/p>\n<div style=\"width: 1280px;\" class=\"wp-video\"><video class=\"wp-video-shortcode\" id=\"video-739-1\" width=\"1280\" height=\"720\" poster=\"https:\/\/www.hsu-hh.de\/bgm\/wp-content\/uploads\/sites\/790\/2020\/06\/Yoga_Claudia_Startbild.png\" preload=\"metadata\" controls=\"controls\"><source type=\"video\/mp4\" src=\"https:\/\/www.hsu-hh.de\/bgm\/wp-content\/uploads\/sites\/790\/2020\/06\/Yoga_1_neu-gerendert.mp4?_=1\" \/><a href=\"https:\/\/www.hsu-hh.de\/bgm\/wp-content\/uploads\/sites\/790\/2020\/06\/Yoga_1_neu-gerendert.mp4\">https:\/\/www.hsu-hh.de\/bgm\/wp-content\/uploads\/sites\/790\/2020\/06\/Yoga_1_neu-gerendert.mp4<\/a><\/video><\/div>\n<p>\u00a0<\/p>\n<h2>\u00a0<\/h2>\n<p>\u00a0<\/p>\n<h2>YOGA (Video 2): Reduziere Verspannungen!<\/h2>\n<p>Claudia Schnackenberg leitet f\u00fcr Sie mehrere, sanfte Yoga-\u00dcbungen im Sitzen an. Die \u00dcbungen sind f\u00fcr Einsteiger geeignet. Die Einheit hilft, Verspannungen im Nacken und Schulterbereich vorzubeugen bzw. zu reduzieren.<\/p>\n<p>Dauer: 11 Minuten<\/p>\n<div style=\"width: 1280px;\" class=\"wp-video\"><video class=\"wp-video-shortcode\" id=\"video-739-2\" width=\"1280\" height=\"720\" poster=\"https:\/\/www.hsu-hh.de\/bgm\/wp-content\/uploads\/sites\/790\/2020\/06\/Yoga_Claudia_Startbild_2.png\" preload=\"metadata\" controls=\"controls\"><source type=\"video\/mp4\" src=\"https:\/\/www.hsu-hh.de\/bgm\/wp-content\/uploads\/sites\/790\/2020\/06\/Yoga_2_neu-gerendert.mp4?_=2\" \/><a href=\"https:\/\/www.hsu-hh.de\/bgm\/wp-content\/uploads\/sites\/790\/2020\/06\/Yoga_2_neu-gerendert.mp4\">https:\/\/www.hsu-hh.de\/bgm\/wp-content\/uploads\/sites\/790\/2020\/06\/Yoga_2_neu-gerendert.mp4<\/a><\/video><\/div>\n<p>\u00a0<\/p>\n<h2>YOGA (Video 3): St\u00e4rke deinen R\u00fccken!<\/h2>\n<p>Claudia Schnackenberg leitet f\u00fcr Sie mehrere Yoga-\u00dcbungen zur sanften St\u00e4rkung und Mobilisation des R\u00fcckens an. Durch die Kr\u00e4ftigung der R\u00fcckenmuskulatur beugen Sie R\u00fcckenschmerzen vor und verbessern Ihre Haltung.<\/p>\n<p>Dauer: 18 Minuten<\/p>\n<div style=\"width: 1280px;\" class=\"wp-video\"><video class=\"wp-video-shortcode\" id=\"video-739-3\" width=\"1280\" height=\"720\" poster=\"https:\/\/www.hsu-hh.de\/bgm\/wp-content\/uploads\/sites\/790\/2020\/07\/Yoga_3_Startbild.png\" preload=\"metadata\" controls=\"controls\"><source type=\"video\/mp4\" src=\"https:\/\/www.hsu-hh.de\/bgm\/wp-content\/uploads\/sites\/790\/2020\/07\/Yoga_3_neu-gerendert.mp4?_=3\" \/><a href=\"https:\/\/www.hsu-hh.de\/bgm\/wp-content\/uploads\/sites\/790\/2020\/07\/Yoga_3_neu-gerendert.mp4\">https:\/\/www.hsu-hh.de\/bgm\/wp-content\/uploads\/sites\/790\/2020\/07\/Yoga_3_neu-gerendert.mp4<\/a><\/video><\/div>\n<p>\u00a0<\/p>\n<h2>YOGA (Video 4): Wohltat f\u00fcr den unteren R\u00fccken und Brustkorb!<\/h2>\n<p>Claudia Schnackenberg leitet f\u00fcr Sie mehrere Yoga-\u00dcbungen zur Dehnung des unteren R\u00fcckenbereichs, zur Mobilisation des Brustkorbs und zur Dehnung der Beine an. Die Dehnung des unteren R\u00fcckenbereichs und die Mobilisation des Brustkorbs sind sehr hilfreich, wenn Sie viel sitzen.<\/p>\n<p>Dauer: 13 Minuten<\/p>\n<div style=\"width: 1280px;\" class=\"wp-video\"><video class=\"wp-video-shortcode\" id=\"video-739-4\" width=\"1280\" height=\"720\" poster=\"https:\/\/www.hsu-hh.de\/bgm\/wp-content\/uploads\/sites\/790\/2020\/07\/Yoga_4_Startbild.png\" preload=\"metadata\" controls=\"controls\"><source type=\"video\/mp4\" src=\"https:\/\/www.hsu-hh.de\/bgm\/wp-content\/uploads\/sites\/790\/2020\/07\/Yoga_4_neu-gerendert.mp4?_=4\" \/><a href=\"https:\/\/www.hsu-hh.de\/bgm\/wp-content\/uploads\/sites\/790\/2020\/07\/Yoga_4_neu-gerendert.mp4\">https:\/\/www.hsu-hh.de\/bgm\/wp-content\/uploads\/sites\/790\/2020\/07\/Yoga_4_neu-gerendert.mp4<\/a><\/video><\/div>\n<p>\u00a0<\/p>\n<h2>\u00a0<\/h2>\n<h2>\u00a0<\/h2>\n<h2>YOGA (Video 5): Mobilisiere deine H\u00fcfte und erde dich!<\/h2>\n<p>Nach der Yoga-Lehre sind unsere negativen Erfahrungen oft im Bereich der H\u00fcfte gespeichert. Etwas hat Sie in den letzten Wochen gestresst, ge\u00e4rgert oder Kraft geraubt? \u00dcbungen zur Mobilisation der H\u00fcfte k\u00f6nnen helfen, Blockaden zu l\u00f6sen. Claudia Schnackenberg leitet f\u00fcr Sie mehrere Yoga-\u00dcbungen zur Mobilisation der H\u00fcfte und zur Erdung an.<\/p>\n<p>Dauer: 9 Minuten<\/p>\n<div style=\"width: 1280px;\" class=\"wp-video\"><video class=\"wp-video-shortcode\" id=\"video-739-5\" width=\"1280\" height=\"720\" poster=\"https:\/\/www.hsu-hh.de\/bgm\/wp-content\/uploads\/sites\/790\/2020\/07\/Startfoto_Video_5.png\" preload=\"metadata\" controls=\"controls\"><source type=\"video\/mp4\" src=\"https:\/\/www.hsu-hh.de\/bgm\/wp-content\/uploads\/sites\/790\/2020\/07\/Video5_H\u00fcftmobilisationErdung_neu-gerendert.mp4?_=5\" \/><a href=\"https:\/\/www.hsu-hh.de\/bgm\/wp-content\/uploads\/sites\/790\/2020\/07\/Video5_H\u00fcftmobilisationErdung_neu-gerendert.mp4\">https:\/\/www.hsu-hh.de\/bgm\/wp-content\/uploads\/sites\/790\/2020\/07\/Video5_H\u00fcftmobilisationErdung_neu-gerendert.mp4<\/a><\/video><\/div>\n<p>\u00a0<\/p>\n<h2>\u00a0<\/h2>\n<h2>\u00a0<\/h2>\n<h2>YOGA (Video 6): Mobilisiere deine Wirbels\u00e4ule und dehne den R\u00fccken!\u201c<\/h2>\n<p>Claudia Schnackenberg leitet f\u00fcr Sie mehrere Yoga-\u00dcbungen zur Mobilisation der Wirbels\u00e4ule und Dehnung des R\u00fcckens an. Stress und Anspannung k\u00f6nnen sich im Alltag auch in Form von R\u00fcckenschmerzen bemerkbar machen. Mobilisation der Wirbels\u00e4ule und Dehnung des R\u00fcckens sind hier hilfreich.<\/p>\n<p>Dauer: 13 Minuten<\/p>\n<div style=\"width: 1280px;\" class=\"wp-video\"><video class=\"wp-video-shortcode\" id=\"video-739-6\" width=\"1280\" height=\"720\" poster=\"https:\/\/www.hsu-hh.de\/bgm\/wp-content\/uploads\/sites\/790\/2020\/07\/Yoga_Startbild_6.png\" preload=\"metadata\" controls=\"controls\"><source type=\"video\/mp4\" src=\"https:\/\/www.hsu-hh.de\/bgm\/wp-content\/uploads\/sites\/790\/2020\/07\/Video6_MobilisationWirbels\u00e4uleDehungR\u00fccken_neu-gerendert.mp4?_=6\" \/><a href=\"https:\/\/www.hsu-hh.de\/bgm\/wp-content\/uploads\/sites\/790\/2020\/07\/Video6_MobilisationWirbels\u00e4uleDehungR\u00fccken_neu-gerendert.mp4\">https:\/\/www.hsu-hh.de\/bgm\/wp-content\/uploads\/sites\/790\/2020\/07\/Video6_MobilisationWirbels\u00e4uleDehungR\u00fccken_neu-gerendert.mp4<\/a><\/video><\/div>\n<p>\u00a0<\/p>\n<h2>\u00a0<\/h2>\n<h2>\u00a0<\/h2>\n<h2>YOGA (Video 7): Dein Energieschub am Morgen<\/h2>\n<p>Claudia Schnackenberg leitet f\u00fcr Sie eine \u00dcbungssequenz an, die Sie sehr gut morgens direkt nach dem Aufstehen durchf\u00fchren k\u00f6nnen. Die \u00dcbungen geben frische und neue Energie, die dann f\u00fcr den gesamten Tag positiv genutzt werden kann.<\/p>\n<p>Dauer: 13 Minuten<\/p>\n<div style=\"width: 1280px;\" class=\"wp-video\"><video class=\"wp-video-shortcode\" id=\"video-739-7\" width=\"1280\" height=\"720\" poster=\"https:\/\/www.hsu-hh.de\/bgm\/wp-content\/uploads\/sites\/790\/2020\/07\/Yoga_Startbild_7.png\" preload=\"metadata\" controls=\"controls\"><source type=\"video\/mp4\" src=\"https:\/\/www.hsu-hh.de\/bgm\/wp-content\/uploads\/sites\/790\/2020\/09\/Video7_Energieschubammorgen_neu-gerendert.mp4?_=7\" \/><a href=\"https:\/\/www.hsu-hh.de\/bgm\/wp-content\/uploads\/sites\/790\/2020\/09\/Video7_Energieschubammorgen_neu-gerendert.mp4\">https:\/\/www.hsu-hh.de\/bgm\/wp-content\/uploads\/sites\/790\/2020\/09\/Video7_Energieschubammorgen_neu-gerendert.mp4<\/a><\/video><\/div>\n<p>\u00a0<\/p>\n<h2>\u00a0<\/h2>\n<h2>\u00a0<\/h2>\n<h2>YOGA (Video 8): Kr\u00e4ftige deine Beine &amp; trainiere Balance!<\/h2>\n<p>Claudia Schnackenberg leitet f\u00fcr Sie \u00dcbungen zur St\u00e4rkung der seitlichen Rumpfmuskulatur sowie der Beinmuskulatur an. Gleichzeitig wird die Balance trainiert. Da es eine kurze Einheit ist, eignet sie sich besonders dann, wenn Sie wenig Zeit haben. Wenn Sie mehr Zeit haben, k\u00f6nnen Sie die Einheit auch in Kombination mit einem anderen Video durchf\u00fchren.<\/p>\n<p>Dauer: 4 min<\/p>\n<div style=\"width: 1280px;\" class=\"wp-video\"><video class=\"wp-video-shortcode\" id=\"video-739-8\" width=\"1280\" height=\"720\" poster=\"https:\/\/www.hsu-hh.de\/bgm\/wp-content\/uploads\/sites\/790\/2020\/07\/Yoga_Startbild_8.png\" preload=\"metadata\" controls=\"controls\"><source type=\"video\/mp4\" src=\"https:\/\/www.hsu-hh.de\/bgm\/wp-content\/uploads\/sites\/790\/2020\/09\/Video8_Kr\u00e4ftigungBeineBalance_neu-gerendert.mp4?_=8\" \/><a href=\"https:\/\/www.hsu-hh.de\/bgm\/wp-content\/uploads\/sites\/790\/2020\/09\/Video8_Kr\u00e4ftigungBeineBalance_neu-gerendert.mp4\">https:\/\/www.hsu-hh.de\/bgm\/wp-content\/uploads\/sites\/790\/2020\/09\/Video8_Kr\u00e4ftigungBeineBalance_neu-gerendert.mp4<\/a><\/video><\/div>\n<p>\u00a0<\/p>\n<h2>\u00a0<\/h2>\n<h2>\u00a0<\/h2>\n<h2>Yoga (Video 9): H\u00fcft\u00f6ffnung &#8211; f\u00fcr mehr Beweglichkeit!<\/h2>\n<p>Claudia Schnackenberg leitet f\u00fcr Sie \u00dcbungen zur H\u00fcftmobilisation und H\u00fcft\u00f6ffnung an. Diese \u00dcbungen sind besonders sinnvoll, um die Beweglichkeit im H\u00fcftbereich zu verbessern. Mangelnde Beweglichkeit in der H\u00fcfte kann die Ursache f\u00fcr Schmerzen im H\u00fcftbereich oder im unteren R\u00fcckenbereich sein. Neben \u00dcbungen zur H\u00fcft\u00f6ffnung beinhaltet die Einheit auch sanfte Drehbewegungen zur Lockerung des Rumpfes.<\/p>\n<p>Dauer: 11 min<\/p>\n<div style=\"width: 1920px;\" class=\"wp-video\"><video class=\"wp-video-shortcode\" id=\"video-739-9\" width=\"1920\" height=\"1080\" poster=\"https:\/\/www.hsu-hh.de\/bgm\/wp-content\/uploads\/sites\/790\/2020\/07\/Yoga_Startbild_9.png\" preload=\"metadata\" controls=\"controls\"><source type=\"video\/mp4\" src=\"https:\/\/www.hsu-hh.de\/bgm\/wp-content\/uploads\/sites\/790\/2020\/09\/Video9_H\u00fcft\u00f6ffnung_neu-gerendert.mp4?_=9\" \/><a href=\"https:\/\/www.hsu-hh.de\/bgm\/wp-content\/uploads\/sites\/790\/2020\/09\/Video9_H\u00fcft\u00f6ffnung_neu-gerendert.mp4\">https:\/\/www.hsu-hh.de\/bgm\/wp-content\/uploads\/sites\/790\/2020\/09\/Video9_H\u00fcft\u00f6ffnung_neu-gerendert.mp4<\/a><\/video><\/div>\n<h2>\u00a0<\/h2>\n\n\n<div style=\"height:100px\" aria-hidden=\"true\" class=\"wp-block-spacer\"><\/div>\n\n\n\n<p><\/p>\n\n\n\n<h2 class=\"wp-block-heading\">Yoga (Video 10): Kr\u00e4ftige deinen R\u00fccken!<\/h2>\n\n\n<p>Claudia Schnackenberg leitet f\u00fcr Sie verschiedene R\u00fccken\u00fcbungen an. Neben Kr\u00e4ftigung und Beweglichkeitserhalt des R\u00fcckens f\u00f6rdern diese \u00dcbungen die nat\u00fcrliche Form der Wirbels\u00e4ule (S-Form). Sie beugen Fehlhaltungen vor und gleichen ung\u00fcnstige Beanspruchung des R\u00fcckens aus.<\/p>\n<p>Dauer: 15 min<\/p>\n\n\n<figure class=\"wp-block-video\"><video height=\"720\" style=\"aspect-ratio: 1280 \/ 720;\" width=\"1280\" controls poster=\"https:\/\/www.hsu-hh.de\/bgm\/wp-content\/uploads\/sites\/790\/2020\/07\/Yoga_Startbild_10.png\" src=\"https:\/\/www.hsu-hh.de\/bgm\/wp-content\/uploads\/sites\/790\/2021\/02\/Video10_KraeftigungRuecken_neu-gerendert.mp4\"><\/video><\/figure>\n\n\n\n<div style=\"height:100px\" aria-hidden=\"true\" class=\"wp-block-spacer\"><\/div>\n\n\n\n<p><\/p>\n\n\n\n<p><\/p>\n\n\n\n<h2 class=\"wp-block-heading\">Yoga (Video 11): Freies Becken!<\/h2>\n\n\n\n<p><\/p>\n\n\n\n<p>Claudia Schnackenberg leitet Sie bei \u00dcbungen f\u00fcr ein \u201efreies Becken\u201c an. Die Einheit beinhaltet \u00dcbungen zur H\u00fcft\u00f6ffnung, H\u00fcftmobilisation und H\u00fcftdehnung. \u00c4hnlich wie bei Video 9 helfen die \u00dcbungen die Beweglichkeit im H\u00fcftbereich zu verbessern. So kann man Schmerzen im H\u00fcftbereich oder im unteren R\u00fcckenbereich vorbeugen.<\/p>\n\n\n\n<p>Dauer: 17 min<\/p>\n\n\n\n<figure class=\"wp-block-video\"><video height=\"1080\" style=\"aspect-ratio: 1920 \/ 1080;\" width=\"1920\" controls poster=\"https:\/\/www.hsu-hh.de\/bgm\/wp-content\/uploads\/sites\/790\/2020\/07\/Yoga_Startbild_11.png\" src=\"https:\/\/www.hsu-hh.de\/bgm\/wp-content\/uploads\/sites\/790\/2021\/02\/Video11_FreiesBecken_neu-gerendert.mp4\"><\/video><\/figure>\n\n\n\n<div style=\"height:100px\" aria-hidden=\"true\" class=\"wp-block-spacer\"><\/div>\n\n\n\n<p><\/p>\n\n\n\n<h2 class=\"wp-block-heading\"><strong>Yoga (Video 12): \u201eFlexibilit\u00e4t f\u00fcr den Morgen!\u201c<\/strong><\/h2>\n\n\n\n<p><\/p>\n\n\n\n<p>Claudia Schnackenberg leitet f\u00fcr Sie \u00dcbungen zur Lockerung des gesamten K\u00f6rpers an. Es handelt sich um einfache \u00dcbungen, die Sie z.B. direkt nach dem Aufstehen oder nach dem Duschen durchf\u00fchren k\u00f6nnen. Nutzen Sie die M\u00f6glichkeit, Ihren K\u00f6rper gleich Fr\u00fchs zu lockern, um \u201elocker durch den Tag zu kommen\u201c.<\/p>\n\n\n\n<p>Dauer: 11 min<\/p>\n\n\n\n<figure class=\"wp-block-video\"><video height=\"1080\" style=\"aspect-ratio: 1920 \/ 1080;\" width=\"1920\" controls poster=\"https:\/\/www.hsu-hh.de\/bgm\/wp-content\/uploads\/sites\/790\/2021\/02\/Startbild_12.png\" src=\"https:\/\/www.hsu-hh.de\/bgm\/wp-content\/uploads\/sites\/790\/2021\/02\/Video12_FlexibilitaetfuerdenMorgen-1_neu-gerendert.mp4\"><\/video><\/figure>\n\n\n\n<div style=\"height:100px\" aria-hidden=\"true\" class=\"wp-block-spacer\"><\/div>\n\n\n\n<p class=\"has-text-align-center\"><\/p>\n\n\n\n<h2 class=\"wp-block-heading\"><strong>Yoga (Video 13): \u201eYoga mit dem Stuhl\u201c<\/strong><\/h2>\n\n\n\n<p>Claudia Schnackenberg leitet f\u00fcr Sie \u00dcbungen mit einem Stuhl an. Variieren Sie Ihr Training durch das neue Hilfsmittel! Stehen Sie einfach zwischendurch f\u00fcr eine aktive Pause von Ihrem Stuhl auf und f\u00fchren Sie diese n\u00fctzlichen \u00dcbungen durch, die auch Spa\u00df machen.<\/p>\n\n\n\n<p>Dauer: 8 min<\/p>\n\n\n\n<figure class=\"wp-block-video\"><video height=\"1080\" style=\"aspect-ratio: 1920 \/ 1080;\" width=\"1920\" poster=\"https:\/\/www.hsu-hh.de\/bgm\/wp-content\/uploads\/sites\/790\/2021\/02\/Startbild_13.png\" src=\"https:\/\/www.hsu-hh.de\/bgm\/wp-content\/uploads\/sites\/790\/2021\/02\/Video13_Yogamitdem-Stuhl_neu-gerendert.mp4\"><\/video><\/figure>\n\n\n\n<div style=\"height:100px\" aria-hidden=\"true\" class=\"wp-block-spacer\"><\/div>\n\n\n\n<h2 class=\"wp-block-heading\"><strong>Yoga (Video 14): \u201eYoga auf dem Stuhl &#8211; Katze-Kuh im Home-Office! \u201c<\/strong><\/h2>\n\n\n\n<p><\/p>\n\n\n\n<p>Claudia Schnackenberg leitet f\u00fcr Sie \u00dcbungen auf einem Stuhl an. Lernen Sie die \u201eKatze-Kuh-\u00dcbung\u201c als eine wunderbare Aufw\u00e4rm-\u00dcbung kennen. Bei der \u201eKatze-Kuh-\u00dcbung\u201c wechseln Sie zwischen einem leichten Hohlkreuz mit einer \u00d6ffnung des Burstkorbs und der R\u00fcckenrundung. Eine tolle \u00dcbung im Home-Office f\u00fcr zwischendurch!<\/p>\n\n\n\n<p>Erfahren Sie zus\u00e4tzlich, welche Vorteile es hat, den eigenen Geist zu beobachten und welche einfache Methode Sie in Stresssituation direkt anwenden k\u00f6nnen!<\/p>\n\n\n\n<p>Dauer: 7 min<\/p>\n\n\n\n<figure class=\"wp-block-video\"><video height=\"720\" style=\"aspect-ratio: 1280 \/ 720;\" width=\"1280\" controls poster=\"https:\/\/www.hsu-hh.de\/bgm\/wp-content\/uploads\/sites\/790\/2021\/02\/Startbild_14.png\" src=\"https:\/\/www.hsu-hh.de\/bgm\/wp-content\/uploads\/sites\/790\/2021\/01\/Video14_-Yoga-auf-dem-Stuhl-Katze-Kuh-im-Home-Office.mp4\"><\/video><\/figure>\n\n\n\n<div style=\"height:100px\" aria-hidden=\"true\" class=\"wp-block-spacer\"><\/div>\n\n\n\n<p class=\"has-text-align-center\">Weitere Videos sind in Planung!<\/p>\n\n\n\n<div class=\"wp-block-image\"><figure class=\"aligncenter\"><img loading=\"lazy\" decoding=\"async\" width=\"300\" height=\"211\" src=\"https:\/\/www.hsu-hh.de\/bgm\/wp-content\/uploads\/sites\/790\/2020\/06\/BGM_Logo_2-300x211.png\" data-credit=\"Bundeswehr\" alt=\"BGM_Logo\" class=\"wp-image-853\" srcset=\"https:\/\/www.hsu-hh.de\/bgm\/wp-content\/uploads\/sites\/790\/2020\/06\/BGM_Logo_2-300x211.png 300w, https:\/\/www.hsu-hh.de\/bgm\/wp-content\/uploads\/sites\/790\/2020\/06\/BGM_Logo_2-1024x719.png 1024w, https:\/\/www.hsu-hh.de\/bgm\/wp-content\/uploads\/sites\/790\/2020\/06\/BGM_Logo_2-768x539.png 768w, https:\/\/www.hsu-hh.de\/bgm\/wp-content\/uploads\/sites\/790\/2020\/06\/BGM_Logo_2-1100x772.png 1100w, https:\/\/www.hsu-hh.de\/bgm\/wp-content\/uploads\/sites\/790\/2020\/06\/BGM_Logo_2.png 1108w\" sizes=\"auto, (max-width: 300px) 100vw, 300px\" \/><\/figure><\/div>\n\n\n\n<p><\/p>\n\n\n\n<p>Positives Feedback? Verbesserungsvorschl\u00e4ge? Pers\u00f6nliche Erfahrungen mit dem Angebot?<\/p>\n\n\n\n<p><strong>Wir freuen wir uns \u00fcber R\u00fcckmeldungen<\/strong>.<\/p>\n\n\n\n<p>Bitte richten Sie Ihr <strong>Feedback an Kampagnen-Initiatorin Hauptmann Ines Wunderlich, M.A.<\/strong> (wunderlich@hsu-hh.de).<\/p>\n\n\n\n<p>Die HSU\/UniBw H ist bundesweit eine der ersten Dienststellen, die ein eigenes, digitales BGM-Angebot initiiert und pilotiert. Wie bei jedem Pilotprojekt sind wir auf Feedback angewiesen und bedanken uns im Voraus herzlich daf\u00fcr!<\/p>\n\n\n\n<p>Rechtlicher Hinweis: Alle Yoga-Videos auf dieser Seite wurden durch Claudia Schnackenberg erstellt.<\/p>\n","protected":false},"excerpt":{"rendered":"<p>\u00a0 Herzlich Willkommen zum Yoga!\u00a0 Auf dieser Seite finden Sie ab sofort kleine Yoga-Einheiten. Die Yoga-Einheiten werden von unserer Yoga-Trainerin Claudia Schnackenberg angeleitet. Claudia Schnackenberg ist einigen bereits von den [&hellip;]<\/p>\n","protected":false},"author":193,"featured_media":0,"parent":514,"menu_order":0,"comment_status":"closed","ping_status":"closed","template":"","meta":{"footnotes":""},"categories":[4],"tags":[],"class_list":["post-739","page","type-page","status-publish","hentry","category-forschung"],"_links":{"self":[{"href":"https:\/\/www.hsu-hh.de\/bgm\/wp-json\/wp\/v2\/pages\/739","targetHints":{"allow":["GET"]}}],"collection":[{"href":"https:\/\/www.hsu-hh.de\/bgm\/wp-json\/wp\/v2\/pages"}],"about":[{"href":"https:\/\/www.hsu-hh.de\/bgm\/wp-json\/wp\/v2\/types\/page"}],"author":[{"embeddable":true,"href":"https:\/\/www.hsu-hh.de\/bgm\/wp-json\/wp\/v2\/users\/193"}],"replies":[{"embeddable":true,"href":"https:\/\/www.hsu-hh.de\/bgm\/wp-json\/wp\/v2\/comments?post=739"}],"version-history":[{"count":49,"href":"https:\/\/www.hsu-hh.de\/bgm\/wp-json\/wp\/v2\/pages\/739\/revisions"}],"predecessor-version":[{"id":3322,"href":"https:\/\/www.hsu-hh.de\/bgm\/wp-json\/wp\/v2\/pages\/739\/revisions\/3322"}],"up":[{"embeddable":true,"href":"https:\/\/www.hsu-hh.de\/bgm\/wp-json\/wp\/v2\/pages\/514"}],"wp:attachment":[{"href":"https:\/\/www.hsu-hh.de\/bgm\/wp-json\/wp\/v2\/media?parent=739"}],"wp:term":[{"taxonomy":"category","embeddable":true,"href":"https:\/\/www.hsu-hh.de\/bgm\/wp-json\/wp\/v2\/categories?post=739"},{"taxonomy":"post_tag","embeddable":true,"href":"https:\/\/www.hsu-hh.de\/bgm\/wp-json\/wp\/v2\/tags?post=739"}],"curies":[{"name":"wp","href":"https:\/\/api.w.org\/{rel}","templated":true}]}}