{"id":591,"date":"2020-04-28T16:02:06","date_gmt":"2020-04-28T14:02:06","guid":{"rendered":"https:\/\/www.hsu-hh.de\/bgm\/?page_id=591"},"modified":"2023-07-12T16:03:33","modified_gmt":"2023-07-12T14:03:33","slug":"fuehrung-und-organisation","status":"publish","type":"page","link":"https:\/\/www.hsu-hh.de\/bgm\/fuehrung-und-organisation","title":{"rendered":"F\u00fchrung und Organisation"},"content":{"rendered":"\n<div style=\"height:55px\" aria-hidden=\"true\" class=\"wp-block-spacer\"><\/div>\n\n\n\n<p class=\"has-medium-font-size\">Vorgesetzte und Mitarbeiterf\u00fchrung tragen bei der Umsetzung des BGM eine zentrale Rolle. Insbesondere ihre Rolle als Vorbild ist hierbei von besonderer Bedeutung. Sie sollten die Bereitschaft der Mitarbeiterinnen und Mitarbeiter zur Teilnahme am BGM durch Informationen und Dienstgestaltung f\u00f6rdern. Ansatzpunkte innerhalb des BGM im Bereich F\u00fchrung und Organisation (F&amp;O) ergeben sich vor allem in den Bereichen der Inneren F\u00fchrung, von Betreuung und F\u00fcrsorge sowie im Bereich Personalmanagement. Die dienstlichen Rahmenbedingungen f\u00fcr den Erhalt, die Wiederherstellung <abbr title=\"beziehungsweise\">bzw.<\/abbr> die Verbesserung der individuellen k\u00f6rperlichen und geistigen Leistungsf\u00e4higkeit sind demnach sicherzustellen.<\/p>\n\n\n\n<div style=\"height:35px\" aria-hidden=\"true\" class=\"wp-block-spacer\"><\/div>\n\n\n\n<hr class=\"wp-block-separator has-alpha-channel-opacity\" \/>\n\n\n\n<div style=\"height:35px\" aria-hidden=\"true\" class=\"wp-block-spacer\"><\/div>\n\n\n\n<p style=\"font-size:25px\"><strong>M\u00f6glichkeiten<\/strong><\/p>\n\n\n\n<p class=\"has-medium-font-size\">Erfahren Sie mehr \u00fcber die M\u00f6glichkeiten im Bereich &#8222;F\u00fchrung &amp; Organisation&#8220;, die wir f\u00fcr Sie zusammengestellt haben.<\/p>\n\n\n\n<div style=\"height:50px\" aria-hidden=\"true\" class=\"wp-block-spacer\"><\/div>\n\n\n\n<div class=\"wp-block-media-text alignwide is-stacked-on-mobile is-vertically-aligned-center\" style=\"grid-template-columns:46% auto\"><figure class=\"wp-block-media-text__media\"><img loading=\"lazy\" decoding=\"async\" width=\"1024\" height=\"646\" src=\"https:\/\/www.hsu-hh.de\/bgm\/wp-content\/uploads\/sites\/790\/2023\/07\/Teamcoaching_1-1024x646.png\" data-credit=\"www.pixabay.com\" alt=\"Teamarbeit\" class=\"wp-image-2791 size-full\" srcset=\"https:\/\/www.hsu-hh.de\/bgm\/wp-content\/uploads\/sites\/790\/2023\/07\/Teamcoaching_1-1024x646.png 1024w, https:\/\/www.hsu-hh.de\/bgm\/wp-content\/uploads\/sites\/790\/2023\/07\/Teamcoaching_1-300x189.png 300w, https:\/\/www.hsu-hh.de\/bgm\/wp-content\/uploads\/sites\/790\/2023\/07\/Teamcoaching_1-768x484.png 768w, https:\/\/www.hsu-hh.de\/bgm\/wp-content\/uploads\/sites\/790\/2023\/07\/Teamcoaching_1-1100x694.png 1100w, https:\/\/www.hsu-hh.de\/bgm\/wp-content\/uploads\/sites\/790\/2023\/07\/Teamcoaching_1.png 1280w\" sizes=\"auto, (max-width: 1024px) 100vw, 1024px\" \/><\/figure><div class=\"wp-block-media-text__content\">\n<p class=\"has-text-align-center has-grey-background-color has-background\" style=\"font-size:25px\"><strong>Teamcoachings<\/strong><\/p>\n\n\n\n<p class=\"has-medium-font-size\">Das Zentrum f\u00fcr Innere F\u00fchrung der Bundeswehr bietet Teams der Bundeswehr die M\u00f6glichkeit, ein Teamcoaching zu buchen. Experten vom Zentrum f\u00fcr Innere F\u00fchrung begleiten f\u00fcr mehrere Tage das Team w\u00e4hrend der Arbeit. Es finden Gespr\u00e4che und teilnehmende Beobachtung statt. Anschlie\u00dfend erfolgt eine Auswertung und R\u00fcckmeldung und Handlungsempfehlungen, wie <abbr title=\"zum Beispiel\">z.B.<\/abbr> Abl\u00e4ufe, Prozesse, Strukturen und\/oder Kommunikation weiter verbessert werden k\u00f6nnen, um noch erfolgreicher zu arbeiten. Auch bei Konflikten im Team kann ein Teamcoaching eine geeignete Ma\u00dfnahme sein. Bei Interesse und Fragen, nehmen Sie bitte Kontakt zum BGM-Team der <abbr title=\"Helmut Schmidt Universit\u00e4t\">HSU<\/abbr> (Dezernat IV 3) auf.<\/p>\n<\/div><\/div>\n\n\n\n<div style=\"height:59px\" aria-hidden=\"true\" class=\"wp-block-spacer\"><\/div>\n\n\n\n<div class=\"wp-block-media-text alignwide has-media-on-the-right is-stacked-on-mobile is-vertically-aligned-center\" style=\"grid-template-columns:auto 54%\"><div class=\"wp-block-media-text__content\">\n<p class=\"has-text-align-center has-grey-background-color has-background\" style=\"font-size:26px\"><strong>Lehrg\u00e4nge<\/strong><\/p>\n\n\n\n<p class=\"has-medium-font-size\">Die Bundeswehr bietet ihren Mitabeiterinnen und Mitarbeitern verschiedene Lehrg\u00e4nge und Weiterbildungen zum Thema &#8222;F\u00fchrung&#8220; an. F\u00fchrungskr\u00e4fte k\u00f6nnen\u00a0 <abbr title=\"zum Beispiel\">z.B.<\/abbr> den Lehrgang &#8222;Gesund f\u00fchren&#8220; besuchen oder am eint\u00e4gigen &#8222;F\u00fchrungskr\u00e4ftetraining zur Steigerung gesundheitsorientierter F\u00fchrungskompetenz (Go-F\u00fcKo)&#8220; teilnehmen. Die Ma\u00dfnahmen dienen nicht nur dazu, wertvolles Wissen hinsichtlich gesundheitsf\u00f6rderlichem F\u00fchrungsverhalten zu erhalten, sondern auch bez\u00fcglich der eigenen Rolle und Wirkung als F\u00fchrungskraft zu reflektieren.<\/p>\n<\/div><figure class=\"wp-block-media-text__media\"><img loading=\"lazy\" decoding=\"async\" width=\"1024\" height=\"454\" src=\"https:\/\/www.hsu-hh.de\/bgm\/wp-content\/uploads\/sites\/790\/2023\/07\/Lehrgaeng_1-1024x454.png\" data-credit=\"www.pixabay.com\" alt=\"Never Stop Learning\" class=\"wp-image-2793 size-full\" srcset=\"https:\/\/www.hsu-hh.de\/bgm\/wp-content\/uploads\/sites\/790\/2023\/07\/Lehrgaeng_1-1024x454.png 1024w, https:\/\/www.hsu-hh.de\/bgm\/wp-content\/uploads\/sites\/790\/2023\/07\/Lehrgaeng_1-300x133.png 300w, https:\/\/www.hsu-hh.de\/bgm\/wp-content\/uploads\/sites\/790\/2023\/07\/Lehrgaeng_1-768x341.png 768w, https:\/\/www.hsu-hh.de\/bgm\/wp-content\/uploads\/sites\/790\/2023\/07\/Lehrgaeng_1-1100x488.png 1100w, https:\/\/www.hsu-hh.de\/bgm\/wp-content\/uploads\/sites\/790\/2023\/07\/Lehrgaeng_1.png 1280w\" sizes=\"auto, (max-width: 1024px) 100vw, 1024px\" \/><\/figure><\/div>\n\n\n\n<div style=\"height:59px\" aria-hidden=\"true\" class=\"wp-block-spacer\"><\/div>\n\n\n\n<div class=\"wp-block-media-text alignwide is-stacked-on-mobile is-vertically-aligned-center\"><figure class=\"wp-block-media-text__media\"><img loading=\"lazy\" decoding=\"async\" width=\"1024\" height=\"682\" src=\"https:\/\/www.hsu-hh.de\/bgm\/wp-content\/uploads\/sites\/790\/2023\/07\/Literaturempfehlungen-1-1024x682.png\" data-credit=\"www.pixabay.com\" alt=\"Frau mit E-Reader\" class=\"wp-image-2792 size-full\" srcset=\"https:\/\/www.hsu-hh.de\/bgm\/wp-content\/uploads\/sites\/790\/2023\/07\/Literaturempfehlungen-1-1024x682.png 1024w, https:\/\/www.hsu-hh.de\/bgm\/wp-content\/uploads\/sites\/790\/2023\/07\/Literaturempfehlungen-1-300x200.png 300w, https:\/\/www.hsu-hh.de\/bgm\/wp-content\/uploads\/sites\/790\/2023\/07\/Literaturempfehlungen-1-768x512.png 768w, https:\/\/www.hsu-hh.de\/bgm\/wp-content\/uploads\/sites\/790\/2023\/07\/Literaturempfehlungen-1-1100x733.png 1100w, https:\/\/www.hsu-hh.de\/bgm\/wp-content\/uploads\/sites\/790\/2023\/07\/Literaturempfehlungen-1.png 1280w\" sizes=\"auto, (max-width: 1024px) 100vw, 1024px\" \/><\/figure><div class=\"wp-block-media-text__content\">\n<p class=\"has-text-align-center has-grey-background-color has-background\" style=\"font-size:25px\"><strong>Literaturempfehlungen<\/strong><\/p>\n\n\n\n<p class=\"has-medium-font-size\">Zu dem dem Thema &#8222;Gesundheit und F\u00fchrung&#8220; wurde schon eine Reihe an Publikationen ver\u00f6ffentlicht, die wertvolle Erkenntnis f\u00fcr F\u00fchrungskr\u00e4fte und ihr Verhalten bieten. Als Universit\u00e4tsangeh\u00f6rige k\u00f6nnen Sie auf eine Vielzahl an Literatur zu dem Thema kostenlos zur\u00fcckgreifen.\u00a0 Suche Sie <abbr title=\"zum Beispiel\">z.B.<\/abbr> mit den Suchbegriffe &#8222;F\u00fchrung und Gesundheit&#8220; oder &#8222;gesundheitsorientierte F\u00fchrung&#8220;. Auch Online-Quellen sind verf\u00fcgbar!<\/p>\n<\/div><\/div>\n\n\n\n<div style=\"height:35px\" aria-hidden=\"true\" class=\"wp-block-spacer\"><\/div>\n\n\n\n<hr class=\"wp-block-separator has-alpha-channel-opacity\" \/>\n\n\n\n<div style=\"height:35px\" aria-hidden=\"true\" class=\"wp-block-spacer\"><\/div>\n\n\n\n<p class=\"has-grey-background-color has-background\" style=\"font-size:25px\"><strong>Aus der Praxis<\/strong><\/p>\n\n\n\n<h2 class=\"has-medium-font-size wp-block-heading\"><strong>F\u00fchrungskr\u00e4ftetraining zur Steigerung Gesundheitsorientierter F\u00fchrungskompetenz (Go-F\u00fcKo)<\/strong><\/h2>\n\n\n\n<div style=\"height:35px\" aria-hidden=\"true\" class=\"wp-block-spacer\"><\/div>\n\n\n\n<p class=\"has-medium-font-size\">Am 04.11.2019 fand an der Helmut-Schmidt-Universit\u00e4t das \u201eF\u00fchrungskr\u00e4ftetraining zur Steigerung Gesundheitsorientierter F\u00fchrungskompetenz (Go-F\u00fcKo)\u201c statt. An dem eint\u00e4gigen Training nahmen F\u00fchrungskr\u00e4fte verschiedener Abteilungen und Bereiche der Universit\u00e4t teil.<\/p>\n\n\n<div class=\"wp-block-image\">\n<figure class=\"aligncenter size-large is-resized\"><img loading=\"lazy\" decoding=\"async\" src=\"https:\/\/www.hsu-hh.de\/bgm\/wp-content\/uploads\/sites\/790\/2023\/07\/Gruppenfoto_GoFueKo_HSU-1024x729.png\" data-credit=\"Ulrike Schr\u00f6der, Fotostelle HSU\" alt=\"Gruppenfoto_GoF\u00fcKo_HSU\" class=\"wp-image-2794\" width=\"875\" height=\"623\" srcset=\"https:\/\/www.hsu-hh.de\/bgm\/wp-content\/uploads\/sites\/790\/2023\/07\/Gruppenfoto_GoFueKo_HSU-1024x729.png 1024w, https:\/\/www.hsu-hh.de\/bgm\/wp-content\/uploads\/sites\/790\/2023\/07\/Gruppenfoto_GoFueKo_HSU-300x213.png 300w, https:\/\/www.hsu-hh.de\/bgm\/wp-content\/uploads\/sites\/790\/2023\/07\/Gruppenfoto_GoFueKo_HSU-768x546.png 768w, https:\/\/www.hsu-hh.de\/bgm\/wp-content\/uploads\/sites\/790\/2023\/07\/Gruppenfoto_GoFueKo_HSU.png 1071w\" sizes=\"auto, (max-width: 875px) 100vw, 875px\" \/><\/figure>\n<\/div>\n\n\n<div style=\"height:35px\" aria-hidden=\"true\" class=\"wp-block-spacer\"><\/div>\n\n\n\n<p class=\"has-medium-font-size\">Ziel des Trainings ist es, mehr \u00fcber wissenschaftliche Erkenntnisse aus den Bereichen \u201eGesundheitsorientierte F\u00fchrung\u201c zu erfahren und sich \u00fcber hilfreiches Praxiswissen zum Thema \u201eBGM in der Bundeswehr\u201c zu informieren. Das Training dient dar\u00fcber hinaus auch als M\u00f6glichkeit, \u00fcber das eigene F\u00fchrungsverhalten zu reflektieren. Moderiert durch die Trainerin wird gemeinsam <abbr title=\"unter anderem\">u.a.<\/abbr> diesen praxisorientierten Fragen nachgegangen:<\/p>\n\n\n\n<div style=\"height:35px\" aria-hidden=\"true\" class=\"wp-block-spacer\"><\/div>\n\n\n\n<ul class=\"wp-block-list\">\n<li>Wie gesundheitsorientiert f\u00fchre ich?<\/li>\n\n\n\n<li>Was kann ich als F\u00fchrungskraft konkret tun, um die Gesundheit meiner Mitarbeiterinnen und Mitarbeiter zu st\u00e4rken?<\/li>\n\n\n\n<li>Welche Rolle spielt die Vorbildfunktion beim Thema Gesundheit?<\/li>\n\n\n\n<li>Wie kann ich mein gesundheitsorientiertes Selbstmanagement weiter verbessern?<\/li>\n<\/ul>\n\n\n\n<div style=\"height:35px\" aria-hidden=\"true\" class=\"wp-block-spacer\"><\/div>\n\n\n\n<p class=\"has-medium-font-size\">Das Go-F\u00fcKo-F\u00fchrungskr\u00e4ftetraining an der Helmut-Schmidt-Univerist\u00e4t wurde von Ines Wunderlich, M.A., zu der Zeit Wissenschaftliche Mitarbeiterin an der Professur f\u00fcr Arbeits-, Organisations-, und Wirtschaftspsychologie, durchgef\u00fchrt. <\/p>\n\n\n\n<div style=\"height:35px\" aria-hidden=\"true\" class=\"wp-block-spacer\"><\/div>\n\n\n\n<p class=\"has-medium-font-size\">Weitere Informationen zum Training erhalten Sie auf der Professur f\u00fcr Arbeits-, Organisations- und Wirtschaftspsychologie: <\/p>\n\n\n\n<p class=\"has-medium-font-size\"><a href=\"https:\/\/www.hsu-hh.de\/psyaow\/weiterbildungsangebote\/go-fueko\/\" data-type=\"URL\" data-id=\"https:\/\/www.hsu-hh.de\/psyaow\/weiterbildungsangebote\/go-fueko\/\">Go-F\u00fcKo-Training<\/a><\/p>\n\n\n\n<div style=\"height:40px\" aria-hidden=\"true\" class=\"wp-block-spacer\"><\/div>\n\n\n\n<p class=\"has-medium-font-size\">Das Training wurde als Inhouse-Schulung auch schon an andern Dienststellen der Bundeswehr erfolgreich durchgef\u00fchrt. Bei Interesse am Go-F\u00fcKo-F\u00fchrungskr\u00e4ftetraining kontaktieren Sie bitte Frau Wunderlich (wunderlich@hsu-hh.de).<\/p>\n","protected":false},"excerpt":{"rendered":"<p>Vorgesetzte und Mitarbeiterf\u00fchrung tragen bei der Umsetzung des BGM eine zentrale Rolle. Insbesondere ihre Rolle als Vorbild ist hierbei von besonderer Bedeutung. Sie sollten die Bereitschaft der Mitarbeiterinnen und Mitarbeiter [&hellip;]<\/p>\n","protected":false},"author":193,"featured_media":0,"parent":0,"menu_order":0,"comment_status":"closed","ping_status":"closed","template":"","meta":{"footnotes":""},"categories":[4],"tags":[],"class_list":["post-591","page","type-page","status-publish","hentry","category-forschung"],"_links":{"self":[{"href":"https:\/\/www.hsu-hh.de\/bgm\/wp-json\/wp\/v2\/pages\/591","targetHints":{"allow":["GET"]}}],"collection":[{"href":"https:\/\/www.hsu-hh.de\/bgm\/wp-json\/wp\/v2\/pages"}],"about":[{"href":"https:\/\/www.hsu-hh.de\/bgm\/wp-json\/wp\/v2\/types\/page"}],"author":[{"embeddable":true,"href":"https:\/\/www.hsu-hh.de\/bgm\/wp-json\/wp\/v2\/users\/193"}],"replies":[{"embeddable":true,"href":"https:\/\/www.hsu-hh.de\/bgm\/wp-json\/wp\/v2\/comments?post=591"}],"version-history":[{"count":36,"href":"https:\/\/www.hsu-hh.de\/bgm\/wp-json\/wp\/v2\/pages\/591\/revisions"}],"predecessor-version":[{"id":2804,"href":"https:\/\/www.hsu-hh.de\/bgm\/wp-json\/wp\/v2\/pages\/591\/revisions\/2804"}],"wp:attachment":[{"href":"https:\/\/www.hsu-hh.de\/bgm\/wp-json\/wp\/v2\/media?parent=591"}],"wp:term":[{"taxonomy":"category","embeddable":true,"href":"https:\/\/www.hsu-hh.de\/bgm\/wp-json\/wp\/v2\/categories?post=591"},{"taxonomy":"post_tag","embeddable":true,"href":"https:\/\/www.hsu-hh.de\/bgm\/wp-json\/wp\/v2\/tags?post=591"}],"curies":[{"name":"wp","href":"https:\/\/api.w.org\/{rel}","templated":true}]}}