{"id":514,"date":"2020-04-28T15:09:14","date_gmt":"2020-04-28T13:09:14","guid":{"rendered":"https:\/\/www.hsu-hh.de\/bgm\/?page_id=514"},"modified":"2023-07-14T11:39:07","modified_gmt":"2023-07-14T09:39:07","slug":"online-angebote","status":"publish","type":"page","link":"https:\/\/www.hsu-hh.de\/bgm\/online-angebote","title":{"rendered":"Online-Angebote"},"content":{"rendered":"\n<div style=\"height:45px\" aria-hidden=\"true\" class=\"wp-block-spacer\"><\/div>\n\n\n\n<p class=\"has-text-align-center\" style=\"font-size:28px\">Den ganzen Tag im Home-Office?<strong> <\/strong>Zu viel gesessen?<\/p>\n\n\n<div class=\"wp-block-image\">\n<figure class=\"aligncenter size-large is-resized\"><img loading=\"lazy\" decoding=\"async\" src=\"https:\/\/www.hsu-hh.de\/bgm\/wp-content\/uploads\/sites\/790\/2023\/06\/Lego-1024x683.png\" data-credit=\"www.pixabay.com\" alt=\"Legofigur am Schreibtisch\" class=\"wp-image-2495\" width=\"512\" height=\"342\" srcset=\"https:\/\/www.hsu-hh.de\/bgm\/wp-content\/uploads\/sites\/790\/2023\/06\/Lego-1024x683.png 1024w, https:\/\/www.hsu-hh.de\/bgm\/wp-content\/uploads\/sites\/790\/2023\/06\/Lego-300x200.png 300w, https:\/\/www.hsu-hh.de\/bgm\/wp-content\/uploads\/sites\/790\/2023\/06\/Lego-768x512.png 768w, https:\/\/www.hsu-hh.de\/bgm\/wp-content\/uploads\/sites\/790\/2023\/06\/Lego-1100x734.png 1100w, https:\/\/www.hsu-hh.de\/bgm\/wp-content\/uploads\/sites\/790\/2023\/06\/Lego.png 1280w\" sizes=\"auto, (max-width: 512px) 100vw, 512px\" \/><\/figure>\n<\/div>\n\n\n<div style=\"height:46px\" aria-hidden=\"true\" class=\"wp-block-spacer\"><\/div>\n\n\n\n<div class=\"wp-block-media-text alignwide has-media-on-the-right is-stacked-on-mobile\" style=\"grid-template-columns:auto 24%\"><div class=\"wp-block-media-text__content\">\n<p style=\"font-size:28px\"><strong>Bringen Sie Abwechselung in Ihren Alltag und nutzen Sie unsere neuen Online-Empfehlungen, um etwas Gutes f\u00fcr Ihre Gesundheit zu tun!<\/strong><\/p>\n\n\n\n<p class=\"has-medium-font-size\">Wir haben eine kleine Auswahl an Videos rund um das Thema Gesundheit f\u00fcr Sie recherchiert. Genial: Ihr pers\u00f6nlicher Gesundheitsbooster kommt jetzt zu Ihnen nach Hause oder ins B\u00fcro!&nbsp; Keine Anfahrt, keine Kosten!<\/p>\n<\/div><figure class=\"wp-block-media-text__media\"><img loading=\"lazy\" decoding=\"async\" width=\"310\" height=\"250\" src=\"https:\/\/www.hsu-hh.de\/bgm\/wp-content\/uploads\/sites\/790\/2023\/06\/BGM.png\" data-credit=\"Bundeswehr\" alt=\"BGM-Logo\" class=\"wp-image-2444 size-full\" srcset=\"https:\/\/www.hsu-hh.de\/bgm\/wp-content\/uploads\/sites\/790\/2023\/06\/BGM.png 310w, https:\/\/www.hsu-hh.de\/bgm\/wp-content\/uploads\/sites\/790\/2023\/06\/BGM-300x242.png 300w\" sizes=\"auto, (max-width: 310px) 100vw, 310px\" \/><\/figure><\/div>\n\n\n\n<div style=\"height:60px\" aria-hidden=\"true\" class=\"wp-block-spacer\"><\/div>\n\n\n\n<div class=\"wp-block-media-text alignwide is-stacked-on-mobile\" style=\"grid-template-columns:45% auto\"><figure class=\"wp-block-media-text__media\"><img loading=\"lazy\" decoding=\"async\" width=\"1024\" height=\"682\" src=\"https:\/\/www.hsu-hh.de\/bgm\/wp-content\/uploads\/sites\/790\/2023\/06\/Laptop-1024x682.png\" data-credit=\"www.pixabay.com\" alt=\"Laptop auf einem Sofa\" class=\"wp-image-2496 size-full\" srcset=\"https:\/\/www.hsu-hh.de\/bgm\/wp-content\/uploads\/sites\/790\/2023\/06\/Laptop-1024x682.png 1024w, https:\/\/www.hsu-hh.de\/bgm\/wp-content\/uploads\/sites\/790\/2023\/06\/Laptop-300x200.png 300w, https:\/\/www.hsu-hh.de\/bgm\/wp-content\/uploads\/sites\/790\/2023\/06\/Laptop-768x512.png 768w, https:\/\/www.hsu-hh.de\/bgm\/wp-content\/uploads\/sites\/790\/2023\/06\/Laptop-1100x733.png 1100w, https:\/\/www.hsu-hh.de\/bgm\/wp-content\/uploads\/sites\/790\/2023\/06\/Laptop.png 1280w\" sizes=\"auto, (max-width: 1024px) 100vw, 1024px\" \/><\/figure><div class=\"wp-block-media-text__content\">\n<p style=\"font-size:28px\"><strong>Von \u00fcberall erreichbar!<\/strong><\/p>\n\n\n\n<p class=\"has-medium-font-size\">Sie sind nicht im Home-Office, sondern in Ihrem \u00fcblichen B\u00fcro oder verrichten an einem anderen Ort Ihren Dienst? <\/p>\n\n\n\n<p class=\"has-medium-font-size\">Kein Problem: Sie k\u00f6nnen die Videos von \u00fcberall aus dem Internet abrufen!<\/p>\n<\/div><\/div>\n\n\n\n<div style=\"height:100px\" aria-hidden=\"true\" class=\"wp-block-spacer\"><\/div>\n\n\n\n<div class=\"wp-block-media-text alignwide has-media-on-the-right is-stacked-on-mobile\" style=\"grid-template-columns:auto 39%\"><div class=\"wp-block-media-text__content\">\n<p style=\"font-size:28px\"><strong>Zeitliche Engp\u00e4sse?<\/strong><\/p>\n\n\n\n<p class=\"has-medium-font-size\">Sie hatten bisher immer zeitliche Engp\u00e4sse, die Sie leider abgehalten haben, BGM-Angebote zu nutzen? <\/p>\n\n\n\n<p class=\"has-medium-font-size\">Nun haben Sie die M\u00f6glichkeit, auch kleine Einheiten (ca. 5 Minuten) abzurufen und individuell an Ihren Tagesablauf anzupassen.<\/p>\n<\/div><figure class=\"wp-block-media-text__media\"><img loading=\"lazy\" decoding=\"async\" width=\"1024\" height=\"682\" src=\"https:\/\/www.hsu-hh.de\/bgm\/wp-content\/uploads\/sites\/790\/2023\/06\/Wecker-1024x682.png\" data-credit=\"www.pixabay.com\" alt=\"Wecker\" class=\"wp-image-2497 size-full\" srcset=\"https:\/\/www.hsu-hh.de\/bgm\/wp-content\/uploads\/sites\/790\/2023\/06\/Wecker-1024x682.png 1024w, https:\/\/www.hsu-hh.de\/bgm\/wp-content\/uploads\/sites\/790\/2023\/06\/Wecker-300x200.png 300w, https:\/\/www.hsu-hh.de\/bgm\/wp-content\/uploads\/sites\/790\/2023\/06\/Wecker-768x512.png 768w, https:\/\/www.hsu-hh.de\/bgm\/wp-content\/uploads\/sites\/790\/2023\/06\/Wecker-1100x733.png 1100w, https:\/\/www.hsu-hh.de\/bgm\/wp-content\/uploads\/sites\/790\/2023\/06\/Wecker.png 1280w\" sizes=\"auto, (max-width: 1024px) 100vw, 1024px\" \/><\/figure><\/div>\n\n\n\n<div style=\"height:35px\" aria-hidden=\"true\" class=\"wp-block-spacer\"><\/div>\n\n\n\n<hr class=\"wp-block-separator has-alpha-channel-opacity\" \/>\n\n\n\n<div style=\"height:35px\" aria-hidden=\"true\" class=\"wp-block-spacer\"><\/div>\n\n\n\n<p class=\"has-text-align-center\" style=\"font-size:28px\"><strong>Mehr als nur Bewegung!<\/strong><\/p>\n\n\n\n<p class=\"has-text-align-center has-medium-font-size\">Da die Angebote der Betrieblichen Gesundheitsf\u00f6rderung (BGF) nicht nur Bewegungsangebote umfassen, haben wir noch weitere Themen im Angebot.&nbsp; Schauen Sie gern in den Rubriken&nbsp; &#8222;Stresspr\u00e4vention&#8220;, &#8222;Ern\u00e4hrung&#8220; und &#8222;Suchtpr\u00e4vention&#8220; vorbei!<\/p>\n\n\n\n<div style=\"height:35px\" aria-hidden=\"true\" class=\"wp-block-spacer\"><\/div>\n\n\n\n<hr class=\"wp-block-separator has-alpha-channel-opacity\" \/>\n\n\n\n<div style=\"height:35px\" aria-hidden=\"true\" class=\"wp-block-spacer\"><\/div>\n\n\n\n<div class=\"wp-block-columns is-layout-flex wp-container-core-columns-is-layout-9d6595d7 wp-block-columns-is-layout-flex\">\n<div class=\"wp-block-column is-layout-flow wp-block-column-is-layout-flow\"><div class=\"wp-block-image\">\n<figure class=\"aligncenter size-large is-resized\"><img loading=\"lazy\" decoding=\"async\" src=\"https:\/\/www.hsu-hh.de\/bgm\/wp-content\/uploads\/sites\/790\/2023\/06\/pexels-karolina-grabowska-4498606-1024x683.jpg\" data-credit=\"www.pexels.com\" alt=\"Sportequipment\" class=\"wp-image-2446\" width=\"477\" height=\"318\" srcset=\"https:\/\/www.hsu-hh.de\/bgm\/wp-content\/uploads\/sites\/790\/2023\/06\/pexels-karolina-grabowska-4498606-1024x683.jpg 1024w, https:\/\/www.hsu-hh.de\/bgm\/wp-content\/uploads\/sites\/790\/2023\/06\/pexels-karolina-grabowska-4498606-300x200.jpg 300w, https:\/\/www.hsu-hh.de\/bgm\/wp-content\/uploads\/sites\/790\/2023\/06\/pexels-karolina-grabowska-4498606-768x512.jpg 768w, https:\/\/www.hsu-hh.de\/bgm\/wp-content\/uploads\/sites\/790\/2023\/06\/pexels-karolina-grabowska-4498606-1536x1024.jpg 1536w, https:\/\/www.hsu-hh.de\/bgm\/wp-content\/uploads\/sites\/790\/2023\/06\/pexels-karolina-grabowska-4498606-2048x1365.jpg 2048w, https:\/\/www.hsu-hh.de\/bgm\/wp-content\/uploads\/sites\/790\/2023\/06\/pexels-karolina-grabowska-4498606-1100x733.jpg 1100w\" sizes=\"auto, (max-width: 477px) 100vw, 477px\" \/><\/figure>\n<\/div>\n\n\n<p class=\"has-text-align-center\" style=\"font-size:28px\">Onlineangebote<\/p>\n\n\n\n<p class=\"has-text-align-center\" style=\"font-size:28px\"><a href=\"https:\/\/www.hsu-hh.de\/bgm\/onlineangebot-bewegung\" data-type=\"page\" data-id=\"2892\">&#8222;Bewegung&#8220;<\/a><\/p>\n<\/div>\n\n\n\n<div class=\"wp-block-column is-layout-flow wp-block-column-is-layout-flow\"><div class=\"wp-block-image\">\n<figure class=\"aligncenter size-large is-resized\"><img loading=\"lazy\" decoding=\"async\" src=\"https:\/\/www.hsu-hh.de\/bgm\/wp-content\/uploads\/sites\/790\/2023\/06\/emma-simpson-mNGaaLeWEp0-unsplash-1024x683.jpg\" data-credit=\"www.unsplash.com\" alt=\"Stresspr\u00e4vention\" class=\"wp-image-2499\" width=\"479\" height=\"319\" srcset=\"https:\/\/www.hsu-hh.de\/bgm\/wp-content\/uploads\/sites\/790\/2023\/06\/emma-simpson-mNGaaLeWEp0-unsplash-1024x683.jpg 1024w, https:\/\/www.hsu-hh.de\/bgm\/wp-content\/uploads\/sites\/790\/2023\/06\/emma-simpson-mNGaaLeWEp0-unsplash-300x200.jpg 300w, https:\/\/www.hsu-hh.de\/bgm\/wp-content\/uploads\/sites\/790\/2023\/06\/emma-simpson-mNGaaLeWEp0-unsplash-768x512.jpg 768w, https:\/\/www.hsu-hh.de\/bgm\/wp-content\/uploads\/sites\/790\/2023\/06\/emma-simpson-mNGaaLeWEp0-unsplash-1536x1024.jpg 1536w, https:\/\/www.hsu-hh.de\/bgm\/wp-content\/uploads\/sites\/790\/2023\/06\/emma-simpson-mNGaaLeWEp0-unsplash-2048x1365.jpg 2048w, https:\/\/www.hsu-hh.de\/bgm\/wp-content\/uploads\/sites\/790\/2023\/06\/emma-simpson-mNGaaLeWEp0-unsplash-1100x733.jpg 1100w\" sizes=\"auto, (max-width: 479px) 100vw, 479px\" \/><\/figure>\n<\/div>\n\n\n<p class=\"has-text-align-center\" style=\"font-size:28px\">Onlineangebote<\/p>\n\n\n\n<p class=\"has-text-align-center\" style=\"font-size:28px\"><a href=\"https:\/\/www.hsu-hh.de\/bgm\/onlineangebot-stresspraevention\" data-type=\"page\" data-id=\"2899\">&#8222;Stresspr\u00e4vention&#8220;<\/a><\/p>\n<\/div>\n<\/div>\n\n\n\n<div style=\"height:20px\" aria-hidden=\"true\" class=\"wp-block-spacer\"><\/div>\n\n\n\n<div class=\"wp-block-columns is-layout-flex wp-container-core-columns-is-layout-9d6595d7 wp-block-columns-is-layout-flex\">\n<div class=\"wp-block-column is-layout-flow wp-block-column-is-layout-flow\"><div class=\"wp-block-image\">\n<figure class=\"aligncenter size-large is-resized\"><img loading=\"lazy\" decoding=\"async\" src=\"https:\/\/www.hsu-hh.de\/bgm\/wp-content\/uploads\/sites\/790\/2023\/06\/katie-smith-uQs1802D0CQ-unsplash-e1688042900408-1024x666.jpg\" data-credit=\"www.unsplash.com\" alt=\"Holzbrett mit Zutaten\" class=\"wp-image-2500\" width=\"480\" height=\"312\" srcset=\"https:\/\/www.hsu-hh.de\/bgm\/wp-content\/uploads\/sites\/790\/2023\/06\/katie-smith-uQs1802D0CQ-unsplash-e1688042900408-1024x666.jpg 1024w, https:\/\/www.hsu-hh.de\/bgm\/wp-content\/uploads\/sites\/790\/2023\/06\/katie-smith-uQs1802D0CQ-unsplash-e1688042900408-300x195.jpg 300w, https:\/\/www.hsu-hh.de\/bgm\/wp-content\/uploads\/sites\/790\/2023\/06\/katie-smith-uQs1802D0CQ-unsplash-e1688042900408-768x499.jpg 768w, https:\/\/www.hsu-hh.de\/bgm\/wp-content\/uploads\/sites\/790\/2023\/06\/katie-smith-uQs1802D0CQ-unsplash-e1688042900408-1536x998.jpg 1536w, https:\/\/www.hsu-hh.de\/bgm\/wp-content\/uploads\/sites\/790\/2023\/06\/katie-smith-uQs1802D0CQ-unsplash-e1688042900408-2048x1331.jpg 2048w, https:\/\/www.hsu-hh.de\/bgm\/wp-content\/uploads\/sites\/790\/2023\/06\/katie-smith-uQs1802D0CQ-unsplash-e1688042900408-1100x715.jpg 1100w\" sizes=\"auto, (max-width: 480px) 100vw, 480px\" \/><\/figure>\n<\/div>\n\n\n<p class=\"has-text-align-center\" style=\"font-size:28px\">Onlineangebote<\/p>\n\n\n\n<p class=\"has-text-align-center\" style=\"font-size:28px\"><a href=\"https:\/\/www.hsu-hh.de\/bgm\/onlineangebot-ernaehrung\" data-type=\"page\" data-id=\"2896\">&#8222;Ern\u00e4hrung&#8220;<\/a><\/p>\n<\/div>\n\n\n\n<div class=\"wp-block-column is-layout-flow wp-block-column-is-layout-flow\"><div class=\"wp-block-image\">\n<figure class=\"aligncenter size-large is-resized\"><img loading=\"lazy\" decoding=\"async\" src=\"https:\/\/www.hsu-hh.de\/bgm\/wp-content\/uploads\/sites\/790\/2023\/06\/Sucht_Rauchfrei-1024x682.png\" data-credit=\"www.pixabay.com\" alt=\"Rauchfrei\" class=\"wp-image-2498\" width=\"467\" height=\"310\" srcset=\"https:\/\/www.hsu-hh.de\/bgm\/wp-content\/uploads\/sites\/790\/2023\/06\/Sucht_Rauchfrei-1024x682.png 1024w, https:\/\/www.hsu-hh.de\/bgm\/wp-content\/uploads\/sites\/790\/2023\/06\/Sucht_Rauchfrei-300x200.png 300w, https:\/\/www.hsu-hh.de\/bgm\/wp-content\/uploads\/sites\/790\/2023\/06\/Sucht_Rauchfrei-768x512.png 768w, https:\/\/www.hsu-hh.de\/bgm\/wp-content\/uploads\/sites\/790\/2023\/06\/Sucht_Rauchfrei-1100x733.png 1100w, https:\/\/www.hsu-hh.de\/bgm\/wp-content\/uploads\/sites\/790\/2023\/06\/Sucht_Rauchfrei.png 1280w\" sizes=\"auto, (max-width: 467px) 100vw, 467px\" \/><\/figure>\n<\/div>\n\n\n<p class=\"has-text-align-center\" style=\"font-size:28px\">Onlineangebote<\/p>\n\n\n\n<p class=\"has-text-align-center\" style=\"font-size:28px\"><a href=\"https:\/\/www.hsu-hh.de\/bgm\/onlineangebot-suchtpraevention\" data-type=\"page\" data-id=\"2917\">&#8222;Suchtpr\u00e4vention&#8220;<\/a><\/p>\n<\/div>\n<\/div>\n\n\n\n<div style=\"height:35px\" aria-hidden=\"true\" class=\"wp-block-spacer\"><\/div>\n\n\n\n<hr class=\"wp-block-separator has-alpha-channel-opacity\" \/>\n\n\n\n<div style=\"height:35px\" aria-hidden=\"true\" class=\"wp-block-spacer\"><\/div>\n\n\n\n<p class=\"has-text-align-center\" style=\"font-size:28px\"><strong>Ideen willkommen!<\/strong><\/p>\n\n\n\n<p class=\"has-text-align-center has-medium-font-size\" style=\"font-size:28px\">Sie haben Lob, Feedback und Anregungen? Teilen Sie es uns gerne mit. Sie m\u00f6chten auch ein Gesundheitsvideo empfehlen oder drehen? Wir freuen uns auf Vorschl\u00e4ge von Universit\u00e4tsangeh\u00f6rigen und Bundeswehrangeh\u00f6rigen, pr\u00fcfen die Qualit\u00e4t und nehmen das Video bei entsprechender Eignung in unsere Empfehlungsdatenbank auf.<\/p>\n\n\n\n<p class=\"has-text-align-center has-medium-font-size\" style=\"font-size:28px\"><a href=\"https:\/\/www.hsu-hh.de\/bgm\/online-empfehlungen\/ideen-willkommen\">Wie kann ich selbst einen Beitrag ver\u00f6ffentlichen?<\/a><\/p>\n\n\n\n<div style=\"height:36px\" aria-hidden=\"true\" class=\"wp-block-spacer\"><\/div>\n\n\n\n<hr class=\"wp-block-separator has-alpha-channel-opacity\" \/>\n\n\n\n<div style=\"height:36px\" aria-hidden=\"true\" class=\"wp-block-spacer\"><\/div>\n\n\n\n<p class=\"has-text-align-center\" style=\"font-size:28px\"><strong>Initiatorin und Ansprechpartnerin<\/strong><\/p>\n\n\n\n<p class=\"has-text-align-center has-medium-font-size\">Initiatorin &nbsp;der Online-Empfehlungsangebote ist Hauptmann Ines Wunderlich, (M.A.). Bei Fragen, Feedback und Empfehlungsvorschl\u00e4gen, bitte direkt Frau Wunderlich kontaktieren: wunderlich@hsu-hh.de.<\/p>\n\n\n\n<div style=\"height:100px\" aria-hidden=\"true\" class=\"wp-block-spacer\"><\/div>\n\n\n\n<p class=\"has-text-align-center\" style=\"font-size:28px\"><strong>Wir w\u00fcnschen viel Freude bei der Nutzung des Angebotes!<\/strong><\/p>\n\n\n\n<div style=\"height:36px\" aria-hidden=\"true\" class=\"wp-block-spacer\"><\/div>\n\n\n<div class=\"wp-block-image\">\n<figure class=\"aligncenter size-full is-resized\"><img loading=\"lazy\" decoding=\"async\" src=\"https:\/\/www.hsu-hh.de\/bgm\/wp-content\/uploads\/sites\/790\/2023\/06\/BGM.png\" data-credit=\"Bundeswehr\" alt=\"BGM-Logo\" class=\"wp-image-2444\" width=\"255\" height=\"206\" srcset=\"https:\/\/www.hsu-hh.de\/bgm\/wp-content\/uploads\/sites\/790\/2023\/06\/BGM.png 310w, https:\/\/www.hsu-hh.de\/bgm\/wp-content\/uploads\/sites\/790\/2023\/06\/BGM-300x242.png 300w\" sizes=\"auto, (max-width: 255px) 100vw, 255px\" \/><\/figure>\n<\/div>\n\n\n<div style=\"height:36px\" aria-hidden=\"true\" class=\"wp-block-spacer\"><\/div>\n\n\n\n<p style=\"font-size:28px\"><strong>Wichtiger Hinweis vor der Nutzung der Online-Gesundheitsempfehlungen:<\/strong><\/p>\n\n\n\n<p class=\"has-grey-background-color has-background has-medium-font-size\">Bei den Online-Gesundheitsempfehlungen handelt es sich um Empfehlungen f\u00fcr Pausenzeiten sowie f\u00fcr die Freizeit! Wenn Sie auf Basis der Empfehlungen zu Hause \u00dcbungen durchf\u00fchren, tun Sie dies also nicht im Rahmen einer dienstlichen Veranstaltung. Eventuelle Verletzungen durch die \u00dcbungen sind somit kein Dienstunfall. Es besteht kein Versicherungsschutz \u00fcber die Berufsgenossenschaft. Die Videos wurden sorgf\u00e4ltig ausgew\u00e4hlt und auf gesundheitsf\u00f6rdernde Inhalte gepr\u00fcft. F\u00fcr diese Bewegungs- und Stresspr\u00e4ventionsangebote gibt es KEINE professionelle Aufsicht und keine M\u00f6glichkeit f\u00fcr Hinweise <abbr title=\"beziehungsweise\">bzw.<\/abbr>&nbsp; Korrekturen durch eine Trainerin oder einen Trainer. Die Durchf\u00fchrung erfolgt auf eigene Gefahr! F\u00fchren Sie die \u00dcbungen nur durch, wenn diesbez\u00fcglich keine gesundheitlichen Bedenken bei Ihnen bestehen.<\/p>\n\n\n\n<p><\/p>\n","protected":false},"excerpt":{"rendered":"<p>Den ganzen Tag im Home-Office? Zu viel gesessen? Bringen Sie Abwechselung in Ihren Alltag und nutzen Sie unsere neuen Online-Empfehlungen, um etwas Gutes f\u00fcr Ihre Gesundheit zu tun! Wir haben [&hellip;]<\/p>\n","protected":false},"author":193,"featured_media":0,"parent":0,"menu_order":0,"comment_status":"closed","ping_status":"closed","template":"","meta":{"footnotes":""},"categories":[4],"tags":[],"class_list":["post-514","page","type-page","status-publish","hentry","category-forschung"],"_links":{"self":[{"href":"https:\/\/www.hsu-hh.de\/bgm\/wp-json\/wp\/v2\/pages\/514","targetHints":{"allow":["GET"]}}],"collection":[{"href":"https:\/\/www.hsu-hh.de\/bgm\/wp-json\/wp\/v2\/pages"}],"about":[{"href":"https:\/\/www.hsu-hh.de\/bgm\/wp-json\/wp\/v2\/types\/page"}],"author":[{"embeddable":true,"href":"https:\/\/www.hsu-hh.de\/bgm\/wp-json\/wp\/v2\/users\/193"}],"replies":[{"embeddable":true,"href":"https:\/\/www.hsu-hh.de\/bgm\/wp-json\/wp\/v2\/comments?post=514"}],"version-history":[{"count":57,"href":"https:\/\/www.hsu-hh.de\/bgm\/wp-json\/wp\/v2\/pages\/514\/revisions"}],"predecessor-version":[{"id":2921,"href":"https:\/\/www.hsu-hh.de\/bgm\/wp-json\/wp\/v2\/pages\/514\/revisions\/2921"}],"wp:attachment":[{"href":"https:\/\/www.hsu-hh.de\/bgm\/wp-json\/wp\/v2\/media?parent=514"}],"wp:term":[{"taxonomy":"category","embeddable":true,"href":"https:\/\/www.hsu-hh.de\/bgm\/wp-json\/wp\/v2\/categories?post=514"},{"taxonomy":"post_tag","embeddable":true,"href":"https:\/\/www.hsu-hh.de\/bgm\/wp-json\/wp\/v2\/tags?post=514"}],"curies":[{"name":"wp","href":"https:\/\/api.w.org\/{rel}","templated":true}]}}