{"id":3519,"date":"2025-05-08T14:04:25","date_gmt":"2025-05-08T12:04:25","guid":{"rendered":"https:\/\/www.hsu-hh.de\/bgm\/?page_id=3519"},"modified":"2025-06-05T12:46:12","modified_gmt":"2025-06-05T10:46:12","slug":"team-achtsamkeit","status":"publish","type":"page","link":"https:\/\/www.hsu-hh.de\/bgm\/team-achtsamkeit","title":{"rendered":"TEAM Achtsamkeit"},"content":{"rendered":"\n<h2 class=\"wp-block-heading\">Der Outdoor-Walk!  Das BGM-Sommer-Special!<\/h2>\n\n\n\n<p><\/p>\n\n\n\n<p>Es ist Zeit f\u00fcr einen gemeinsamen Walk \u00fcber den Campus mit kleinen Achtsamkeits- und Atem\u00fcbungen an frischer Luft!<\/p>\n\n\n\n<p>Einfach raus ans Tageslicht \u2013 eine Pause vom Bildschirmarbeitsplatz, durchatmen, den Kopf freibekommen!<\/p>\n\n\n\n<figure class=\"wp-block-image size-large\"><img loading=\"lazy\" decoding=\"async\" width=\"1024\" height=\"685\" src=\"https:\/\/www.hsu-hh.de\/bgm\/wp-content\/uploads\/sites\/790\/2025\/05\/AdobeStock_62139086_c_Smileus_-1024x685.jpeg\" data-credit=\"Smileus \u2013 Adobe.stock.com\" alt=\"TEAM Achtsamkeit\" class=\"wp-image-3608\" srcset=\"https:\/\/www.hsu-hh.de\/bgm\/wp-content\/uploads\/sites\/790\/2025\/05\/AdobeStock_62139086_c_Smileus_-1024x685.jpeg 1024w, https:\/\/www.hsu-hh.de\/bgm\/wp-content\/uploads\/sites\/790\/2025\/05\/AdobeStock_62139086_c_Smileus_-300x201.jpeg 300w, https:\/\/www.hsu-hh.de\/bgm\/wp-content\/uploads\/sites\/790\/2025\/05\/AdobeStock_62139086_c_Smileus_-768x514.jpeg 768w, https:\/\/www.hsu-hh.de\/bgm\/wp-content\/uploads\/sites\/790\/2025\/05\/AdobeStock_62139086_c_Smileus_-1536x1028.jpeg 1536w, https:\/\/www.hsu-hh.de\/bgm\/wp-content\/uploads\/sites\/790\/2025\/05\/AdobeStock_62139086_c_Smileus_-2048x1371.jpeg 2048w, https:\/\/www.hsu-hh.de\/bgm\/wp-content\/uploads\/sites\/790\/2025\/05\/AdobeStock_62139086_c_Smileus_-1100x736.jpeg 1100w\" sizes=\"auto, (max-width: 1024px) 100vw, 1024px\" \/><figcaption class=\"wp-element-caption\">TEAM Achtsamkeit<\/figcaption><\/figure>\n\n\n\n<h2 class=\"wp-block-heading\">\u00dcberblick<\/h2>\n\n\n\n<ul class=\"wp-block-list\">\n<li>Start: 25.06.2025 (bis Oktober 2025)<\/li>\n\n\n\n<li>immer mittwochs, 10:30 Uhr<\/li>\n\n\n\n<li>Dauer: 30 min<\/li>\n\n\n\n<li>Treffpunkt: Geb\u00e4ude H1, Ausgang Richtung Mensa!<\/li>\n\n\n\n<li>Durchf\u00fchrungsteam: Rabea Habedank und Ines Wunderlich<\/li>\n\n\n\n<li>Umziehen oder Duschen ist nicht erforderlich.<\/li>\n<\/ul>\n\n\n\n<p><\/p>\n\n\n\n<h2 class=\"wp-block-heading\">Was bringt &#8222;Achtsamkeit&#8220;? <\/h2>\n\n\n\n<ul class=\"wp-block-list\">\n<li><strong>Stressreduktion<\/strong> \u2013 Achtsamkeit hilft, den Geist zu beruhigen und den Umgang mit Stress zu verbessern, indem man im Moment pr\u00e4sent bleibt, statt sich in Sorgen oder Gr\u00fcbeleien zu verlieren.<\/li>\n<\/ul>\n\n\n\n<ul class=\"wp-block-list\">\n<li><strong>Bessere Konzentration<\/strong> \u2013 Regelm\u00e4\u00dfige Achtsamkeitspraxis st\u00e4rkt die F\u00e4higkeit, sich auf eine Sache zu fokussieren und Ablenkungen besser zu kontrollieren.<\/li>\n<\/ul>\n\n\n\n<ul class=\"wp-block-list\">\n<li><strong>Emotionale Balance<\/strong> \u2013 Achtsamkeit f\u00f6rdert den bewussten Umgang mit Emotionen, was hilft, impulsive Reaktionen zu vermeiden und innerlich gelassener zu bleiben.<\/li>\n<\/ul>\n\n\n\n<ul class=\"wp-block-list\">\n<li><strong>Verbesserte zwischenmenschliche Beziehungen<\/strong> \u2013 Wer achtsam ist, h\u00f6rt aufmerksamer zu, ist empathischer und reagiert bewusster \u2013 das st\u00e4rkt soziale Verbindungen.<\/li>\n<\/ul>\n\n\n\n<ul class=\"wp-block-list\">\n<li><strong>F\u00f6rderung der Selbstwahrnehmung<\/strong> \u2013 Achtsamkeit erm\u00f6glicht einen tieferen Einblick in eigene Gedanken, Gef\u00fchle und K\u00f6rperempfindungen, was pers\u00f6nliche Entwicklung unterst\u00fctzt.<\/li>\n<\/ul>\n\n\n\n<p><\/p>\n\n\n\n<h2 class=\"wp-block-heading\">Team-Gedanke<\/h2>\n\n\n\n<p>Zusammen werden wir zum &#8222;TEAM Achtsamkeit&#8220;. Der gemeinsame Walk bietet auch die M\u00f6glichkeit zum pers\u00f6nlichen Erfahrungsaustausch zum Thema Achtsamkeit. Lerne von anderen Teilnehmenden oder inspiriere diese mit deinen Achtsamkeitserfahrungen.<\/p>\n\n\n\n<h2 class=\"wp-block-heading\">Anmeldung<\/h2>\n\n\n\n<p>Bei der Ma\u00dfnahme handelt es sich um ein <strong>Angebot des Betrieblichen Gesundheitsmanagements<\/strong>. Um sich anzumelden, senden Sie bitte Ihren \u201eAntrag auf Teilnahme an einer BGM-Ma\u00dfnahme\u201c an <a href=\"mailto:bgm@hsu-hh.de\" rel='nofollow'>bgm@hsu-hh.de<\/a>. Den Antrag finden Sie im <a href=\"https:\/\/www.hsu-hh.de\/bgm\/downloadbereic\">BGM-Downloadbereich<\/a>. <\/p>\n\n\n\n<figure class=\"wp-block-image size-full\"><img loading=\"lazy\" decoding=\"async\" width=\"310\" height=\"248\" src=\"https:\/\/www.hsu-hh.de\/bgm\/wp-content\/uploads\/sites\/790\/2022\/06\/BGMLogo.jpg\" data-credit=\"Bundeswehr\" alt=\"BGM Logo\" class=\"wp-image-1954\" srcset=\"https:\/\/www.hsu-hh.de\/bgm\/wp-content\/uploads\/sites\/790\/2022\/06\/BGMLogo.jpg 310w, https:\/\/www.hsu-hh.de\/bgm\/wp-content\/uploads\/sites\/790\/2022\/06\/BGMLogo-300x240.jpg 300w\" sizes=\"auto, (max-width: 310px) 100vw, 310px\" \/><\/figure>\n\n\n\n<div style=\"height:100px\" aria-hidden=\"true\" class=\"wp-block-spacer\"><\/div>\n\n\n\n<h2 class=\"wp-block-heading\"><strong>Gesundheitsorientierte F\u00fchrungskr\u00e4fte<\/strong><\/h2>\n\n\n\n<p>F\u00fcr gesundheitsorientierte F\u00fchrungskr\u00e4fte an unserer Universit\u00e4t, die ihre Besch\u00e4ftigten auf das Angebot aufmerksam machen m\u00f6chten, stellen wir das Plakat zum Download, Weiterleiten und Ausdrucken f\u00fcr den eigenen Bereich zur Verf\u00fcgung.<\/p>\n\n\n\n<div class=\"wp-block-hsu-downloadblock\"><div class=\"thumbnail-area\"><img decoding=\"async\" src=\"\/wp-content\/themes\/hsu\/img\/dummy\/downloads_dummy.png\" alt=\"Download Symbol-Icon\" \/><\/div><div class=\"text-area\">TEAM Achtsamkeit<\/div><div class=\"download-area\"><a class=\"download-link\" href=\"https:\/\/www.hsu-hh.de\/bgm\/wp-content\/uploads\/sites\/790\/2025\/06\/TEAM-Achtsamkeit.pdf\"><span class=\"download-name\">pdf laden<\/span><span class=\"download-icon\"><img decoding=\"async\" class=\"download-icon\" alt=\"download icon\" src=\"\/wp-content\/themes\/hsu\/img\/icons\/download_icon.png\" \/><\/span><span class=\"download-size\">7 MB<\/span><\/a><\/div><\/div>\n\n\n<div class=\"wp-block-image\">\n<figure class=\"aligncenter size-large\"><img loading=\"lazy\" decoding=\"async\" width=\"724\" height=\"1024\" src=\"https:\/\/www.hsu-hh.de\/bgm\/wp-content\/uploads\/sites\/790\/2025\/06\/TEAM-Achtsamkeit-724x1024.jpg\" data-credit=\"Grafik HSU - Kirstin Schwarz\" alt=\"TEAM Achtsamkeit -Plakat\" class=\"wp-image-3642\" srcset=\"https:\/\/www.hsu-hh.de\/bgm\/wp-content\/uploads\/sites\/790\/2025\/06\/TEAM-Achtsamkeit-724x1024.jpg 724w, https:\/\/www.hsu-hh.de\/bgm\/wp-content\/uploads\/sites\/790\/2025\/06\/TEAM-Achtsamkeit-212x300.jpg 212w, https:\/\/www.hsu-hh.de\/bgm\/wp-content\/uploads\/sites\/790\/2025\/06\/TEAM-Achtsamkeit-768x1086.jpg 768w, https:\/\/www.hsu-hh.de\/bgm\/wp-content\/uploads\/sites\/790\/2025\/06\/TEAM-Achtsamkeit-1086x1536.jpg 1086w, https:\/\/www.hsu-hh.de\/bgm\/wp-content\/uploads\/sites\/790\/2025\/06\/TEAM-Achtsamkeit-1448x2048.jpg 1448w, https:\/\/www.hsu-hh.de\/bgm\/wp-content\/uploads\/sites\/790\/2025\/06\/TEAM-Achtsamkeit-1100x1556.jpg 1100w, https:\/\/www.hsu-hh.de\/bgm\/wp-content\/uploads\/sites\/790\/2025\/06\/TEAM-Achtsamkeit-scaled.jpg 1810w\" sizes=\"auto, (max-width: 724px) 100vw, 724px\" \/><\/figure>\n<\/div>","protected":false},"excerpt":{"rendered":"<p>Der Outdoor-Walk! Das BGM-Sommer-Special! Es ist Zeit f\u00fcr einen gemeinsamen Walk \u00fcber den Campus mit kleinen Achtsamkeits- und Atem\u00fcbungen an frischer Luft! Einfach raus ans Tageslicht \u2013 eine Pause vom [&hellip;]<\/p>\n","protected":false},"author":193,"featured_media":0,"parent":0,"menu_order":0,"comment_status":"closed","ping_status":"closed","template":"","meta":{"footnotes":""},"categories":[4],"tags":[],"class_list":["post-3519","page","type-page","status-publish","hentry","category-forschung"],"_links":{"self":[{"href":"https:\/\/www.hsu-hh.de\/bgm\/wp-json\/wp\/v2\/pages\/3519","targetHints":{"allow":["GET"]}}],"collection":[{"href":"https:\/\/www.hsu-hh.de\/bgm\/wp-json\/wp\/v2\/pages"}],"about":[{"href":"https:\/\/www.hsu-hh.de\/bgm\/wp-json\/wp\/v2\/types\/page"}],"author":[{"embeddable":true,"href":"https:\/\/www.hsu-hh.de\/bgm\/wp-json\/wp\/v2\/users\/193"}],"replies":[{"embeddable":true,"href":"https:\/\/www.hsu-hh.de\/bgm\/wp-json\/wp\/v2\/comments?post=3519"}],"version-history":[{"count":13,"href":"https:\/\/www.hsu-hh.de\/bgm\/wp-json\/wp\/v2\/pages\/3519\/revisions"}],"predecessor-version":[{"id":3643,"href":"https:\/\/www.hsu-hh.de\/bgm\/wp-json\/wp\/v2\/pages\/3519\/revisions\/3643"}],"wp:attachment":[{"href":"https:\/\/www.hsu-hh.de\/bgm\/wp-json\/wp\/v2\/media?parent=3519"}],"wp:term":[{"taxonomy":"category","embeddable":true,"href":"https:\/\/www.hsu-hh.de\/bgm\/wp-json\/wp\/v2\/categories?post=3519"},{"taxonomy":"post_tag","embeddable":true,"href":"https:\/\/www.hsu-hh.de\/bgm\/wp-json\/wp\/v2\/tags?post=3519"}],"curies":[{"name":"wp","href":"https:\/\/api.w.org\/{rel}","templated":true}]}}