{"id":3496,"date":"2025-05-06T16:22:15","date_gmt":"2025-05-06T14:22:15","guid":{"rendered":"https:\/\/www.hsu-hh.de\/bgm\/?page_id=3496"},"modified":"2025-06-02T13:16:40","modified_gmt":"2025-06-02T11:16:40","slug":"team-parcours-days","status":"publish","type":"page","link":"https:\/\/www.hsu-hh.de\/bgm\/team-parcours-days","title":{"rendered":"TEAM-Parcours-Days"},"content":{"rendered":"\n<h2 class=\"wp-block-heading\">Am 17.6.2025 &amp; 18.6.2025 an der <abbr title=\"Helmut Schmidt Universit\u00e4t\">HSU<\/abbr>!<\/h2>\n\n\n\n<p>\u00dcberwinde mit deinem Team den Geschicklichkeitsparkours mit verschiedenen Stationen und meistert zusammen die kleinen und gr\u00f6\u00dferen Herausforderungen!<\/p>\n\n\n\n<figure class=\"wp-block-image size-large\"><img loading=\"lazy\" decoding=\"async\" width=\"1024\" height=\"574\" src=\"https:\/\/www.hsu-hh.de\/bgm\/wp-content\/uploads\/sites\/790\/2025\/05\/AdobeStock_836453754_c_christian_KI_-1024x574.jpeg\" data-credit=\"christian KI generiert \u2013 Adobe.stock.com\" alt=\"BGM-TEAM-Parcours-Days\" class=\"wp-image-3602\" srcset=\"https:\/\/www.hsu-hh.de\/bgm\/wp-content\/uploads\/sites\/790\/2025\/05\/AdobeStock_836453754_c_christian_KI_-1024x574.jpeg 1024w, https:\/\/www.hsu-hh.de\/bgm\/wp-content\/uploads\/sites\/790\/2025\/05\/AdobeStock_836453754_c_christian_KI_-300x168.jpeg 300w, https:\/\/www.hsu-hh.de\/bgm\/wp-content\/uploads\/sites\/790\/2025\/05\/AdobeStock_836453754_c_christian_KI_-768x430.jpeg 768w, https:\/\/www.hsu-hh.de\/bgm\/wp-content\/uploads\/sites\/790\/2025\/05\/AdobeStock_836453754_c_christian_KI_-1536x861.jpeg 1536w, https:\/\/www.hsu-hh.de\/bgm\/wp-content\/uploads\/sites\/790\/2025\/05\/AdobeStock_836453754_c_christian_KI_-2048x1148.jpeg 2048w, https:\/\/www.hsu-hh.de\/bgm\/wp-content\/uploads\/sites\/790\/2025\/05\/AdobeStock_836453754_c_christian_KI_-1100x616.jpeg 1100w\" sizes=\"auto, (max-width: 1024px) 100vw, 1024px\" \/><\/figure>\n\n\n\n<p><\/p>\n\n\n\n<p>Unser Sportlehrer Daniel Rojahn hat f\u00fcr die Team-Parcours-Days einen spannenden Parcours mit verschiedenen Stationen zusammengestellt. Nutzt die Chance, euch au\u00dferhalb des B\u00fcros noch besser kennenzulernen, den Zusammenhalt zu st\u00e4rken und eine gemeinsame Team-Erinnerung zu schaffen.<\/p>\n\n\n\n<p><\/p>\n\n\n\n<p><strong>Datum des Events:<\/strong> <strong>17.6.2025 &amp; 18.6.2025<\/strong> jeweils von 9 bis 16 Uhr  (<strong>Startzeiten<\/strong>: 9:00 Uhr, 10:45 Uhr, 13:00 Uhr, 14:45 Uhr)<br><strong>Ort:<\/strong> Sporthalle<br><strong>Dauer pro Team-Durchlauf:<\/strong> 90 Minuten<\/p>\n\n\n\n<div style=\"height:100px\" aria-hidden=\"true\" class=\"wp-block-spacer\"><\/div>\n\n\n\n<p><\/p>\n\n\n\n<h2 class=\"wp-block-heading\">Anmeldung: Sichere dir einen Platz f\u00fcr dein Team!<\/h2>\n\n\n\n<p>Um ein 90-min\u00fctiges Zeitfenster f\u00fcr euer Team zu ergattern, sendet eine E-Mail mit folgenden Infos an Hptm Ines Wunderlich (<a>wunderlich@hsu.hamburg<\/a>):<br>\u2022 Betreff: Anmeldung<strong> <\/strong>\u201eTeam-Parcours-Days\u201c<br>\u2022 Name eurer Abteilung, Name der verantwortlichen F\u00fchrungskraft, Namen der Teilnehmenden<br>\u2022 Anzahl der Team-Mitglieder (maximal 10 Personen)<br>\u2022 Wunschtag (17.6. oder 18.6.25) und zwei m\u00f6gliche Wunschstartzeiten (9:00 Uhr, 10:45 Uhr, 13:00 Uhr oder 14:45 Uhr)<\/p>\n\n\n\n<p>Die Teampl\u00e4tze werden in der Reihenfolge vergeben, in der die E-Mails eingehen. Schnell sein lohnt sich!<\/p>\n\n\n\n<h2 class=\"wp-block-heading\">Anmeldeschluss:  10.06.2025<\/h2>\n\n\n\n<div style=\"height:100px\" aria-hidden=\"true\" class=\"wp-block-spacer\"><\/div>\n\n\n\n<h2 class=\"wp-block-heading\">Weitere Hinweise<\/h2>\n\n\n\n<p>\u2022 <strong>Teilnahme: In Sportkleidung mit Hallenschuhen<\/strong><\/p>\n\n\n\n<p>\u2022 Solltest du als Einzelperson Interesse an dem <strong>Parcours<\/strong> haben, dann melde dich gern als <strong>Einzelperson<\/strong> und sichere dir einen Platz im \u201eFreestyle-Team\u201c, das wir bei genug Interessenten zusammenstellen. <\/p>\n\n\n\n<p>\u2022 Sollte euer Team gr\u00f6\u00dfer als 10 Personen sein, d\u00fcrfen die anderen Team-Mitglieder sehr gerne zuschauen, anfeuern oder zwischendurch darf gewechselt werden.<\/p>\n\n\n\n<p><\/p>\n\n\n\n<figure class=\"wp-block-image size-full is-resized\"><img loading=\"lazy\" decoding=\"async\" width=\"310\" height=\"250\" src=\"https:\/\/www.hsu-hh.de\/bgm\/wp-content\/uploads\/sites\/790\/2023\/06\/BGM.png\" data-credit=\"Bundeswehr\" alt=\"BGM-Logo\" class=\"wp-image-2444\" style=\"width:335px;height:auto\" srcset=\"https:\/\/www.hsu-hh.de\/bgm\/wp-content\/uploads\/sites\/790\/2023\/06\/BGM.png 310w, https:\/\/www.hsu-hh.de\/bgm\/wp-content\/uploads\/sites\/790\/2023\/06\/BGM-300x242.png 300w\" sizes=\"auto, (max-width: 310px) 100vw, 310px\" \/><\/figure>\n\n\n\n<p>Bei dem Angebot handelt es sich um eine <strong>Ma\u00dfnahme des Betrieblichen Gesundheitsmanagements aus dem Bereich<br>\u201eF\u00fchrung &amp; Organisation\u201c.<\/strong><\/p>\n\n\n\n<div style=\"height:100px\" aria-hidden=\"true\" class=\"wp-block-spacer\"><\/div>\n\n\n\n<h2 class=\"wp-block-heading\"><strong>Gesundheitsorientierte F\u00fchrungskr\u00e4fte<\/strong><\/h2>\n\n\n\n<p>F\u00fcr gesundheitsorientierte F\u00fchrungskr\u00e4fte an unserer Universit\u00e4t, die ihre Besch\u00e4ftigten auf das Angebot aufmerksam machen m\u00f6chten, stellen wir das Plakat zum Download, Weiterleiten und Ausdrucken f\u00fcr den eigenen Bereich zur Verf\u00fcgung.<\/p>\n\n\n\n<div class=\"wp-block-hsu-downloadblock\"><div class=\"thumbnail-area\"><img decoding=\"async\" src=\"\/wp-content\/themes\/hsu\/img\/dummy\/downloads_dummy.png\" alt=\"Download Symbol-Icon\" \/><\/div><div class=\"text-area\">TEAM-Parcours-Days_Plakat<\/div><div class=\"download-area\"><a class=\"download-link\" href=\"https:\/\/www.hsu-hh.de\/bgm\/wp-content\/uploads\/sites\/790\/2025\/06\/TEAM-Parcours-Days_Plakat.pdf\"><span class=\"download-name\">pdf laden<\/span><span class=\"download-icon\"><img decoding=\"async\" class=\"download-icon\" alt=\"download icon\" src=\"\/wp-content\/themes\/hsu\/img\/icons\/download_icon.png\" \/><\/span><span class=\"download-size\">3 MB<\/span><\/a><\/div><\/div>\n\n\n<div class=\"wp-block-image\">\n<figure class=\"aligncenter size-large\"><img loading=\"lazy\" decoding=\"async\" width=\"722\" height=\"1024\" src=\"https:\/\/www.hsu-hh.de\/bgm\/wp-content\/uploads\/sites\/790\/2025\/06\/TEAM-Parcours-Days_Plakat-722x1024.jpg\" data-credit=\"Grafik HSU - Kirstin Schwarz\" alt=\"TEAM-Parcours-Days_Plakat\" class=\"wp-image-3627\" srcset=\"https:\/\/www.hsu-hh.de\/bgm\/wp-content\/uploads\/sites\/790\/2025\/06\/TEAM-Parcours-Days_Plakat-722x1024.jpg 722w, https:\/\/www.hsu-hh.de\/bgm\/wp-content\/uploads\/sites\/790\/2025\/06\/TEAM-Parcours-Days_Plakat-211x300.jpg 211w, https:\/\/www.hsu-hh.de\/bgm\/wp-content\/uploads\/sites\/790\/2025\/06\/TEAM-Parcours-Days_Plakat-768x1090.jpg 768w, https:\/\/www.hsu-hh.de\/bgm\/wp-content\/uploads\/sites\/790\/2025\/06\/TEAM-Parcours-Days_Plakat-1083x1536.jpg 1083w, https:\/\/www.hsu-hh.de\/bgm\/wp-content\/uploads\/sites\/790\/2025\/06\/TEAM-Parcours-Days_Plakat-1443x2048.jpg 1443w, https:\/\/www.hsu-hh.de\/bgm\/wp-content\/uploads\/sites\/790\/2025\/06\/TEAM-Parcours-Days_Plakat-1100x1561.jpg 1100w, https:\/\/www.hsu-hh.de\/bgm\/wp-content\/uploads\/sites\/790\/2025\/06\/TEAM-Parcours-Days_Plakat-scaled.jpg 1804w\" sizes=\"auto, (max-width: 722px) 100vw, 722px\" \/><\/figure>\n<\/div>\n\n\n<p><\/p>\n","protected":false},"excerpt":{"rendered":"<p>Am 17.6.2025 &amp; 18.6.2025 an der HSU! \u00dcberwinde mit deinem Team den Geschicklichkeitsparkours mit verschiedenen Stationen und meistert zusammen die kleinen und gr\u00f6\u00dferen Herausforderungen! Unser Sportlehrer Daniel Rojahn hat f\u00fcr [&hellip;]<\/p>\n","protected":false},"author":193,"featured_media":0,"parent":0,"menu_order":0,"comment_status":"closed","ping_status":"closed","template":"","meta":{"footnotes":""},"categories":[4],"tags":[133,131],"class_list":["post-3496","page","type-page","status-publish","hentry","category-forschung","tag-gesunde-hochschule","tag-team-parcours-days"],"_links":{"self":[{"href":"https:\/\/www.hsu-hh.de\/bgm\/wp-json\/wp\/v2\/pages\/3496","targetHints":{"allow":["GET"]}}],"collection":[{"href":"https:\/\/www.hsu-hh.de\/bgm\/wp-json\/wp\/v2\/pages"}],"about":[{"href":"https:\/\/www.hsu-hh.de\/bgm\/wp-json\/wp\/v2\/types\/page"}],"author":[{"embeddable":true,"href":"https:\/\/www.hsu-hh.de\/bgm\/wp-json\/wp\/v2\/users\/193"}],"replies":[{"embeddable":true,"href":"https:\/\/www.hsu-hh.de\/bgm\/wp-json\/wp\/v2\/comments?post=3496"}],"version-history":[{"count":32,"href":"https:\/\/www.hsu-hh.de\/bgm\/wp-json\/wp\/v2\/pages\/3496\/revisions"}],"predecessor-version":[{"id":3639,"href":"https:\/\/www.hsu-hh.de\/bgm\/wp-json\/wp\/v2\/pages\/3496\/revisions\/3639"}],"wp:attachment":[{"href":"https:\/\/www.hsu-hh.de\/bgm\/wp-json\/wp\/v2\/media?parent=3496"}],"wp:term":[{"taxonomy":"category","embeddable":true,"href":"https:\/\/www.hsu-hh.de\/bgm\/wp-json\/wp\/v2\/categories?post=3496"},{"taxonomy":"post_tag","embeddable":true,"href":"https:\/\/www.hsu-hh.de\/bgm\/wp-json\/wp\/v2\/tags?post=3496"}],"curies":[{"name":"wp","href":"https:\/\/api.w.org\/{rel}","templated":true}]}}