{"id":3484,"date":"2025-05-06T15:24:43","date_gmt":"2025-05-06T13:24:43","guid":{"rendered":"https:\/\/www.hsu-hh.de\/bgm\/?page_id=3484"},"modified":"2025-05-26T12:56:20","modified_gmt":"2025-05-26T10:56:20","slug":"team-transformiert-ernaehrungschallenge","status":"publish","type":"page","link":"https:\/\/www.hsu-hh.de\/bgm\/team-transformiert-ernaehrungschallenge","title":{"rendered":"TEAM transformiert (Ern\u00e4hrungschallenge)"},"content":{"rendered":"\n<h2 class=\"wp-block-heading\"><strong>&#8222;Gesunde Ern\u00e4hrung&#8220; trifft Teambuilding<\/strong>!<\/h2>\n\n\n\n<p><\/p>\n\n\n\n<p>Du wirst Teil eines einzigartigen Programms, das dich im Team mit anderen Universit\u00e4tsangeh\u00f6rigen auf eine spannende Reise zu einem ges\u00fcnderen Ern\u00e4hrungsstil f\u00fchrt. In den kommenden f\u00fcnf Monaten (Juni bis Oktober 2025) erwartet dich <strong>\u201eTEAM transformiert (Ern\u00e4hrungschallenge)<\/strong>\u201c \u2013 eine Ma\u00dfnahme des Betrieblichen Gesundheitsmanagements, die nicht nur deine Ern\u00e4hrung optimiert, sondern auch den Team-Gedanken an unserer Universit\u00e4t st\u00e4rkt!<\/p>\n\n\n\n<p><\/p>\n\n\n\n<figure class=\"wp-block-image size-large is-resized\"><img loading=\"lazy\" decoding=\"async\" width=\"1024\" height=\"574\" src=\"https:\/\/www.hsu-hh.de\/bgm\/wp-content\/uploads\/sites\/790\/2025\/05\/AdobeStock_1390855733_c_Olexiy-Vasilyuk_KI_-1024x574.jpeg\" data-credit=\"Olexiy Vasilyuk KI generiert \u2013 Adobe.stock.com\" alt=\"TEAM transformiert (Ern\u00e4hrungschallenge)\" class=\"wp-image-3575\" style=\"width:1140px;height:auto\" srcset=\"https:\/\/www.hsu-hh.de\/bgm\/wp-content\/uploads\/sites\/790\/2025\/05\/AdobeStock_1390855733_c_Olexiy-Vasilyuk_KI_-1024x574.jpeg 1024w, https:\/\/www.hsu-hh.de\/bgm\/wp-content\/uploads\/sites\/790\/2025\/05\/AdobeStock_1390855733_c_Olexiy-Vasilyuk_KI_-300x168.jpeg 300w, https:\/\/www.hsu-hh.de\/bgm\/wp-content\/uploads\/sites\/790\/2025\/05\/AdobeStock_1390855733_c_Olexiy-Vasilyuk_KI_-768x430.jpeg 768w, https:\/\/www.hsu-hh.de\/bgm\/wp-content\/uploads\/sites\/790\/2025\/05\/AdobeStock_1390855733_c_Olexiy-Vasilyuk_KI_-1536x861.jpeg 1536w, https:\/\/www.hsu-hh.de\/bgm\/wp-content\/uploads\/sites\/790\/2025\/05\/AdobeStock_1390855733_c_Olexiy-Vasilyuk_KI_-2048x1148.jpeg 2048w, https:\/\/www.hsu-hh.de\/bgm\/wp-content\/uploads\/sites\/790\/2025\/05\/AdobeStock_1390855733_c_Olexiy-Vasilyuk_KI_-1100x616.jpeg 1100w\" sizes=\"auto, (max-width: 1024px) 100vw, 1024px\" \/><figcaption class=\"wp-element-caption\">TEAM transformiert (Ern\u00e4hrungschallenge)<\/figcaption><\/figure>\n\n\n\n<p><\/p>\n\n\n\n<p>Was ist dein <strong>pers\u00f6nliches Ziel<\/strong>? Beispielsweise gesund abnehmen, Muskeln aufbauen, deinen K\u00f6rper optimal mit N\u00e4hrstoffen versorgen f\u00fcr mehr Konzentration und Leistungsf\u00e4higkeit ? Du entscheidest zusammen mit den Ern\u00e4hrungsexpertinnen deine Strategie f\u00fcr <strong>deine Transformation<\/strong>.<\/p>\n\n\n\n<figure class=\"wp-block-image size-full\"><img loading=\"lazy\" decoding=\"async\" width=\"310\" height=\"248\" src=\"https:\/\/www.hsu-hh.de\/bgm\/wp-content\/uploads\/sites\/790\/2022\/06\/BGMLogo.jpg\" data-credit=\"Bundeswehr\" alt=\"BGM Logo\" class=\"wp-image-1954\" srcset=\"https:\/\/www.hsu-hh.de\/bgm\/wp-content\/uploads\/sites\/790\/2022\/06\/BGMLogo.jpg 310w, https:\/\/www.hsu-hh.de\/bgm\/wp-content\/uploads\/sites\/790\/2022\/06\/BGMLogo-300x240.jpg 300w\" sizes=\"auto, (max-width: 310px) 100vw, 310px\" \/><\/figure>\n\n\n\n<h2 class=\"wp-block-heading\"><strong>Was erwartet dich genau?<\/strong><\/h2>\n\n\n\n<p>\u2022<strong> Individuelle K\u00f6rperanalyse (BIA-Messung<\/strong>): Zum Beginn und zum Abschluss erh\u00e4ltst du eine professionelle Messung auf einer K\u00f6rperanalyse-Waage (BIA=Bioelektrische Impedanzanalyse), die spannende Einblicke in deine pers\u00f6nliche K\u00f6rperzusammensetzung gibt. Die pr\u00e4zise Analyse der Menge sowie Lage von Muskelmasse, Fettgewebe und K\u00f6rperwasser <strong>erm\u00f6glicht<\/strong> Aussagen \u00fcber K\u00f6rperfitness, Stoffwechselsituation sowie m\u00f6gliche Gesundheitsrisiken.<\/p>\n\n\n\n<p>\u2022 <strong>Pers\u00f6nlicher Report und Auswertungsgespr\u00e4ch<\/strong>: Direkt nach deiner K\u00f6rperanalyse erh\u00e4ltst du einen individuellen Report und ein ca. 30-min\u00fctiges R\u00fcckmeldegespr\u00e4ch mit einer Ern\u00e4hrungsexpertin. Mit deinem detaillierten Report und den Empfehlungen der Ern\u00e4hrungsexpertin kannst du gezielt deine Ern\u00e4hrung anpassen und die optimale Versorgung f\u00fcr deinen K\u00f6rper sicherstellen.<\/p>\n\n\n\n<p>\u2022 <strong>Online-Vortrag &amp; praxisnaher Ern\u00e4hrungsworkshop<\/strong>: Lass dich von Experten weiter inspirieren! Im Online-Vortrag bekommst du hochwertiges Fachwissen. In einem praxisorientierten Ern\u00e4hrungsworkshop bereitet ihr als Team gemeinsam eine gesunde Mahlzeit zu. Du lernst, wie einfach es sein kann, leckere und gesunde Ern\u00e4hrung in deinen Alltag zu integrieren.<\/p>\n\n\n\n<p>\u2022 <strong>Pers\u00f6nliche Ziele erreichen<\/strong>: Das Ziel ist klar \u2013 wir helfen dir, die unz\u00e4hligen Vorteile einer ausgewogenen Ern\u00e4hrung zu entdecken! Ob es darum geht, \u00fcberfl\u00fcssige Kilos zu reduzieren, gesunde Muskelmasse aufzubauen oder einfach dein allgemeines Wohlbefinden durch eine ges\u00fcndere Ern\u00e4hrung zu steigern \u2013 hier bekommst du die Werkzeuge, um diese Ziele zu erreichen!<\/p>\n\n\n\n<p>\u2022 <strong>Team-Gedanke:<\/strong> Ein st\u00e4rkeres Team entsteht nicht nur durch ein gemeinsames Ziel, sondern auch durch gegenseitige Motivation, Unterst\u00fctzung und Austausch. Regelm\u00e4\u00dfige Informationen per E-Mail mit kleinen Aufgaben helfen dir, deine Ern\u00e4hrung nachhaltig zu verbessern. Zwei weitere Team-Dialogrunden im Zeitfenster von Juli bis September dienen dazu, von deinen Erfahrungen zu berichten und dich mit den anderen Teammitgliedern auszutauschen.<\/p>\n\n\n\n<p><strong>Werde Teil dieser spannenden Herausforderung <\/strong>und starte deine Ern\u00e4hrungstransformation \u2013 f\u00fcr dich, im Team mit anderen Universit\u00e4tsangeh\u00f6rigen und f\u00fcr eine ges\u00fcndere Zukunft!<\/p>\n\n\n\n<p><\/p>\n\n\n\n<p><\/p>\n\n\n\n<h2 class=\"wp-block-heading\">Ablauf<\/h2>\n\n\n\n<figure class=\"wp-block-image size-large\"><img loading=\"lazy\" decoding=\"async\" width=\"1024\" height=\"454\" src=\"https:\/\/www.hsu-hh.de\/bgm\/wp-content\/uploads\/sites\/790\/2025\/05\/Schaubild_TEAM-transformiert-1024x454.png\" data-credit=\"\" alt=\"\" class=\"wp-image-3489\" srcset=\"https:\/\/www.hsu-hh.de\/bgm\/wp-content\/uploads\/sites\/790\/2025\/05\/Schaubild_TEAM-transformiert-1024x454.png 1024w, https:\/\/www.hsu-hh.de\/bgm\/wp-content\/uploads\/sites\/790\/2025\/05\/Schaubild_TEAM-transformiert-300x133.png 300w, https:\/\/www.hsu-hh.de\/bgm\/wp-content\/uploads\/sites\/790\/2025\/05\/Schaubild_TEAM-transformiert-768x340.png 768w, https:\/\/www.hsu-hh.de\/bgm\/wp-content\/uploads\/sites\/790\/2025\/05\/Schaubild_TEAM-transformiert-1100x487.png 1100w, https:\/\/www.hsu-hh.de\/bgm\/wp-content\/uploads\/sites\/790\/2025\/05\/Schaubild_TEAM-transformiert.png 1196w\" sizes=\"auto, (max-width: 1024px) 100vw, 1024px\" \/><\/figure>\n\n\n\n<h2 class=\"wp-block-heading\">Termine<\/h2>\n\n\n\n<p><\/p>\n\n\n\n<p><strong>1. Termin<\/strong>: <strong>BIA-Messung 1 (Waage) mit individueller Auswertung <\/strong>(Dauer. ca. 30 min) im Zeitfenster:<\/p>\n\n\n\n<ul class=\"wp-block-list\">\n<li>Mittwoch, 04.06.2025, 9.00 &#8211; 13.30 Uhr (Raum: Thomas-Ellwein-Saal)<\/li>\n<\/ul>\n\n\n\n<p><\/p>\n\n\n\n<p><strong>2. Termin: Online-Vortrag<\/strong><\/p>\n\n\n\n<ul class=\"wp-block-list\">\n<li>Dienstag, 10.06.2025, 11.00 &#8211; 12.00 Uhr (Raum: online)<\/li>\n<\/ul>\n\n\n\n<p><\/p>\n\n\n\n<p><strong>3. Termin: Kochworkshop<\/strong><\/p>\n\n\n\n<ul class=\"wp-block-list\">\n<li>Donnerstag, 26.06.2025, 11.00 &#8211; 13.00 Uhr (Raum: <a href=\"https:\/\/www.hsu-hh.de\/kath\/maximilian-kolbe-haus\"><\/a>Maximilian-Kolbe-Haus, KHG, Oktaviostra\u00dfe 76)<\/li>\n<\/ul>\n\n\n\n<p><\/p>\n\n\n\n<p><strong>4<\/strong>. <strong>Termin BIA-Messung 2 (Waage)<\/strong> <strong>mit individueller Auswertung<\/strong> (Dauer. ca. 30 min) im Zeitfenster von:<\/p>\n\n\n\n<ul class=\"wp-block-list\">\n<li>Dienstag, 14.10.2025, 9.00 &#8211; 13.30 Uhr<\/li>\n<\/ul>\n\n\n\n<p><\/p>\n\n\n\n<h2 class=\"wp-block-heading\">Professionelle Begleitung <\/h2>\n\n\n\n<p>Die Ma\u00dfnahme wurde von BGM-Expertin Hauptmann Ines Wunderlich, M.A. im Rahmen des Projektes &#8222;Gesunde Hochschule&#8220; in Kooperation mit der Techniker Krankenkasse konzipiert.<\/p>\n\n\n\n<figure class=\"wp-block-image size-full is-resized is-style-rounded\"><img loading=\"lazy\" decoding=\"async\" width=\"250\" height=\"289\" src=\"https:\/\/www.hsu-hh.de\/bgm\/wp-content\/uploads\/sites\/790\/2025\/01\/InesWunderlich.jpg\" data-credit=\"Ines Wunderlich\" alt=\"InesWunderlich\" class=\"wp-image-3409\" style=\"width:220px;height:auto\" \/><\/figure>\n\n\n\n<p>Die Durchf\u00fchrung wird mit dem Profi-Anbieter f\u00fcr gesunde Ern\u00e4hrung aus Hamburg <em>essenZ &#8211; <abbr title=\"Doktor\">Dr.<\/abbr> Heike Niemeier und Team<\/em> realisiert:<\/p>\n\n\n\n<div class=\"wp-block-media-text is-stacked-on-mobile\" style=\"grid-template-columns:21% auto\"><figure class=\"wp-block-media-text__media\"><img loading=\"lazy\" decoding=\"async\" width=\"450\" height=\"450\" src=\"https:\/\/www.hsu-hh.de\/bgm\/wp-content\/uploads\/sites\/790\/2025\/05\/heike-niemeier_rot_rund_2023_2-1.jpg\" data-credit=\"essenZ Dr. Heike Niemeier und Team\" alt=\"\" class=\"wp-image-3569 size-full\" srcset=\"https:\/\/www.hsu-hh.de\/bgm\/wp-content\/uploads\/sites\/790\/2025\/05\/heike-niemeier_rot_rund_2023_2-1.jpg 450w, https:\/\/www.hsu-hh.de\/bgm\/wp-content\/uploads\/sites\/790\/2025\/05\/heike-niemeier_rot_rund_2023_2-1-300x300.jpg 300w, https:\/\/www.hsu-hh.de\/bgm\/wp-content\/uploads\/sites\/790\/2025\/05\/heike-niemeier_rot_rund_2023_2-1-150x150.jpg 150w, https:\/\/www.hsu-hh.de\/bgm\/wp-content\/uploads\/sites\/790\/2025\/05\/heike-niemeier_rot_rund_2023_2-1-100x100.jpg 100w\" sizes=\"auto, (max-width: 450px) 100vw, 450px\" \/><\/figure><div class=\"wp-block-media-text__content\">\n<p><abbr title=\"Doktor\">Dr.<\/abbr> Heike Niemeier<\/p>\n<\/div><\/div>\n\n\n\n<div class=\"wp-block-media-text is-stacked-on-mobile\" style=\"grid-template-columns:21% auto\"><figure class=\"wp-block-media-text__media\"><img loading=\"lazy\" decoding=\"async\" width=\"450\" height=\"450\" src=\"https:\/\/www.hsu-hh.de\/bgm\/wp-content\/uploads\/sites\/790\/2025\/05\/Lydia_Wilkens-2.png\" data-credit=\"essenZ Dr. Heike Niemeier und Team\" alt=\"\" class=\"wp-image-3571 size-full\" srcset=\"https:\/\/www.hsu-hh.de\/bgm\/wp-content\/uploads\/sites\/790\/2025\/05\/Lydia_Wilkens-2.png 450w, https:\/\/www.hsu-hh.de\/bgm\/wp-content\/uploads\/sites\/790\/2025\/05\/Lydia_Wilkens-2-300x300.png 300w, https:\/\/www.hsu-hh.de\/bgm\/wp-content\/uploads\/sites\/790\/2025\/05\/Lydia_Wilkens-2-150x150.png 150w, https:\/\/www.hsu-hh.de\/bgm\/wp-content\/uploads\/sites\/790\/2025\/05\/Lydia_Wilkens-2-100x100.png 100w\" sizes=\"auto, (max-width: 450px) 100vw, 450px\" \/><\/figure><div class=\"wp-block-media-text__content\">\n<p>Lydia Wilkens<\/p>\n<\/div><\/div>\n\n\n\n<div class=\"wp-block-media-text is-stacked-on-mobile\" style=\"grid-template-columns:21% auto\"><figure class=\"wp-block-media-text__media\"><img loading=\"lazy\" decoding=\"async\" width=\"450\" height=\"450\" src=\"https:\/\/www.hsu-hh.de\/bgm\/wp-content\/uploads\/sites\/790\/2025\/05\/janinakaiser_2023-1.png\" data-credit=\"essenZ Dr. Heike Niemeier und Team\" alt=\"\" class=\"wp-image-3573 size-full\" srcset=\"https:\/\/www.hsu-hh.de\/bgm\/wp-content\/uploads\/sites\/790\/2025\/05\/janinakaiser_2023-1.png 450w, https:\/\/www.hsu-hh.de\/bgm\/wp-content\/uploads\/sites\/790\/2025\/05\/janinakaiser_2023-1-300x300.png 300w, https:\/\/www.hsu-hh.de\/bgm\/wp-content\/uploads\/sites\/790\/2025\/05\/janinakaiser_2023-1-150x150.png 150w, https:\/\/www.hsu-hh.de\/bgm\/wp-content\/uploads\/sites\/790\/2025\/05\/janinakaiser_2023-1-100x100.png 100w\" sizes=\"auto, (max-width: 450px) 100vw, 450px\" \/><\/figure><div class=\"wp-block-media-text__content\">\n<p>Janina Kaiser<\/p>\n<\/div><\/div>\n\n\n\n<p><\/p>\n\n\n\n<p><\/p>\n\n\n\n<h2 class=\"wp-block-heading\">Bewirb dich f\u00fcr die Ern\u00e4hrungschallenge!<\/h2>\n\n\n\n<p>In der Ma\u00dfnahme sind nur 25 Pl\u00e4tze verf\u00fcgbar. Um dich auf einen Platz in der Ern\u00e4hrungschallenge zu bewerben, musst du folgende Teilnahmevoraussetzungen erf\u00fcllen. <\/p>\n\n\n\n<p>Teilnahmevoraussetzung:<\/p>\n\n\n\n<ol class=\"wp-block-list\">\n<li><strong><abbr title=\"Helmut Schmidt Universit\u00e4t\">HSU<\/abbr>: <\/strong>Du bist <abbr title=\"Helmut Schmidt Universit\u00e4t\">HSU<\/abbr>-Angeh\u00f6rige\/r.<\/li>\n\n\n\n<li><strong>Motivation:<\/strong> Du bist auf einer Skala von 1 bis 10 (wenn 10 = &#8222;sehr stark motiviert&#8220; ist) mit einer Auspr\u00e4gung von 10 sehr stark motiviert, an der Ma\u00dfnahme &#8222;TEAM transformiert (Ern\u00e4hrungschallenge)&#8220; teilzunehmen.<\/li>\n\n\n\n<li><strong>Fokus &amp; Kapazit\u00e4ten:<\/strong> Du hast ernsthaftes Interesse, diese ph\u00e4nomenale Chance zu nutzen und du hast die Kapazit\u00e4t, gelernten Inhalte der Reise in deinem Alltag auszuprobieren. <\/li>\n\n\n\n<li><strong>Verbindliche Terminzusage<\/strong>: Du kannst an allen vier genannten Hauptterminen teilnehmen.<\/li>\n\n\n\n<li><strong>Auswertung:<\/strong> Am Ende der Ma\u00dfnahme wird ein anonymisiertes Team-Ergebnis aller BIA-Report-Ergebnisse erstellt. Du bist einverstanden, dass dein BIA-Report-Ergebnis (K\u00f6rperanalyse) von beiden Messungen anonymisiert in die Gesamtauswertung einflie\u00dft.<\/li>\n\n\n\n<li><strong>Ver\u00f6ffentlichung:<\/strong> Du bist damit einverstanden, dass das anonymisierte Team-Ergebnis im Rahmen einer <abbr title=\"Helmut Schmidt Universit\u00e4t\">HSU<\/abbr>-Pressemitteilung auf der BGM-<abbr title=\"Helmut Schmidt Universit\u00e4t\">HSU<\/abbr>-Homepage ver\u00f6ffentlicht wird.<\/li>\n<\/ol>\n\n\n\n<p>Wenn du alle Punkte der Teilnahmevoraussetzung mit &#8222;ja&#8220; beantworten kannst, kannst du dich bewerben.<\/p>\n\n\n\n<p>Um Personen aus verschiedenen Zielgruppen die Teilnahme zu erm\u00f6glichen, werden die Pl\u00e4tze wie folgt vergeben:<\/p>\n\n\n\n<p>\u2022  ca. 5 Pl\u00e4tze f\u00fcr Studierende<\/p>\n\n\n\n<p>\u2022  ca. 5 Pl\u00e4tze f\u00fcr milit\u00e4risches Stammpersonal<\/p>\n\n\n\n<p>\u2022  ca. 5 Pl\u00e4tze f\u00fcr wissenschaftliches Personal<\/p>\n\n\n\n<p>\u2022  ca. 5 Pl\u00e4tze f\u00fcr Verwaltungspersonal<\/p>\n\n\n\n<p>\u2022 ca. 5 Pl\u00e4tze f\u00fcr &#8222;Spezial-Personen&#8220; (hohe F\u00fchrungskr\u00e4fte, Multiplikator\/innen, u.\u00e4.)<\/p>\n\n\n\n<p><\/p>\n\n\n\n<p>Personen mit h\u00f6herem Bedarf (<abbr title=\"zum Beispiel\">z.B.<\/abbr> \u00dcbergewicht, &#8222;ein paar Kilos zu viel&#8220; ) werden bevorzugt ber\u00fccksichtigt, wenn sie den Bedarf bei ihrer Bewerbung auf freiwilliger Basis mit angeben (keine genaue kg-Angabe des eigenen Gewichts n\u00f6tig &#8211; <abbr title=\"zum Beispiel\">z.B.<\/abbr> ein Hinweis &#8222;Ich habe Bedarf abzunehmen&#8220; oder &#8222;aus medizinischer Sicht muss ich mich ges\u00fcnder ern\u00e4hren&#8220; gen\u00fcgt).<\/p>\n\n\n\n<h2 class=\"wp-block-heading\"><strong>Wie reiche ich meine Bewerbung ein?<\/strong><\/h2>\n\n\n\n<p><strong>Um dich auf einen Platz zu bewerben, sende eine E-Mail bis zum 26.05.2025 <\/strong>an: Hauptmann Ines Wunderlich, M.A. (<a href=\"mailto:wunderlich@hsu.hamburge\" rel='nofollow'>wunderlich@hsu.hamburg<\/a>) mit dem Betreff &#8222;Bewerbung TEAM transformiert (Ern\u00e4hrungschallenge)&#8220;. Als Bewerbungstext gen\u00fcgt: &#8222;Ich bin sehr motiviert, an der Ma\u00dfnahme teilzunehmen und erf\u00fclle alle Punkte der Teilnahmevoraussetzungen. Mein\/e Vorgesetzte\/r ist mit meiner m\u00f6glichen Teilnahme ebenfalls einverstanden.&#8220;<\/p>\n\n\n\n<h2 class=\"wp-block-heading\"><strong>Habe ich einen Platz bekommen?<\/strong><\/h2>\n\n\n\n<p>Das BGM-Team pr\u00fcft alle Bewerbungen und informiert die Interessentinnen und Interessenten <strong>nach<\/strong> Ablauf des Bewerbungsschlusses am 26.05.2025, ob sie einen Platz bekommen haben. <\/p>\n\n\n<div class=\"wp-block-image\">\n<figure class=\"aligncenter size-full is-resized\"><img loading=\"lazy\" decoding=\"async\" width=\"310\" height=\"250\" src=\"https:\/\/www.hsu-hh.de\/bgm\/wp-content\/uploads\/sites\/790\/2023\/06\/BGM.png\" data-credit=\"Bundeswehr\" alt=\"BGM-Logo\" class=\"wp-image-2444\" style=\"width:287px;height:auto\" srcset=\"https:\/\/www.hsu-hh.de\/bgm\/wp-content\/uploads\/sites\/790\/2023\/06\/BGM.png 310w, https:\/\/www.hsu-hh.de\/bgm\/wp-content\/uploads\/sites\/790\/2023\/06\/BGM-300x242.png 300w\" sizes=\"auto, (max-width: 310px) 100vw, 310px\" \/><\/figure>\n<\/div>\n\n\n<h2 class=\"wp-block-heading\"><strong>Gesundheitsorientierte F\u00fchrungskr\u00e4fte <\/strong>  <\/h2>\n\n\n\n<p>F\u00fcr gesundheitsorientierte F\u00fchrungskr\u00e4fte an unserer Universit\u00e4t, die ihre Besch\u00e4ftigten auf das Angebot aufmerksam machen m\u00f6chten, stellen wir das Plakat zum Download, Weiterleiten und Ausdrucken f\u00fcr den eigenen Bereich zur Verf\u00fcgung. <\/p>\n\n\n\n<div class=\"wp-block-hsu-downloadblock\"><div class=\"thumbnail-area\"><img decoding=\"async\" src=\"\/wp-content\/themes\/hsu\/img\/dummy\/downloads_dummy.png\" alt=\"Download Symbol-Icon\" \/><\/div><div class=\"text-area\">Plakat BGM-Ern\u00e4hrungschallenge<\/div><div class=\"download-area\"><a class=\"download-link\" href=\"https:\/\/www.hsu-hh.de\/bgm\/wp-content\/uploads\/sites\/790\/2025\/05\/Plakat-BGM-Ernaehrungschallenge-3.png\"><span class=\"download-name\">png laden<\/span><span class=\"download-icon\"><img decoding=\"async\" class=\"download-icon\" alt=\"download icon\" src=\"\/wp-content\/themes\/hsu\/img\/icons\/download_icon.png\" \/><\/span><span class=\"download-size\">13 MB<\/span><\/a><\/div><\/div>\n\n\n<div class=\"wp-block-image\">\n<figure class=\"aligncenter size-large is-resized\"><img loading=\"lazy\" decoding=\"async\" width=\"724\" height=\"1024\" src=\"https:\/\/www.hsu-hh.de\/bgm\/wp-content\/uploads\/sites\/790\/2025\/05\/Plakat-BGM-Ernaehrungschallenge-3-724x1024.png\" data-credit=\"Grafik HSU - Kirstin Schwarz\" alt=\"\" class=\"wp-image-3597\" style=\"width:459px;height:auto\" srcset=\"https:\/\/www.hsu-hh.de\/bgm\/wp-content\/uploads\/sites\/790\/2025\/05\/Plakat-BGM-Ernaehrungschallenge-3-724x1024.png 724w, https:\/\/www.hsu-hh.de\/bgm\/wp-content\/uploads\/sites\/790\/2025\/05\/Plakat-BGM-Ernaehrungschallenge-3-212x300.png 212w, https:\/\/www.hsu-hh.de\/bgm\/wp-content\/uploads\/sites\/790\/2025\/05\/Plakat-BGM-Ernaehrungschallenge-3-768x1086.png 768w, https:\/\/www.hsu-hh.de\/bgm\/wp-content\/uploads\/sites\/790\/2025\/05\/Plakat-BGM-Ernaehrungschallenge-3-1086x1536.png 1086w, https:\/\/www.hsu-hh.de\/bgm\/wp-content\/uploads\/sites\/790\/2025\/05\/Plakat-BGM-Ernaehrungschallenge-3-1448x2048.png 1448w, https:\/\/www.hsu-hh.de\/bgm\/wp-content\/uploads\/sites\/790\/2025\/05\/Plakat-BGM-Ernaehrungschallenge-3-1100x1556.png 1100w\" sizes=\"auto, (max-width: 724px) 100vw, 724px\" \/><\/figure>\n<\/div>\n\n\n<p>Bei der Ma\u00dfnahme handelt es sich um ein <strong>Angebot des Betrieblichen Gesundheitsmanagements<\/strong>, das im Rahmen des <strong>Kooperationsprojektes &#8222;Gesunde Hochschule&#8220;<\/strong> zusammen mit der Techniker Krankenkasse realisiert wird.<\/p>\n\n\n\n<figure class=\"wp-block-image size-large is-resized\"><img loading=\"lazy\" decoding=\"async\" width=\"1024\" height=\"265\" src=\"https:\/\/www.hsu-hh.de\/bgm\/wp-content\/uploads\/sites\/790\/2025\/05\/TK-Logo_lang_Foerderung-1024x265.png\" data-credit=\"\" alt=\"\" class=\"wp-image-3491\" style=\"width:278px;height:auto\" srcset=\"https:\/\/www.hsu-hh.de\/bgm\/wp-content\/uploads\/sites\/790\/2025\/05\/TK-Logo_lang_Foerderung-1024x265.png 1024w, https:\/\/www.hsu-hh.de\/bgm\/wp-content\/uploads\/sites\/790\/2025\/05\/TK-Logo_lang_Foerderung-300x78.png 300w, https:\/\/www.hsu-hh.de\/bgm\/wp-content\/uploads\/sites\/790\/2025\/05\/TK-Logo_lang_Foerderung-768x199.png 768w, https:\/\/www.hsu-hh.de\/bgm\/wp-content\/uploads\/sites\/790\/2025\/05\/TK-Logo_lang_Foerderung-1536x397.png 1536w, https:\/\/www.hsu-hh.de\/bgm\/wp-content\/uploads\/sites\/790\/2025\/05\/TK-Logo_lang_Foerderung-1100x285.png 1100w, https:\/\/www.hsu-hh.de\/bgm\/wp-content\/uploads\/sites\/790\/2025\/05\/TK-Logo_lang_Foerderung.png 1971w\" sizes=\"auto, (max-width: 1024px) 100vw, 1024px\" \/><\/figure>\n\n\n\n<p><\/p>\n","protected":false},"excerpt":{"rendered":"<p>&#8222;Gesunde Ern\u00e4hrung&#8220; trifft Teambuilding! Du wirst Teil eines einzigartigen Programms, das dich im Team mit anderen Universit\u00e4tsangeh\u00f6rigen auf eine spannende Reise zu einem ges\u00fcnderen Ern\u00e4hrungsstil f\u00fchrt. In den kommenden f\u00fcnf [&hellip;]<\/p>\n","protected":false},"author":193,"featured_media":0,"parent":0,"menu_order":0,"comment_status":"closed","ping_status":"closed","template":"","meta":{"footnotes":""},"categories":[4],"tags":[129],"class_list":["post-3484","page","type-page","status-publish","hentry","category-forschung","tag-team-transformiert-ernaehrungschallenge"],"_links":{"self":[{"href":"https:\/\/www.hsu-hh.de\/bgm\/wp-json\/wp\/v2\/pages\/3484","targetHints":{"allow":["GET"]}}],"collection":[{"href":"https:\/\/www.hsu-hh.de\/bgm\/wp-json\/wp\/v2\/pages"}],"about":[{"href":"https:\/\/www.hsu-hh.de\/bgm\/wp-json\/wp\/v2\/types\/page"}],"author":[{"embeddable":true,"href":"https:\/\/www.hsu-hh.de\/bgm\/wp-json\/wp\/v2\/users\/193"}],"replies":[{"embeddable":true,"href":"https:\/\/www.hsu-hh.de\/bgm\/wp-json\/wp\/v2\/comments?post=3484"}],"version-history":[{"count":59,"href":"https:\/\/www.hsu-hh.de\/bgm\/wp-json\/wp\/v2\/pages\/3484\/revisions"}],"predecessor-version":[{"id":3616,"href":"https:\/\/www.hsu-hh.de\/bgm\/wp-json\/wp\/v2\/pages\/3484\/revisions\/3616"}],"wp:attachment":[{"href":"https:\/\/www.hsu-hh.de\/bgm\/wp-json\/wp\/v2\/media?parent=3484"}],"wp:term":[{"taxonomy":"category","embeddable":true,"href":"https:\/\/www.hsu-hh.de\/bgm\/wp-json\/wp\/v2\/categories?post=3484"},{"taxonomy":"post_tag","embeddable":true,"href":"https:\/\/www.hsu-hh.de\/bgm\/wp-json\/wp\/v2\/tags?post=3484"}],"curies":[{"name":"wp","href":"https:\/\/api.w.org\/{rel}","templated":true}]}}