{"id":3035,"date":"2023-08-15T15:05:53","date_gmt":"2023-08-15T13:05:53","guid":{"rendered":"https:\/\/www.hsu-hh.de\/bgm\/?page_id=3035"},"modified":"2023-10-04T10:17:13","modified_gmt":"2023-10-04T08:17:13","slug":"timeout","status":"publish","type":"page","link":"https:\/\/www.hsu-hh.de\/bgm\/timeout","title":{"rendered":"Timeout"},"content":{"rendered":"\n<div style=\"height:50px\" aria-hidden=\"true\" class=\"wp-block-spacer\"><\/div>\n\n\n\n<div class=\"wp-block-media-text has-media-on-the-right is-stacked-on-mobile\" style=\"grid-template-columns:auto 52%\"><div class=\"wp-block-media-text__content\">\n<p class=\"has-medium-font-size\">Timeout umfasst gef\u00fchrte Meditationen f\u00fcr Anf\u00e4nger und Fortgeschrittene. Die Meditationen haben unterschiedliche Schwerpunkte <abbr title=\"zum Beispiel\">z.B.<\/abbr> Achtsamkeit, Stressbew\u00e4ltigung, \u00c4ngste l\u00f6sen, Atem\u00fcbungen, Bodyscan und weitere.<\/p>\n\n\n\n<div style=\"height:9px\" aria-hidden=\"true\" class=\"wp-block-spacer\"><\/div>\n\n\n\n<p class=\"has-medium-font-size\">Sie sollen dabei helfen, dem Leben (wieder) achtsamer zu begegnen und die individuelle Gesundheitskompetenz st\u00e4rken. Zudem erhalten Sie als Teilnehmer\/in Hintergrundinformationen zur angewandten Methode und werden \u00fcber die gesundheitsf\u00f6rderliche Wirkung aufgekl\u00e4rt.<\/p>\n<\/div><figure class=\"wp-block-media-text__media\"><img loading=\"lazy\" decoding=\"async\" width=\"1024\" height=\"683\" src=\"https:\/\/www.hsu-hh.de\/bgm\/wp-content\/uploads\/sites\/790\/2023\/08\/schliessen-sie-oben-vom-maennlichen-kopf-savasana-haltung-1024x683.jpg\" data-credit=\"Bild von yanalya Freepik\" alt=\"\" class=\"wp-image-2998 size-full\" srcset=\"https:\/\/www.hsu-hh.de\/bgm\/wp-content\/uploads\/sites\/790\/2023\/08\/schliessen-sie-oben-vom-maennlichen-kopf-savasana-haltung-1024x683.jpg 1024w, https:\/\/www.hsu-hh.de\/bgm\/wp-content\/uploads\/sites\/790\/2023\/08\/schliessen-sie-oben-vom-maennlichen-kopf-savasana-haltung-300x200.jpg 300w, https:\/\/www.hsu-hh.de\/bgm\/wp-content\/uploads\/sites\/790\/2023\/08\/schliessen-sie-oben-vom-maennlichen-kopf-savasana-haltung-768x512.jpg 768w, https:\/\/www.hsu-hh.de\/bgm\/wp-content\/uploads\/sites\/790\/2023\/08\/schliessen-sie-oben-vom-maennlichen-kopf-savasana-haltung-1536x1024.jpg 1536w, https:\/\/www.hsu-hh.de\/bgm\/wp-content\/uploads\/sites\/790\/2023\/08\/schliessen-sie-oben-vom-maennlichen-kopf-savasana-haltung-2048x1365.jpg 2048w, https:\/\/www.hsu-hh.de\/bgm\/wp-content\/uploads\/sites\/790\/2023\/08\/schliessen-sie-oben-vom-maennlichen-kopf-savasana-haltung-1100x733.jpg 1100w\" sizes=\"auto, (max-width: 1024px) 100vw, 1024px\" \/><\/figure><\/div>\n\n\n\n<div style=\"height:41px\" aria-hidden=\"true\" class=\"wp-block-spacer\"><\/div>\n\n\n\n<p class=\"has-text-align-center has-grey-background-color has-background has-medium-font-size\"><em>8 Termine je 60 Minuten<\/em><\/p>\n\n\n\n<p class=\"has-text-align-center has-grey-background-color has-background has-medium-font-size\"><em>\u201ecome, as you are\u201d = keine Sportkleidung notwendig<\/em><\/p>\n\n\n\n<p class=\"has-text-align-center has-grey-background-color has-background has-medium-font-size\"><em>Durchf\u00fchrende: Frau M.A. Carolin Perner<\/em><\/p>\n\n\n\n<div style=\"height:50px\" aria-hidden=\"true\" class=\"wp-block-spacer\"><\/div>\n\n\n\n<p class=\"has-medium-font-size\"><strong>Wann?<\/strong><\/p>\n\n\n\n<p class=\"has-medium-font-size\">Termin 1: Dienstag, 12.09.2023 von 16:00 \u2013 17:00 Uhr <\/p>\n\n\n\n<p class=\"has-medium-font-size\">Termin 2: Dienstag, 19.09.2023 von 16:00 \u2013 17:00 Uhr <\/p>\n\n\n\n<p class=\"has-medium-font-size\">Termin 3: Dienstag, 26.09.2023 von 16:00 \u2013 17:00 Uhr<\/p>\n\n\n\n<p class=\"has-medium-font-size\">Termin 4: Dienstag, 24.10.2023 von 16:00 \u2013 17:00 Uhr<\/p>\n\n\n\n<p class=\"has-medium-font-size\">Termin 5: Dienstag, 07.11.2023 von 16:00 \u2013 17:00 Uhr<\/p>\n\n\n\n<p class=\"has-medium-font-size\">Termin 6: Dienstag, 14.11.2023 von 16:00 \u2013 17:00 Uhr<\/p>\n\n\n\n<p class=\"has-medium-font-size\">Termin 7: Dienstag, 21.11.2023 von 16:00 \u2013 17:00 Uhr<\/p>\n\n\n\n<p class=\"has-medium-font-size\">Termin 8: Dienstag, 28.11.2023 von 16:00 \u2013 17:00 Uhr<\/p>\n\n\n\n<div style=\"height:44px\" aria-hidden=\"true\" class=\"wp-block-spacer\"><\/div>\n\n\n\n<hr class=\"wp-block-separator has-alpha-channel-opacity\" \/>\n\n\n\n<div class=\"wp-block-media-text alignwide is-stacked-on-mobile\" style=\"grid-template-columns:39% auto\"><figure class=\"wp-block-media-text__media\"><img loading=\"lazy\" decoding=\"async\" width=\"1024\" height=\"681\" src=\"https:\/\/www.hsu-hh.de\/bgm\/wp-content\/uploads\/sites\/790\/2023\/08\/IMG_3656-1024x681.jpg\" data-credit=\"Bild von zinkevych auf Freepik\" alt=\"\" class=\"wp-image-3003 size-full\" srcset=\"https:\/\/www.hsu-hh.de\/bgm\/wp-content\/uploads\/sites\/790\/2023\/08\/IMG_3656-1024x681.jpg 1024w, https:\/\/www.hsu-hh.de\/bgm\/wp-content\/uploads\/sites\/790\/2023\/08\/IMG_3656-300x200.jpg 300w, https:\/\/www.hsu-hh.de\/bgm\/wp-content\/uploads\/sites\/790\/2023\/08\/IMG_3656-768x511.jpg 768w, https:\/\/www.hsu-hh.de\/bgm\/wp-content\/uploads\/sites\/790\/2023\/08\/IMG_3656-1536x1022.jpg 1536w, https:\/\/www.hsu-hh.de\/bgm\/wp-content\/uploads\/sites\/790\/2023\/08\/IMG_3656-2048x1363.jpg 2048w, https:\/\/www.hsu-hh.de\/bgm\/wp-content\/uploads\/sites\/790\/2023\/08\/IMG_3656-1100x732.jpg 1100w\" sizes=\"auto, (max-width: 1024px) 100vw, 1024px\" \/><\/figure><div class=\"wp-block-media-text__content\">\n<p>1. <strong>Sicherheit in unsicheren Zeiten I St\u00e4rke dein Urvertrauen<\/strong><\/p>\n\n\n\n<p><strong>Datum:<\/strong> Dienstag, 12.09.2023     <strong>Zeit:<\/strong> 16:00 \u2013 17:00 Uhr  <\/p>\n\n\n\n<p><strong>Ort:<\/strong> Komplexraum 1006<\/p>\n\n\n\n<p>Wir stehen aktuell vor schwierigen Herausforderungen: Krieg, Inflation, Corona, Klimaerw\u00e4rmung <abbr title=\"et cetera\">etc.<\/abbr> und die Liste wird immer l\u00e4nger. Gerade in diesen Zeiten ist es wichtig, das Vertrauen zu st\u00e4rken. Mit der gef\u00fchrten Meditation st\u00e4rkst du dein Urvertrauen und kannst die unsicheren Umst\u00e4nde annehmen. Dadurch vertraust du dem Leben und gewinnst Zuversicht.<\/p>\n<\/div><\/div>\n\n\n\n<hr class=\"wp-block-separator has-alpha-channel-opacity\" \/>\n\n\n\n<div class=\"wp-block-media-text alignwide has-media-on-the-right is-stacked-on-mobile\" style=\"grid-template-columns:auto 39%\"><div class=\"wp-block-media-text__content\">\n<p>2. <strong>Meditation f\u00fcr Entspannung I Stress loslassen und zur Ruhe kommen <\/strong><\/p>\n\n\n\n<p><strong>Datum:<\/strong> Dienstag, 19.09.2023     <strong>Zeit:<\/strong> 16:00 \u2013 17:00 Uhr     <\/p>\n\n\n\n<p><strong>Ort:<\/strong> Komplexraum 1006<\/p>\n\n\n\n<p>Die gef\u00fchrte Meditation hilft dir dabei Stress loszulassen und tiefe Entspannung zu erfahren. Durch die Entspannungsmeditation kannst du abschalten und deine Gedanken beruhigen. Wir verbinden in der Meditation unsere Atmung mit dem Ozean und du h\u00f6rst im Hintergrund Meeresrauschen.<\/p>\n<\/div><figure class=\"wp-block-media-text__media\"><img loading=\"lazy\" decoding=\"async\" width=\"1024\" height=\"683\" src=\"https:\/\/www.hsu-hh.de\/bgm\/wp-content\/uploads\/sites\/790\/2023\/08\/schliessen-sie-oben-vom-maennlichen-kopf-savasana-haltung-1024x683.jpg\" data-credit=\"Bild von yanalya Freepik\" alt=\"\" class=\"wp-image-2998 size-full\" srcset=\"https:\/\/www.hsu-hh.de\/bgm\/wp-content\/uploads\/sites\/790\/2023\/08\/schliessen-sie-oben-vom-maennlichen-kopf-savasana-haltung-1024x683.jpg 1024w, https:\/\/www.hsu-hh.de\/bgm\/wp-content\/uploads\/sites\/790\/2023\/08\/schliessen-sie-oben-vom-maennlichen-kopf-savasana-haltung-300x200.jpg 300w, https:\/\/www.hsu-hh.de\/bgm\/wp-content\/uploads\/sites\/790\/2023\/08\/schliessen-sie-oben-vom-maennlichen-kopf-savasana-haltung-768x512.jpg 768w, https:\/\/www.hsu-hh.de\/bgm\/wp-content\/uploads\/sites\/790\/2023\/08\/schliessen-sie-oben-vom-maennlichen-kopf-savasana-haltung-1536x1024.jpg 1536w, https:\/\/www.hsu-hh.de\/bgm\/wp-content\/uploads\/sites\/790\/2023\/08\/schliessen-sie-oben-vom-maennlichen-kopf-savasana-haltung-2048x1365.jpg 2048w, https:\/\/www.hsu-hh.de\/bgm\/wp-content\/uploads\/sites\/790\/2023\/08\/schliessen-sie-oben-vom-maennlichen-kopf-savasana-haltung-1100x733.jpg 1100w\" sizes=\"auto, (max-width: 1024px) 100vw, 1024px\" \/><\/figure><\/div>\n\n\n\n<hr class=\"wp-block-separator has-alpha-channel-opacity\" \/>\n\n\n\n<div class=\"wp-block-media-text alignwide is-stacked-on-mobile\" style=\"grid-template-columns:39% auto\"><figure class=\"wp-block-media-text__media\"><img loading=\"lazy\" decoding=\"async\" width=\"1024\" height=\"681\" src=\"https:\/\/www.hsu-hh.de\/bgm\/wp-content\/uploads\/sites\/790\/2023\/08\/IMG_3656-1024x681.jpg\" data-credit=\"Bild von zinkevych auf Freepik\" alt=\"\" class=\"wp-image-3003 size-full\" srcset=\"https:\/\/www.hsu-hh.de\/bgm\/wp-content\/uploads\/sites\/790\/2023\/08\/IMG_3656-1024x681.jpg 1024w, https:\/\/www.hsu-hh.de\/bgm\/wp-content\/uploads\/sites\/790\/2023\/08\/IMG_3656-300x200.jpg 300w, https:\/\/www.hsu-hh.de\/bgm\/wp-content\/uploads\/sites\/790\/2023\/08\/IMG_3656-768x511.jpg 768w, https:\/\/www.hsu-hh.de\/bgm\/wp-content\/uploads\/sites\/790\/2023\/08\/IMG_3656-1536x1022.jpg 1536w, https:\/\/www.hsu-hh.de\/bgm\/wp-content\/uploads\/sites\/790\/2023\/08\/IMG_3656-2048x1363.jpg 2048w, https:\/\/www.hsu-hh.de\/bgm\/wp-content\/uploads\/sites\/790\/2023\/08\/IMG_3656-1100x732.jpg 1100w\" sizes=\"auto, (max-width: 1024px) 100vw, 1024px\" \/><\/figure><div class=\"wp-block-media-text__content\">\n<p>3. <strong>Meditation zum Entspannen und loslassen I MBSR Bodyscan<\/strong><\/p>\n\n\n\n<p><strong>Datum:<\/strong> Dienstag, 26.09.2023     <strong>Zeit:<\/strong> 16:00 \u2013 17:00 Uhr     <\/p>\n\n\n\n<p><strong>Ort:<\/strong> Aula Raum 2<\/p>\n\n\n\n<p>Die gef\u00fchrte Meditation hilft dir beim Entspannen und loslassen. Die Meditation enth\u00e4lt einen Bodyscan aus dem MBSR und dadurch kannst du deine \u00c4ngste, negativen Gedanken und Stress loslassen. (mindfulness based stress reduction = Stressreduktion durch Achtsamkeit)<\/p>\n<\/div><\/div>\n\n\n\n<hr class=\"wp-block-separator has-alpha-channel-opacity\" \/>\n\n\n\n<div class=\"wp-block-media-text alignwide has-media-on-the-right is-stacked-on-mobile\" style=\"grid-template-columns:auto 39%\"><div class=\"wp-block-media-text__content\">\n<p>4. <strong>Meditation Zugang zu dir selbst finden I Gef\u00fchle f\u00fchlen lernen &amp; Gedanken beruhigen<\/strong><\/p>\n\n\n\n<p><strong>Datum:<\/strong> Dienstag, 24.10.2023    <strong>Zeit:<\/strong> 16:00 \u2013 17:00 Uhr    <strong>Ort:<\/strong> Aula Raum 3<\/p>\n\n\n\n<p>Die gef\u00fchrte Meditation hilft dir dabei den Zugang zu dir selbst zu finden. Du lernst deine Gef\u00fchle zu f\u00fchlen und wahrzunehmen und kannst somit deine Gedanken beruhigen. Wenn wir Zugang zu unseren Gef\u00fchlen haben, k\u00f6nnen wir uns selbst besser akzeptieren und erfahren mehr Selbstliebe.<\/p>\n<\/div><figure class=\"wp-block-media-text__media\"><img loading=\"lazy\" decoding=\"async\" width=\"1024\" height=\"683\" src=\"https:\/\/www.hsu-hh.de\/bgm\/wp-content\/uploads\/sites\/790\/2023\/08\/schliessen-sie-oben-vom-maennlichen-kopf-savasana-haltung-1024x683.jpg\" data-credit=\"Bild von yanalya Freepik\" alt=\"\" class=\"wp-image-2998 size-full\" srcset=\"https:\/\/www.hsu-hh.de\/bgm\/wp-content\/uploads\/sites\/790\/2023\/08\/schliessen-sie-oben-vom-maennlichen-kopf-savasana-haltung-1024x683.jpg 1024w, https:\/\/www.hsu-hh.de\/bgm\/wp-content\/uploads\/sites\/790\/2023\/08\/schliessen-sie-oben-vom-maennlichen-kopf-savasana-haltung-300x200.jpg 300w, https:\/\/www.hsu-hh.de\/bgm\/wp-content\/uploads\/sites\/790\/2023\/08\/schliessen-sie-oben-vom-maennlichen-kopf-savasana-haltung-768x512.jpg 768w, https:\/\/www.hsu-hh.de\/bgm\/wp-content\/uploads\/sites\/790\/2023\/08\/schliessen-sie-oben-vom-maennlichen-kopf-savasana-haltung-1536x1024.jpg 1536w, https:\/\/www.hsu-hh.de\/bgm\/wp-content\/uploads\/sites\/790\/2023\/08\/schliessen-sie-oben-vom-maennlichen-kopf-savasana-haltung-2048x1365.jpg 2048w, https:\/\/www.hsu-hh.de\/bgm\/wp-content\/uploads\/sites\/790\/2023\/08\/schliessen-sie-oben-vom-maennlichen-kopf-savasana-haltung-1100x733.jpg 1100w\" sizes=\"auto, (max-width: 1024px) 100vw, 1024px\" \/><\/figure><\/div>\n\n\n\n<hr class=\"wp-block-separator has-alpha-channel-opacity\" \/>\n\n\n\n<div class=\"wp-block-media-text alignwide is-stacked-on-mobile\" style=\"grid-template-columns:39% auto\"><figure class=\"wp-block-media-text__media\"><img loading=\"lazy\" decoding=\"async\" width=\"1024\" height=\"681\" src=\"https:\/\/www.hsu-hh.de\/bgm\/wp-content\/uploads\/sites\/790\/2023\/08\/IMG_3656-1024x681.jpg\" data-credit=\"Bild von zinkevych auf Freepik\" alt=\"\" class=\"wp-image-3003 size-full\" srcset=\"https:\/\/www.hsu-hh.de\/bgm\/wp-content\/uploads\/sites\/790\/2023\/08\/IMG_3656-1024x681.jpg 1024w, https:\/\/www.hsu-hh.de\/bgm\/wp-content\/uploads\/sites\/790\/2023\/08\/IMG_3656-300x200.jpg 300w, https:\/\/www.hsu-hh.de\/bgm\/wp-content\/uploads\/sites\/790\/2023\/08\/IMG_3656-768x511.jpg 768w, https:\/\/www.hsu-hh.de\/bgm\/wp-content\/uploads\/sites\/790\/2023\/08\/IMG_3656-1536x1022.jpg 1536w, https:\/\/www.hsu-hh.de\/bgm\/wp-content\/uploads\/sites\/790\/2023\/08\/IMG_3656-2048x1363.jpg 2048w, https:\/\/www.hsu-hh.de\/bgm\/wp-content\/uploads\/sites\/790\/2023\/08\/IMG_3656-1100x732.jpg 1100w\" sizes=\"auto, (max-width: 1024px) 100vw, 1024px\" \/><\/figure><div class=\"wp-block-media-text__content\">\n<p>5. <strong>Meditation f\u00fcr mentale St\u00e4rke I Selbstvertrauen bei Herausforderungen, Ver\u00e4nderungen &amp; neuen Zielen<\/strong><\/p>\n\n\n\n<p><strong>Datum:<\/strong> Dienstag, 07.11.2023     <strong>Zeit:<\/strong> 16:00 \u2013 17:00 Uhr     <strong>Ort:<\/strong> Aula<\/p>\n\n\n\n<p>Durch die Meditation kannst du deine mentale St\u00e4rke trainieren und st\u00e4rkst dadurch dein Selbstvertrauen, um Herausforderungen zu meistern und deine Ziele zu erreichen. Ziel der gef\u00fchrten Meditation ist es deine Resilienz, Motivation, Zielfokussierung und Selbstwirksamkeit zu st\u00e4rken. Dadurch baust du auch deine innere St\u00e4rke auf und dein Selbstvertrauen steigt.<\/p>\n\n\n\n<p><\/p>\n<\/div><\/div>\n\n\n\n<hr class=\"wp-block-separator has-alpha-channel-opacity\" \/>\n\n\n\n<div class=\"wp-block-media-text alignwide has-media-on-the-right is-stacked-on-mobile\" style=\"grid-template-columns:auto 39%\"><div class=\"wp-block-media-text__content\">\n<p>6. <strong>Meditation Breathwork I Atemmeditation f\u00fcr Ruhe, Entspannung und Gelassenheit<\/strong><\/p>\n\n\n\n<p><strong>Datum:<\/strong> Dienstag, 14.11.2023     <strong>Zeit:<\/strong> 16:00 \u2013 17:00 Uhr     <\/p>\n\n\n\n<p><strong>Ort:<\/strong> Aula Raum 3<\/p>\n\n\n\n<p>Breathwork sind verschiedene Atem\u00fcbungen, die deinen K\u00f6rper, Geist und deine spirituelle Gesundheit positiv beeinflussen. Die Breathwork Meditation beinhaltet 3 Runden in denen wir kr\u00e4ftig atmen und dann unseren Atem anhalten. Durch die aktive Atemmeditation kannst du deinen Geist beruhigen und dich entspannen. Die Atemtechniken sind nicht f\u00fcr Schwangere oder Menschen mit Herz-Kreislauf-Erkrankungen geeignet. Die Meditation ist f\u00fcr Anf\u00e4nger und Fortgeschrittene geeignet. Viel Spa\u00df mit der gef\u00fchrten Meditation.<\/p>\n<\/div><figure class=\"wp-block-media-text__media\"><img loading=\"lazy\" decoding=\"async\" width=\"1024\" height=\"683\" src=\"https:\/\/www.hsu-hh.de\/bgm\/wp-content\/uploads\/sites\/790\/2023\/08\/schliessen-sie-oben-vom-maennlichen-kopf-savasana-haltung-1024x683.jpg\" data-credit=\"Bild von yanalya Freepik\" alt=\"\" class=\"wp-image-2998 size-full\" srcset=\"https:\/\/www.hsu-hh.de\/bgm\/wp-content\/uploads\/sites\/790\/2023\/08\/schliessen-sie-oben-vom-maennlichen-kopf-savasana-haltung-1024x683.jpg 1024w, https:\/\/www.hsu-hh.de\/bgm\/wp-content\/uploads\/sites\/790\/2023\/08\/schliessen-sie-oben-vom-maennlichen-kopf-savasana-haltung-300x200.jpg 300w, https:\/\/www.hsu-hh.de\/bgm\/wp-content\/uploads\/sites\/790\/2023\/08\/schliessen-sie-oben-vom-maennlichen-kopf-savasana-haltung-768x512.jpg 768w, https:\/\/www.hsu-hh.de\/bgm\/wp-content\/uploads\/sites\/790\/2023\/08\/schliessen-sie-oben-vom-maennlichen-kopf-savasana-haltung-1536x1024.jpg 1536w, https:\/\/www.hsu-hh.de\/bgm\/wp-content\/uploads\/sites\/790\/2023\/08\/schliessen-sie-oben-vom-maennlichen-kopf-savasana-haltung-2048x1365.jpg 2048w, https:\/\/www.hsu-hh.de\/bgm\/wp-content\/uploads\/sites\/790\/2023\/08\/schliessen-sie-oben-vom-maennlichen-kopf-savasana-haltung-1100x733.jpg 1100w\" sizes=\"auto, (max-width: 1024px) 100vw, 1024px\" \/><\/figure><\/div>\n\n\n\n<hr class=\"wp-block-separator has-alpha-channel-opacity\" \/>\n\n\n\n<div class=\"wp-block-media-text alignwide is-stacked-on-mobile\" style=\"grid-template-columns:39% auto\"><figure class=\"wp-block-media-text__media\"><img loading=\"lazy\" decoding=\"async\" width=\"1024\" height=\"681\" src=\"https:\/\/www.hsu-hh.de\/bgm\/wp-content\/uploads\/sites\/790\/2023\/08\/IMG_3656-1024x681.jpg\" data-credit=\"Bild von zinkevych auf Freepik\" alt=\"\" class=\"wp-image-3003 size-full\" srcset=\"https:\/\/www.hsu-hh.de\/bgm\/wp-content\/uploads\/sites\/790\/2023\/08\/IMG_3656-1024x681.jpg 1024w, https:\/\/www.hsu-hh.de\/bgm\/wp-content\/uploads\/sites\/790\/2023\/08\/IMG_3656-300x200.jpg 300w, https:\/\/www.hsu-hh.de\/bgm\/wp-content\/uploads\/sites\/790\/2023\/08\/IMG_3656-768x511.jpg 768w, https:\/\/www.hsu-hh.de\/bgm\/wp-content\/uploads\/sites\/790\/2023\/08\/IMG_3656-1536x1022.jpg 1536w, https:\/\/www.hsu-hh.de\/bgm\/wp-content\/uploads\/sites\/790\/2023\/08\/IMG_3656-2048x1363.jpg 2048w, https:\/\/www.hsu-hh.de\/bgm\/wp-content\/uploads\/sites\/790\/2023\/08\/IMG_3656-1100x732.jpg 1100w\" sizes=\"auto, (max-width: 1024px) 100vw, 1024px\" \/><\/figure><div class=\"wp-block-media-text__content\">\n<p>7. <strong>Meditation bei Rastlosigkeit I Stress, Anspannungen und innere Unruhe loslassen<\/strong><\/p>\n\n\n\n<p><strong>Datum:<\/strong> Dienstag, 21.11.2023     <strong>Zeit:<\/strong> 16:00 \u2013 17:00 Uhr     <strong>Ort:<\/strong> Aula<\/p>\n\n\n\n<p>Die gef\u00fchrte Meditation hilft dir dabei, bei dir anzukommen und Anspannungen loszulassen. Wir rennen h\u00e4ufig von einer Sache zur n\u00e4chsten und f\u00fchlen uns deshalb rastlos. Wir haben das Gef\u00fchl nie mit den Dingen fertig zu werden. Das ist der Fall, wenn wir im Kopf schon bei der n\u00e4chsten Sache sind, die ansteht. Durch die gef\u00fchrte Meditation kannst du deinen Stress und deine innere Unruhe loslassen und zu mehr Gelassenheit und Entspannung kommen. Viel Spa\u00df bei der Meditation gegen Rastlosigkeit.<\/p>\n<\/div><\/div>\n\n\n\n<hr class=\"wp-block-separator has-alpha-channel-opacity\" \/>\n\n\n\n<div class=\"wp-block-media-text alignwide has-media-on-the-right is-stacked-on-mobile\" style=\"grid-template-columns:auto 39%\"><div class=\"wp-block-media-text__content\">\n<p>8. <strong>Meditation gegen den inneren Kritiker I Selbstzweifel loslassen &amp; Selbstwert steigern<\/strong><\/p>\n\n\n\n<p><strong>Datum:<\/strong> Dienstag, 28.11.2023     <strong>Zeit:<\/strong> 16:00 \u2013 17:00 Uhr     <strong>Ort:<\/strong> Aula<\/p>\n\n\n\n<p>Die gef\u00fchrte Meditation hilft dir dabei deinen inneren Kritiker liebevoll anzunehmen. Unser innerer Kritiker sorgt daf\u00fcr, dass wir Selbstzweifel entwickeln und selbstkritisch sind. Durch die Meditation kannst du dein inneres Kind heilen, deinen inneren Kritiker annehmen und deinen Selbstwert steigern. Ich w\u00fcnsche dir viel Spa\u00df bei der Meditation.<\/p>\n<\/div><figure class=\"wp-block-media-text__media\"><img loading=\"lazy\" decoding=\"async\" width=\"1024\" height=\"683\" src=\"https:\/\/www.hsu-hh.de\/bgm\/wp-content\/uploads\/sites\/790\/2023\/08\/schliessen-sie-oben-vom-maennlichen-kopf-savasana-haltung-1024x683.jpg\" data-credit=\"Bild von yanalya Freepik\" alt=\"\" class=\"wp-image-2998 size-full\" srcset=\"https:\/\/www.hsu-hh.de\/bgm\/wp-content\/uploads\/sites\/790\/2023\/08\/schliessen-sie-oben-vom-maennlichen-kopf-savasana-haltung-1024x683.jpg 1024w, https:\/\/www.hsu-hh.de\/bgm\/wp-content\/uploads\/sites\/790\/2023\/08\/schliessen-sie-oben-vom-maennlichen-kopf-savasana-haltung-300x200.jpg 300w, https:\/\/www.hsu-hh.de\/bgm\/wp-content\/uploads\/sites\/790\/2023\/08\/schliessen-sie-oben-vom-maennlichen-kopf-savasana-haltung-768x512.jpg 768w, https:\/\/www.hsu-hh.de\/bgm\/wp-content\/uploads\/sites\/790\/2023\/08\/schliessen-sie-oben-vom-maennlichen-kopf-savasana-haltung-1536x1024.jpg 1536w, https:\/\/www.hsu-hh.de\/bgm\/wp-content\/uploads\/sites\/790\/2023\/08\/schliessen-sie-oben-vom-maennlichen-kopf-savasana-haltung-2048x1365.jpg 2048w, https:\/\/www.hsu-hh.de\/bgm\/wp-content\/uploads\/sites\/790\/2023\/08\/schliessen-sie-oben-vom-maennlichen-kopf-savasana-haltung-1100x733.jpg 1100w\" sizes=\"auto, (max-width: 1024px) 100vw, 1024px\" \/><\/figure><\/div>\n\n\n\n<p><\/p>\n\n\n\n<hr class=\"wp-block-separator has-alpha-channel-opacity\" \/>\n\n\n\n<div style=\"height:58px\" aria-hidden=\"true\" class=\"wp-block-spacer\"><\/div>\n\n\n\n<p class=\"has-text-align-center has-medium-font-size\"><em>Den aktuellen Antrag finden Sie in unserem <a href=\"https:\/\/www.hsu-hh.de\/bgm\/downloadbereich\">Downloadbereich<\/a>.<\/em><\/p>\n\n\n\n<p><\/p>\n\n\n\n<p><\/p>\n","protected":false},"excerpt":{"rendered":"<p>8 Termine je 60 Minuten \u201ecome, as you are\u201d = keine Sportkleidung notwendig Durchf\u00fchrende: Frau M.A. Carolin Perner Wann? Termin 1: Dienstag, 12.09.2023 von 16:00 \u2013 17:00 Uhr Termin 2: [&hellip;]<\/p>\n","protected":false},"author":1742,"featured_media":0,"parent":0,"menu_order":0,"comment_status":"closed","ping_status":"closed","template":"","meta":{"footnotes":""},"categories":[4],"tags":[],"class_list":["post-3035","page","type-page","status-publish","hentry","category-forschung"],"_links":{"self":[{"href":"https:\/\/www.hsu-hh.de\/bgm\/wp-json\/wp\/v2\/pages\/3035","targetHints":{"allow":["GET"]}}],"collection":[{"href":"https:\/\/www.hsu-hh.de\/bgm\/wp-json\/wp\/v2\/pages"}],"about":[{"href":"https:\/\/www.hsu-hh.de\/bgm\/wp-json\/wp\/v2\/types\/page"}],"author":[{"embeddable":true,"href":"https:\/\/www.hsu-hh.de\/bgm\/wp-json\/wp\/v2\/users\/1742"}],"replies":[{"embeddable":true,"href":"https:\/\/www.hsu-hh.de\/bgm\/wp-json\/wp\/v2\/comments?post=3035"}],"version-history":[{"count":16,"href":"https:\/\/www.hsu-hh.de\/bgm\/wp-json\/wp\/v2\/pages\/3035\/revisions"}],"predecessor-version":[{"id":3179,"href":"https:\/\/www.hsu-hh.de\/bgm\/wp-json\/wp\/v2\/pages\/3035\/revisions\/3179"}],"wp:attachment":[{"href":"https:\/\/www.hsu-hh.de\/bgm\/wp-json\/wp\/v2\/media?parent=3035"}],"wp:term":[{"taxonomy":"category","embeddable":true,"href":"https:\/\/www.hsu-hh.de\/bgm\/wp-json\/wp\/v2\/categories?post=3035"},{"taxonomy":"post_tag","embeddable":true,"href":"https:\/\/www.hsu-hh.de\/bgm\/wp-json\/wp\/v2\/tags?post=3035"}],"curies":[{"name":"wp","href":"https:\/\/api.w.org\/{rel}","templated":true}]}}