{"id":2950,"date":"2023-07-14T12:47:46","date_gmt":"2023-07-14T10:47:46","guid":{"rendered":"https:\/\/www.hsu-hh.de\/bgm\/?page_id=2950"},"modified":"2023-07-14T12:47:47","modified_gmt":"2023-07-14T10:47:47","slug":"onlineangebot-kreativitaet","status":"publish","type":"page","link":"https:\/\/www.hsu-hh.de\/bgm\/onlineangebot-kreativitaet","title":{"rendered":"Onlineangebot &#8222;Kreativit\u00e4t&#8220;"},"content":{"rendered":"\n<div style=\"height:50px\" aria-hidden=\"true\" class=\"wp-block-spacer\"><\/div>\n\n\n\n<div class=\"wp-block-media-text alignwide is-stacked-on-mobile\" style=\"grid-template-columns:27% auto\"><figure class=\"wp-block-media-text__media\"><img loading=\"lazy\" decoding=\"async\" width=\"684\" height=\"1024\" src=\"https:\/\/www.hsu-hh.de\/bgm\/wp-content\/uploads\/sites\/790\/2023\/07\/laura-adai-xSMIuUDMMSY-unsplash-684x1024.jpg\" data-credit=\"www.unsplash.com\" alt=\"Malpinsel\" class=\"wp-image-2952 size-full\" srcset=\"https:\/\/www.hsu-hh.de\/bgm\/wp-content\/uploads\/sites\/790\/2023\/07\/laura-adai-xSMIuUDMMSY-unsplash-684x1024.jpg 684w, https:\/\/www.hsu-hh.de\/bgm\/wp-content\/uploads\/sites\/790\/2023\/07\/laura-adai-xSMIuUDMMSY-unsplash-200x300.jpg 200w, https:\/\/www.hsu-hh.de\/bgm\/wp-content\/uploads\/sites\/790\/2023\/07\/laura-adai-xSMIuUDMMSY-unsplash-768x1150.jpg 768w, https:\/\/www.hsu-hh.de\/bgm\/wp-content\/uploads\/sites\/790\/2023\/07\/laura-adai-xSMIuUDMMSY-unsplash-1025x1536.jpg 1025w, https:\/\/www.hsu-hh.de\/bgm\/wp-content\/uploads\/sites\/790\/2023\/07\/laura-adai-xSMIuUDMMSY-unsplash-1367x2048.jpg 1367w, https:\/\/www.hsu-hh.de\/bgm\/wp-content\/uploads\/sites\/790\/2023\/07\/laura-adai-xSMIuUDMMSY-unsplash-1100x1648.jpg 1100w, https:\/\/www.hsu-hh.de\/bgm\/wp-content\/uploads\/sites\/790\/2023\/07\/laura-adai-xSMIuUDMMSY-unsplash-scaled.jpg 1709w\" sizes=\"auto, (max-width: 684px) 100vw, 684px\" \/><\/figure><div class=\"wp-block-media-text__content\">\n<p class=\"has-medium-font-size\"><strong>Kreativit\u00e4t erfrischt! Kreativit\u00e4t ist gesund! Kreativit\u00e4t l\u00e4sst negative Gedanken schwinden!<\/strong><\/p>\n\n\n\n<p class=\"has-grey-background-color has-background has-medium-font-size\">Somit ist Kreativit\u00e4t ein gesunder Ausgleich bei z. B. viel Stress oder eine wunderbare M\u00f6glichkeit der Stresspr\u00e4vention. Aber auch f\u00fcr Personen ohne Stress bieten kreative T\u00e4tigkeiten nat\u00fcrlich eine wunderbare M\u00f6glichkeit, die Freizeit aktiv zu gestalten.<\/p>\n<\/div><\/div>\n\n\n\n<div style=\"height:50px\" aria-hidden=\"true\" class=\"wp-block-spacer\"><\/div>\n\n\n\n<p class=\"has-medium-font-size\"><strong>Wie oft sind Sie kreativ?<\/strong><\/p>\n\n\n\n<p class=\"has-grey-background-color has-background has-medium-font-size\">Kreative T\u00e4tigkeiten sind vielf\u00e4ltig. Von musikalischen T\u00e4tigkeiten (z. B. ein Musikinstrument spielen oder singen), \u00fcber visuelle K\u00fcnste (z. B. zeichnen, t\u00f6pfern, fotografieren, restaurieren) bis zum Besuch von kulturellen Veranstaltungen (z. B. Konzerte, Ausstellungen). Viele weitere Beispiele lassen sich finden! F\u00e4llt Ihnen noch etwas ein?<\/p>\n\n\n\n<div style=\"height:50px\" aria-hidden=\"true\" class=\"wp-block-spacer\"><\/div>\n\n\n\n<p class=\"has-medium-font-size\"><strong>Werden Sie kreativ!<\/strong><\/p>\n\n\n\n<p class=\"has-grey-background-color has-background has-medium-font-size\">Schauen Sie einmal auf\u00a0 Ihre pers\u00f6nliche Tages- <abbr title=\"beziehungsweise\">bzw.<\/abbr> Wochengestaltung!\u00a0 Haben Sie Lust (noch) etwas mehr Kreativit\u00e4t in Ihr Leben zu bringen? Wann, wo und wie k\u00f6nnen Sie kreative T\u00e4tigkeiten, die Ihnen vom Herzen her Freude bereiten, noch \u00f6fter in Ihr Leben integrieren? Eine Kommode restaurieren oder ein Geburtstagsgeschenk sch\u00f6n verpacken? Briefpapier selbst gestalten, ein Messer schnitzen, ein Baumhaus bauen, ein Blumenbeet anlegen, ein Gedicht schreiben, einen Kuchen kreativ verzieren oder einen Cocktail appetitlich garnieren&#8230; die M\u00f6glichkeiten, kreativ zu sein, sind schier unendlich! Wozu haben Sie Lust? Werden Sie kreativ!<\/p>\n\n\n\n<div style=\"height:0px\" aria-hidden=\"true\" class=\"wp-block-spacer\"><\/div>\n\n\n\n<div style=\"height:50px\" aria-hidden=\"true\" class=\"wp-block-spacer\"><\/div>\n\n\n\n<div class=\"wp-block-media-text alignwide has-media-on-the-right is-stacked-on-mobile\" style=\"grid-template-columns:auto 40%\"><div class=\"wp-block-media-text__content\">\n<p class=\"has-medium-font-size\"><strong>Lesen<\/strong><\/p>\n\n\n\n<p class=\"has-grey-background-color has-background has-medium-font-size\">Eine kreative T\u00e4tigkeit, f\u00fcr die Sie nicht viel brauchen, ist das Lesen. Wenn Sie <abbr title=\"zum Beispiel\">z.B.<\/abbr> einen Roman lesen, regt das die Fantasie an. Bei angenehmen Texten kann dies eine entspannende Wirkung haben, die wiederum das Stressempfinden reduzieren kann.<\/p>\n<\/div><figure class=\"wp-block-media-text__media\"><img loading=\"lazy\" decoding=\"async\" width=\"1024\" height=\"683\" src=\"https:\/\/www.hsu-hh.de\/bgm\/wp-content\/uploads\/sites\/790\/2023\/07\/thought-catalog-mmWqrsjZ4Lw-unsplash-1024x683.jpg\" data-credit=\"www.unsplash.com\" alt=\"Lesen\" class=\"wp-image-2954 size-full\" srcset=\"https:\/\/www.hsu-hh.de\/bgm\/wp-content\/uploads\/sites\/790\/2023\/07\/thought-catalog-mmWqrsjZ4Lw-unsplash-1024x683.jpg 1024w, https:\/\/www.hsu-hh.de\/bgm\/wp-content\/uploads\/sites\/790\/2023\/07\/thought-catalog-mmWqrsjZ4Lw-unsplash-300x200.jpg 300w, https:\/\/www.hsu-hh.de\/bgm\/wp-content\/uploads\/sites\/790\/2023\/07\/thought-catalog-mmWqrsjZ4Lw-unsplash-768x512.jpg 768w, https:\/\/www.hsu-hh.de\/bgm\/wp-content\/uploads\/sites\/790\/2023\/07\/thought-catalog-mmWqrsjZ4Lw-unsplash-1536x1025.jpg 1536w, https:\/\/www.hsu-hh.de\/bgm\/wp-content\/uploads\/sites\/790\/2023\/07\/thought-catalog-mmWqrsjZ4Lw-unsplash-1100x734.jpg 1100w\" sizes=\"auto, (max-width: 1024px) 100vw, 1024px\" \/><\/figure><\/div>\n\n\n\n<div style=\"height:50px\" aria-hidden=\"true\" class=\"wp-block-spacer\"><\/div>\n\n\n\n<div class=\"wp-block-media-text alignwide has-media-on-the-right is-stacked-on-mobile\" style=\"grid-template-columns:auto 40%\"><div class=\"wp-block-media-text__content\">\n<p class=\"has-medium-font-size\"><strong>Kreatives Schreiben<\/strong><\/p>\n\n\n\n<p class=\"has-grey-background-color has-background has-medium-font-size\">Auch selbst den Stift in die Hand zu nehmen und <abbr title=\"zum Beispiel\">z.B.<\/abbr> frei\u00a0 los zu schreiben, kann die Kreativit\u00e4t f\u00f6rdern. Gleichzeitig kann eine kleine, leichte, kreative Schreibeinheit als eine &#8222;aktive Pause&#8220; dienen.<\/p>\n<\/div><figure class=\"wp-block-media-text__media\"><img loading=\"lazy\" decoding=\"async\" width=\"1024\" height=\"769\" src=\"https:\/\/www.hsu-hh.de\/bgm\/wp-content\/uploads\/sites\/790\/2023\/07\/aaron-burden-CKlHKtCJZKk-unsplash-1024x769.jpg\" data-credit=\"www.unsplash.com\" alt=\"Schreiben\" class=\"wp-image-2953 size-full\" srcset=\"https:\/\/www.hsu-hh.de\/bgm\/wp-content\/uploads\/sites\/790\/2023\/07\/aaron-burden-CKlHKtCJZKk-unsplash-1024x769.jpg 1024w, https:\/\/www.hsu-hh.de\/bgm\/wp-content\/uploads\/sites\/790\/2023\/07\/aaron-burden-CKlHKtCJZKk-unsplash-300x225.jpg 300w, https:\/\/www.hsu-hh.de\/bgm\/wp-content\/uploads\/sites\/790\/2023\/07\/aaron-burden-CKlHKtCJZKk-unsplash-768x577.jpg 768w, https:\/\/www.hsu-hh.de\/bgm\/wp-content\/uploads\/sites\/790\/2023\/07\/aaron-burden-CKlHKtCJZKk-unsplash-1536x1153.jpg 1536w, https:\/\/www.hsu-hh.de\/bgm\/wp-content\/uploads\/sites\/790\/2023\/07\/aaron-burden-CKlHKtCJZKk-unsplash-2048x1538.jpg 2048w, https:\/\/www.hsu-hh.de\/bgm\/wp-content\/uploads\/sites\/790\/2023\/07\/aaron-burden-CKlHKtCJZKk-unsplash-1100x826.jpg 1100w\" sizes=\"auto, (max-width: 1024px) 100vw, 1024px\" \/><\/figure><\/div>\n\n\n\n<div style=\"height:50px\" aria-hidden=\"true\" class=\"wp-block-spacer\"><\/div>\n\n\n\n<p class=\"has-text-align-center has-medium-font-size\">Wir danken <strong>Oberstleutnant Markus Schlager<\/strong> vom Kommando Sanit\u00e4tsdienst der Bundeswehr f\u00fcr die Bereitstellung seines <strong>exemplarischen Beitrags zum &#8222;Kreativen Schreiben&#8220;<\/strong> mit Eindr\u00fccken und Erlebnissen rund um Corona, Nachrichten &amp; Co.!<\/p>\n\n\n\n<div style=\"height:25px\" aria-hidden=\"true\" class=\"wp-block-spacer\"><\/div>\n\n\n\n<p class=\"has-text-align-center has-medium-font-size\"><a href=\"https:\/\/www.hsu-hh.de\/bgm\/onlineangebot-kreatives-schreiben\" data-type=\"page\" data-id=\"2941\">Hier<\/a> geht&#8217;s zum Beitrag &#8222;Bleibt alles anders?&#8220; (Markus Schlager)<\/p>\n\n\n\n<div style=\"height:50px\" aria-hidden=\"true\" class=\"wp-block-spacer\"><\/div>\n\n\n<div class=\"wp-block-image\">\n<figure class=\"aligncenter size-full\"><img loading=\"lazy\" decoding=\"async\" width=\"310\" height=\"250\" src=\"https:\/\/www.hsu-hh.de\/bgm\/wp-content\/uploads\/sites\/790\/2023\/06\/BGM.png\" data-credit=\"Bundeswehr\" alt=\"BGM-Logo\" class=\"wp-image-2444\" srcset=\"https:\/\/www.hsu-hh.de\/bgm\/wp-content\/uploads\/sites\/790\/2023\/06\/BGM.png 310w, https:\/\/www.hsu-hh.de\/bgm\/wp-content\/uploads\/sites\/790\/2023\/06\/BGM-300x242.png 300w\" sizes=\"auto, (max-width: 310px) 100vw, 310px\" \/><\/figure>\n<\/div>","protected":false},"excerpt":{"rendered":"<p>Kreativit\u00e4t erfrischt! Kreativit\u00e4t ist gesund! Kreativit\u00e4t l\u00e4sst negative Gedanken schwinden! Somit ist Kreativit\u00e4t ein gesunder Ausgleich bei z. B. viel Stress oder eine wunderbare M\u00f6glichkeit der Stresspr\u00e4vention. Aber auch f\u00fcr [&hellip;]<\/p>\n","protected":false},"author":153,"featured_media":0,"parent":0,"menu_order":0,"comment_status":"closed","ping_status":"closed","template":"","meta":{"footnotes":""},"categories":[4],"tags":[],"class_list":["post-2950","page","type-page","status-publish","hentry","category-forschung"],"_links":{"self":[{"href":"https:\/\/www.hsu-hh.de\/bgm\/wp-json\/wp\/v2\/pages\/2950","targetHints":{"allow":["GET"]}}],"collection":[{"href":"https:\/\/www.hsu-hh.de\/bgm\/wp-json\/wp\/v2\/pages"}],"about":[{"href":"https:\/\/www.hsu-hh.de\/bgm\/wp-json\/wp\/v2\/types\/page"}],"author":[{"embeddable":true,"href":"https:\/\/www.hsu-hh.de\/bgm\/wp-json\/wp\/v2\/users\/153"}],"replies":[{"embeddable":true,"href":"https:\/\/www.hsu-hh.de\/bgm\/wp-json\/wp\/v2\/comments?post=2950"}],"version-history":[{"count":1,"href":"https:\/\/www.hsu-hh.de\/bgm\/wp-json\/wp\/v2\/pages\/2950\/revisions"}],"predecessor-version":[{"id":2955,"href":"https:\/\/www.hsu-hh.de\/bgm\/wp-json\/wp\/v2\/pages\/2950\/revisions\/2955"}],"wp:attachment":[{"href":"https:\/\/www.hsu-hh.de\/bgm\/wp-json\/wp\/v2\/media?parent=2950"}],"wp:term":[{"taxonomy":"category","embeddable":true,"href":"https:\/\/www.hsu-hh.de\/bgm\/wp-json\/wp\/v2\/categories?post=2950"},{"taxonomy":"post_tag","embeddable":true,"href":"https:\/\/www.hsu-hh.de\/bgm\/wp-json\/wp\/v2\/tags?post=2950"}],"curies":[{"name":"wp","href":"https:\/\/api.w.org\/{rel}","templated":true}]}}