{"id":2941,"date":"2023-07-14T12:17:38","date_gmt":"2023-07-14T10:17:38","guid":{"rendered":"https:\/\/www.hsu-hh.de\/bgm\/?page_id=2941"},"modified":"2023-07-14T12:17:38","modified_gmt":"2023-07-14T10:17:38","slug":"onlineangebot-kreatives-schreiben","status":"publish","type":"page","link":"https:\/\/www.hsu-hh.de\/bgm\/onlineangebot-kreatives-schreiben","title":{"rendered":"Onlineangebot &#8222;Kreatives Schreiben&#8220;"},"content":{"rendered":"\n<div style=\"height:50px\" aria-hidden=\"true\" class=\"wp-block-spacer\"><\/div>\n\n\n\n<p class=\"has-medium-font-size\">Wir danken Oberstleutnant Markus Schlager vom Kommando Sanit\u00e4tsdienst der Bundeswehr f\u00fcr die Bereitstellung seines exemplarischen Beitrags zum &#8222;Kreativen Schreiben&#8220; mit Eindr\u00fccken und Erlebnissen rund um Corona, Nachrichten &amp; Co.<\/p>\n\n\n\n<div style=\"height:50px\" aria-hidden=\"true\" class=\"wp-block-spacer\"><\/div>\n\n\n\n<h2 class=\"has-grey-background-color has-background wp-block-heading\"><strong>Bleibt alles anders*?&nbsp;&nbsp;&nbsp;<\/strong><\/h2>\n\n\n\n<p><em>(Beitrag von Markus Schlager aus dem Kommando Sanit\u00e4tsdienst der Bundeswehr, Koblenz,\u00a0 Juni 2020)<\/em><\/p>\n\n\n\n<div style=\"height:50px\" aria-hidden=\"true\" class=\"wp-block-spacer\"><\/div>\n\n\n\n<div class=\"wp-block-media-text alignwide is-stacked-on-mobile\" style=\"grid-template-columns:48% auto\"><figure class=\"wp-block-media-text__media\"><img loading=\"lazy\" decoding=\"async\" width=\"1024\" height=\"683\" src=\"https:\/\/www.hsu-hh.de\/bgm\/wp-content\/uploads\/sites\/790\/2023\/07\/julian-hochgesang-DiLbTILKT34-unsplash-1024x683.jpg\" data-credit=\"\" alt=\"Stra\u00dfe\" class=\"wp-image-2947 size-full\" srcset=\"https:\/\/www.hsu-hh.de\/bgm\/wp-content\/uploads\/sites\/790\/2023\/07\/julian-hochgesang-DiLbTILKT34-unsplash-1024x683.jpg 1024w, https:\/\/www.hsu-hh.de\/bgm\/wp-content\/uploads\/sites\/790\/2023\/07\/julian-hochgesang-DiLbTILKT34-unsplash-300x200.jpg 300w, https:\/\/www.hsu-hh.de\/bgm\/wp-content\/uploads\/sites\/790\/2023\/07\/julian-hochgesang-DiLbTILKT34-unsplash-768x512.jpg 768w, https:\/\/www.hsu-hh.de\/bgm\/wp-content\/uploads\/sites\/790\/2023\/07\/julian-hochgesang-DiLbTILKT34-unsplash-1536x1024.jpg 1536w, https:\/\/www.hsu-hh.de\/bgm\/wp-content\/uploads\/sites\/790\/2023\/07\/julian-hochgesang-DiLbTILKT34-unsplash-2048x1365.jpg 2048w, https:\/\/www.hsu-hh.de\/bgm\/wp-content\/uploads\/sites\/790\/2023\/07\/julian-hochgesang-DiLbTILKT34-unsplash-1100x733.jpg 1100w\" sizes=\"auto, (max-width: 1024px) 100vw, 1024px\" \/><\/figure><div class=\"wp-block-media-text__content\">\n<p>Als wir hier \u201ewieder hochgefahren sind\u201c, als zaghaft die ersten Lockerungen kamen, da sah ich am Wegesrand einen toten Fischreiher liegen und auf der anderen Seite ein Fasanenweibchen. &#8222;Nicht gerade typisch&#8220;, denke ich bei mir, denn normalerweise kostet es an dieser Strecke mal einen Igel das Leben oder auch schon ein Frettchen. Die haben sich wohl schon an das gem\u00e4chliche Leben w\u00e4hrend Corona gew\u00f6hnt \u2026<\/p>\n<\/div><\/div>\n\n\n\n<div class=\"wp-block-media-text alignwide has-media-on-the-right is-stacked-on-mobile\" style=\"grid-template-columns:auto 43%\"><div class=\"wp-block-media-text__content\">\n<p>Die Entschleunigung tat gut. Manch einer findet \u201eCorona-Urlaub\u201c doof, also gibt man nur ungern zu, dass er die Zeit der Telearbeit (am Privat-<abbr title=\"Personal Computer\">PC<\/abbr>) zwar auch f\u00fcr Fortbildung genutzt hat, aber dass es eben doch unbefriedigend war.<\/p>\n\n\n\n<p>Alle Welt will berichten, wie es w\u00e4hrend Corona ist oder war? Was hat sich ge\u00e4ndert? Wie sind Sie mit den ver\u00e4nderten Anforderungen der Lage umgegangen? War gar etwas Gutes dabei? Was m\u00fcssen wir dringend \u00e4ndern? Oder reden wir uns da etwas sch\u00f6n?<\/p>\n\n\n\n<p>Ich lese mich weiter durch Online-Artikel und meine Zeitung \u2026<\/p>\n<\/div><figure class=\"wp-block-media-text__media\"><img loading=\"lazy\" decoding=\"async\" width=\"1024\" height=\"684\" src=\"https:\/\/www.hsu-hh.de\/bgm\/wp-content\/uploads\/sites\/790\/2023\/07\/roman-kraft-_Zua2hyvTBk-unsplash-1024x684.jpg\" data-credit=\"\" alt=\"Zeitung lesen\" class=\"wp-image-2946 size-full\" srcset=\"https:\/\/www.hsu-hh.de\/bgm\/wp-content\/uploads\/sites\/790\/2023\/07\/roman-kraft-_Zua2hyvTBk-unsplash-1024x684.jpg 1024w, https:\/\/www.hsu-hh.de\/bgm\/wp-content\/uploads\/sites\/790\/2023\/07\/roman-kraft-_Zua2hyvTBk-unsplash-300x200.jpg 300w, https:\/\/www.hsu-hh.de\/bgm\/wp-content\/uploads\/sites\/790\/2023\/07\/roman-kraft-_Zua2hyvTBk-unsplash-768x513.jpg 768w, https:\/\/www.hsu-hh.de\/bgm\/wp-content\/uploads\/sites\/790\/2023\/07\/roman-kraft-_Zua2hyvTBk-unsplash-1536x1025.jpg 1536w, https:\/\/www.hsu-hh.de\/bgm\/wp-content\/uploads\/sites\/790\/2023\/07\/roman-kraft-_Zua2hyvTBk-unsplash-2048x1367.jpg 2048w, https:\/\/www.hsu-hh.de\/bgm\/wp-content\/uploads\/sites\/790\/2023\/07\/roman-kraft-_Zua2hyvTBk-unsplash-1100x734.jpg 1100w\" sizes=\"auto, (max-width: 1024px) 100vw, 1024px\" \/><\/figure><\/div>\n\n\n\n<div class=\"wp-block-media-text alignwide is-stacked-on-mobile\" style=\"grid-template-columns:45% auto\"><figure class=\"wp-block-media-text__media\"><img loading=\"lazy\" decoding=\"async\" width=\"1024\" height=\"683\" src=\"https:\/\/www.hsu-hh.de\/bgm\/wp-content\/uploads\/sites\/790\/2023\/07\/lindsay-henwood-7_kRuX1hSXM-unsplash-1024x683.jpg\" data-credit=\"www.unsplash.com\" alt=\"Treppensteigen\" class=\"wp-image-2945 size-full\" srcset=\"https:\/\/www.hsu-hh.de\/bgm\/wp-content\/uploads\/sites\/790\/2023\/07\/lindsay-henwood-7_kRuX1hSXM-unsplash-1024x683.jpg 1024w, https:\/\/www.hsu-hh.de\/bgm\/wp-content\/uploads\/sites\/790\/2023\/07\/lindsay-henwood-7_kRuX1hSXM-unsplash-300x200.jpg 300w, https:\/\/www.hsu-hh.de\/bgm\/wp-content\/uploads\/sites\/790\/2023\/07\/lindsay-henwood-7_kRuX1hSXM-unsplash-768x512.jpg 768w, https:\/\/www.hsu-hh.de\/bgm\/wp-content\/uploads\/sites\/790\/2023\/07\/lindsay-henwood-7_kRuX1hSXM-unsplash-1536x1024.jpg 1536w, https:\/\/www.hsu-hh.de\/bgm\/wp-content\/uploads\/sites\/790\/2023\/07\/lindsay-henwood-7_kRuX1hSXM-unsplash-1100x733.jpg 1100w, https:\/\/www.hsu-hh.de\/bgm\/wp-content\/uploads\/sites\/790\/2023\/07\/lindsay-henwood-7_kRuX1hSXM-unsplash.jpg 1800w\" sizes=\"auto, (max-width: 1024px) 100vw, 1024px\" \/><\/figure><div class=\"wp-block-media-text__content\">\n<p>Gestiegene h\u00e4usliche Gewalt wird vermutet, auch gegen Kinder. Mehr Golfen bei Schweden, mehr Indoor-Fahrradfahren bei Franzosen und mehr Treppensteigen bei jeder Gelegenheit, denn in so einem Aufzug, da h\u00e4ngt man schon sehr nah aufeinander, da hilft auch kein Mundschutz\u2026<\/p>\n<\/div><\/div>\n\n\n\n<div class=\"wp-block-media-text alignwide has-media-on-the-right is-stacked-on-mobile\" style=\"grid-template-columns:auto 38%\"><div class=\"wp-block-media-text__content\">\n<p>In der \u201eZeit\u201c (16.04.20) lese ich, sie (Da Vinci Campus, Nauen) wollen \u201eSch\u00fcleraktivit\u00e4t noch h\u00f6her ansiedeln, vom Frontalunterricht im weitesten Sinne Abstand nehmen\u201c und \u201e\u2026 die Chance nutzen, neu \u00fcber das Lernen nachzudenken\u201c (Micha Pallesche, Karlsruhe).<\/p>\n\n\n\n<p>Mein Stiefsohn, der werdende Lehrer sagt, dass seine achte Klasse Gymnasium von den Onlineaufgaben keine einzige gemacht hat\u2026 Er \u00e4rgert sich und will autorit\u00e4rer auftreten. \u201eHm, vielleicht versuchst Du es mit etwas mehr Auftragstaktik\u201c, brumme ich hinter meiner Zeitung\u2026<\/p>\n<\/div><figure class=\"wp-block-media-text__media\"><img loading=\"lazy\" decoding=\"async\" width=\"1024\" height=\"683\" src=\"https:\/\/www.hsu-hh.de\/bgm\/wp-content\/uploads\/sites\/790\/2023\/07\/airfocus-K_VeavYEfdA-unsplash-1024x683.jpg\" data-credit=\"www.unsplash.com\" alt=\"Frau am Smartboard\" class=\"wp-image-2944 size-full\" srcset=\"https:\/\/www.hsu-hh.de\/bgm\/wp-content\/uploads\/sites\/790\/2023\/07\/airfocus-K_VeavYEfdA-unsplash-1024x683.jpg 1024w, https:\/\/www.hsu-hh.de\/bgm\/wp-content\/uploads\/sites\/790\/2023\/07\/airfocus-K_VeavYEfdA-unsplash-300x200.jpg 300w, https:\/\/www.hsu-hh.de\/bgm\/wp-content\/uploads\/sites\/790\/2023\/07\/airfocus-K_VeavYEfdA-unsplash-768x512.jpg 768w, https:\/\/www.hsu-hh.de\/bgm\/wp-content\/uploads\/sites\/790\/2023\/07\/airfocus-K_VeavYEfdA-unsplash-1536x1024.jpg 1536w, https:\/\/www.hsu-hh.de\/bgm\/wp-content\/uploads\/sites\/790\/2023\/07\/airfocus-K_VeavYEfdA-unsplash-2048x1365.jpg 2048w, https:\/\/www.hsu-hh.de\/bgm\/wp-content\/uploads\/sites\/790\/2023\/07\/airfocus-K_VeavYEfdA-unsplash-1100x733.jpg 1100w\" sizes=\"auto, (max-width: 1024px) 100vw, 1024px\" \/><\/figure><\/div>\n\n\n\n<div class=\"wp-block-media-text alignwide is-stacked-on-mobile\" style=\"grid-template-columns:27% auto\"><figure class=\"wp-block-media-text__media\"><img loading=\"lazy\" decoding=\"async\" width=\"683\" height=\"1024\" src=\"https:\/\/www.hsu-hh.de\/bgm\/wp-content\/uploads\/sites\/790\/2023\/07\/aakanksha-panwar-fsaGOsdNku4-unsplash-683x1024.jpg\" data-credit=\"www.unsplash.com\" alt=\"Maske im Himmel\" class=\"wp-image-2943 size-full\" srcset=\"https:\/\/www.hsu-hh.de\/bgm\/wp-content\/uploads\/sites\/790\/2023\/07\/aakanksha-panwar-fsaGOsdNku4-unsplash-683x1024.jpg 683w, https:\/\/www.hsu-hh.de\/bgm\/wp-content\/uploads\/sites\/790\/2023\/07\/aakanksha-panwar-fsaGOsdNku4-unsplash-200x300.jpg 200w, https:\/\/www.hsu-hh.de\/bgm\/wp-content\/uploads\/sites\/790\/2023\/07\/aakanksha-panwar-fsaGOsdNku4-unsplash-768x1152.jpg 768w, https:\/\/www.hsu-hh.de\/bgm\/wp-content\/uploads\/sites\/790\/2023\/07\/aakanksha-panwar-fsaGOsdNku4-unsplash-1024x1536.jpg 1024w, https:\/\/www.hsu-hh.de\/bgm\/wp-content\/uploads\/sites\/790\/2023\/07\/aakanksha-panwar-fsaGOsdNku4-unsplash-1365x2048.jpg 1365w, https:\/\/www.hsu-hh.de\/bgm\/wp-content\/uploads\/sites\/790\/2023\/07\/aakanksha-panwar-fsaGOsdNku4-unsplash-1100x1650.jpg 1100w, https:\/\/www.hsu-hh.de\/bgm\/wp-content\/uploads\/sites\/790\/2023\/07\/aakanksha-panwar-fsaGOsdNku4-unsplash-scaled.jpg 1707w\" sizes=\"auto, (max-width: 683px) 100vw, 683px\" \/><\/figure><div class=\"wp-block-media-text__content\">\n<p>Tagt\u00e4glichen Corona-Berichterstattung \u2013 was macht das mit uns? Ein paar Lektionen k\u00f6nnen wir mitnehmen aus dieser Zeit. Wenn wir so weitermachen wie zuvor, wenn wir keine Systematik daraus ableiten, dann war es die Opfer nicht wert.<\/p>\n<\/div><\/div>\n\n\n\n<div style=\"height:50px\" aria-hidden=\"true\" class=\"wp-block-spacer\"><\/div>\n\n\n\n<p>*Name eines Albums von H. Gr\u00f6nemeyer, 1996<\/p>\n\n\n\n<p><\/p>\n\n\n\n<p><\/p>\n","protected":false},"excerpt":{"rendered":"<p>Wir danken Oberstleutnant Markus Schlager vom Kommando Sanit\u00e4tsdienst der Bundeswehr f\u00fcr die Bereitstellung seines exemplarischen Beitrags zum &#8222;Kreativen Schreiben&#8220; mit Eindr\u00fccken und Erlebnissen rund um Corona, Nachrichten &amp; Co. Bleibt [&hellip;]<\/p>\n","protected":false},"author":153,"featured_media":0,"parent":0,"menu_order":0,"comment_status":"closed","ping_status":"closed","template":"","meta":{"footnotes":""},"categories":[4],"tags":[],"class_list":["post-2941","page","type-page","status-publish","hentry","category-forschung"],"_links":{"self":[{"href":"https:\/\/www.hsu-hh.de\/bgm\/wp-json\/wp\/v2\/pages\/2941","targetHints":{"allow":["GET"]}}],"collection":[{"href":"https:\/\/www.hsu-hh.de\/bgm\/wp-json\/wp\/v2\/pages"}],"about":[{"href":"https:\/\/www.hsu-hh.de\/bgm\/wp-json\/wp\/v2\/types\/page"}],"author":[{"embeddable":true,"href":"https:\/\/www.hsu-hh.de\/bgm\/wp-json\/wp\/v2\/users\/153"}],"replies":[{"embeddable":true,"href":"https:\/\/www.hsu-hh.de\/bgm\/wp-json\/wp\/v2\/comments?post=2941"}],"version-history":[{"count":1,"href":"https:\/\/www.hsu-hh.de\/bgm\/wp-json\/wp\/v2\/pages\/2941\/revisions"}],"predecessor-version":[{"id":2948,"href":"https:\/\/www.hsu-hh.de\/bgm\/wp-json\/wp\/v2\/pages\/2941\/revisions\/2948"}],"wp:attachment":[{"href":"https:\/\/www.hsu-hh.de\/bgm\/wp-json\/wp\/v2\/media?parent=2941"}],"wp:term":[{"taxonomy":"category","embeddable":true,"href":"https:\/\/www.hsu-hh.de\/bgm\/wp-json\/wp\/v2\/categories?post=2941"},{"taxonomy":"post_tag","embeddable":true,"href":"https:\/\/www.hsu-hh.de\/bgm\/wp-json\/wp\/v2\/tags?post=2941"}],"curies":[{"name":"wp","href":"https:\/\/api.w.org\/{rel}","templated":true}]}}