{"id":2926,"date":"2023-07-14T12:01:58","date_gmt":"2023-07-14T10:01:58","guid":{"rendered":"https:\/\/www.hsu-hh.de\/bgm\/?page_id=2926"},"modified":"2023-07-14T12:05:06","modified_gmt":"2023-07-14T10:05:06","slug":"onlineangebot-koerperwahrnehmung","status":"publish","type":"page","link":"https:\/\/www.hsu-hh.de\/bgm\/onlineangebot-koerperwahrnehmung","title":{"rendered":"Onlineangebot &#8222;K\u00f6rperwahrnehmung&#8220;"},"content":{"rendered":"\n<div style=\"height:50px\" aria-hidden=\"true\" class=\"wp-block-spacer\"><\/div>\n\n\n\n<p class=\"has-text-align-center has-grey-background-color has-background\" style=\"font-size:25px\">Wie geht es Ihnen heute? Wie f\u00fchlt sich Ihr K\u00f6rper an? Wie f\u00fchlen Sie sich in Ihrem K\u00f6rper?<\/p>\n\n\n\n<div style=\"height:60px\" aria-hidden=\"true\" class=\"wp-block-spacer\"><\/div>\n\n\n\n<div class=\"wp-block-media-text alignwide is-stacked-on-mobile\" style=\"grid-template-columns:42% auto\"><figure class=\"wp-block-media-text__media\"><img loading=\"lazy\" decoding=\"async\" width=\"1024\" height=\"683\" src=\"https:\/\/www.hsu-hh.de\/bgm\/wp-content\/uploads\/sites\/790\/2023\/07\/Koerperwahrnehung-unsplash-1024x683.jpg\" data-credit=\"www.unsplash.com\" alt=\"\" class=\"wp-image-2931 size-full\" srcset=\"https:\/\/www.hsu-hh.de\/bgm\/wp-content\/uploads\/sites\/790\/2023\/07\/Koerperwahrnehung-unsplash-1024x683.jpg 1024w, https:\/\/www.hsu-hh.de\/bgm\/wp-content\/uploads\/sites\/790\/2023\/07\/Koerperwahrnehung-unsplash-300x200.jpg 300w, https:\/\/www.hsu-hh.de\/bgm\/wp-content\/uploads\/sites\/790\/2023\/07\/Koerperwahrnehung-unsplash-768x512.jpg 768w, https:\/\/www.hsu-hh.de\/bgm\/wp-content\/uploads\/sites\/790\/2023\/07\/Koerperwahrnehung-unsplash-1536x1024.jpg 1536w, https:\/\/www.hsu-hh.de\/bgm\/wp-content\/uploads\/sites\/790\/2023\/07\/Koerperwahrnehung-unsplash-2048x1365.jpg 2048w, https:\/\/www.hsu-hh.de\/bgm\/wp-content\/uploads\/sites\/790\/2023\/07\/Koerperwahrnehung-unsplash-1100x733.jpg 1100w\" sizes=\"auto, (max-width: 1024px) 100vw, 1024px\" \/><\/figure><div class=\"wp-block-media-text__content\">\n<h3 class=\"has-medium-font-size wp-block-heading\">Was bringen Ihnen \u00dcbungen zur K\u00f6rperwahrnehmung?<\/h3>\n\n\n\n<p class=\"has-grey-background-color has-background has-medium-font-size\">Es ist eine wertvolle F\u00e4higkeit, eine gute K\u00f6rperwahrnehmung zu haben. Je besser Sie Ihren K\u00f6rper wahrnehmen k\u00f6nnen, desto eher merken Sie auch, was Sie brauchen (<abbr title=\"zum Beispiel\">z.B.<\/abbr> Erholung, Ruhe, Schlaf, Bewegung). Je besser Ihre K\u00f6rperwahrnehmung ist, desto eher k\u00f6nnen Sie auch stressbedingte Warnsignale Ihres K\u00f6rpers erkennen und rechtzeitiger Gegenma\u00dfnahmen ergreifen. Dadurch bleiben Sie langfristig leistungsf\u00e4higer und f\u00fchlen sich besser.<\/p>\n<\/div><\/div>\n\n\n\n<div style=\"height:60px\" aria-hidden=\"true\" class=\"wp-block-spacer\"><\/div>\n\n\n\n<p class=\"has-medium-font-size\">Ihr K\u00f6rper &#8222;spricht&#8220; jeden Tag mit Ihnen. H\u00f6ren Sie regelm\u00e4\u00dfig hin, was er Ihnen mitteilt. Nutzen Sie das Potential der K\u00f6rperwahrnehmungsschulung, um achtsamer und aufmerksamer durchs Leben zu gehen.<\/p>\n\n\n\n<div style=\"height:35px\" aria-hidden=\"true\" class=\"wp-block-spacer\"><\/div>\n\n\n\n<p class=\"has-medium-font-size\">Wir danken Oberstleutnant Markus Schlager vom Kommando Sanit\u00e4tsdienst der Bundeswehr f\u00fcr die Bereitstellung der folgenden \u00dcbungen:<\/p>\n\n\n\n<div style=\"height:35px\" aria-hidden=\"true\" class=\"wp-block-spacer\"><\/div>\n\n\n\n<hr class=\"wp-block-separator has-alpha-channel-opacity\" \/>\n\n\n\n<div style=\"height:35px\" aria-hidden=\"true\" class=\"wp-block-spacer\"><\/div>\n\n\n\n<h2 class=\"wp-block-heading\">\u00dcbung 1: Der Springbrunnenball (Audio)<\/h2>\n\n\n\n<p>Dauer: ca. 1 min<\/p>\n\n\n\n<figure class=\"wp-block-audio\"><audio controls src=\"https:\/\/www.hsu-hh.de\/bgm\/wp-content\/uploads\/sites\/790\/2020\/07\/1-Der-Springbrunnenball.m4a\"><\/audio><\/figure>\n\n\n\n<div style=\"height:35px\" aria-hidden=\"true\" class=\"wp-block-spacer\"><\/div>\n\n\n\n<h2 class=\"wp-block-heading\">\u00dcbung 2:&nbsp; Der Akrobat (Audio)<\/h2>\n\n\n\n<p>Dauer: ca. 1 min<\/p>\n\n\n\n<figure class=\"wp-block-audio\"><audio controls src=\"https:\/\/www.hsu-hh.de\/bgm\/wp-content\/uploads\/sites\/790\/2020\/07\/2-Der-Akrobat.m4a\"><\/audio><\/figure>\n\n\n\n<div style=\"height:35px\" aria-hidden=\"true\" class=\"wp-block-spacer\"><\/div>\n\n\n\n<h2 class=\"wp-block-heading\">\u00dcbung 3: Die Kunst des Sitzens (Audio)<\/h2>\n\n\n\n<p>Dauer: ca. 2 min<\/p>\n\n\n\n<figure class=\"wp-block-audio\"><audio controls src=\"https:\/\/www.hsu-hh.de\/bgm\/wp-content\/uploads\/sites\/790\/2020\/07\/3-Die-Kunst-des-Sitzens.m4a\"><\/audio><\/figure>\n\n\n\n<div style=\"height:35px\" aria-hidden=\"true\" class=\"wp-block-spacer\"><\/div>\n\n\n\n<hr class=\"wp-block-separator has-alpha-channel-opacity\" \/>\n\n\n\n<div style=\"height:35px\" aria-hidden=\"true\" class=\"wp-block-spacer\"><\/div>\n\n\n\n<p class=\"has-medium-font-size\"><strong>Problem mit dem Ton?<\/strong><\/p>\n\n\n\n<p class=\"has-medium-font-size\">Wenn Sie die Audio-Dateien von einem Dienstrechner abspielen m\u00f6chten, aber keinen Ton h\u00f6ren, obwohl\u00a0 Ihr Ton angeschaltet ist, nehmen Sie bitte folgende Einstellung vor: 1. \u00d6ffnen Sie die Internetseite \u00fcber den Internet-Explorer. 2. \u00d6ffnen Sie die &#8222;Einstellungen&#8220; (oben rechts in der Ecke das kleine Zahnrad) und dann &#8222;Einstellung der Kompatibilit\u00e4tsansicht&#8220;. 3. F\u00fcgen Sie die hsu-hh.de-Seiten hinzu. 4. Die Audios werden dann \u00fcber den Media-Player ge\u00f6ffnet.<\/p>\n\n\n\n<div style=\"height:35px\" aria-hidden=\"true\" class=\"wp-block-spacer\"><\/div>\n\n\n<div class=\"wp-block-image\">\n<figure class=\"aligncenter size-full\"><img loading=\"lazy\" decoding=\"async\" width=\"310\" height=\"250\" src=\"https:\/\/www.hsu-hh.de\/bgm\/wp-content\/uploads\/sites\/790\/2023\/06\/BGM.png\" data-credit=\"Bundeswehr\" alt=\"BGM-Logo\" class=\"wp-image-2444\" srcset=\"https:\/\/www.hsu-hh.de\/bgm\/wp-content\/uploads\/sites\/790\/2023\/06\/BGM.png 310w, https:\/\/www.hsu-hh.de\/bgm\/wp-content\/uploads\/sites\/790\/2023\/06\/BGM-300x242.png 300w\" sizes=\"auto, (max-width: 310px) 100vw, 310px\" \/><\/figure>\n<\/div>\n\n\n<div style=\"height:35px\" aria-hidden=\"true\" class=\"wp-block-spacer\"><\/div>\n\n\n\n<p class=\"has-medium-font-size\"><strong>Haftungsausschluss<\/strong><\/p>\n\n\n\n<p class=\"has-medium-font-size\">Wichtiger Hinweis vor der Nutzung der Online-Angebote:<\/p>\n\n\n\n<p class=\"has-medium-font-size\">Bei den Online-Angeboten handelt es sich um\u00a0Empfehlungen f\u00fcr Pausenzeiten sowie f\u00fcr die Freizeit! Wenn Sie auf Basis der Empfehlungen zu Hause \u00dcbungen durchf\u00fchren, tun Sie dies also nicht im Rahmen einer dienstlichen Veranstaltung. Eventuelle Verletzungen durch die \u00dcbungen sind somit kein Dienstunfall. Es besteht\u00a0kein Versicherungsschutz\u00a0\u00fcber die Berufsgenossenschaft. Die Videos wurden sorgf\u00e4ltig ausgew\u00e4hlt und auf gesundheitsf\u00f6rdernde Inhalte gepr\u00fcft. F\u00fcr diese Bewegungs- und Stresspr\u00e4ventionsangebote gibt es KEINE professionelle Aufsicht und keine M\u00f6glichkeit f\u00fcr Hinweise\u00a0<abbr title=\"beziehungsweise\">bzw.<\/abbr>\u00a0 Korrekturen durch eine Trainerin oder einen Trainer. Die Durchf\u00fchrung erfolgt auf eigene Gefahr! F\u00fchren Sie die \u00dcbungen nur durch, wenn diesbez\u00fcglich keine gesundheitlichen Bedenken bei Ihnen bestehen.<\/p>\n\n\n\n<div style=\"height:35px\" aria-hidden=\"true\" class=\"wp-block-spacer\"><\/div>\n\n\n\n<p class=\"has-medium-font-size\"><em>Rechtlicher Hinweis: Alle Audio-Dateien auf dieser Seite wurden durch Markus Schlager erstellt.<\/em><\/p>\n","protected":false},"excerpt":{"rendered":"<p>Wie geht es Ihnen heute? Wie f\u00fchlt sich Ihr K\u00f6rper an? Wie f\u00fchlen Sie sich in Ihrem K\u00f6rper? Was bringen Ihnen \u00dcbungen zur K\u00f6rperwahrnehmung? Es ist eine wertvolle F\u00e4higkeit, eine [&hellip;]<\/p>\n","protected":false},"author":153,"featured_media":0,"parent":0,"menu_order":0,"comment_status":"closed","ping_status":"closed","template":"","meta":{"footnotes":""},"categories":[4],"tags":[],"class_list":["post-2926","page","type-page","status-publish","hentry","category-forschung"],"_links":{"self":[{"href":"https:\/\/www.hsu-hh.de\/bgm\/wp-json\/wp\/v2\/pages\/2926","targetHints":{"allow":["GET"]}}],"collection":[{"href":"https:\/\/www.hsu-hh.de\/bgm\/wp-json\/wp\/v2\/pages"}],"about":[{"href":"https:\/\/www.hsu-hh.de\/bgm\/wp-json\/wp\/v2\/types\/page"}],"author":[{"embeddable":true,"href":"https:\/\/www.hsu-hh.de\/bgm\/wp-json\/wp\/v2\/users\/153"}],"replies":[{"embeddable":true,"href":"https:\/\/www.hsu-hh.de\/bgm\/wp-json\/wp\/v2\/comments?post=2926"}],"version-history":[{"count":4,"href":"https:\/\/www.hsu-hh.de\/bgm\/wp-json\/wp\/v2\/pages\/2926\/revisions"}],"predecessor-version":[{"id":2940,"href":"https:\/\/www.hsu-hh.de\/bgm\/wp-json\/wp\/v2\/pages\/2926\/revisions\/2940"}],"wp:attachment":[{"href":"https:\/\/www.hsu-hh.de\/bgm\/wp-json\/wp\/v2\/media?parent=2926"}],"wp:term":[{"taxonomy":"category","embeddable":true,"href":"https:\/\/www.hsu-hh.de\/bgm\/wp-json\/wp\/v2\/categories?post=2926"},{"taxonomy":"post_tag","embeddable":true,"href":"https:\/\/www.hsu-hh.de\/bgm\/wp-json\/wp\/v2\/tags?post=2926"}],"curies":[{"name":"wp","href":"https:\/\/api.w.org\/{rel}","templated":true}]}}