{"id":2917,"date":"2023-07-14T11:35:50","date_gmt":"2023-07-14T09:35:50","guid":{"rendered":"https:\/\/www.hsu-hh.de\/bgm\/?page_id=2917"},"modified":"2023-07-14T13:11:47","modified_gmt":"2023-07-14T11:11:47","slug":"onlineangebot-suchtpraevention","status":"publish","type":"page","link":"https:\/\/www.hsu-hh.de\/bgm\/onlineangebot-suchtpraevention","title":{"rendered":"Onlineangebot &#8222;Suchtpr\u00e4vention&#8220;"},"content":{"rendered":"\n<div style=\"height:50px\" aria-hidden=\"true\" class=\"wp-block-spacer\"><\/div>\n\n\n\n<div class=\"wp-block-media-text alignwide is-stacked-on-mobile\"><figure class=\"wp-block-media-text__media\"><img loading=\"lazy\" decoding=\"async\" width=\"1024\" height=\"682\" src=\"https:\/\/www.hsu-hh.de\/bgm\/wp-content\/uploads\/sites\/790\/2023\/06\/Sucht_Rauchfrei-1024x682.png\" data-credit=\"www.pixabay.com\" alt=\"Rauchfrei\" class=\"wp-image-2498 size-full\" srcset=\"https:\/\/www.hsu-hh.de\/bgm\/wp-content\/uploads\/sites\/790\/2023\/06\/Sucht_Rauchfrei-1024x682.png 1024w, https:\/\/www.hsu-hh.de\/bgm\/wp-content\/uploads\/sites\/790\/2023\/06\/Sucht_Rauchfrei-300x200.png 300w, https:\/\/www.hsu-hh.de\/bgm\/wp-content\/uploads\/sites\/790\/2023\/06\/Sucht_Rauchfrei-768x512.png 768w, https:\/\/www.hsu-hh.de\/bgm\/wp-content\/uploads\/sites\/790\/2023\/06\/Sucht_Rauchfrei-1100x733.png 1100w, https:\/\/www.hsu-hh.de\/bgm\/wp-content\/uploads\/sites\/790\/2023\/06\/Sucht_Rauchfrei.png 1280w\" sizes=\"auto, (max-width: 1024px) 100vw, 1024px\" \/><\/figure><div class=\"wp-block-media-text__content\">\n<p style=\"font-size:25px\"><strong>Ihr Vorteil<\/strong><\/p>\n\n\n\n<p class=\"has-medium-font-size\">Mit den Empfehlungen zur Suchtpr\u00e4vention k\u00f6nnen Sie sich zum Thema Sucht genauer informieren. S\u00fcchte k\u00f6nnen vielf\u00e4ltig sein und der Gesundheit ernsthaft schaden. Erkennen Sie rechtzeitig, welche Suchtgefahr oder Abh\u00e4ngigkeit besteht und befreien Sie sich von dieser &#8222;Fessel&#8220;.<\/p>\n<\/div><\/div>\n\n\n\n<div style=\"height:50px\" aria-hidden=\"true\" class=\"wp-block-spacer\"><\/div>\n\n\n\n<p class=\"has-large-font-size\"><strong>Zu den Empfehlungen:<\/strong><\/p>\n\n\n\n<div style=\"height:33px\" aria-hidden=\"true\" class=\"wp-block-spacer\"><\/div>\n\n\n\n<p class=\"has-grey-background-color has-background has-medium-font-size\">Onlineangebot <a href=\"https:\/\/www.hsu-hh.de\/bgm\/onlineangebot-rauchfrei\" data-type=\"page\" data-id=\"2959\">&#8222;Rauchfrei&#8220;<\/a><\/p>\n\n\n\n<p class=\"has-grey-background-color has-background\">Weitere Online-Empfehlungen zum Thema Suchtpr\u00e4vention folgen!<\/p>\n\n\n\n<div style=\"height:30px\" aria-hidden=\"true\" class=\"wp-block-spacer\"><\/div>\n\n\n\n<hr class=\"wp-block-separator has-alpha-channel-opacity\" \/>\n\n\n\n<div style=\"height:30px\" aria-hidden=\"true\" class=\"wp-block-spacer\"><\/div>\n\n\n\n<p class=\"has-text-align-left has-large-font-size\"><strong>Suchtberatung an der <abbr title=\"Helmut Schmidt Universit\u00e4t\">HSU<\/abbr>\/UniBw H<\/strong><\/p>\n\n\n\n<div style=\"height:30px\" aria-hidden=\"true\" class=\"wp-block-spacer\"><\/div>\n\n\n\n<p style=\"font-size:25px\">Wenn Sie sich dar\u00fcber zum Thema Suchtpr\u00e4vention informieren m\u00f6chten, wenden Sie sich bitte an unsere Ansprechpersonen:<\/p>\n\n\n\n<div style=\"height:30px\" aria-hidden=\"true\" class=\"wp-block-spacer\"><\/div>\n\n\n<script type=\"application\/ld+json\">[{\"@context\": \"https:\/\/www.schema.org\",\"@type\": \"Person\",\"name\": \"Nicolas Hees\",\"worksFor\": [{\t\"@type\": \"Organization\",\t\"name\": \"Helmut-Schmidt-Universit\u00e4t\",\t\"url\": \"https:\/\/www.hsu-hh.de\"\t, \"department\": {\"@type\": \"Organization\",\t\t\t\t\t\"name\": \"Verwaltung\",\t\t\t\t\t\"location\": {\t\t\t\t\t\t\"@type\": \"PostalAddress\",\t\t\t\t\t\t\"addressLocality\": \"\",        \t\t\t\t\"postalCode\": \"22043\",        \t\t\t\t\"streetAddress\": \"Holstenhofweg 85 , Geb\u00e4ude W04\"\t\t\t\t\t}},\t\"location\": {\t\t\"@type\": \"PostalAddress\",    \t\"addressLocality\": \"\",    \t\"postalCode\": \"22008\",    \t\"postOfficeBoxNumber\": \"700822\"\t}   }],\"image\": \"https:\/\/www.hsu-hh.de\/wp-content\/themes\/hsu\/img\/dummy\/dummy_ansprechpartner.png\",\"telephone\": \"+49406541-2581\",\"faxNumber\": \"\",\"email\": \"heesn@hsu-hh.de\"}]<\/script><div class=\"clearfix\"><\/div><div class=\"ansprechparter-container \" style=\"margin-top:1em; \"><div class=\"row ansprechpartner-item ansprechparter-header\" ><div class=\"col-xs-8 col-lg-12\" style=\"margin-bottom: 30px;\"><h3 class=\"ansprechparter-headline\">Nicolas Hees<\/h3><\/div><\/div><div class=\"col-md-4 col-lg-3 col-xs-4 ansprechpartner-item floatright img-circle center-block\" style=\"margin-bottom: 30px;\"><div class=\"img-responsive-wrapper\"><img decoding=\"async\" src=\"\/wp-content\/themes\/hsu\/img\/dummy\/dummy_ansprechpartner.png\" alt=\"Mitarbeiter Symbol-Icon\" class=\"img-circle img-responsive center-block\" \/><\/div><\/div><div class=\"col-md-12 col-lg-3 col-xs-12 ansprechpartner-item kontakt floatright\" style=\"margin-bottom: 30px; \"><div class=\"row\"><div class=\"col-xs-12 col-sm-6 col-lg-12\"><div class=\"row\"><div class=\"col-xs-4 col-lg-4 row-text bold\" >Raum:<\/div><div class=\" row-text\">0036<\/div><\/div><\/div><div class=\"col-xs-12 col-sm-6 col-lg-12\"><div class=\"row\"><div class=\"col-xs-4 col-lg-4 row-text bold\">Telefon:<\/div><div class=\" row-text\">+49406541-2581<\/div><\/div><\/div><div class=\"col-xs-12 col-sm-6 col-lg-12\"><div class=\"row\"><div class=\"col-xs-4 col-lg-4 row-text bold\">E-Mail:<\/div><div class=\"row-text\" style=\"overflow:hidden; word-break: break-word\"><a href=\"mailto:heesn@hsu-hh.de\" rel=\"nofollow\">heesn@hsu-hh.de<\/a><\/div><\/div><\/div><\/div><\/div><div class=\"col-md-6 col-lg-3 col-xs-12 ansprechpartner-item anschrift floatright\" ><div class=\"row-headline\">Besucheranschrift<\/div><div class=\"dataBesucheranschrift\" style=\"\"><div class=\"row-text\">Helmut-Schmidt-Universit\u00e4t<\/div><div class=\"row-text\">Geb\u00e4ude W04<\/div><div class=\"row-text\">Holstenhofweg 85<\/div><div class=\"row-text\">22043 Hamburg<\/div><\/div><\/div><div class=\"col-md-6 col-lg-3 col-xs-12 ansprechpartner-item anschrift floatright\"><div class=\"row-headline\">Postanschrift<\/div><div class=\"dataPostanschrift\" style=\"\"><div class=\"row-text\">Helmut-Schmidt-Universit\u00e4t<\/div><div class=\"row-text\">Verwaltung<\/div><div class=\"row-text\">Postfach 70 08 22<\/div><div class=\"row-text\">22008 Hamburg<\/div><\/div><\/div><\/div><div class=\"clearfix\"><\/div>\n\n<script type=\"application\/ld+json\">[{\"@context\": \"https:\/\/www.schema.org\",\"@type\": \"Person\",\"name\": \"Alla Rudolph\",\"worksFor\": [{\t\"@type\": \"Organization\",\t\"name\": \"Helmut-Schmidt-Universit\u00e4t\",\t\"url\": \"https:\/\/www.hsu-hh.de\"\t, \"department\": {\"@type\": \"Organization\",\t\t\t\t\t\"name\": \"Verwaltung\",\t\t\t\t\t\"location\": {\t\t\t\t\t\t\"@type\": \"PostalAddress\",\t\t\t\t\t\t\"addressLocality\": \"\",        \t\t\t\t\"postalCode\": \"22043\",        \t\t\t\t\"streetAddress\": \"Holstenhofweg 85 , Geb\u00e4ude W04\"\t\t\t\t\t}},\t\"location\": {\t\t\"@type\": \"PostalAddress\",    \t\"addressLocality\": \"\",    \t\"postalCode\": \"22008\",    \t\"postOfficeBoxNumber\": \"700822\"\t}   }],\"image\": \"https:\/\/www.hsu-hh.de\/wp-content\/themes\/hsu\/img\/dummy\/dummy_ansprechpartner.png\",\"telephone\": \"+49406541-2385\",\"faxNumber\": \"\",\"email\": \"rudolpha@hsu-hh.de\"}]<\/script><div class=\"clearfix\"><\/div><div class=\"ansprechparter-container \" style=\"margin-top:1em; \"><div class=\"row ansprechpartner-item ansprechparter-header\" ><div class=\"col-xs-8 col-lg-12\" style=\"margin-bottom: 30px;\"><h3 class=\"ansprechparter-headline\">Alla Rudolph<\/h3><\/div><\/div><div class=\"col-md-4 col-lg-3 col-xs-4 ansprechpartner-item floatright img-circle center-block\" style=\"margin-bottom: 30px;\"><div class=\"img-responsive-wrapper\"><img decoding=\"async\" src=\"\/wp-content\/themes\/hsu\/img\/dummy\/dummy_ansprechpartner.png\" alt=\"Mitarbeiter Symbol-Icon\" class=\"img-circle img-responsive center-block\" \/><\/div><\/div><div class=\"col-md-12 col-lg-3 col-xs-12 ansprechpartner-item kontakt floatright\" style=\"margin-bottom: 30px; \"><div class=\"row\"><div class=\"col-xs-12 col-sm-6 col-lg-12\"><div class=\"row\"><div class=\"col-xs-4 col-lg-4 row-text bold\" >Raum:<\/div><div class=\" row-text\">0037<\/div><\/div><\/div><div class=\"col-xs-12 col-sm-6 col-lg-12\"><div class=\"row\"><div class=\"col-xs-4 col-lg-4 row-text bold\">Telefon:<\/div><div class=\" row-text\">+49406541-2385<\/div><\/div><\/div><div class=\"col-xs-12 col-sm-6 col-lg-12\"><div class=\"row\"><div class=\"col-xs-4 col-lg-4 row-text bold\">E-Mail:<\/div><div class=\"row-text\" style=\"overflow:hidden; word-break: break-word\"><a href=\"mailto:rudolpha@hsu-hh.de\" rel=\"nofollow\">rudolpha@hsu-hh.de<\/a><\/div><\/div><\/div><\/div><\/div><div class=\"col-md-6 col-lg-3 col-xs-12 ansprechpartner-item anschrift floatright\" ><div class=\"row-headline\">Besucheranschrift<\/div><div class=\"dataBesucheranschrift\" style=\"\"><div class=\"row-text\">Helmut-Schmidt-Universit\u00e4t<\/div><div class=\"row-text\">Geb\u00e4ude W04<\/div><div class=\"row-text\">Holstenhofweg 85<\/div><div class=\"row-text\">22043 Hamburg<\/div><\/div><\/div><div class=\"col-md-6 col-lg-3 col-xs-12 ansprechpartner-item anschrift floatright\"><div class=\"row-headline\">Postanschrift<\/div><div class=\"dataPostanschrift\" style=\"\"><div class=\"row-text\">Helmut-Schmidt-Universit\u00e4t<\/div><div class=\"row-text\">Verwaltung<\/div><div class=\"row-text\">Postfach 70 08 22<\/div><div class=\"row-text\">22008 Hamburg<\/div><\/div><\/div><\/div><div class=\"clearfix\"><\/div>\n\n\n<div style=\"height:30px\" aria-hidden=\"true\" class=\"wp-block-spacer\"><\/div>\n\n\n\n<p class=\"has-text-align-center\" style=\"font-size:25px\">Mail: <a href=\"mailto:suchtberatung@hsu-hh.de\" rel='nofollow'>suchtberatung@hsu-hh.de<\/a><\/p>\n\n\n\n<div style=\"height:30px\" aria-hidden=\"true\" class=\"wp-block-spacer\"><\/div>\n\n\n\n<hr class=\"wp-block-separator has-alpha-channel-opacity\" \/>\n\n\n\n<div style=\"height:30px\" aria-hidden=\"true\" class=\"wp-block-spacer\"><\/div>\n\n\n\n<p class=\"has-text-align-center\" style=\"font-size:25px\">Zus\u00e4tzliche Informationen finden Sie <\/p>\n\n\n\n<p class=\"has-text-align-center\" style=\"font-size:25px\"><a href=\"https:\/\/www.hsu-hh.de\/hilfenetz\/\">auf der Seite des Netzwerk der Hilfe<\/a> <\/p>\n\n\n\n<p class=\"has-text-align-center\" style=\"font-size:25px\">und im Intranetportal der <abbr title=\"Helmut Schmidt Universit\u00e4t\">HSU<\/abbr>\/UniBw H.<\/p>\n\n\n\n<div style=\"height:30px\" aria-hidden=\"true\" class=\"wp-block-spacer\"><\/div>\n\n\n\n<hr class=\"wp-block-separator has-alpha-channel-opacity\" \/>\n\n\n\n<div style=\"height:30px\" aria-hidden=\"true\" class=\"wp-block-spacer\"><\/div>\n\n\n\n<p class=\"has-text-align-left has-large-font-size\"><strong>Suchtselbsthilfe Bundeswehr<\/strong><\/p>\n\n\n\n<div style=\"height:30px\" aria-hidden=\"true\" class=\"wp-block-spacer\"><\/div>\n\n\n\n<p>Als weitere M\u00f6glichkeit sich zu informieren oder Hilfe zu erhalten, m\u00f6chten wir hier auf die Suchtselbsthilfe Bundeswehr verweisen. Unter folgendem Link erhalten Sie weitere Informationen:<\/p>\n\n\n\n<p><a href=\"http:\/\/www.suchtselbsthilfe-bundeswehr.de\" data-type=\"URL\" data-id=\"www.suchtselbsthilfe-bundeswehr.de\" rel='nofollow'>www.suchtselbsthilfe-bundeswehr.de<\/a><\/p>\n\n\n\n<p>Die Suchtselbsthilfe Bundeswehr bietet aktiven und ehemaligen Bundeswehrangeh\u00f6rigen und deren Familien\/Angeh\u00f6rigen Hilfe zur Selbsthilfe bei Abh\u00e4ngigkeitsfragen in der Pr\u00e4vention und Intervention durch ausgebildete betriebliche Suchtkrankenhelfende.<\/p>\n\n\n\n<div style=\"height:30px\" aria-hidden=\"true\" class=\"wp-block-spacer\"><\/div>\n\n\n<div class=\"wp-block-image\">\n<figure class=\"aligncenter size-full\"><img loading=\"lazy\" decoding=\"async\" width=\"310\" height=\"250\" src=\"https:\/\/www.hsu-hh.de\/bgm\/wp-content\/uploads\/sites\/790\/2023\/06\/BGM.png\" data-credit=\"Bundeswehr\" alt=\"BGM-Logo\" class=\"wp-image-2444\" srcset=\"https:\/\/www.hsu-hh.de\/bgm\/wp-content\/uploads\/sites\/790\/2023\/06\/BGM.png 310w, https:\/\/www.hsu-hh.de\/bgm\/wp-content\/uploads\/sites\/790\/2023\/06\/BGM-300x242.png 300w\" sizes=\"auto, (max-width: 310px) 100vw, 310px\" \/><\/figure>\n<\/div>\n\n\n<div style=\"height:30px\" aria-hidden=\"true\" class=\"wp-block-spacer\"><\/div>\n\n\n\n<p class=\"has-medium-font-size\"><\/p>\n\n\n\n<p><\/p>\n","protected":false},"excerpt":{"rendered":"<p>Ihr Vorteil Mit den Empfehlungen zur Suchtpr\u00e4vention k\u00f6nnen Sie sich zum Thema Sucht genauer informieren. S\u00fcchte k\u00f6nnen vielf\u00e4ltig sein und der Gesundheit ernsthaft schaden. Erkennen Sie rechtzeitig, welche Suchtgefahr oder [&hellip;]<\/p>\n","protected":false},"author":153,"featured_media":0,"parent":0,"menu_order":0,"comment_status":"closed","ping_status":"closed","template":"","meta":{"footnotes":""},"categories":[4],"tags":[],"class_list":["post-2917","page","type-page","status-publish","hentry","category-forschung"],"_links":{"self":[{"href":"https:\/\/www.hsu-hh.de\/bgm\/wp-json\/wp\/v2\/pages\/2917","targetHints":{"allow":["GET"]}}],"collection":[{"href":"https:\/\/www.hsu-hh.de\/bgm\/wp-json\/wp\/v2\/pages"}],"about":[{"href":"https:\/\/www.hsu-hh.de\/bgm\/wp-json\/wp\/v2\/types\/page"}],"author":[{"embeddable":true,"href":"https:\/\/www.hsu-hh.de\/bgm\/wp-json\/wp\/v2\/users\/153"}],"replies":[{"embeddable":true,"href":"https:\/\/www.hsu-hh.de\/bgm\/wp-json\/wp\/v2\/comments?post=2917"}],"version-history":[{"count":4,"href":"https:\/\/www.hsu-hh.de\/bgm\/wp-json\/wp\/v2\/pages\/2917\/revisions"}],"predecessor-version":[{"id":2964,"href":"https:\/\/www.hsu-hh.de\/bgm\/wp-json\/wp\/v2\/pages\/2917\/revisions\/2964"}],"wp:attachment":[{"href":"https:\/\/www.hsu-hh.de\/bgm\/wp-json\/wp\/v2\/media?parent=2917"}],"wp:term":[{"taxonomy":"category","embeddable":true,"href":"https:\/\/www.hsu-hh.de\/bgm\/wp-json\/wp\/v2\/categories?post=2917"},{"taxonomy":"post_tag","embeddable":true,"href":"https:\/\/www.hsu-hh.de\/bgm\/wp-json\/wp\/v2\/tags?post=2917"}],"curies":[{"name":"wp","href":"https:\/\/api.w.org\/{rel}","templated":true}]}}