{"id":2899,"date":"2023-07-14T11:25:03","date_gmt":"2023-07-14T09:25:03","guid":{"rendered":"https:\/\/www.hsu-hh.de\/bgm\/?page_id=2899"},"modified":"2023-07-14T13:14:56","modified_gmt":"2023-07-14T11:14:56","slug":"onlineangebot-stresspraevention","status":"publish","type":"page","link":"https:\/\/www.hsu-hh.de\/bgm\/onlineangebot-stresspraevention","title":{"rendered":"Onlineangebot &#8222;Stresspr\u00e4vention&#8220;"},"content":{"rendered":"\n<div style=\"height:55px\" aria-hidden=\"true\" class=\"wp-block-spacer\"><\/div>\n\n\n\n<div class=\"wp-block-media-text alignwide is-stacked-on-mobile\"><figure class=\"wp-block-media-text__media\"><img loading=\"lazy\" decoding=\"async\" width=\"1281\" height=\"853\" src=\"https:\/\/www.hsu-hh.de\/bgm\/wp-content\/uploads\/sites\/790\/2020\/04\/Atmung.png\" data-credit=\"PIXABAY: https:\/\/pixabay.com\/photos\/happiness-joy-pure-air-freedom-1866081\/\" alt=\"Stresspr\u00e4vention\" class=\"wp-image-578 size-full\" srcset=\"https:\/\/www.hsu-hh.de\/bgm\/wp-content\/uploads\/sites\/790\/2020\/04\/Atmung.png 1281w, https:\/\/www.hsu-hh.de\/bgm\/wp-content\/uploads\/sites\/790\/2020\/04\/Atmung-300x200.png 300w, https:\/\/www.hsu-hh.de\/bgm\/wp-content\/uploads\/sites\/790\/2020\/04\/Atmung-1024x682.png 1024w, https:\/\/www.hsu-hh.de\/bgm\/wp-content\/uploads\/sites\/790\/2020\/04\/Atmung-768x511.png 768w\" sizes=\"auto, (max-width: 1281px) 100vw, 1281px\" \/><\/figure><div class=\"wp-block-media-text__content\">\n<p style=\"font-size:25px\"><strong>Ihr Vorteil<\/strong><\/p>\n\n\n\n<p class=\"has-medium-font-size\">Mit den Empfehlungen zu der Stresspr\u00e4vention k\u00f6nnen Sie <abbr title=\"zum Beispiel\">z.B.<\/abbr> Ihre mentale Widerstandsf\u00e4higkeit st\u00e4rken, Stress vorbeugen oder reduzieren.<\/p>\n\n\n\n<p class=\"has-medium-font-size\">Die Angebote unterst\u00fctzen, besser zur Ruhe zu kommen und dadurch die Schlafqualit\u00e4t zu verbessern.<\/p>\n<\/div><\/div>\n\n\n\n<div style=\"height:78px\" aria-hidden=\"true\" class=\"wp-block-spacer\"><\/div>\n\n\n\n<hr class=\"wp-block-separator has-alpha-channel-opacity\" \/>\n\n\n\n<div style=\"height:50px\" aria-hidden=\"true\" class=\"wp-block-spacer\"><\/div>\n\n\n\n<p class=\"has-large-font-size\"><strong>Zu den Empfehlungen:<\/strong><\/p>\n\n\n\n<div style=\"height:33px\" aria-hidden=\"true\" class=\"wp-block-spacer\"><\/div>\n\n\n\n<div class=\"wp-block-media-text alignwide has-media-on-the-right is-stacked-on-mobile\" style=\"grid-template-columns:auto 25%\"><div class=\"wp-block-media-text__content\">\n<p style=\"font-size:30px\"><strong>Meditation<\/strong><\/p>\n\n\n\n<p class=\"has-grey-background-color has-background\"><a href=\"https:\/\/www.hsu-hh.de\/bgm\/online-angebote\/stresspraevention\/meditation\">Hier geht es zur Einf\u00fchrung &#8222;Meditation&#8220;.<\/a><\/p>\n\n\n\n<p class=\"has-grey-background-color has-background\"><a href=\"https:\/\/www.hsu-hh.de\/bgm\/online-angebote\/stresspraevention\/meditation\/meditationskurs\">Hier geht es direkt zum Online-Meditationskurs.<\/a><\/p>\n<\/div><figure class=\"wp-block-media-text__media\"><img loading=\"lazy\" decoding=\"async\" width=\"1024\" height=\"681\" src=\"https:\/\/www.hsu-hh.de\/bgm\/wp-content\/uploads\/sites\/790\/2022\/03\/yoga-g85f1f3865_1920-1024x681.jpg\" data-credit=\"www.pixabay.com\" alt=\"Frau beim Yoga\" class=\"wp-image-1888 size-full\" srcset=\"https:\/\/www.hsu-hh.de\/bgm\/wp-content\/uploads\/sites\/790\/2022\/03\/yoga-g85f1f3865_1920-1024x681.jpg 1024w, https:\/\/www.hsu-hh.de\/bgm\/wp-content\/uploads\/sites\/790\/2022\/03\/yoga-g85f1f3865_1920-300x200.jpg 300w, https:\/\/www.hsu-hh.de\/bgm\/wp-content\/uploads\/sites\/790\/2022\/03\/yoga-g85f1f3865_1920-768x511.jpg 768w, https:\/\/www.hsu-hh.de\/bgm\/wp-content\/uploads\/sites\/790\/2022\/03\/yoga-g85f1f3865_1920-1536x1022.jpg 1536w, https:\/\/www.hsu-hh.de\/bgm\/wp-content\/uploads\/sites\/790\/2022\/03\/yoga-g85f1f3865_1920-1100x732.jpg 1100w, https:\/\/www.hsu-hh.de\/bgm\/wp-content\/uploads\/sites\/790\/2022\/03\/yoga-g85f1f3865_1920.jpg 1920w\" sizes=\"auto, (max-width: 1024px) 100vw, 1024px\" \/><\/figure><\/div>\n\n\n\n<div style=\"height:45px\" aria-hidden=\"true\" class=\"wp-block-spacer\"><\/div>\n\n\n\n<div class=\"wp-block-media-text alignwide has-media-on-the-right is-stacked-on-mobile\" style=\"grid-template-columns:auto 25%\"><div class=\"wp-block-media-text__content\">\n<p style=\"font-size:30px\"><strong>K\u00f6rperwahrnehmung<\/strong><\/p>\n\n\n\n<p class=\"has-grey-background-color has-background\"><a href=\"https:\/\/www.hsu-hh.de\/bgm\/onlineangebot-koerperwahrnehmung\" data-type=\"page\" data-id=\"2926\">Hier geht es zu den \u00dcbungen zur K\u00f6rperwahrnehmung.<\/a><\/p>\n<\/div><figure class=\"wp-block-media-text__media\"><img loading=\"lazy\" decoding=\"async\" width=\"1024\" height=\"683\" src=\"https:\/\/www.hsu-hh.de\/bgm\/wp-content\/uploads\/sites\/790\/2023\/07\/Koerperwahrnehung-unsplash-1024x683.jpg\" data-credit=\"www.unsplash.com\" alt=\"\" class=\"wp-image-2931 size-full\" srcset=\"https:\/\/www.hsu-hh.de\/bgm\/wp-content\/uploads\/sites\/790\/2023\/07\/Koerperwahrnehung-unsplash-1024x683.jpg 1024w, https:\/\/www.hsu-hh.de\/bgm\/wp-content\/uploads\/sites\/790\/2023\/07\/Koerperwahrnehung-unsplash-300x200.jpg 300w, https:\/\/www.hsu-hh.de\/bgm\/wp-content\/uploads\/sites\/790\/2023\/07\/Koerperwahrnehung-unsplash-768x512.jpg 768w, https:\/\/www.hsu-hh.de\/bgm\/wp-content\/uploads\/sites\/790\/2023\/07\/Koerperwahrnehung-unsplash-1536x1024.jpg 1536w, https:\/\/www.hsu-hh.de\/bgm\/wp-content\/uploads\/sites\/790\/2023\/07\/Koerperwahrnehung-unsplash-2048x1365.jpg 2048w, https:\/\/www.hsu-hh.de\/bgm\/wp-content\/uploads\/sites\/790\/2023\/07\/Koerperwahrnehung-unsplash-1100x733.jpg 1100w\" sizes=\"auto, (max-width: 1024px) 100vw, 1024px\" \/><\/figure><\/div>\n\n\n\n<div style=\"height:45px\" aria-hidden=\"true\" class=\"wp-block-spacer\"><\/div>\n\n\n\n<div class=\"wp-block-media-text alignwide has-media-on-the-right is-stacked-on-mobile\" style=\"grid-template-columns:auto 25%\"><div class=\"wp-block-media-text__content\">\n<p style=\"font-size:30px\"><strong>Kreativit\u00e4t<\/strong><\/p>\n\n\n\n<p class=\"has-grey-background-color has-background\"><a href=\"https:\/\/www.hsu-hh.de\/bgm\/onlineangebot-kreativitaet\" data-type=\"page\" data-id=\"2950\">Hier geht es Rubrik &#8222;Kreativit\u00e4t&#8220;.<\/a><\/p>\n<\/div><figure class=\"wp-block-media-text__media\"><img loading=\"lazy\" decoding=\"async\" width=\"1024\" height=\"768\" src=\"https:\/\/www.hsu-hh.de\/bgm\/wp-content\/uploads\/sites\/790\/2023\/01\/pixabay_mandala-1024x768.jpg\" data-credit=\"www.pixabay.com\" alt=\"\" class=\"wp-image-2218 size-full\" srcset=\"https:\/\/www.hsu-hh.de\/bgm\/wp-content\/uploads\/sites\/790\/2023\/01\/pixabay_mandala-1024x768.jpg 1024w, https:\/\/www.hsu-hh.de\/bgm\/wp-content\/uploads\/sites\/790\/2023\/01\/pixabay_mandala-300x225.jpg 300w, https:\/\/www.hsu-hh.de\/bgm\/wp-content\/uploads\/sites\/790\/2023\/01\/pixabay_mandala-768x576.jpg 768w, https:\/\/www.hsu-hh.de\/bgm\/wp-content\/uploads\/sites\/790\/2023\/01\/pixabay_mandala-1536x1152.jpg 1536w, https:\/\/www.hsu-hh.de\/bgm\/wp-content\/uploads\/sites\/790\/2023\/01\/pixabay_mandala-1100x825.jpg 1100w, https:\/\/www.hsu-hh.de\/bgm\/wp-content\/uploads\/sites\/790\/2023\/01\/pixabay_mandala.jpg 1920w\" sizes=\"auto, (max-width: 1024px) 100vw, 1024px\" \/><\/figure><\/div>\n\n\n\n<div style=\"height:45px\" aria-hidden=\"true\" class=\"wp-block-spacer\"><\/div>\n\n\n\n<div class=\"wp-block-media-text alignwide has-media-on-the-right is-stacked-on-mobile\" style=\"grid-template-columns:auto 25%\"><div class=\"wp-block-media-text__content\">\n<p style=\"font-size:30px\"><strong>Entspannung<\/strong><\/p>\n\n\n\n<p class=\"has-grey-background-color has-background\">Angebot folgt!<\/p>\n<\/div><figure class=\"wp-block-media-text__media\"><img loading=\"lazy\" decoding=\"async\" width=\"1024\" height=\"681\" src=\"https:\/\/www.hsu-hh.de\/bgm\/wp-content\/uploads\/sites\/790\/2022\/03\/yoga-g85f1f3865_1920-1024x681.jpg\" data-credit=\"www.pixabay.com\" alt=\"Frau beim Yoga\" class=\"wp-image-1888 size-full\" srcset=\"https:\/\/www.hsu-hh.de\/bgm\/wp-content\/uploads\/sites\/790\/2022\/03\/yoga-g85f1f3865_1920-1024x681.jpg 1024w, https:\/\/www.hsu-hh.de\/bgm\/wp-content\/uploads\/sites\/790\/2022\/03\/yoga-g85f1f3865_1920-300x200.jpg 300w, https:\/\/www.hsu-hh.de\/bgm\/wp-content\/uploads\/sites\/790\/2022\/03\/yoga-g85f1f3865_1920-768x511.jpg 768w, https:\/\/www.hsu-hh.de\/bgm\/wp-content\/uploads\/sites\/790\/2022\/03\/yoga-g85f1f3865_1920-1536x1022.jpg 1536w, https:\/\/www.hsu-hh.de\/bgm\/wp-content\/uploads\/sites\/790\/2022\/03\/yoga-g85f1f3865_1920-1100x732.jpg 1100w, https:\/\/www.hsu-hh.de\/bgm\/wp-content\/uploads\/sites\/790\/2022\/03\/yoga-g85f1f3865_1920.jpg 1920w\" sizes=\"auto, (max-width: 1024px) 100vw, 1024px\" \/><\/figure><\/div>\n\n\n\n<div style=\"height:45px\" aria-hidden=\"true\" class=\"wp-block-spacer\"><\/div>\n\n\n\n<div class=\"wp-block-media-text alignwide has-media-on-the-right is-stacked-on-mobile\" style=\"grid-template-columns:auto 25%\"><div class=\"wp-block-media-text__content\">\n<p style=\"font-size:30px\"><strong>Achtsamkeit<\/strong><\/p>\n\n\n\n<p class=\"has-grey-background-color has-background\">Angebot folgt!<\/p>\n<\/div><figure class=\"wp-block-media-text__media\"><img loading=\"lazy\" decoding=\"async\" width=\"1024\" height=\"682\" src=\"https:\/\/www.hsu-hh.de\/bgm\/wp-content\/uploads\/sites\/790\/2023\/05\/Koerperwahrnehmung-1024x682.jpg\" data-credit=\"www.pixabay.com\" alt=\"\" class=\"wp-image-2350 size-full\" srcset=\"https:\/\/www.hsu-hh.de\/bgm\/wp-content\/uploads\/sites\/790\/2023\/05\/Koerperwahrnehmung-1024x682.jpg 1024w, https:\/\/www.hsu-hh.de\/bgm\/wp-content\/uploads\/sites\/790\/2023\/05\/Koerperwahrnehmung-300x200.jpg 300w, https:\/\/www.hsu-hh.de\/bgm\/wp-content\/uploads\/sites\/790\/2023\/05\/Koerperwahrnehmung-768x512.jpg 768w, https:\/\/www.hsu-hh.de\/bgm\/wp-content\/uploads\/sites\/790\/2023\/05\/Koerperwahrnehmung-1100x733.jpg 1100w, https:\/\/www.hsu-hh.de\/bgm\/wp-content\/uploads\/sites\/790\/2023\/05\/Koerperwahrnehmung.jpg 1280w\" sizes=\"auto, (max-width: 1024px) 100vw, 1024px\" \/><\/figure><\/div>\n\n\n\n<div style=\"height:30px\" aria-hidden=\"true\" class=\"wp-block-spacer\"><\/div>\n\n\n<div class=\"wp-block-image\">\n<figure class=\"aligncenter size-full\"><img loading=\"lazy\" decoding=\"async\" width=\"310\" height=\"250\" src=\"https:\/\/www.hsu-hh.de\/bgm\/wp-content\/uploads\/sites\/790\/2023\/06\/BGM.png\" data-credit=\"Bundeswehr\" alt=\"BGM-Logo\" class=\"wp-image-2444\" srcset=\"https:\/\/www.hsu-hh.de\/bgm\/wp-content\/uploads\/sites\/790\/2023\/06\/BGM.png 310w, https:\/\/www.hsu-hh.de\/bgm\/wp-content\/uploads\/sites\/790\/2023\/06\/BGM-300x242.png 300w\" sizes=\"auto, (max-width: 310px) 100vw, 310px\" \/><\/figure>\n<\/div>\n\n\n<div style=\"height:30px\" aria-hidden=\"true\" class=\"wp-block-spacer\"><\/div>\n\n\n\n<p class=\"has-medium-font-size\"><strong>Wichtiger Hinweis vor der Nutzung der Online-Gesundheitsempfehlungen:<\/strong><\/p>\n\n\n\n<p class=\"has-medium-font-size\">Bei den Online-Gesundheitsempfehlungen handelt es sich um Empfehlungen f\u00fcr Pausenzeiten sowie f\u00fcr die Freizeit! Wenn Sie auf Basis der Empfehlungen zu Hause \u00dcbungen durchf\u00fchren, tun Sie dies also nicht im Rahmen einer dienstlichen Veranstaltung. Eventuelle Verletzungen durch die \u00dcbungen sind somit kein Dienstunfall. Es besteht kein Versicherungsschutz \u00fcber die Berufsgenossenschaft. Die Videos wurden sorgf\u00e4ltig ausgew\u00e4hlt und auf gesundheitsf\u00f6rdernde Inhalte gepr\u00fcft. F\u00fcr diese Bewegungs- und Stresspr\u00e4ventionsangebote gibt es KEINE professionelle Aufsicht und keine M\u00f6glichkeit f\u00fcr Hinweise <abbr title=\"beziehungsweise\">bzw.<\/abbr>&nbsp; Korrekturen durch eine Trainerin oder einen Trainer. Die Durchf\u00fchrung erfolgt auf eigene Gefahr! F\u00fchren Sie die \u00dcbungen nur durch, wenn diesbez\u00fcglich keine gesundheitlichen Bedenken bei Ihnen bestehen.<\/p>\n\n\n\n<p><\/p>\n","protected":false},"excerpt":{"rendered":"<p>Ihr Vorteil Mit den Empfehlungen zu der Stresspr\u00e4vention k\u00f6nnen Sie z.B. Ihre mentale Widerstandsf\u00e4higkeit st\u00e4rken, Stress vorbeugen oder reduzieren. Die Angebote unterst\u00fctzen, besser zur Ruhe zu kommen und dadurch die [&hellip;]<\/p>\n","protected":false},"author":153,"featured_media":0,"parent":0,"menu_order":0,"comment_status":"closed","ping_status":"closed","template":"","meta":{"footnotes":""},"categories":[4],"tags":[],"class_list":["post-2899","page","type-page","status-publish","hentry","category-forschung"],"_links":{"self":[{"href":"https:\/\/www.hsu-hh.de\/bgm\/wp-json\/wp\/v2\/pages\/2899","targetHints":{"allow":["GET"]}}],"collection":[{"href":"https:\/\/www.hsu-hh.de\/bgm\/wp-json\/wp\/v2\/pages"}],"about":[{"href":"https:\/\/www.hsu-hh.de\/bgm\/wp-json\/wp\/v2\/types\/page"}],"author":[{"embeddable":true,"href":"https:\/\/www.hsu-hh.de\/bgm\/wp-json\/wp\/v2\/users\/153"}],"replies":[{"embeddable":true,"href":"https:\/\/www.hsu-hh.de\/bgm\/wp-json\/wp\/v2\/comments?post=2899"}],"version-history":[{"count":8,"href":"https:\/\/www.hsu-hh.de\/bgm\/wp-json\/wp\/v2\/pages\/2899\/revisions"}],"predecessor-version":[{"id":2968,"href":"https:\/\/www.hsu-hh.de\/bgm\/wp-json\/wp\/v2\/pages\/2899\/revisions\/2968"}],"wp:attachment":[{"href":"https:\/\/www.hsu-hh.de\/bgm\/wp-json\/wp\/v2\/media?parent=2899"}],"wp:term":[{"taxonomy":"category","embeddable":true,"href":"https:\/\/www.hsu-hh.de\/bgm\/wp-json\/wp\/v2\/categories?post=2899"},{"taxonomy":"post_tag","embeddable":true,"href":"https:\/\/www.hsu-hh.de\/bgm\/wp-json\/wp\/v2\/tags?post=2899"}],"curies":[{"name":"wp","href":"https:\/\/api.w.org\/{rel}","templated":true}]}}