{"id":2896,"date":"2023-07-14T11:23:09","date_gmt":"2023-07-14T09:23:09","guid":{"rendered":"https:\/\/www.hsu-hh.de\/bgm\/?page_id=2896"},"modified":"2023-07-14T13:14:03","modified_gmt":"2023-07-14T11:14:03","slug":"onlineangebot-ernaehrung","status":"publish","type":"page","link":"https:\/\/www.hsu-hh.de\/bgm\/onlineangebot-ernaehrung","title":{"rendered":"Onlineangebot &#8222;Ern\u00e4hrung&#8220;"},"content":{"rendered":"\n<div style=\"height:55px\" aria-hidden=\"true\" class=\"wp-block-spacer\"><\/div>\n\n\n\n<div class=\"wp-block-media-text alignwide is-stacked-on-mobile\"><figure class=\"wp-block-media-text__media\"><img loading=\"lazy\" decoding=\"async\" width=\"1024\" height=\"676\" src=\"https:\/\/www.hsu-hh.de\/bgm\/wp-content\/uploads\/sites\/790\/2023\/07\/Ernaehrung-1024x676.png\" data-credit=\"www.pixabay.com\" alt=\"Ern\u00e4hrung\" class=\"wp-image-2875 size-full\" srcset=\"https:\/\/www.hsu-hh.de\/bgm\/wp-content\/uploads\/sites\/790\/2023\/07\/Ernaehrung-1024x676.png 1024w, https:\/\/www.hsu-hh.de\/bgm\/wp-content\/uploads\/sites\/790\/2023\/07\/Ernaehrung-300x198.png 300w, https:\/\/www.hsu-hh.de\/bgm\/wp-content\/uploads\/sites\/790\/2023\/07\/Ernaehrung-768x507.png 768w, https:\/\/www.hsu-hh.de\/bgm\/wp-content\/uploads\/sites\/790\/2023\/07\/Ernaehrung-1100x726.png 1100w, https:\/\/www.hsu-hh.de\/bgm\/wp-content\/uploads\/sites\/790\/2023\/07\/Ernaehrung.png 1280w\" sizes=\"auto, (max-width: 1024px) 100vw, 1024px\" \/><\/figure><div class=\"wp-block-media-text__content\">\n<h2 class=\"wp-block-heading\" style=\"font-size:30px\"><strong>Ihr Vorteil<\/strong><\/h2>\n\n\n\n<p class=\"has-medium-font-size\">Mit den Empfehlungen zu dem Thema Ern\u00e4hrung k\u00f6nnen Sie sich <abbr title=\"zum Beispiel\">z.B.<\/abbr> zu gesundem Essverhalten, Essgewohnheiten und dem Effekt von gesunder Ern\u00e4hrung auf Ihren K\u00f6rper informieren.<\/p>\n<\/div><\/div>\n\n\n\n<div style=\"height:50px\" aria-hidden=\"true\" class=\"wp-block-spacer\"><\/div>\n\n\n\n<p class=\"has-large-font-size\"><strong>Zu den Empfehlungen:<\/strong><\/p>\n\n\n\n<div style=\"height:33px\" aria-hidden=\"true\" class=\"wp-block-spacer\"><\/div>\n\n\n\n<div class=\"wp-block-media-text alignwide has-media-on-the-right is-stacked-on-mobile\" style=\"grid-template-columns:auto 20%\"><div class=\"wp-block-media-text__content\">\n<p class=\"has-grey-background-color has-background has-medium-font-size\"><strong>\u201eUnser Hirn ist, was es isst\u201c | <a href=\"https:\/\/www.youtube.com\/watch?v=qtdeMQnD_wo\" data-type=\"URL\" data-id=\"https:\/\/www.youtube.com\/watch?v=qtdeMQnD_wo\" rel='nofollow'>Reportage<\/a> | 52 Minuten <strong>|<\/strong><\/strong> <strong>ARTE<\/strong><\/p>\n<\/div><figure class=\"wp-block-media-text__media\"><img loading=\"lazy\" decoding=\"async\" width=\"1024\" height=\"683\" src=\"https:\/\/www.hsu-hh.de\/bgm\/wp-content\/uploads\/sites\/790\/2023\/07\/milad-fakurian-58Z17lnVS4U-unsplash-scaled-e1689243342275-1024x683.jpg\" data-credit=\"www.unsplash.com\" alt=\"Gehirn\" class=\"wp-image-2878 size-full\" srcset=\"https:\/\/www.hsu-hh.de\/bgm\/wp-content\/uploads\/sites\/790\/2023\/07\/milad-fakurian-58Z17lnVS4U-unsplash-scaled-e1689243342275-1024x683.jpg 1024w, https:\/\/www.hsu-hh.de\/bgm\/wp-content\/uploads\/sites\/790\/2023\/07\/milad-fakurian-58Z17lnVS4U-unsplash-scaled-e1689243342275-300x200.jpg 300w, https:\/\/www.hsu-hh.de\/bgm\/wp-content\/uploads\/sites\/790\/2023\/07\/milad-fakurian-58Z17lnVS4U-unsplash-scaled-e1689243342275-768x512.jpg 768w, https:\/\/www.hsu-hh.de\/bgm\/wp-content\/uploads\/sites\/790\/2023\/07\/milad-fakurian-58Z17lnVS4U-unsplash-scaled-e1689243342275-1536x1024.jpg 1536w, https:\/\/www.hsu-hh.de\/bgm\/wp-content\/uploads\/sites\/790\/2023\/07\/milad-fakurian-58Z17lnVS4U-unsplash-scaled-e1689243342275-1100x734.jpg 1100w, https:\/\/www.hsu-hh.de\/bgm\/wp-content\/uploads\/sites\/790\/2023\/07\/milad-fakurian-58Z17lnVS4U-unsplash-scaled-e1689243342275.jpg 1804w\" sizes=\"auto, (max-width: 1024px) 100vw, 1024px\" \/><\/figure><\/div>\n\n\n\n<div class=\"wp-block-media-text alignwide has-media-on-the-right is-stacked-on-mobile\" style=\"grid-template-columns:auto 20%\"><div class=\"wp-block-media-text__content\">\n<p class=\"has-grey-background-color has-background has-medium-font-size\"><strong>Hier geht es zum <a href=\"https:\/\/www.hsu-hh.de\/bgm\/onlineangebot-ernaehrungsguide\" data-type=\"page\" data-id=\"2846\">Ern\u00e4hrungsguide<\/a><\/strong>!<\/p>\n<\/div><figure class=\"wp-block-media-text__media\"><img loading=\"lazy\" decoding=\"async\" width=\"750\" height=\"450\" src=\"https:\/\/www.hsu-hh.de\/bgm\/wp-content\/uploads\/sites\/790\/2023\/07\/Planer.png\" data-credit=\"www.pixabay.com\" alt=\"Planer\" class=\"wp-image-2879 size-full\" srcset=\"https:\/\/www.hsu-hh.de\/bgm\/wp-content\/uploads\/sites\/790\/2023\/07\/Planer.png 750w, https:\/\/www.hsu-hh.de\/bgm\/wp-content\/uploads\/sites\/790\/2023\/07\/Planer-300x180.png 300w\" sizes=\"auto, (max-width: 750px) 100vw, 750px\" \/><\/figure><\/div>\n\n\n\n<div class=\"wp-block-media-text alignwide has-media-on-the-right is-stacked-on-mobile\" style=\"grid-template-columns:auto 20%\"><div class=\"wp-block-media-text__content\">\n<p class=\"has-grey-background-color has-background has-medium-font-size\"><strong>Gesunde <a href=\"https:\/\/www.hsu-hh.de\/bgm\/rezepte\" data-type=\"page\" data-id=\"2326\">Rezepte<\/a> f\u00fcr zuhause!<\/strong><\/p>\n<\/div><figure class=\"wp-block-media-text__media\"><img loading=\"lazy\" decoding=\"async\" width=\"1024\" height=\"666\" src=\"https:\/\/www.hsu-hh.de\/bgm\/wp-content\/uploads\/sites\/790\/2023\/06\/katie-smith-uQs1802D0CQ-unsplash-e1688042900408-1024x666.jpg\" data-credit=\"www.unsplash.com\" alt=\"Holzbrett mit Zutaten\" class=\"wp-image-2500 size-full\" srcset=\"https:\/\/www.hsu-hh.de\/bgm\/wp-content\/uploads\/sites\/790\/2023\/06\/katie-smith-uQs1802D0CQ-unsplash-e1688042900408-1024x666.jpg 1024w, https:\/\/www.hsu-hh.de\/bgm\/wp-content\/uploads\/sites\/790\/2023\/06\/katie-smith-uQs1802D0CQ-unsplash-e1688042900408-300x195.jpg 300w, https:\/\/www.hsu-hh.de\/bgm\/wp-content\/uploads\/sites\/790\/2023\/06\/katie-smith-uQs1802D0CQ-unsplash-e1688042900408-768x499.jpg 768w, https:\/\/www.hsu-hh.de\/bgm\/wp-content\/uploads\/sites\/790\/2023\/06\/katie-smith-uQs1802D0CQ-unsplash-e1688042900408-1536x998.jpg 1536w, https:\/\/www.hsu-hh.de\/bgm\/wp-content\/uploads\/sites\/790\/2023\/06\/katie-smith-uQs1802D0CQ-unsplash-e1688042900408-2048x1331.jpg 2048w, https:\/\/www.hsu-hh.de\/bgm\/wp-content\/uploads\/sites\/790\/2023\/06\/katie-smith-uQs1802D0CQ-unsplash-e1688042900408-1100x715.jpg 1100w\" sizes=\"auto, (max-width: 1024px) 100vw, 1024px\" \/><\/figure><\/div>\n\n\n\n<div style=\"height:69px\" aria-hidden=\"true\" class=\"wp-block-spacer\"><\/div>\n\n\n<div class=\"wp-block-image\">\n<figure class=\"aligncenter size-full is-resized\"><img loading=\"lazy\" decoding=\"async\" src=\"https:\/\/www.hsu-hh.de\/bgm\/wp-content\/uploads\/sites\/790\/2023\/06\/BGM.png\" data-credit=\"Bundeswehr\" alt=\"BGM-Logo\" class=\"wp-image-2444\" width=\"257\" height=\"207\" srcset=\"https:\/\/www.hsu-hh.de\/bgm\/wp-content\/uploads\/sites\/790\/2023\/06\/BGM.png 310w, https:\/\/www.hsu-hh.de\/bgm\/wp-content\/uploads\/sites\/790\/2023\/06\/BGM-300x242.png 300w\" sizes=\"auto, (max-width: 257px) 100vw, 257px\" \/><\/figure>\n<\/div>","protected":false},"excerpt":{"rendered":"<p>Ihr Vorteil Mit den Empfehlungen zu dem Thema Ern\u00e4hrung k\u00f6nnen Sie sich z.B. zu gesundem Essverhalten, Essgewohnheiten und dem Effekt von gesunder Ern\u00e4hrung auf Ihren K\u00f6rper informieren. Zu den Empfehlungen: [&hellip;]<\/p>\n","protected":false},"author":153,"featured_media":0,"parent":0,"menu_order":0,"comment_status":"closed","ping_status":"closed","template":"","meta":{"footnotes":""},"categories":[4],"tags":[],"class_list":["post-2896","page","type-page","status-publish","hentry","category-forschung"],"_links":{"self":[{"href":"https:\/\/www.hsu-hh.de\/bgm\/wp-json\/wp\/v2\/pages\/2896","targetHints":{"allow":["GET"]}}],"collection":[{"href":"https:\/\/www.hsu-hh.de\/bgm\/wp-json\/wp\/v2\/pages"}],"about":[{"href":"https:\/\/www.hsu-hh.de\/bgm\/wp-json\/wp\/v2\/types\/page"}],"author":[{"embeddable":true,"href":"https:\/\/www.hsu-hh.de\/bgm\/wp-json\/wp\/v2\/users\/153"}],"replies":[{"embeddable":true,"href":"https:\/\/www.hsu-hh.de\/bgm\/wp-json\/wp\/v2\/comments?post=2896"}],"version-history":[{"count":8,"href":"https:\/\/www.hsu-hh.de\/bgm\/wp-json\/wp\/v2\/pages\/2896\/revisions"}],"predecessor-version":[{"id":2967,"href":"https:\/\/www.hsu-hh.de\/bgm\/wp-json\/wp\/v2\/pages\/2896\/revisions\/2967"}],"wp:attachment":[{"href":"https:\/\/www.hsu-hh.de\/bgm\/wp-json\/wp\/v2\/media?parent=2896"}],"wp:term":[{"taxonomy":"category","embeddable":true,"href":"https:\/\/www.hsu-hh.de\/bgm\/wp-json\/wp\/v2\/categories?post=2896"},{"taxonomy":"post_tag","embeddable":true,"href":"https:\/\/www.hsu-hh.de\/bgm\/wp-json\/wp\/v2\/tags?post=2896"}],"curies":[{"name":"wp","href":"https:\/\/api.w.org\/{rel}","templated":true}]}}