{"id":2892,"date":"2023-07-14T11:19:42","date_gmt":"2023-07-14T09:19:42","guid":{"rendered":"https:\/\/www.hsu-hh.de\/bgm\/?page_id=2892"},"modified":"2023-07-14T13:17:24","modified_gmt":"2023-07-14T11:17:24","slug":"onlineangebot-bewegung","status":"publish","type":"page","link":"https:\/\/www.hsu-hh.de\/bgm\/onlineangebot-bewegung","title":{"rendered":"Onlineangebot &#8222;Bewegung&#8220;"},"content":{"rendered":"\n<div style=\"height:55px\" aria-hidden=\"true\" class=\"wp-block-spacer\"><\/div>\n\n\n\n<div class=\"wp-block-media-text alignwide is-stacked-on-mobile\"><figure class=\"wp-block-media-text__media\"><img loading=\"lazy\" decoding=\"async\" width=\"1024\" height=\"683\" src=\"https:\/\/www.hsu-hh.de\/bgm\/wp-content\/uploads\/sites\/790\/2023\/06\/pexels-karolina-grabowska-4498606-1024x683.jpg\" data-credit=\"www.pexels.com\" alt=\"Sportequipment\" class=\"wp-image-2446 size-full\" srcset=\"https:\/\/www.hsu-hh.de\/bgm\/wp-content\/uploads\/sites\/790\/2023\/06\/pexels-karolina-grabowska-4498606-1024x683.jpg 1024w, https:\/\/www.hsu-hh.de\/bgm\/wp-content\/uploads\/sites\/790\/2023\/06\/pexels-karolina-grabowska-4498606-300x200.jpg 300w, https:\/\/www.hsu-hh.de\/bgm\/wp-content\/uploads\/sites\/790\/2023\/06\/pexels-karolina-grabowska-4498606-768x512.jpg 768w, https:\/\/www.hsu-hh.de\/bgm\/wp-content\/uploads\/sites\/790\/2023\/06\/pexels-karolina-grabowska-4498606-1536x1024.jpg 1536w, https:\/\/www.hsu-hh.de\/bgm\/wp-content\/uploads\/sites\/790\/2023\/06\/pexels-karolina-grabowska-4498606-2048x1365.jpg 2048w, https:\/\/www.hsu-hh.de\/bgm\/wp-content\/uploads\/sites\/790\/2023\/06\/pexels-karolina-grabowska-4498606-1100x733.jpg 1100w\" sizes=\"auto, (max-width: 1024px) 100vw, 1024px\" \/><\/figure><div class=\"wp-block-media-text__content\">\n<p style=\"font-size:25px\"><strong>Ihr Vorteil<\/strong><\/p>\n\n\n\n<p class=\"has-medium-font-size\">Mit den Empfehlungen zu den Bewegungsangeboten k\u00f6nnen Sie einen Ausgleich zur sitzenden T\u00e4tigkeit schaffen. Die \u00dcbungen helfen <abbr title=\"zum Beispiel\">z.B.<\/abbr> Verspannungen und R\u00fcckenbeschwerden vorzubeugen, die Muskulatur zu kr\u00e4ftigen und das allgemeine Wohlbefinden zu verbessern.<\/p>\n<\/div><\/div>\n\n\n\n<div style=\"height:50px\" aria-hidden=\"true\" class=\"wp-block-spacer\"><\/div>\n\n\n\n<p class=\"has-large-font-size\"><strong>Zu den Empfehlungen:<\/strong><\/p>\n\n\n\n<div style=\"height:33px\" aria-hidden=\"true\" class=\"wp-block-spacer\"><\/div>\n\n\n\n<p class=\"has-grey-background-color has-background\"><a href=\"https:\/\/www.hsu-hh.de\/bgm\/onlineangebot-ganzkoerpertraining\" data-type=\"page\" data-id=\"2834\">Leichtes Ganzk\u00f6rpertraining<\/a><\/p>\n\n\n\n<p class=\"has-grey-background-color has-background\"><a href=\"https:\/\/www.hsu-hh.de\/bgm\/onlineangebot-aktive-pause\" data-type=\"page\" data-id=\"2820\">Aktive Pause<\/a><\/p>\n\n\n\n<p class=\"has-grey-background-color has-background\"><a href=\"https:\/\/www.hsu-hh.de\/bgm\/military-fitness\" data-type=\"page\" data-id=\"2725\">Military Fitness<\/a><\/p>\n\n\n\n<p class=\"has-grey-background-color has-background\"><a href=\"https:\/\/www.hsu-hh.de\/bgm\/online-angebote\/bewegung__trashed\/yoga\" data-type=\"page\" data-id=\"739\">Yoga<\/a><\/p>\n\n\n\n<p class=\"has-grey-background-color has-background\"><a href=\"https:\/\/www.hsu-hh.de\/bgm\/fit-im-homeoffice\" data-type=\"page\" data-id=\"2732\">Fit im Homeoffice<\/a><\/p>\n\n\n\n<div style=\"height:30px\" aria-hidden=\"true\" class=\"wp-block-spacer\"><\/div>\n\n\n\n<hr class=\"wp-block-separator has-alpha-channel-opacity\" \/>\n\n\n\n<div style=\"height:30px\" aria-hidden=\"true\" class=\"wp-block-spacer\"><\/div>\n\n\n<div class=\"wp-block-image\">\n<figure class=\"aligncenter size-full\"><img loading=\"lazy\" decoding=\"async\" width=\"310\" height=\"250\" src=\"https:\/\/www.hsu-hh.de\/bgm\/wp-content\/uploads\/sites\/790\/2023\/06\/BGM.png\" data-credit=\"Bundeswehr\" alt=\"BGM-Logo\" class=\"wp-image-2444\" srcset=\"https:\/\/www.hsu-hh.de\/bgm\/wp-content\/uploads\/sites\/790\/2023\/06\/BGM.png 310w, https:\/\/www.hsu-hh.de\/bgm\/wp-content\/uploads\/sites\/790\/2023\/06\/BGM-300x242.png 300w\" sizes=\"auto, (max-width: 310px) 100vw, 310px\" \/><\/figure>\n<\/div>\n\n\n<div style=\"height:30px\" aria-hidden=\"true\" class=\"wp-block-spacer\"><\/div>\n\n\n\n<p class=\"has-medium-font-size\"><strong>Wichtiger Hinweis vor der Nutzung der Online-Gesundheitsempfehlungen:<\/strong><\/p>\n\n\n\n<p class=\"has-medium-font-size\">Bei den Online-Gesundheitsempfehlungen handelt es sich um Empfehlungen f\u00fcr Pausenzeiten sowie f\u00fcr die Freizeit! Wenn Sie auf Basis der Empfehlungen zu Hause \u00dcbungen durchf\u00fchren, tun Sie dies also nicht im Rahmen einer dienstlichen Veranstaltung. Eventuelle Verletzungen durch die \u00dcbungen sind somit kein Dienstunfall. Es besteht kein Versicherungsschutz \u00fcber die Berufsgenossenschaft. Die Videos wurden sorgf\u00e4ltig ausgew\u00e4hlt und auf gesundheitsf\u00f6rdernde Inhalte gepr\u00fcft. F\u00fcr diese Bewegungs- und Stresspr\u00e4ventionsangebote gibt es KEINE professionelle Aufsicht und keine M\u00f6glichkeit f\u00fcr Hinweise <abbr title=\"beziehungsweise\">bzw.<\/abbr>&nbsp; Korrekturen durch eine Trainerin oder einen Trainer. Die Durchf\u00fchrung erfolgt auf eigene Gefahr! F\u00fchren Sie die \u00dcbungen nur durch, wenn diesbez\u00fcglich keine gesundheitlichen Bedenken bei Ihnen bestehen.<\/p>\n\n\n\n<p><\/p>\n","protected":false},"excerpt":{"rendered":"<p>Ihr Vorteil Mit den Empfehlungen zu den Bewegungsangeboten k\u00f6nnen Sie einen Ausgleich zur sitzenden T\u00e4tigkeit schaffen. Die \u00dcbungen helfen z.B. Verspannungen und R\u00fcckenbeschwerden vorzubeugen, die Muskulatur zu kr\u00e4ftigen und das [&hellip;]<\/p>\n","protected":false},"author":153,"featured_media":0,"parent":0,"menu_order":0,"comment_status":"closed","ping_status":"closed","template":"","meta":{"footnotes":""},"categories":[4],"tags":[],"class_list":["post-2892","page","type-page","status-publish","hentry","category-forschung"],"_links":{"self":[{"href":"https:\/\/www.hsu-hh.de\/bgm\/wp-json\/wp\/v2\/pages\/2892","targetHints":{"allow":["GET"]}}],"collection":[{"href":"https:\/\/www.hsu-hh.de\/bgm\/wp-json\/wp\/v2\/pages"}],"about":[{"href":"https:\/\/www.hsu-hh.de\/bgm\/wp-json\/wp\/v2\/types\/page"}],"author":[{"embeddable":true,"href":"https:\/\/www.hsu-hh.de\/bgm\/wp-json\/wp\/v2\/users\/153"}],"replies":[{"embeddable":true,"href":"https:\/\/www.hsu-hh.de\/bgm\/wp-json\/wp\/v2\/comments?post=2892"}],"version-history":[{"count":7,"href":"https:\/\/www.hsu-hh.de\/bgm\/wp-json\/wp\/v2\/pages\/2892\/revisions"}],"predecessor-version":[{"id":2969,"href":"https:\/\/www.hsu-hh.de\/bgm\/wp-json\/wp\/v2\/pages\/2892\/revisions\/2969"}],"wp:attachment":[{"href":"https:\/\/www.hsu-hh.de\/bgm\/wp-json\/wp\/v2\/media?parent=2892"}],"wp:term":[{"taxonomy":"category","embeddable":true,"href":"https:\/\/www.hsu-hh.de\/bgm\/wp-json\/wp\/v2\/categories?post=2892"},{"taxonomy":"post_tag","embeddable":true,"href":"https:\/\/www.hsu-hh.de\/bgm\/wp-json\/wp\/v2\/tags?post=2892"}],"curies":[{"name":"wp","href":"https:\/\/api.w.org\/{rel}","templated":true}]}}