{"id":2846,"date":"2023-07-13T11:28:02","date_gmt":"2023-07-13T09:28:02","guid":{"rendered":"https:\/\/www.hsu-hh.de\/bgm\/?page_id=2846"},"modified":"2023-07-13T11:55:17","modified_gmt":"2023-07-13T09:55:17","slug":"onlineangebot-ernaehrungsguide","status":"publish","type":"page","link":"https:\/\/www.hsu-hh.de\/bgm\/onlineangebot-ernaehrungsguide","title":{"rendered":"Onlineangebot &#8222;Ern\u00e4hrungsguide&#8220;"},"content":{"rendered":"\n<div style=\"height:50px\" aria-hidden=\"true\" class=\"wp-block-spacer\"><\/div>\n\n\n\n<p class=\"has-medium-font-size\">Der kurze <strong>Ern\u00e4hrungsguide mit 9 Anregungen<\/strong> dient als Impuls und Inspiration, einen pers\u00f6nlichen Blick auf die eigene Nahrungszubereitung, Lebensmittelauswahl und Essensorganisation zu werfen. Sie sehen einen der Vorschl\u00e4ge und Empfehlungen f\u00fcr sich pers\u00f6nlich anders? Auch das ist in Ordnung. Der Ern\u00e4hrungsguide dient nicht nur als Informationsgeber, sondern auch als Selbstreflexionsansto\u00df, um sich mit der pers\u00f6nlichen Ern\u00e4hrung und den eigenen Essgewohnheiten etwas genauer auseinanderzusetzen.<\/p>\n\n\n\n<div style=\"height:34px\" aria-hidden=\"true\" class=\"wp-block-spacer\"><\/div>\n\n\n<div class=\"wp-block-image\">\n<figure class=\"aligncenter size-large is-resized\"><img loading=\"lazy\" decoding=\"async\" src=\"https:\/\/www.hsu-hh.de\/bgm\/wp-content\/uploads\/sites\/790\/2023\/07\/Planer-1280x450-1-1024x360.png\" data-credit=\"www.pixabay.com\" alt=\"Planer\" class=\"wp-image-2860\" width=\"883\" height=\"310\" srcset=\"https:\/\/www.hsu-hh.de\/bgm\/wp-content\/uploads\/sites\/790\/2023\/07\/Planer-1280x450-1-1024x360.png 1024w, https:\/\/www.hsu-hh.de\/bgm\/wp-content\/uploads\/sites\/790\/2023\/07\/Planer-1280x450-1-300x105.png 300w, https:\/\/www.hsu-hh.de\/bgm\/wp-content\/uploads\/sites\/790\/2023\/07\/Planer-1280x450-1-768x270.png 768w, https:\/\/www.hsu-hh.de\/bgm\/wp-content\/uploads\/sites\/790\/2023\/07\/Planer-1280x450-1-1100x387.png 1100w, https:\/\/www.hsu-hh.de\/bgm\/wp-content\/uploads\/sites\/790\/2023\/07\/Planer-1280x450-1.png 1280w\" sizes=\"auto, (max-width: 883px) 100vw, 883px\" \/><\/figure>\n<\/div>\n\n\n<div style=\"height:34px\" aria-hidden=\"true\" class=\"wp-block-spacer\"><\/div>\n\n\n\n<p class=\"has-medium-font-size\">Wir bedanken uns bei&nbsp;<strong>Di\u00e4tassistentin Gudrun Eichbaum<\/strong> aus dem Kommando Sanit\u00e4tsdienst der Bundeswehr f\u00fcr die zur Verf\u00fcgungstellung ihres Artikels &#8222;Corona und Ern\u00e4hrung&#8220;, der als Basis f\u00fcr die Erstellung dieses Ern\u00e4hrungsguides gedient hat.<\/p>\n\n\n\n<div style=\"height:34px\" aria-hidden=\"true\" class=\"wp-block-spacer\"><\/div>\n\n\n\n<p class=\"has-text-align-center\" style=\"font-size:25px\"><strong>Viel Freude mit dem BGM-Angebot!<\/strong><\/p>\n\n\n\n<div style=\"height:25px\" aria-hidden=\"true\" class=\"wp-block-spacer\"><\/div>\n\n\n\n<hr class=\"wp-block-separator has-alpha-channel-opacity\" \/>\n\n\n\n<div style=\"height:25px\" aria-hidden=\"true\" class=\"wp-block-spacer\"><\/div>\n\n\n\n<div class=\"wp-block-media-text alignwide is-stacked-on-mobile\"><figure class=\"wp-block-media-text__media\"><img loading=\"lazy\" decoding=\"async\" width=\"600\" height=\"450\" src=\"https:\/\/www.hsu-hh.de\/bgm\/wp-content\/uploads\/sites\/790\/2023\/07\/Gemuese.png\" data-credit=\"www.pixabay.com\" alt=\"Gem\u00fcse\" class=\"wp-image-2866 size-full\" srcset=\"https:\/\/www.hsu-hh.de\/bgm\/wp-content\/uploads\/sites\/790\/2023\/07\/Gemuese.png 600w, https:\/\/www.hsu-hh.de\/bgm\/wp-content\/uploads\/sites\/790\/2023\/07\/Gemuese-300x225.png 300w\" sizes=\"auto, (max-width: 600px) 100vw, 600px\" \/><\/figure><div class=\"wp-block-media-text__content\">\n<p class=\"has-medium-font-size\"><strong>ANREGUNG 1<\/strong><\/p>\n\n\n\n<p class=\"has-grey-background-color has-background has-medium-font-size\">Um die Koordination von Familie, Arbeit, Freizeit und Essen unter den neuen Bedingungen von Covid-19 gut zu realisieren, planen Sie am besten f\u00fcr das Thema \u201eErn\u00e4hrung\u201c bewusst Zeit ein. Das ist auch gemeinsam als Familie m\u00f6glich, alle helfen mit und d\u00fcrfen sich mit Ideen einbringen. Aus den Vorschl\u00e4gen und W\u00fcnschen k\u00f6nnen Sie einen abwechslungsreichen Wochenplan erstellen. Seien Sie kreativ- lassen Sie sich von den saisonalen Angeboten an Gem\u00fcse und Obst inspirieren. Wie w\u00e4re es mit einem Picknick im Wohnzimmer, mal mit den Fingern essen oder mit verbundenen Augen Lebensmittel raten? Auch als Single oder ohne Kinder k\u00f6nnen Sie nat\u00fcrlich ebenfalls kreativ werden!<\/p>\n<\/div><\/div>\n\n\n\n<div style=\"height:41px\" aria-hidden=\"true\" class=\"wp-block-spacer\"><\/div>\n\n\n\n<div class=\"wp-block-media-text alignwide has-media-on-the-right is-stacked-on-mobile\"><div class=\"wp-block-media-text__content\">\n<p class=\"has-medium-font-size\"><strong>ANREGUNG 2<\/strong><\/p>\n\n\n\n<p class=\"has-grey-background-color has-background has-medium-font-size\">Den Einkauf erledigen Sie am besten m\u00f6glichst stressfrei an einem Tag unter der Woche, um dem Wochenendzustrom zu entgehen. Achten Sie beim Einkauf auf Regionalit\u00e4t und Jahreszeit &#8211; so l\u00e4sst es sich vielseitig, bunt und abwechslungsreich essen. Genie\u00dfen Sie den Geschmack und die Farben. Mit drei Portionen Gem\u00fcse und zwei Portionen Obst decken Sie den gr\u00f6\u00dften Teil Ihres Vitamin- und Mineralstoffbedarfs. Wie w\u00e4re es mit einem Smoothie aus Kopfsalat mit Apfel und etwas Zitrone? Der schmeckt nicht nur lecker \u2013 er liefert auch viele dieser wertvollen Stoffe.<\/p>\n<\/div><figure class=\"wp-block-media-text__media\"><img loading=\"lazy\" decoding=\"async\" width=\"600\" height=\"450\" src=\"https:\/\/www.hsu-hh.de\/bgm\/wp-content\/uploads\/sites\/790\/2023\/07\/Markt.png\" data-credit=\"www.pixabay.com\" alt=\"Markt\" class=\"wp-image-2868 size-full\" srcset=\"https:\/\/www.hsu-hh.de\/bgm\/wp-content\/uploads\/sites\/790\/2023\/07\/Markt.png 600w, https:\/\/www.hsu-hh.de\/bgm\/wp-content\/uploads\/sites\/790\/2023\/07\/Markt-300x225.png 300w\" sizes=\"auto, (max-width: 600px) 100vw, 600px\" \/><\/figure><\/div>\n\n\n\n<div style=\"height:41px\" aria-hidden=\"true\" class=\"wp-block-spacer\"><\/div>\n\n\n\n<div class=\"wp-block-media-text alignwide is-stacked-on-mobile\"><figure class=\"wp-block-media-text__media\"><img loading=\"lazy\" decoding=\"async\" width=\"600\" height=\"450\" src=\"https:\/\/www.hsu-hh.de\/bgm\/wp-content\/uploads\/sites\/790\/2023\/07\/Brot.png\" data-credit=\"www.pixabay.com\" alt=\"Brot\" class=\"wp-image-2863 size-full\" srcset=\"https:\/\/www.hsu-hh.de\/bgm\/wp-content\/uploads\/sites\/790\/2023\/07\/Brot.png 600w, https:\/\/www.hsu-hh.de\/bgm\/wp-content\/uploads\/sites\/790\/2023\/07\/Brot-300x225.png 300w\" sizes=\"auto, (max-width: 600px) 100vw, 600px\" \/><\/figure><div class=\"wp-block-media-text__content\">\n<p class=\"has-medium-font-size\"><strong>ANREGUNG 3<\/strong><\/p>\n\n\n\n<p class=\"has-grey-background-color has-background has-medium-font-size\">Wenn Sie dann noch bei den Vollkornprodukten zugreifen, sind Sie auf dem richtigen Weg. F\u00fcr ausreichendes Eiwei\u00df sorgen H\u00fclsenfr\u00fcchte, Milch und Milchprodukte wie Joghurt und K\u00e4se. Auch Fleisch liefert Eiwei\u00df; 300 bis 600 g in der Woche sind v\u00f6llig ausreichend. Essen Sie gerne Fisch, dann greifen Sie bei Seefisch aus nachhaltiger Fischerei einmal w\u00f6chentlich zu. Fettreicher Seefisch alle 14 Tage liefert neben Eiwei\u00df auch Omega-3-Fetts\u00e4uren, diese wirken Entz\u00fcndungsprozessen im K\u00f6rper entgegen.<\/p>\n<\/div><\/div>\n\n\n\n<div style=\"height:41px\" aria-hidden=\"true\" class=\"wp-block-spacer\"><\/div>\n\n\n\n<div class=\"wp-block-media-text alignwide has-media-on-the-right is-stacked-on-mobile\"><div class=\"wp-block-media-text__content\">\n<p class=\"has-medium-font-size\"><strong>ANREGUNG 4<\/strong><\/p>\n\n\n\n<p class=\"has-grey-background-color has-background has-medium-font-size\">Wenn es schnell gehen muss, weil noch viel zu tun ist, steigt die Gefahr unkontrolliert zu unges\u00fcnderen, vielleicht schneller verf\u00fcgbaren Lebensmitteln zu greifen. Achten Sie darauf, auch gesunde Snacks, wie <abbr title=\"zum Beispiel\">z.B.<\/abbr> N\u00fcsse, Obst oder Gem\u00fcsesnacks griffbereit zu.<\/p>\n<\/div><figure class=\"wp-block-media-text__media\"><img loading=\"lazy\" decoding=\"async\" width=\"600\" height=\"450\" src=\"https:\/\/www.hsu-hh.de\/bgm\/wp-content\/uploads\/sites\/790\/2023\/07\/Muffin.png\" data-credit=\"www.pixabay.com\" alt=\"Muffin\" class=\"wp-image-2869 size-full\" srcset=\"https:\/\/www.hsu-hh.de\/bgm\/wp-content\/uploads\/sites\/790\/2023\/07\/Muffin.png 600w, https:\/\/www.hsu-hh.de\/bgm\/wp-content\/uploads\/sites\/790\/2023\/07\/Muffin-300x225.png 300w\" sizes=\"auto, (max-width: 600px) 100vw, 600px\" \/><\/figure><\/div>\n\n\n\n<div style=\"height:41px\" aria-hidden=\"true\" class=\"wp-block-spacer\"><\/div>\n\n\n\n<div class=\"wp-block-media-text alignwide is-stacked-on-mobile\"><figure class=\"wp-block-media-text__media\"><img loading=\"lazy\" decoding=\"async\" width=\"600\" height=\"450\" src=\"https:\/\/www.hsu-hh.de\/bgm\/wp-content\/uploads\/sites\/790\/2023\/07\/Einkauf.png\" data-credit=\"www.pixabay.com\" alt=\"Einkauf\" class=\"wp-image-2864 size-full\" srcset=\"https:\/\/www.hsu-hh.de\/bgm\/wp-content\/uploads\/sites\/790\/2023\/07\/Einkauf.png 600w, https:\/\/www.hsu-hh.de\/bgm\/wp-content\/uploads\/sites\/790\/2023\/07\/Einkauf-300x225.png 300w\" sizes=\"auto, (max-width: 600px) 100vw, 600px\" \/><\/figure><div class=\"wp-block-media-text__content\">\n<p class=\"has-medium-font-size\"><strong>ANREGUNG 5<\/strong><\/p>\n\n\n\n<p class=\"has-grey-background-color has-background has-medium-font-size\">Lassen Sie sich nach M\u00f6glichkeit beim Einkaufen und der Zubereitung nicht aus der Ruhe bringen. Seien sie achtsam und f\u00fchren Sie diese T\u00e4tigkeiten bewusst zum Ausgleich im Homeoffice durch. Bei der Wahl der Gerichte gilt &#8211; auch einfache Gerichte sind gut und ausgewogen! Sie m\u00fcssen keine komplizierten 4-Sterne-Men\u00fcs kreieren. Nudeln beispielsweise sind lange haltbar und schnell zubereitet. Mit frischem oder tiefgefrorenem Gem\u00fcse lassen sich leckere Nudelvariationen zubereiten, Gleiches gilt auch f\u00fcr Reis.<\/p>\n<\/div><\/div>\n\n\n\n<div style=\"height:41px\" aria-hidden=\"true\" class=\"wp-block-spacer\"><\/div>\n\n\n\n<div class=\"wp-block-media-text alignwide has-media-on-the-right is-stacked-on-mobile\"><div class=\"wp-block-media-text__content\">\n<p class=\"has-medium-font-size\"><strong>ANREGUNG 6<\/strong><\/p>\n\n\n\n<p class=\"has-grey-background-color has-background has-medium-font-size\">Haben Sie unter der Woche nicht viel Zeit zum Kochen, kann auch auf \u201eMeal Preparing\u201c, das gute alte Vorkochen, zur\u00fcckgegriffen werden. Nutzen Sie die Zeit am Wochenende und bereiten Sie mit der ganzen Familie gemeinsam vor. Kleinere Kinder k\u00f6nnen <abbr title=\"zum Beispiel\">z.B.<\/abbr> Desserts verr\u00fchren, die Gr\u00f6\u00dferen k\u00f6nnen auch schon Gem\u00fcse und Obst putzen und schneiden. Die vorbereiteten Gerichte k\u00f6nnen in geeigneten Gef\u00e4\u00dfen eingefroren oder im K\u00fchlschrank gelagert werden.<\/p>\n<\/div><figure class=\"wp-block-media-text__media\"><img loading=\"lazy\" decoding=\"async\" width=\"600\" height=\"450\" src=\"https:\/\/www.hsu-hh.de\/bgm\/wp-content\/uploads\/sites\/790\/2023\/07\/Kinder_Kochen.png\" data-credit=\"www.pixabay.com\" alt=\"Kinder_Kochen\" class=\"wp-image-2867 size-full\" srcset=\"https:\/\/www.hsu-hh.de\/bgm\/wp-content\/uploads\/sites\/790\/2023\/07\/Kinder_Kochen.png 600w, https:\/\/www.hsu-hh.de\/bgm\/wp-content\/uploads\/sites\/790\/2023\/07\/Kinder_Kochen-300x225.png 300w\" sizes=\"auto, (max-width: 600px) 100vw, 600px\" \/><\/figure><\/div>\n\n\n\n<div style=\"height:41px\" aria-hidden=\"true\" class=\"wp-block-spacer\"><\/div>\n\n\n\n<div class=\"wp-block-media-text alignwide is-stacked-on-mobile\"><figure class=\"wp-block-media-text__media\"><img loading=\"lazy\" decoding=\"async\" width=\"600\" height=\"450\" src=\"https:\/\/www.hsu-hh.de\/bgm\/wp-content\/uploads\/sites\/790\/2023\/07\/Wasser.png\" data-credit=\"www.pixabay.com\" alt=\"Wasser\" class=\"wp-image-2870 size-full\" srcset=\"https:\/\/www.hsu-hh.de\/bgm\/wp-content\/uploads\/sites\/790\/2023\/07\/Wasser.png 600w, https:\/\/www.hsu-hh.de\/bgm\/wp-content\/uploads\/sites\/790\/2023\/07\/Wasser-300x225.png 300w\" sizes=\"auto, (max-width: 600px) 100vw, 600px\" \/><\/figure><div class=\"wp-block-media-text__content\">\n<p class=\"has-medium-font-size\"><strong>ANREGUNG 7<\/strong><\/p>\n\n\n\n<p class=\"has-grey-background-color has-background has-medium-font-size\">Gerade in Zeiten, in denen vieles anders ist als gewohnt, vergessen wir schneller \u201edie einfachen Dinge\u201c: Achten Sie auch auf ausreichende Fl\u00fcssigkeitszufuhr von mindestens zwei Litern, am besten Wasser oder ungezuckerten Tee.<\/p>\n<\/div><\/div>\n\n\n\n<div style=\"height:41px\" aria-hidden=\"true\" class=\"wp-block-spacer\"><\/div>\n\n\n\n<div class=\"wp-block-media-text alignwide has-media-on-the-right is-stacked-on-mobile\"><div class=\"wp-block-media-text__content\">\n<p class=\"has-medium-font-size\"><strong>ANREGUNG 8<\/strong><\/p>\n\n\n\n<p class=\"has-grey-background-color has-background has-medium-font-size\">Essen am Laptop? Besser nicht. Ihr Teller ist schon leer, ohne dass Sie es mitbekommen haben? Versuchen Sie w\u00e4hrend Sie Ihre Mahlzeit essen, nicht parallel auf den Monitor zu schauen, ob eine Email reinkommt oder was auf ihrem Handy passiert. Es lenkt ab. Sie essen m\u00f6glicherweise mehr, weil Sie es die Portionsmenge nicht bewusst mitbekommen.<\/p>\n<\/div><figure class=\"wp-block-media-text__media\"><img loading=\"lazy\" decoding=\"async\" width=\"600\" height=\"450\" src=\"https:\/\/www.hsu-hh.de\/bgm\/wp-content\/uploads\/sites\/790\/2023\/07\/Essen-am-Laptop.png\" data-credit=\"www.pixabay.com\" alt=\"Essen am Laptop\" class=\"wp-image-2865 size-full\" srcset=\"https:\/\/www.hsu-hh.de\/bgm\/wp-content\/uploads\/sites\/790\/2023\/07\/Essen-am-Laptop.png 600w, https:\/\/www.hsu-hh.de\/bgm\/wp-content\/uploads\/sites\/790\/2023\/07\/Essen-am-Laptop-300x225.png 300w\" sizes=\"auto, (max-width: 600px) 100vw, 600px\" \/><\/figure><\/div>\n\n\n\n<div style=\"height:41px\" aria-hidden=\"true\" class=\"wp-block-spacer\"><\/div>\n\n\n\n<div class=\"wp-block-media-text alignwide is-stacked-on-mobile\"><figure class=\"wp-block-media-text__media\"><img loading=\"lazy\" decoding=\"async\" width=\"600\" height=\"450\" src=\"https:\/\/www.hsu-hh.de\/bgm\/wp-content\/uploads\/sites\/790\/2023\/07\/Abendessen.png\" data-credit=\"www.pixabay.com\" alt=\"Abendessen\" class=\"wp-image-2862 size-full\" srcset=\"https:\/\/www.hsu-hh.de\/bgm\/wp-content\/uploads\/sites\/790\/2023\/07\/Abendessen.png 600w, https:\/\/www.hsu-hh.de\/bgm\/wp-content\/uploads\/sites\/790\/2023\/07\/Abendessen-300x225.png 300w\" sizes=\"auto, (max-width: 600px) 100vw, 600px\" \/><\/figure><div class=\"wp-block-media-text__content\">\n<p class=\"has-medium-font-size\"><strong>ANREGUNG 9<\/strong><\/p>\n\n\n\n<p class=\"has-grey-background-color has-background has-medium-font-size\">Versuchen Sie auch in dieser besonderen Zeit und im Home-Office mindestens eine Mahlzeit am Tag mit allen Sinnen und ganz in Ruhe zu genie\u00dfen, kein Telefon, kein Fernseher, nur Sie und vielleicht ihre Familie (oder eine andere angenehme Person).<\/p>\n<\/div><\/div>\n\n\n\n<div style=\"height:25px\" aria-hidden=\"true\" class=\"wp-block-spacer\"><\/div>\n\n\n\n<hr class=\"wp-block-separator has-alpha-channel-opacity\" \/>\n\n\n\n<div style=\"height:25px\" aria-hidden=\"true\" class=\"wp-block-spacer\"><\/div>\n\n\n\n<p class=\"has-text-align-center has-medium-font-size\">Hat Ihnen der kleine Ern\u00e4hrungsguide mit 9 Anregungen gefallen? Wir freuen uns \u00fcber Feedback (an wunderlich@hsu-hh.de). Sie finden das Thema Ern\u00e4hrung interessant? Recherchieren Sie gern zu weiteren Artikeln, Beitr\u00e4gen oder Fernsehsendungen zum Thema Ern\u00e4hrung und bilden sich zu dem Thema fort.<\/p>\n\n\n\n<div style=\"height:25px\" aria-hidden=\"true\" class=\"wp-block-spacer\"><\/div>\n\n\n<div class=\"wp-block-image\">\n<figure class=\"aligncenter size-full\"><img loading=\"lazy\" decoding=\"async\" width=\"310\" height=\"250\" src=\"https:\/\/www.hsu-hh.de\/bgm\/wp-content\/uploads\/sites\/790\/2023\/06\/BGM.png\" data-credit=\"Bundeswehr\" alt=\"BGM-Logo\" class=\"wp-image-2444\" srcset=\"https:\/\/www.hsu-hh.de\/bgm\/wp-content\/uploads\/sites\/790\/2023\/06\/BGM.png 310w, https:\/\/www.hsu-hh.de\/bgm\/wp-content\/uploads\/sites\/790\/2023\/06\/BGM-300x242.png 300w\" sizes=\"auto, (max-width: 310px) 100vw, 310px\" \/><\/figure>\n<\/div>\n\n\n<div style=\"height:25px\" aria-hidden=\"true\" class=\"wp-block-spacer\"><\/div>\n\n\n\n<p class=\"has-text-align-center has-medium-font-size\"><em>Rechtlicher Hinweis: Der Ern\u00e4hrungsguide wurde auf der Basis des Artikels &#8222;Ern\u00e4hrung und Corona&#8220; von Di\u00e4tassistentin Gudrun Eichbaum mit Erg\u00e4nzungen, redaktioneller Zuarbeit und Bildauswahl durch Ines Wunderlich erstellt.<\/em><\/p>\n\n\n\n<p><\/p>\n","protected":false},"excerpt":{"rendered":"<p>Der kurze Ern\u00e4hrungsguide mit 9 Anregungen dient als Impuls und Inspiration, einen pers\u00f6nlichen Blick auf die eigene Nahrungszubereitung, Lebensmittelauswahl und Essensorganisation zu werfen. Sie sehen einen der Vorschl\u00e4ge und Empfehlungen [&hellip;]<\/p>\n","protected":false},"author":153,"featured_media":0,"parent":0,"menu_order":0,"comment_status":"closed","ping_status":"closed","template":"","meta":{"footnotes":""},"categories":[4],"tags":[],"class_list":["post-2846","page","type-page","status-publish","hentry","category-forschung"],"_links":{"self":[{"href":"https:\/\/www.hsu-hh.de\/bgm\/wp-json\/wp\/v2\/pages\/2846","targetHints":{"allow":["GET"]}}],"collection":[{"href":"https:\/\/www.hsu-hh.de\/bgm\/wp-json\/wp\/v2\/pages"}],"about":[{"href":"https:\/\/www.hsu-hh.de\/bgm\/wp-json\/wp\/v2\/types\/page"}],"author":[{"embeddable":true,"href":"https:\/\/www.hsu-hh.de\/bgm\/wp-json\/wp\/v2\/users\/153"}],"replies":[{"embeddable":true,"href":"https:\/\/www.hsu-hh.de\/bgm\/wp-json\/wp\/v2\/comments?post=2846"}],"version-history":[{"count":4,"href":"https:\/\/www.hsu-hh.de\/bgm\/wp-json\/wp\/v2\/pages\/2846\/revisions"}],"predecessor-version":[{"id":2873,"href":"https:\/\/www.hsu-hh.de\/bgm\/wp-json\/wp\/v2\/pages\/2846\/revisions\/2873"}],"wp:attachment":[{"href":"https:\/\/www.hsu-hh.de\/bgm\/wp-json\/wp\/v2\/media?parent=2846"}],"wp:term":[{"taxonomy":"category","embeddable":true,"href":"https:\/\/www.hsu-hh.de\/bgm\/wp-json\/wp\/v2\/categories?post=2846"},{"taxonomy":"post_tag","embeddable":true,"href":"https:\/\/www.hsu-hh.de\/bgm\/wp-json\/wp\/v2\/tags?post=2846"}],"curies":[{"name":"wp","href":"https:\/\/api.w.org\/{rel}","templated":true}]}}