{"id":2725,"date":"2023-07-05T09:57:39","date_gmt":"2023-07-05T07:57:39","guid":{"rendered":"https:\/\/www.hsu-hh.de\/bgm\/?page_id=2725"},"modified":"2023-07-05T10:41:15","modified_gmt":"2023-07-05T08:41:15","slug":"military-fitness","status":"publish","type":"page","link":"https:\/\/www.hsu-hh.de\/bgm\/military-fitness","title":{"rendered":"Military Fitness"},"content":{"rendered":"\n<div style=\"height:50px\" aria-hidden=\"true\" class=\"wp-block-spacer\"><\/div>\n\n\n\n<p style=\"font-size:25px\">Wir danken Oberleutnant Sergej Baehr und Hauptmann Andreas Maltsev, BGM Koordinierende in Regen, f\u00fcr die Bereitstellung dieses &#8222;Kick-Off-Motivationsvideos&#8220;!<\/p>\n\n\n\n<div style=\"height:30px\" aria-hidden=\"true\" class=\"wp-block-spacer\"><\/div>\n\n\n\n<p style=\"font-size:25px\">Zugegebenerma\u00dfen denkt man bei diesem Kurztrailer zum &#8222;Military Fitness&#8220; nat\u00fcrlich nicht gleich an BGM! BGM soll jedoch jeden ansprechen &#8211; von fit bis weniger fit, von jung bis alt!<\/p>\n\n\n\n<div style=\"height:30px\" aria-hidden=\"true\" class=\"wp-block-spacer\"><\/div>\n\n\n\n<p style=\"font-size:25px\">Hat Sie die Motivation gepackt, sich sportlich auszutoben? Prima!<\/p>\n\n\n\n<p style=\"font-size:25px\">Sie sind nicht so fit? Kein Problem!<\/p>\n\n\n\n<div style=\"height:30px\" aria-hidden=\"true\" class=\"wp-block-spacer\"><\/div>\n\n\n\n<p style=\"font-size:25px\">Es m\u00fcssen nicht so spektakul\u00e4re \u00dcbungen wie bei Sergej Baehr sein: Es lohnt sich immer, sich zu bewegen und seiner Gesundheit Gutes zu tun &#8211; egal welches Trainingslevel Sie aktuell haben.<\/p>\n\n\n\n<div style=\"height:30px\" aria-hidden=\"true\" class=\"wp-block-spacer\"><\/div>\n\n\n\n<div class=\"wp-block-media-text alignwide is-stacked-on-mobile is-vertically-aligned-center\" style=\"grid-template-columns:61% auto\"><figure class=\"wp-block-media-text__media\"><video controls src=\"https:\/\/www.hsu-hh.de\/bgm\/wp-content\/uploads\/sites\/790\/2023\/07\/MilFit_Sergej_Baehr.mp4\"><\/video><\/figure><div class=\"wp-block-media-text__content\">\n<p><\/p>\n<\/div><\/div>\n","protected":false},"excerpt":{"rendered":"<p>Wir danken Oberleutnant Sergej Baehr und Hauptmann Andreas Maltsev, BGM Koordinierende in Regen, f\u00fcr die Bereitstellung dieses &#8222;Kick-Off-Motivationsvideos&#8220;! Zugegebenerma\u00dfen denkt man bei diesem Kurztrailer zum &#8222;Military Fitness&#8220; nat\u00fcrlich nicht gleich [&hellip;]<\/p>\n","protected":false},"author":153,"featured_media":0,"parent":0,"menu_order":0,"comment_status":"closed","ping_status":"closed","template":"","meta":{"footnotes":""},"categories":[4],"tags":[],"class_list":["post-2725","page","type-page","status-publish","hentry","category-forschung"],"_links":{"self":[{"href":"https:\/\/www.hsu-hh.de\/bgm\/wp-json\/wp\/v2\/pages\/2725","targetHints":{"allow":["GET"]}}],"collection":[{"href":"https:\/\/www.hsu-hh.de\/bgm\/wp-json\/wp\/v2\/pages"}],"about":[{"href":"https:\/\/www.hsu-hh.de\/bgm\/wp-json\/wp\/v2\/types\/page"}],"author":[{"embeddable":true,"href":"https:\/\/www.hsu-hh.de\/bgm\/wp-json\/wp\/v2\/users\/153"}],"replies":[{"embeddable":true,"href":"https:\/\/www.hsu-hh.de\/bgm\/wp-json\/wp\/v2\/comments?post=2725"}],"version-history":[{"count":2,"href":"https:\/\/www.hsu-hh.de\/bgm\/wp-json\/wp\/v2\/pages\/2725\/revisions"}],"predecessor-version":[{"id":2730,"href":"https:\/\/www.hsu-hh.de\/bgm\/wp-json\/wp\/v2\/pages\/2725\/revisions\/2730"}],"wp:attachment":[{"href":"https:\/\/www.hsu-hh.de\/bgm\/wp-json\/wp\/v2\/media?parent=2725"}],"wp:term":[{"taxonomy":"category","embeddable":true,"href":"https:\/\/www.hsu-hh.de\/bgm\/wp-json\/wp\/v2\/categories?post=2725"},{"taxonomy":"post_tag","embeddable":true,"href":"https:\/\/www.hsu-hh.de\/bgm\/wp-json\/wp\/v2\/tags?post=2725"}],"curies":[{"name":"wp","href":"https:\/\/api.w.org\/{rel}","templated":true}]}}