{"id":2623,"date":"2023-06-30T11:29:36","date_gmt":"2023-06-30T09:29:36","guid":{"rendered":"https:\/\/www.hsu-hh.de\/bgm\/?page_id=2623"},"modified":"2023-07-04T14:25:14","modified_gmt":"2023-07-04T12:25:14","slug":"betriebliche-gesundheitsfoerderung","status":"publish","type":"page","link":"https:\/\/www.hsu-hh.de\/bgm\/betriebliche-gesundheitsfoerderung","title":{"rendered":"Betriebliche Gesundheitsf\u00f6rderung"},"content":{"rendered":"\n<div style=\"height:49px\" aria-hidden=\"true\" class=\"wp-block-spacer\"><\/div>\n\n\n\n<p class=\"has-text-align-left\" style=\"font-size:25px\">Betriebliche Gesundheitsf\u00f6rderung (BGF) bezieht sich auf alle Ma\u00dfnahmen zur Sicherung, zur St\u00e4rkung oder Erh\u00f6hung gesundheitsbezogener Widerstandsreserven.<\/p>\n\n\n\n<div style=\"height:31px\" aria-hidden=\"true\" class=\"wp-block-spacer\"><\/div>\n\n\n\n<p class=\"has-text-align-left\" style=\"font-size:25px\">Gem\u00e4\u00df dem Konzept \u201eBetriebliches Gesundheitsmanagement\u201c der Bundeswehr werden unter dem Begriff Gesundheitsf\u00f6rderung Ma\u00dfnahmen in folgenden Bereichen verstanden:<\/p>\n\n\n\n<div style=\"height:30px\" aria-hidden=\"true\" class=\"wp-block-spacer\"><\/div>\n\n\n\n<ol class=\"has-grey-background-color has-background wp-block-list\" style=\"font-size:25px\">\n<li>Bewegung<\/li>\n\n\n\n<li>Stresspr\u00e4vention<\/li>\n\n\n\n<li>Ern\u00e4hrung<\/li>\n\n\n\n<li>Suchtpr\u00e4vention<\/li>\n<\/ol>\n\n\n<div class=\"wp-block-image\">\n<figure class=\"aligncenter size-full\"><img loading=\"lazy\" decoding=\"async\" width=\"310\" height=\"250\" src=\"https:\/\/www.hsu-hh.de\/bgm\/wp-content\/uploads\/sites\/790\/2023\/06\/BGM.png\" data-credit=\"Bundeswehr\" alt=\"BGM-Logo\" class=\"wp-image-2444\" srcset=\"https:\/\/www.hsu-hh.de\/bgm\/wp-content\/uploads\/sites\/790\/2023\/06\/BGM.png 310w, https:\/\/www.hsu-hh.de\/bgm\/wp-content\/uploads\/sites\/790\/2023\/06\/BGM-300x242.png 300w\" sizes=\"auto, (max-width: 310px) 100vw, 310px\" \/><\/figure>\n<\/div>\n\n\n<div style=\"height:40px\" aria-hidden=\"true\" class=\"wp-block-spacer\"><\/div>\n\n\n\n<hr class=\"wp-block-separator has-alpha-channel-opacity\" \/>\n\n\n\n<div style=\"height:41px\" aria-hidden=\"true\" class=\"wp-block-spacer\"><\/div>\n\n\n\n<p style=\"font-size:25px\"><strong>Unsere Angebote im Rahmen des BGF:<\/strong><\/p>\n\n\n\n<div style=\"height:39px\" aria-hidden=\"true\" class=\"wp-block-spacer\"><\/div>\n\n\n\n<div class=\"wp-block-columns is-layout-flex wp-container-core-columns-is-layout-9d6595d7 wp-block-columns-is-layout-flex\">\n<div class=\"wp-block-column is-layout-flow wp-block-column-is-layout-flow\">\n<p class=\"has-text-align-center has-grey-background-color has-background\" style=\"font-size:25px\"><strong><a href=\"https:\/\/www.hsu-hh.de\/bgm\/praesenz-angebote\" data-type=\"page\" data-id=\"2510\">Pr\u00e4senz-Angebote<\/a><\/strong><\/p>\n\n\n<div class=\"wp-block-image\">\n<figure class=\"aligncenter size-large is-resized\"><img loading=\"lazy\" decoding=\"async\" src=\"https:\/\/www.hsu-hh.de\/bgm\/wp-content\/uploads\/sites\/790\/2023\/06\/zumba-4333580_1920-1024x681.jpg\" data-credit=\"www.pixabay.com\" alt=\"Zumbakurs\" class=\"wp-image-2447\" width=\"512\" height=\"341\" srcset=\"https:\/\/www.hsu-hh.de\/bgm\/wp-content\/uploads\/sites\/790\/2023\/06\/zumba-4333580_1920-1024x681.jpg 1024w, https:\/\/www.hsu-hh.de\/bgm\/wp-content\/uploads\/sites\/790\/2023\/06\/zumba-4333580_1920-300x200.jpg 300w, https:\/\/www.hsu-hh.de\/bgm\/wp-content\/uploads\/sites\/790\/2023\/06\/zumba-4333580_1920-768x511.jpg 768w, https:\/\/www.hsu-hh.de\/bgm\/wp-content\/uploads\/sites\/790\/2023\/06\/zumba-4333580_1920-1536x1022.jpg 1536w, https:\/\/www.hsu-hh.de\/bgm\/wp-content\/uploads\/sites\/790\/2023\/06\/zumba-4333580_1920-1100x732.jpg 1100w, https:\/\/www.hsu-hh.de\/bgm\/wp-content\/uploads\/sites\/790\/2023\/06\/zumba-4333580_1920.jpg 1920w\" sizes=\"auto, (max-width: 512px) 100vw, 512px\" \/><\/figure>\n<\/div><\/div>\n\n\n\n<div class=\"wp-block-column is-layout-flow wp-block-column-is-layout-flow\">\n<p class=\"has-text-align-center has-grey-background-color has-background\" style=\"font-size:25px\"><strong><a href=\"https:\/\/www.hsu-hh.de\/bgm\/online-angebote\" data-type=\"page\" data-id=\"514\">Online-Angebote<\/a><\/strong><\/p>\n\n\n<div class=\"wp-block-image\">\n<figure class=\"aligncenter size-large is-resized\"><img loading=\"lazy\" decoding=\"async\" src=\"https:\/\/www.hsu-hh.de\/bgm\/wp-content\/uploads\/sites\/790\/2023\/06\/pexels-karolina-grabowska-4498606-1024x683.jpg\" data-credit=\"www.pexels.com\" alt=\"Sportequipment\" class=\"wp-image-2446\" width=\"513\" height=\"343\" srcset=\"https:\/\/www.hsu-hh.de\/bgm\/wp-content\/uploads\/sites\/790\/2023\/06\/pexels-karolina-grabowska-4498606-1024x683.jpg 1024w, https:\/\/www.hsu-hh.de\/bgm\/wp-content\/uploads\/sites\/790\/2023\/06\/pexels-karolina-grabowska-4498606-300x200.jpg 300w, https:\/\/www.hsu-hh.de\/bgm\/wp-content\/uploads\/sites\/790\/2023\/06\/pexels-karolina-grabowska-4498606-768x512.jpg 768w, https:\/\/www.hsu-hh.de\/bgm\/wp-content\/uploads\/sites\/790\/2023\/06\/pexels-karolina-grabowska-4498606-1536x1024.jpg 1536w, https:\/\/www.hsu-hh.de\/bgm\/wp-content\/uploads\/sites\/790\/2023\/06\/pexels-karolina-grabowska-4498606-2048x1365.jpg 2048w, https:\/\/www.hsu-hh.de\/bgm\/wp-content\/uploads\/sites\/790\/2023\/06\/pexels-karolina-grabowska-4498606-1100x733.jpg 1100w\" sizes=\"auto, (max-width: 513px) 100vw, 513px\" \/><\/figure>\n<\/div><\/div>\n<\/div>\n\n\n\n<div style=\"height:50px\" aria-hidden=\"true\" class=\"wp-block-spacer\"><\/div>\n\n\n\n<hr class=\"wp-block-separator has-alpha-channel-opacity\" \/>\n\n\n\n<div style=\"height:50px\" aria-hidden=\"true\" class=\"wp-block-spacer\"><\/div>\n\n\n\n<div class=\"wp-block-media-text alignwide has-media-on-the-right is-stacked-on-mobile\" style=\"grid-template-columns:auto 19%\"><div class=\"wp-block-media-text__content\">\n<p class=\"has-medium-font-size\"><a href=\"https:\/\/www.hsu-hh.de\/bgm\/downloadbereich\" data-type=\"page\" data-id=\"2120\">Hier<\/a> geht es zum Downloadbereich. Dort finden Sie die aktuellen Antr\u00e4ge und Dokumente.<\/p>\n<\/div><figure class=\"wp-block-media-text__media\"><img loading=\"lazy\" decoding=\"async\" width=\"345\" height=\"254\" src=\"https:\/\/www.hsu-hh.de\/bgm\/wp-content\/uploads\/sites\/790\/2022\/07\/wolke-e1657181852599.jpg\" data-credit=\"www.hsu-hh.de\" alt=\"Download\" class=\"wp-image-2038 size-full\" srcset=\"https:\/\/www.hsu-hh.de\/bgm\/wp-content\/uploads\/sites\/790\/2022\/07\/wolke-e1657181852599.jpg 345w, https:\/\/www.hsu-hh.de\/bgm\/wp-content\/uploads\/sites\/790\/2022\/07\/wolke-e1657181852599-300x221.jpg 300w\" sizes=\"auto, (max-width: 345px) 100vw, 345px\" \/><\/figure><\/div>\n\n\n\n<p><\/p>\n\n\n\n<p><\/p>\n","protected":false},"excerpt":{"rendered":"<p>Betriebliche Gesundheitsf\u00f6rderung (BGF) bezieht sich auf alle Ma\u00dfnahmen zur Sicherung, zur St\u00e4rkung oder Erh\u00f6hung gesundheitsbezogener Widerstandsreserven. Gem\u00e4\u00df dem Konzept \u201eBetriebliches Gesundheitsmanagement\u201c der Bundeswehr werden unter dem Begriff Gesundheitsf\u00f6rderung Ma\u00dfnahmen in [&hellip;]<\/p>\n","protected":false},"author":153,"featured_media":0,"parent":0,"menu_order":0,"comment_status":"closed","ping_status":"closed","template":"","meta":{"footnotes":""},"categories":[4],"tags":[],"class_list":["post-2623","page","type-page","status-publish","hentry","category-forschung"],"_links":{"self":[{"href":"https:\/\/www.hsu-hh.de\/bgm\/wp-json\/wp\/v2\/pages\/2623","targetHints":{"allow":["GET"]}}],"collection":[{"href":"https:\/\/www.hsu-hh.de\/bgm\/wp-json\/wp\/v2\/pages"}],"about":[{"href":"https:\/\/www.hsu-hh.de\/bgm\/wp-json\/wp\/v2\/types\/page"}],"author":[{"embeddable":true,"href":"https:\/\/www.hsu-hh.de\/bgm\/wp-json\/wp\/v2\/users\/153"}],"replies":[{"embeddable":true,"href":"https:\/\/www.hsu-hh.de\/bgm\/wp-json\/wp\/v2\/comments?post=2623"}],"version-history":[{"count":14,"href":"https:\/\/www.hsu-hh.de\/bgm\/wp-json\/wp\/v2\/pages\/2623\/revisions"}],"predecessor-version":[{"id":2694,"href":"https:\/\/www.hsu-hh.de\/bgm\/wp-json\/wp\/v2\/pages\/2623\/revisions\/2694"}],"wp:attachment":[{"href":"https:\/\/www.hsu-hh.de\/bgm\/wp-json\/wp\/v2\/media?parent=2623"}],"wp:term":[{"taxonomy":"category","embeddable":true,"href":"https:\/\/www.hsu-hh.de\/bgm\/wp-json\/wp\/v2\/categories?post=2623"},{"taxonomy":"post_tag","embeddable":true,"href":"https:\/\/www.hsu-hh.de\/bgm\/wp-json\/wp\/v2\/tags?post=2623"}],"curies":[{"name":"wp","href":"https:\/\/api.w.org\/{rel}","templated":true}]}}