{"id":2553,"date":"2023-06-29T16:29:54","date_gmt":"2023-06-29T14:29:54","guid":{"rendered":"https:\/\/www.hsu-hh.de\/bgm\/?page_id=2553"},"modified":"2023-06-29T16:30:52","modified_gmt":"2023-06-29T14:30:52","slug":"ernaehrungskurs-2022","status":"publish","type":"page","link":"https:\/\/www.hsu-hh.de\/bgm\/ernaehrungskurs-2022","title":{"rendered":"Ern\u00e4hrungskurs 2022"},"content":{"rendered":"\n<div style=\"height:40px\" aria-hidden=\"true\" class=\"wp-block-spacer\"><\/div>\n\n\n\n<p class=\"has-text-align-center\" style=\"font-size:30px\"><strong>M\u00f6chten Sie mehr zu dem Thema Ern\u00e4hrung erfahren? <\/strong><\/p>\n\n\n\n<p class=\"has-text-align-center\" style=\"font-size:30px\">Dann empfehlen wir Ihnen an unserem BGM-Ern\u00e4hrungskurs <\/p>\n\n\n\n<p class=\"has-text-align-center\" style=\"font-size:30px\"><strong><em>\u201eiss dich fit \u2013 kl\u00fcger essen\u201c <\/em><\/strong><\/p>\n\n\n\n<p class=\"has-text-align-center\" style=\"font-size:30px\">teilzunehmen!<\/p>\n\n\n\n<div style=\"height:40px\" aria-hidden=\"true\" class=\"wp-block-spacer\"><\/div>\n\n\n<div class=\"wp-block-image is-style-default\">\n<figure class=\"aligncenter size-large is-resized\"><img loading=\"lazy\" decoding=\"async\" src=\"https:\/\/www.hsu-hh.de\/bgm\/wp-content\/uploads\/sites\/790\/2022\/07\/casserole-dish-g0cc522164_1920-1024x683.jpg\" data-credit=\"www.pixabay.com\" alt=\"Pfanne mit Gem\u00fcse\" class=\"wp-image-2062\" width=\"726\" height=\"484\" srcset=\"https:\/\/www.hsu-hh.de\/bgm\/wp-content\/uploads\/sites\/790\/2022\/07\/casserole-dish-g0cc522164_1920-1024x683.jpg 1024w, https:\/\/www.hsu-hh.de\/bgm\/wp-content\/uploads\/sites\/790\/2022\/07\/casserole-dish-g0cc522164_1920-300x200.jpg 300w, https:\/\/www.hsu-hh.de\/bgm\/wp-content\/uploads\/sites\/790\/2022\/07\/casserole-dish-g0cc522164_1920-768x512.jpg 768w, https:\/\/www.hsu-hh.de\/bgm\/wp-content\/uploads\/sites\/790\/2022\/07\/casserole-dish-g0cc522164_1920-1536x1024.jpg 1536w, https:\/\/www.hsu-hh.de\/bgm\/wp-content\/uploads\/sites\/790\/2022\/07\/casserole-dish-g0cc522164_1920-1100x733.jpg 1100w, https:\/\/www.hsu-hh.de\/bgm\/wp-content\/uploads\/sites\/790\/2022\/07\/casserole-dish-g0cc522164_1920.jpg 1920w\" sizes=\"auto, (max-width: 726px) 100vw, 726px\" \/><\/figure>\n<\/div>\n\n\n<div style=\"height:40px\" aria-hidden=\"true\" class=\"wp-block-spacer\"><\/div>\n\n\n\n<p class=\"has-text-align-center\" style=\"font-size:30px\"><strong>Der Kurs findet mit insgesamt acht Terminen statt.<\/strong><\/p>\n\n\n\n<p class=\"has-text-align-center\" style=\"font-size:30px\"><strong>Bei Anmeldung sollte eine Teilnahme an allen Terminen erfolgen.<\/strong><\/p>\n\n\n\n<div style=\"height:40px\" aria-hidden=\"true\" class=\"wp-block-spacer\"><\/div>\n\n\n\n<hr class=\"wp-block-separator has-css-opacity\" \/>\n\n\n\n<div style=\"height:40px\" aria-hidden=\"true\" class=\"wp-block-spacer\"><\/div>\n\n\n\n<div class=\"wp-block-media-text alignwide is-stacked-on-mobile\" style=\"grid-template-columns:39% auto\"><figure class=\"wp-block-media-text__media\"><img loading=\"lazy\" decoding=\"async\" width=\"1024\" height=\"1024\" src=\"https:\/\/www.hsu-hh.de\/bgm\/wp-content\/uploads\/sites\/790\/2022\/07\/calender-g1c79ddb15_1280-1024x1024.png\" data-credit=\"www.pixabay.com\" alt=\"Kalender\" class=\"wp-image-2081 size-full\" srcset=\"https:\/\/www.hsu-hh.de\/bgm\/wp-content\/uploads\/sites\/790\/2022\/07\/calender-g1c79ddb15_1280-1024x1024.png 1024w, https:\/\/www.hsu-hh.de\/bgm\/wp-content\/uploads\/sites\/790\/2022\/07\/calender-g1c79ddb15_1280-300x300.png 300w, https:\/\/www.hsu-hh.de\/bgm\/wp-content\/uploads\/sites\/790\/2022\/07\/calender-g1c79ddb15_1280-150x150.png 150w, https:\/\/www.hsu-hh.de\/bgm\/wp-content\/uploads\/sites\/790\/2022\/07\/calender-g1c79ddb15_1280-768x768.png 768w, https:\/\/www.hsu-hh.de\/bgm\/wp-content\/uploads\/sites\/790\/2022\/07\/calender-g1c79ddb15_1280-100x100.png 100w, https:\/\/www.hsu-hh.de\/bgm\/wp-content\/uploads\/sites\/790\/2022\/07\/calender-g1c79ddb15_1280-1100x1100.png 1100w, https:\/\/www.hsu-hh.de\/bgm\/wp-content\/uploads\/sites\/790\/2022\/07\/calender-g1c79ddb15_1280.png 1280w\" sizes=\"auto, (max-width: 1024px) 100vw, 1024px\" \/><\/figure><div class=\"wp-block-media-text__content\">\n<p class=\"has-medium-font-size\"><strong>Die Termine im \u00dcberblick:<\/strong><\/p>\n\n\n\n<ol class=\"wp-block-list\">\n<li>Dienstag, 09.08.2022 im H\u00f6rsaal 2<\/li>\n\n\n\n<li>Dienstag, 16.08.2022 im H\u00f6rsaal 2<\/li>\n\n\n\n<li>Dienstag, 23.08.2022 im H\u00f6rsaal 2<\/li>\n\n\n\n<li>Dienstag, 30.08.2022 im H\u00f6rsaal 2<\/li>\n\n\n\n<li>Montag, 05.09.2022 im H\u00f6rsaal 2<\/li>\n\n\n\n<li>Dienstag, 13.09.2022 im Komplexraum 1006<\/li>\n\n\n\n<li>Dienstag, 20.09.2022 im Komplexraum 1006<\/li>\n\n\n\n<li>Donnerstag, 29.09.2022 im Komplexraum 1006<\/li>\n<\/ol>\n\n\n\n<div style=\"height:40px\" aria-hidden=\"true\" class=\"wp-block-spacer\"><\/div>\n\n\n\n<p>Der Kurs findet an den <abbr title=\"oben genannt\">o.g.<\/abbr> Terminen jeweils <strong>von 13:00 &#8211; 14:00 Uhr<\/strong> statt.<\/p>\n<\/div><\/div>\n\n\n\n<div style=\"height:40px\" aria-hidden=\"true\" class=\"wp-block-spacer\"><\/div>\n\n\n\n<hr class=\"wp-block-separator has-css-opacity\" \/>\n\n\n\n<div style=\"height:40px\" aria-hidden=\"true\" class=\"wp-block-spacer\"><\/div>\n\n\n\n<div class=\"wp-block-media-text alignwide has-media-on-the-right is-stacked-on-mobile\" style=\"grid-template-columns:auto 39%\"><div class=\"wp-block-media-text__content\">\n<p class=\"has-medium-font-size\"><strong>Inhalte des Kurses werden u. a. folgende Themen sein:<\/strong><\/p>\n\n\n\n<ul class=\"wp-block-list\">\n<li>Kalorienbedarf berechnen<\/li>\n\n\n\n<li>Hunger, S\u00e4ttigung, Appetit &#8211; Warum essen wir?<\/li>\n\n\n\n<li>Magenverweildauer von Speisen<\/li>\n\n\n\n<li>Hei\u00dfhunger<\/li>\n\n\n\n<li>eigene Zuckermenge berechnen, Zuckerfallen<\/li>\n\n\n\n<li>Satt &amp; zufrieden mit Eiwei\u00df \u2013 auf die Kombination kommt es an<\/li>\n\n\n\n<li>Fett ist nicht gleich Fett &#8211; auf die Qualit\u00e4t kommt es an<\/li>\n\n\n\n<li>Qualit\u00e4t und Bewertung von Getr\u00e4nken<\/li>\n\n\n\n<li>Gem\u00fcse &amp; Obst einmal anders betrachtet<\/li>\n\n\n\n<li>Ern\u00e4hrungspyramide<\/li>\n\n\n\n<li>ideale Portionsgr\u00f6\u00dfen<\/li>\n<\/ul>\n<\/div><figure class=\"wp-block-media-text__media\"><img loading=\"lazy\" decoding=\"async\" width=\"1024\" height=\"1024\" src=\"https:\/\/www.hsu-hh.de\/bgm\/wp-content\/uploads\/sites\/790\/2022\/07\/note-ge80bb5fc1_1280-1024x1024.png\" data-credit=\"www.pixabay.com\" alt=\"Checkliste\" class=\"wp-image-2086 size-full\" srcset=\"https:\/\/www.hsu-hh.de\/bgm\/wp-content\/uploads\/sites\/790\/2022\/07\/note-ge80bb5fc1_1280-1024x1024.png 1024w, https:\/\/www.hsu-hh.de\/bgm\/wp-content\/uploads\/sites\/790\/2022\/07\/note-ge80bb5fc1_1280-300x300.png 300w, https:\/\/www.hsu-hh.de\/bgm\/wp-content\/uploads\/sites\/790\/2022\/07\/note-ge80bb5fc1_1280-150x150.png 150w, https:\/\/www.hsu-hh.de\/bgm\/wp-content\/uploads\/sites\/790\/2022\/07\/note-ge80bb5fc1_1280-768x768.png 768w, https:\/\/www.hsu-hh.de\/bgm\/wp-content\/uploads\/sites\/790\/2022\/07\/note-ge80bb5fc1_1280-100x100.png 100w, https:\/\/www.hsu-hh.de\/bgm\/wp-content\/uploads\/sites\/790\/2022\/07\/note-ge80bb5fc1_1280-1100x1100.png 1100w, https:\/\/www.hsu-hh.de\/bgm\/wp-content\/uploads\/sites\/790\/2022\/07\/note-ge80bb5fc1_1280.png 1280w\" sizes=\"auto, (max-width: 1024px) 100vw, 1024px\" \/><\/figure><\/div>\n\n\n\n<div style=\"height:40px\" aria-hidden=\"true\" class=\"wp-block-spacer\"><\/div>\n\n\n\n<hr class=\"wp-block-separator has-alpha-channel-opacity\" \/>\n\n\n\n<div style=\"height:40px\" aria-hidden=\"true\" class=\"wp-block-spacer\"><\/div>\n\n\n\n<div class=\"wp-block-media-text alignwide is-stacked-on-mobile\" style=\"grid-template-columns:43% auto\"><figure class=\"wp-block-media-text__media\"><img loading=\"lazy\" decoding=\"async\" width=\"1024\" height=\"1024\" src=\"https:\/\/www.hsu-hh.de\/bgm\/wp-content\/uploads\/sites\/790\/2022\/07\/light-bulb-g155fda767_1280-1024x1024.png\" data-credit=\"www.pixabay.com\" alt=\"Gl\u00fchbirne\" class=\"wp-image-2085 size-full\" srcset=\"https:\/\/www.hsu-hh.de\/bgm\/wp-content\/uploads\/sites\/790\/2022\/07\/light-bulb-g155fda767_1280-1024x1024.png 1024w, https:\/\/www.hsu-hh.de\/bgm\/wp-content\/uploads\/sites\/790\/2022\/07\/light-bulb-g155fda767_1280-300x300.png 300w, https:\/\/www.hsu-hh.de\/bgm\/wp-content\/uploads\/sites\/790\/2022\/07\/light-bulb-g155fda767_1280-150x150.png 150w, https:\/\/www.hsu-hh.de\/bgm\/wp-content\/uploads\/sites\/790\/2022\/07\/light-bulb-g155fda767_1280-768x768.png 768w, https:\/\/www.hsu-hh.de\/bgm\/wp-content\/uploads\/sites\/790\/2022\/07\/light-bulb-g155fda767_1280-100x100.png 100w, https:\/\/www.hsu-hh.de\/bgm\/wp-content\/uploads\/sites\/790\/2022\/07\/light-bulb-g155fda767_1280-1100x1100.png 1100w, https:\/\/www.hsu-hh.de\/bgm\/wp-content\/uploads\/sites\/790\/2022\/07\/light-bulb-g155fda767_1280.png 1280w\" sizes=\"auto, (max-width: 1024px) 100vw, 1024px\" \/><\/figure><div class=\"wp-block-media-text__content\">\n<p class=\"has-medium-font-size\"><strong>Ziele<\/strong><\/p>\n\n\n\n<ul class=\"wp-block-list\">\n<li>Selbstreflektion<\/li>\n\n\n\n<li>Motivation<\/li>\n\n\n\n<li>Tipps &amp; Tricks<\/li>\n\n\n\n<li>L\u00f6sungsm\u00f6glichkeiten<\/li>\n<\/ul>\n<\/div><\/div>\n\n\n\n<p><\/p>\n","protected":false},"excerpt":{"rendered":"<p>M\u00f6chten Sie mehr zu dem Thema Ern\u00e4hrung erfahren? Dann empfehlen wir Ihnen an unserem BGM-Ern\u00e4hrungskurs \u201eiss dich fit \u2013 kl\u00fcger essen\u201c teilzunehmen! Der Kurs findet mit insgesamt acht Terminen statt. [&hellip;]<\/p>\n","protected":false},"author":153,"featured_media":0,"parent":0,"menu_order":0,"comment_status":"closed","ping_status":"closed","template":"","meta":{"footnotes":""},"categories":[4],"tags":[],"class_list":["post-2553","page","type-page","status-publish","hentry","category-forschung"],"_links":{"self":[{"href":"https:\/\/www.hsu-hh.de\/bgm\/wp-json\/wp\/v2\/pages\/2553","targetHints":{"allow":["GET"]}}],"collection":[{"href":"https:\/\/www.hsu-hh.de\/bgm\/wp-json\/wp\/v2\/pages"}],"about":[{"href":"https:\/\/www.hsu-hh.de\/bgm\/wp-json\/wp\/v2\/types\/page"}],"author":[{"embeddable":true,"href":"https:\/\/www.hsu-hh.de\/bgm\/wp-json\/wp\/v2\/users\/153"}],"replies":[{"embeddable":true,"href":"https:\/\/www.hsu-hh.de\/bgm\/wp-json\/wp\/v2\/comments?post=2553"}],"version-history":[{"count":2,"href":"https:\/\/www.hsu-hh.de\/bgm\/wp-json\/wp\/v2\/pages\/2553\/revisions"}],"predecessor-version":[{"id":2556,"href":"https:\/\/www.hsu-hh.de\/bgm\/wp-json\/wp\/v2\/pages\/2553\/revisions\/2556"}],"wp:attachment":[{"href":"https:\/\/www.hsu-hh.de\/bgm\/wp-json\/wp\/v2\/media?parent=2553"}],"wp:term":[{"taxonomy":"category","embeddable":true,"href":"https:\/\/www.hsu-hh.de\/bgm\/wp-json\/wp\/v2\/categories?post=2553"},{"taxonomy":"post_tag","embeddable":true,"href":"https:\/\/www.hsu-hh.de\/bgm\/wp-json\/wp\/v2\/tags?post=2553"}],"curies":[{"name":"wp","href":"https:\/\/api.w.org\/{rel}","templated":true}]}}