{"id":2437,"date":"2023-06-08T16:32:45","date_gmt":"2023-06-08T14:32:45","guid":{"rendered":"https:\/\/www.hsu-hh.de\/bgm\/?page_id=2437"},"modified":"2023-08-08T07:50:06","modified_gmt":"2023-08-08T05:50:06","slug":"suesse-snacks","status":"publish","type":"page","link":"https:\/\/www.hsu-hh.de\/bgm\/suesse-snacks","title":{"rendered":"S\u00fc\u00dfe Snacks"},"content":{"rendered":"\n<p class=\"has-text-align-center has-grey-background-color has-background\" style=\"font-size:25px\"><strong>Hier finden Sie alle Rezepte zum Thema &#8222;s\u00fc\u00dfe Snacks&#8220;.<\/strong> <strong>Von M\u00fcsliriegeln, \u00fcber Energieb\u00e4llchen<\/strong> <strong>und Eis &#8211; hier sollte f\u00fcr alle etwas dabei sein!<\/strong><\/p>\n\n\n\n<div style=\"height:50px\" aria-hidden=\"true\" class=\"wp-block-spacer\"><\/div>\n\n\n<div class=\"wp-block-image\">\n<figure class=\"aligncenter size-large is-resized\"><img loading=\"lazy\" decoding=\"async\" src=\"https:\/\/www.hsu-hh.de\/bgm\/wp-content\/uploads\/sites\/790\/2023\/06\/pexels-ella-olsson-3026806-scaled-e1686234106581-1024x591.jpg\" data-credit=\"www.pexels.com\" alt=\"M\u00fcsliriegel\" class=\"wp-image-2410\" width=\"512\" height=\"296\" srcset=\"https:\/\/www.hsu-hh.de\/bgm\/wp-content\/uploads\/sites\/790\/2023\/06\/pexels-ella-olsson-3026806-scaled-e1686234106581-1024x591.jpg 1024w, https:\/\/www.hsu-hh.de\/bgm\/wp-content\/uploads\/sites\/790\/2023\/06\/pexels-ella-olsson-3026806-scaled-e1686234106581-300x173.jpg 300w, https:\/\/www.hsu-hh.de\/bgm\/wp-content\/uploads\/sites\/790\/2023\/06\/pexels-ella-olsson-3026806-scaled-e1686234106581-768x443.jpg 768w, https:\/\/www.hsu-hh.de\/bgm\/wp-content\/uploads\/sites\/790\/2023\/06\/pexels-ella-olsson-3026806-scaled-e1686234106581-1536x887.jpg 1536w, https:\/\/www.hsu-hh.de\/bgm\/wp-content\/uploads\/sites\/790\/2023\/06\/pexels-ella-olsson-3026806-scaled-e1686234106581-2048x1182.jpg 2048w, https:\/\/www.hsu-hh.de\/bgm\/wp-content\/uploads\/sites\/790\/2023\/06\/pexels-ella-olsson-3026806-scaled-e1686234106581-1100x635.jpg 1100w\" sizes=\"auto, (max-width: 512px) 100vw, 512px\" \/><\/figure>\n<\/div>\n\n\n<div style=\"height:50px\" aria-hidden=\"true\" class=\"wp-block-spacer\"><\/div>\n\n\n\n<hr class=\"wp-block-separator has-alpha-channel-opacity\" \/>\n\n\n\n<div style=\"height:50px\" aria-hidden=\"true\" class=\"wp-block-spacer\"><\/div>\n\n\n\n<div class=\"wp-block-media-text alignwide is-stacked-on-mobile\" style=\"grid-template-columns:15% auto\"><figure class=\"wp-block-media-text__media\"><img loading=\"lazy\" decoding=\"async\" width=\"1024\" height=\"1020\" src=\"https:\/\/www.hsu-hh.de\/bgm\/wp-content\/uploads\/sites\/790\/2023\/08\/ophelie-pgt-LKr0kSqMAEE-unsplash-1024x1020.jpg\" data-credit=\"www.unsplash.com\" alt=\"Energiekugeln\" class=\"wp-image-2973 size-full\" srcset=\"https:\/\/www.hsu-hh.de\/bgm\/wp-content\/uploads\/sites\/790\/2023\/08\/ophelie-pgt-LKr0kSqMAEE-unsplash-1024x1020.jpg 1024w, https:\/\/www.hsu-hh.de\/bgm\/wp-content\/uploads\/sites\/790\/2023\/08\/ophelie-pgt-LKr0kSqMAEE-unsplash-300x300.jpg 300w, https:\/\/www.hsu-hh.de\/bgm\/wp-content\/uploads\/sites\/790\/2023\/08\/ophelie-pgt-LKr0kSqMAEE-unsplash-150x150.jpg 150w, https:\/\/www.hsu-hh.de\/bgm\/wp-content\/uploads\/sites\/790\/2023\/08\/ophelie-pgt-LKr0kSqMAEE-unsplash-768x765.jpg 768w, https:\/\/www.hsu-hh.de\/bgm\/wp-content\/uploads\/sites\/790\/2023\/08\/ophelie-pgt-LKr0kSqMAEE-unsplash-1536x1530.jpg 1536w, https:\/\/www.hsu-hh.de\/bgm\/wp-content\/uploads\/sites\/790\/2023\/08\/ophelie-pgt-LKr0kSqMAEE-unsplash-2048x2040.jpg 2048w, https:\/\/www.hsu-hh.de\/bgm\/wp-content\/uploads\/sites\/790\/2023\/08\/ophelie-pgt-LKr0kSqMAEE-unsplash-100x100.jpg 100w, https:\/\/www.hsu-hh.de\/bgm\/wp-content\/uploads\/sites\/790\/2023\/08\/ophelie-pgt-LKr0kSqMAEE-unsplash-1100x1096.jpg 1100w\" sizes=\"auto, (max-width: 1024px) 100vw, 1024px\" \/><\/figure><div class=\"wp-block-media-text__content\">\n<div class=\"wp-block-hsu-downloadblock\"><div class=\"thumbnail-area\"><img decoding=\"async\" src=\"\/wp-content\/themes\/hsu\/img\/dummy\/downloads_dummy.png\" data-credit=\"www.unsplash.com\" alt=\"Download Symbol-Icon\" \/><\/div><div class=\"text-area\"> Gesunde Energiekugeln<\/div><div class=\"download-area\"><a class=\"download-link\" href=\"https:\/\/www.hsu-hh.de\/bgm\/wp-content\/uploads\/sites\/790\/2023\/08\/Gesunde-Energiekugeln.pdf\"><span class=\"download-name\">pdf laden<\/span><span class=\"download-icon\"><img decoding=\"async\" class=\"download-icon\" data-credit=\"www.unsplash.com\" alt=\"download icon\" src=\"\/wp-content\/themes\/hsu\/img\/icons\/download_icon.png\" \/><\/span><span class=\"download-size\">566 kB<\/span><\/a><\/div><\/div>\n<\/div><\/div>\n","protected":false},"excerpt":{"rendered":"<p>Hier finden Sie alle Rezepte zum Thema &#8222;s\u00fc\u00dfe Snacks&#8220;. Von M\u00fcsliriegeln, \u00fcber Energieb\u00e4llchen und Eis &#8211; hier sollte f\u00fcr alle etwas dabei sein!<\/p>\n","protected":false},"author":153,"featured_media":0,"parent":0,"menu_order":0,"comment_status":"closed","ping_status":"closed","template":"","meta":{"footnotes":""},"categories":[4],"tags":[],"class_list":["post-2437","page","type-page","status-publish","hentry","category-forschung"],"_links":{"self":[{"href":"https:\/\/www.hsu-hh.de\/bgm\/wp-json\/wp\/v2\/pages\/2437","targetHints":{"allow":["GET"]}}],"collection":[{"href":"https:\/\/www.hsu-hh.de\/bgm\/wp-json\/wp\/v2\/pages"}],"about":[{"href":"https:\/\/www.hsu-hh.de\/bgm\/wp-json\/wp\/v2\/types\/page"}],"author":[{"embeddable":true,"href":"https:\/\/www.hsu-hh.de\/bgm\/wp-json\/wp\/v2\/users\/153"}],"replies":[{"embeddable":true,"href":"https:\/\/www.hsu-hh.de\/bgm\/wp-json\/wp\/v2\/comments?post=2437"}],"version-history":[{"count":6,"href":"https:\/\/www.hsu-hh.de\/bgm\/wp-json\/wp\/v2\/pages\/2437\/revisions"}],"predecessor-version":[{"id":2976,"href":"https:\/\/www.hsu-hh.de\/bgm\/wp-json\/wp\/v2\/pages\/2437\/revisions\/2976"}],"wp:attachment":[{"href":"https:\/\/www.hsu-hh.de\/bgm\/wp-json\/wp\/v2\/media?parent=2437"}],"wp:term":[{"taxonomy":"category","embeddable":true,"href":"https:\/\/www.hsu-hh.de\/bgm\/wp-json\/wp\/v2\/categories?post=2437"},{"taxonomy":"post_tag","embeddable":true,"href":"https:\/\/www.hsu-hh.de\/bgm\/wp-json\/wp\/v2\/tags?post=2437"}],"curies":[{"name":"wp","href":"https:\/\/api.w.org\/{rel}","templated":true}]}}