{"id":2429,"date":"2023-06-08T16:32:03","date_gmt":"2023-06-08T14:32:03","guid":{"rendered":"https:\/\/www.hsu-hh.de\/bgm\/?page_id=2429"},"modified":"2023-06-12T12:01:57","modified_gmt":"2023-06-12T10:01:57","slug":"fruehstueck","status":"publish","type":"page","link":"https:\/\/www.hsu-hh.de\/bgm\/fruehstueck","title":{"rendered":"Fr\u00fchst\u00fcck"},"content":{"rendered":"\n<p class=\"has-text-align-center has-grey-background-color has-background\" style=\"font-size:25px\"><strong>Egal ob M\u00fcsli, Pancakes, Smoothie, Obstbowl, Porridge oder Sandwiches! Hier finden Sie alle unsere Fr\u00fchst\u00fccksrezepte.<\/strong><\/p>\n\n\n\n<div style=\"height:50px\" aria-hidden=\"true\" class=\"wp-block-spacer\"><\/div>\n\n\n<div class=\"wp-block-image\">\n<figure class=\"aligncenter size-large is-resized\"><img loading=\"lazy\" decoding=\"async\" src=\"https:\/\/www.hsu-hh.de\/bgm\/wp-content\/uploads\/sites\/790\/2023\/06\/pexels-ovidiu-creanga-1495534-scaled-e1686234211818-1024x591.jpg\" data-credit=\"www.pexels.com\" alt=\"M\u00fcsli\" class=\"wp-image-2414\" width=\"512\" height=\"296\" srcset=\"https:\/\/www.hsu-hh.de\/bgm\/wp-content\/uploads\/sites\/790\/2023\/06\/pexels-ovidiu-creanga-1495534-scaled-e1686234211818-1024x591.jpg 1024w, https:\/\/www.hsu-hh.de\/bgm\/wp-content\/uploads\/sites\/790\/2023\/06\/pexels-ovidiu-creanga-1495534-scaled-e1686234211818-300x173.jpg 300w, https:\/\/www.hsu-hh.de\/bgm\/wp-content\/uploads\/sites\/790\/2023\/06\/pexels-ovidiu-creanga-1495534-scaled-e1686234211818-768x443.jpg 768w, https:\/\/www.hsu-hh.de\/bgm\/wp-content\/uploads\/sites\/790\/2023\/06\/pexels-ovidiu-creanga-1495534-scaled-e1686234211818-1536x887.jpg 1536w, https:\/\/www.hsu-hh.de\/bgm\/wp-content\/uploads\/sites\/790\/2023\/06\/pexels-ovidiu-creanga-1495534-scaled-e1686234211818-2048x1182.jpg 2048w, https:\/\/www.hsu-hh.de\/bgm\/wp-content\/uploads\/sites\/790\/2023\/06\/pexels-ovidiu-creanga-1495534-scaled-e1686234211818-1100x635.jpg 1100w\" sizes=\"auto, (max-width: 512px) 100vw, 512px\" \/><\/figure>\n<\/div>\n\n\n<div style=\"height:50px\" aria-hidden=\"true\" class=\"wp-block-spacer\"><\/div>\n\n\n\n<hr class=\"wp-block-separator has-alpha-channel-opacity\" \/>\n\n\n\n<div style=\"height:50px\" aria-hidden=\"true\" class=\"wp-block-spacer\"><\/div>\n\n\n\n<p><\/p>\n","protected":false},"excerpt":{"rendered":"<p>Egal ob M\u00fcsli, Pancakes, Smoothie, Obstbowl, Porridge oder Sandwiches! Hier finden Sie alle unsere Fr\u00fchst\u00fccksrezepte.<\/p>\n","protected":false},"author":153,"featured_media":0,"parent":0,"menu_order":0,"comment_status":"closed","ping_status":"closed","template":"","meta":{"footnotes":""},"categories":[4],"tags":[],"class_list":["post-2429","page","type-page","status-publish","hentry","category-forschung"],"_links":{"self":[{"href":"https:\/\/www.hsu-hh.de\/bgm\/wp-json\/wp\/v2\/pages\/2429","targetHints":{"allow":["GET"]}}],"collection":[{"href":"https:\/\/www.hsu-hh.de\/bgm\/wp-json\/wp\/v2\/pages"}],"about":[{"href":"https:\/\/www.hsu-hh.de\/bgm\/wp-json\/wp\/v2\/types\/page"}],"author":[{"embeddable":true,"href":"https:\/\/www.hsu-hh.de\/bgm\/wp-json\/wp\/v2\/users\/153"}],"replies":[{"embeddable":true,"href":"https:\/\/www.hsu-hh.de\/bgm\/wp-json\/wp\/v2\/comments?post=2429"}],"version-history":[{"count":3,"href":"https:\/\/www.hsu-hh.de\/bgm\/wp-json\/wp\/v2\/pages\/2429\/revisions"}],"predecessor-version":[{"id":2469,"href":"https:\/\/www.hsu-hh.de\/bgm\/wp-json\/wp\/v2\/pages\/2429\/revisions\/2469"}],"wp:attachment":[{"href":"https:\/\/www.hsu-hh.de\/bgm\/wp-json\/wp\/v2\/media?parent=2429"}],"wp:term":[{"taxonomy":"category","embeddable":true,"href":"https:\/\/www.hsu-hh.de\/bgm\/wp-json\/wp\/v2\/categories?post=2429"},{"taxonomy":"post_tag","embeddable":true,"href":"https:\/\/www.hsu-hh.de\/bgm\/wp-json\/wp\/v2\/tags?post=2429"}],"curies":[{"name":"wp","href":"https:\/\/api.w.org\/{rel}","templated":true}]}}