{"id":2326,"date":"2023-06-08T15:53:22","date_gmt":"2023-06-08T13:53:22","guid":{"rendered":"https:\/\/www.hsu-hh.de\/bgm\/?page_id=2326"},"modified":"2023-07-05T09:22:23","modified_gmt":"2023-07-05T07:22:23","slug":"rezepte","status":"publish","type":"page","link":"https:\/\/www.hsu-hh.de\/bgm\/rezepte","title":{"rendered":"Rezepte"},"content":{"rendered":"\n<div style=\"height:50px\" aria-hidden=\"true\" class=\"wp-block-spacer\"><\/div>\n\n\n\n<p class=\"has-text-align-center has-large-font-size\">Hier finden Sie das Rezeptearchiv der <abbr title=\"Helmut Schmidt Universit\u00e4t\">HSU<\/abbr>\/UniBw H.<\/p>\n\n\n\n<hr class=\"wp-block-separator has-alpha-channel-opacity\" \/>\n\n\n\n<div style=\"height:40px\" aria-hidden=\"true\" class=\"wp-block-spacer\"><\/div>\n\n\n\n<div class=\"wp-block-columns is-layout-flex wp-container-core-columns-is-layout-9d6595d7 wp-block-columns-is-layout-flex\">\n<div class=\"wp-block-column is-layout-flow wp-block-column-is-layout-flow\">\n<p class=\"has-text-align-center has-grey-background-color has-background\" style=\"font-size:25px\"><a href=\"https:\/\/www.hsu-hh.de\/bgm\/backen\" data-type=\"page\" data-id=\"2423\">Backen<\/a><\/p>\n\n\n<div class=\"wp-block-image\">\n<figure class=\"aligncenter size-large\"><img loading=\"lazy\" decoding=\"async\" width=\"1024\" height=\"591\" src=\"https:\/\/www.hsu-hh.de\/bgm\/wp-content\/uploads\/sites\/790\/2023\/06\/pexels-ksenia-chernaya-3952077-scaled-e1686234163750-1024x591.jpg\" data-credit=\"www.pexels.com\" alt=\"Backen\" class=\"wp-image-2412\" srcset=\"https:\/\/www.hsu-hh.de\/bgm\/wp-content\/uploads\/sites\/790\/2023\/06\/pexels-ksenia-chernaya-3952077-scaled-e1686234163750-1024x591.jpg 1024w, https:\/\/www.hsu-hh.de\/bgm\/wp-content\/uploads\/sites\/790\/2023\/06\/pexels-ksenia-chernaya-3952077-scaled-e1686234163750-300x173.jpg 300w, https:\/\/www.hsu-hh.de\/bgm\/wp-content\/uploads\/sites\/790\/2023\/06\/pexels-ksenia-chernaya-3952077-scaled-e1686234163750-768x443.jpg 768w, https:\/\/www.hsu-hh.de\/bgm\/wp-content\/uploads\/sites\/790\/2023\/06\/pexels-ksenia-chernaya-3952077-scaled-e1686234163750-1536x887.jpg 1536w, https:\/\/www.hsu-hh.de\/bgm\/wp-content\/uploads\/sites\/790\/2023\/06\/pexels-ksenia-chernaya-3952077-scaled-e1686234163750-2048x1182.jpg 2048w, https:\/\/www.hsu-hh.de\/bgm\/wp-content\/uploads\/sites\/790\/2023\/06\/pexels-ksenia-chernaya-3952077-scaled-e1686234163750-1100x635.jpg 1100w\" sizes=\"auto, (max-width: 1024px) 100vw, 1024px\" \/><\/figure>\n<\/div><\/div>\n\n\n\n<div class=\"wp-block-column is-layout-flow wp-block-column-is-layout-flow\">\n<p class=\"has-text-align-center has-grey-background-color has-background\" style=\"font-size:25px\"><a href=\"https:\/\/www.hsu-hh.de\/bgm\/dips\" data-type=\"page\" data-id=\"2427\">Dips<\/a><\/p>\n\n\n\n<figure class=\"wp-block-image size-large\"><img loading=\"lazy\" decoding=\"async\" width=\"1024\" height=\"591\" src=\"https:\/\/www.hsu-hh.de\/bgm\/wp-content\/uploads\/sites\/790\/2023\/06\/pexels-naim-benjelloun-1618898-scaled-e1686234190995-1024x591.jpg\" data-credit=\"www.pexels.com\" alt=\"Dips\" class=\"wp-image-2413\" srcset=\"https:\/\/www.hsu-hh.de\/bgm\/wp-content\/uploads\/sites\/790\/2023\/06\/pexels-naim-benjelloun-1618898-scaled-e1686234190995-1024x591.jpg 1024w, https:\/\/www.hsu-hh.de\/bgm\/wp-content\/uploads\/sites\/790\/2023\/06\/pexels-naim-benjelloun-1618898-scaled-e1686234190995-300x173.jpg 300w, https:\/\/www.hsu-hh.de\/bgm\/wp-content\/uploads\/sites\/790\/2023\/06\/pexels-naim-benjelloun-1618898-scaled-e1686234190995-768x443.jpg 768w, https:\/\/www.hsu-hh.de\/bgm\/wp-content\/uploads\/sites\/790\/2023\/06\/pexels-naim-benjelloun-1618898-scaled-e1686234190995-1536x887.jpg 1536w, https:\/\/www.hsu-hh.de\/bgm\/wp-content\/uploads\/sites\/790\/2023\/06\/pexels-naim-benjelloun-1618898-scaled-e1686234190995-2048x1182.jpg 2048w, https:\/\/www.hsu-hh.de\/bgm\/wp-content\/uploads\/sites\/790\/2023\/06\/pexels-naim-benjelloun-1618898-scaled-e1686234190995-1100x635.jpg 1100w\" sizes=\"auto, (max-width: 1024px) 100vw, 1024px\" \/><\/figure>\n<\/div>\n\n\n\n<div class=\"wp-block-column is-layout-flow wp-block-column-is-layout-flow\">\n<p class=\"has-text-align-center has-grey-background-color has-background\" style=\"font-size:25px\"><a href=\"https:\/\/www.hsu-hh.de\/bgm\/fruehstueck\">Fr\u00fchst\u00fcck<\/a><\/p>\n\n\n<div class=\"wp-block-image\">\n<figure class=\"aligncenter size-large\"><img loading=\"lazy\" decoding=\"async\" width=\"1024\" height=\"591\" src=\"https:\/\/www.hsu-hh.de\/bgm\/wp-content\/uploads\/sites\/790\/2023\/06\/pexels-ovidiu-creanga-1495534-scaled-e1686234211818-1024x591.jpg\" data-credit=\"www.pexels.com\" alt=\"M\u00fcsli\" class=\"wp-image-2414\" srcset=\"https:\/\/www.hsu-hh.de\/bgm\/wp-content\/uploads\/sites\/790\/2023\/06\/pexels-ovidiu-creanga-1495534-scaled-e1686234211818-1024x591.jpg 1024w, https:\/\/www.hsu-hh.de\/bgm\/wp-content\/uploads\/sites\/790\/2023\/06\/pexels-ovidiu-creanga-1495534-scaled-e1686234211818-300x173.jpg 300w, https:\/\/www.hsu-hh.de\/bgm\/wp-content\/uploads\/sites\/790\/2023\/06\/pexels-ovidiu-creanga-1495534-scaled-e1686234211818-768x443.jpg 768w, https:\/\/www.hsu-hh.de\/bgm\/wp-content\/uploads\/sites\/790\/2023\/06\/pexels-ovidiu-creanga-1495534-scaled-e1686234211818-1536x887.jpg 1536w, https:\/\/www.hsu-hh.de\/bgm\/wp-content\/uploads\/sites\/790\/2023\/06\/pexels-ovidiu-creanga-1495534-scaled-e1686234211818-2048x1182.jpg 2048w, https:\/\/www.hsu-hh.de\/bgm\/wp-content\/uploads\/sites\/790\/2023\/06\/pexels-ovidiu-creanga-1495534-scaled-e1686234211818-1100x635.jpg 1100w\" sizes=\"auto, (max-width: 1024px) 100vw, 1024px\" \/><\/figure>\n<\/div><\/div>\n<\/div>\n\n\n\n<div style=\"height:55px\" aria-hidden=\"true\" class=\"wp-block-spacer\"><\/div>\n\n\n\n<div class=\"wp-block-columns is-layout-flex wp-container-core-columns-is-layout-9d6595d7 wp-block-columns-is-layout-flex\">\n<div class=\"wp-block-column is-layout-flow wp-block-column-is-layout-flow\">\n<p class=\"has-text-align-center has-grey-background-color has-background\" style=\"font-size:25px\"><a href=\"https:\/\/www.hsu-hh.de\/bgm\/getraenke\" data-type=\"page\" data-id=\"2425\">Getr\u00e4nke<\/a><\/p>\n\n\n<div class=\"wp-block-image\">\n<figure class=\"aligncenter size-large is-resized\"><img loading=\"lazy\" decoding=\"async\" src=\"https:\/\/www.hsu-hh.de\/bgm\/wp-content\/uploads\/sites\/790\/2023\/06\/kaizen-nguy-n-jcLcWL8D7AQ-unsplash-1024x636.jpg\" data-credit=\"www.unsplash.com\" alt=\"Getr\u00e4nke\" class=\"wp-image-2486\" width=\"328\" height=\"204\" srcset=\"https:\/\/www.hsu-hh.de\/bgm\/wp-content\/uploads\/sites\/790\/2023\/06\/kaizen-nguy-n-jcLcWL8D7AQ-unsplash-1024x636.jpg 1024w, https:\/\/www.hsu-hh.de\/bgm\/wp-content\/uploads\/sites\/790\/2023\/06\/kaizen-nguy-n-jcLcWL8D7AQ-unsplash-300x186.jpg 300w, https:\/\/www.hsu-hh.de\/bgm\/wp-content\/uploads\/sites\/790\/2023\/06\/kaizen-nguy-n-jcLcWL8D7AQ-unsplash-768x477.jpg 768w, https:\/\/www.hsu-hh.de\/bgm\/wp-content\/uploads\/sites\/790\/2023\/06\/kaizen-nguy-n-jcLcWL8D7AQ-unsplash-1536x954.jpg 1536w, https:\/\/www.hsu-hh.de\/bgm\/wp-content\/uploads\/sites\/790\/2023\/06\/kaizen-nguy-n-jcLcWL8D7AQ-unsplash-2048x1272.jpg 2048w, https:\/\/www.hsu-hh.de\/bgm\/wp-content\/uploads\/sites\/790\/2023\/06\/kaizen-nguy-n-jcLcWL8D7AQ-unsplash-1100x683.jpg 1100w\" sizes=\"auto, (max-width: 328px) 100vw, 328px\" \/><\/figure>\n<\/div><\/div>\n\n\n\n<div class=\"wp-block-column is-layout-flow wp-block-column-is-layout-flow\">\n<p class=\"has-text-align-center has-grey-background-color has-background\" style=\"font-size:25px\"><a href=\"https:\/\/www.hsu-hh.de\/bgm\/hauptgerichte\" data-type=\"page\" data-id=\"2431\">Hauptgerichte<\/a><\/p>\n\n\n\n<figure class=\"wp-block-image size-large\"><img loading=\"lazy\" decoding=\"async\" width=\"1024\" height=\"591\" src=\"https:\/\/www.hsu-hh.de\/bgm\/wp-content\/uploads\/sites\/790\/2023\/06\/pexels-jane-doan-769969-scaled-e1686234137864-1024x591.jpg\" data-credit=\"www.pexels.com\" alt=\"Nudeln\" class=\"wp-image-2411\" srcset=\"https:\/\/www.hsu-hh.de\/bgm\/wp-content\/uploads\/sites\/790\/2023\/06\/pexels-jane-doan-769969-scaled-e1686234137864-1024x591.jpg 1024w, https:\/\/www.hsu-hh.de\/bgm\/wp-content\/uploads\/sites\/790\/2023\/06\/pexels-jane-doan-769969-scaled-e1686234137864-300x173.jpg 300w, https:\/\/www.hsu-hh.de\/bgm\/wp-content\/uploads\/sites\/790\/2023\/06\/pexels-jane-doan-769969-scaled-e1686234137864-768x443.jpg 768w, https:\/\/www.hsu-hh.de\/bgm\/wp-content\/uploads\/sites\/790\/2023\/06\/pexels-jane-doan-769969-scaled-e1686234137864-1536x887.jpg 1536w, https:\/\/www.hsu-hh.de\/bgm\/wp-content\/uploads\/sites\/790\/2023\/06\/pexels-jane-doan-769969-scaled-e1686234137864-2048x1182.jpg 2048w, https:\/\/www.hsu-hh.de\/bgm\/wp-content\/uploads\/sites\/790\/2023\/06\/pexels-jane-doan-769969-scaled-e1686234137864-1100x635.jpg 1100w\" sizes=\"auto, (max-width: 1024px) 100vw, 1024px\" \/><\/figure>\n<\/div>\n\n\n\n<div class=\"wp-block-column is-layout-flow wp-block-column-is-layout-flow\">\n<p class=\"has-text-align-center has-grey-background-color has-background\" style=\"font-size:25px\"><a href=\"https:\/\/www.hsu-hh.de\/bgm\/herzhafte-snacks\" data-type=\"page\" data-id=\"2433\">Herzhafte Snacks<\/a><\/p>\n\n\n\n<figure class=\"wp-block-image size-large\"><img loading=\"lazy\" decoding=\"async\" width=\"1024\" height=\"591\" src=\"https:\/\/www.hsu-hh.de\/bgm\/wp-content\/uploads\/sites\/790\/2023\/06\/pexels-dana-tentis-364657-scaled-e1686234058285-1024x591.jpg\" data-credit=\"www.pexels.com\" alt=\"Zucchini-Taler\" class=\"wp-image-2409\" srcset=\"https:\/\/www.hsu-hh.de\/bgm\/wp-content\/uploads\/sites\/790\/2023\/06\/pexels-dana-tentis-364657-scaled-e1686234058285-1024x591.jpg 1024w, https:\/\/www.hsu-hh.de\/bgm\/wp-content\/uploads\/sites\/790\/2023\/06\/pexels-dana-tentis-364657-scaled-e1686234058285-300x173.jpg 300w, https:\/\/www.hsu-hh.de\/bgm\/wp-content\/uploads\/sites\/790\/2023\/06\/pexels-dana-tentis-364657-scaled-e1686234058285-768x443.jpg 768w, https:\/\/www.hsu-hh.de\/bgm\/wp-content\/uploads\/sites\/790\/2023\/06\/pexels-dana-tentis-364657-scaled-e1686234058285-1536x887.jpg 1536w, https:\/\/www.hsu-hh.de\/bgm\/wp-content\/uploads\/sites\/790\/2023\/06\/pexels-dana-tentis-364657-scaled-e1686234058285-2048x1182.jpg 2048w, https:\/\/www.hsu-hh.de\/bgm\/wp-content\/uploads\/sites\/790\/2023\/06\/pexels-dana-tentis-364657-scaled-e1686234058285-1100x635.jpg 1100w\" sizes=\"auto, (max-width: 1024px) 100vw, 1024px\" \/><\/figure>\n<\/div>\n<\/div>\n\n\n\n<div style=\"height:55px\" aria-hidden=\"true\" class=\"wp-block-spacer\"><\/div>\n\n\n\n<div class=\"wp-block-columns is-layout-flex wp-container-core-columns-is-layout-9d6595d7 wp-block-columns-is-layout-flex\">\n<div class=\"wp-block-column is-layout-flow wp-block-column-is-layout-flow\">\n<p class=\"has-text-align-center has-grey-background-color has-background\" style=\"font-size:25px\"><a href=\"https:\/\/www.hsu-hh.de\/bgm\/salate\" data-type=\"page\" data-id=\"2435\">Salate<\/a><\/p>\n\n\n\n<figure class=\"wp-block-image size-large\"><img loading=\"lazy\" decoding=\"async\" width=\"1024\" height=\"591\" src=\"https:\/\/www.hsu-hh.de\/bgm\/wp-content\/uploads\/sites\/790\/2023\/06\/pexels-jill-wellington-257816-scaled-e1686234296915-1024x591.jpg\" data-credit=\"www.pexels.com\" alt=\"Salat\" class=\"wp-image-2417\" srcset=\"https:\/\/www.hsu-hh.de\/bgm\/wp-content\/uploads\/sites\/790\/2023\/06\/pexels-jill-wellington-257816-scaled-e1686234296915-1024x591.jpg 1024w, https:\/\/www.hsu-hh.de\/bgm\/wp-content\/uploads\/sites\/790\/2023\/06\/pexels-jill-wellington-257816-scaled-e1686234296915-300x173.jpg 300w, https:\/\/www.hsu-hh.de\/bgm\/wp-content\/uploads\/sites\/790\/2023\/06\/pexels-jill-wellington-257816-scaled-e1686234296915-768x443.jpg 768w, https:\/\/www.hsu-hh.de\/bgm\/wp-content\/uploads\/sites\/790\/2023\/06\/pexels-jill-wellington-257816-scaled-e1686234296915-1536x887.jpg 1536w, https:\/\/www.hsu-hh.de\/bgm\/wp-content\/uploads\/sites\/790\/2023\/06\/pexels-jill-wellington-257816-scaled-e1686234296915-2048x1182.jpg 2048w, https:\/\/www.hsu-hh.de\/bgm\/wp-content\/uploads\/sites\/790\/2023\/06\/pexels-jill-wellington-257816-scaled-e1686234296915-1100x635.jpg 1100w\" sizes=\"auto, (max-width: 1024px) 100vw, 1024px\" \/><\/figure>\n<\/div>\n\n\n\n<div class=\"wp-block-column is-layout-flow wp-block-column-is-layout-flow\">\n<p class=\"has-text-align-center has-grey-background-color has-background\" style=\"font-size:25px\"><a href=\"https:\/\/www.hsu-hh.de\/bgm\/suesse-snacks\" data-type=\"page\" data-id=\"2437\">S\u00fc\u00dfe Snacks<\/a><\/p>\n\n\n\n<figure class=\"wp-block-image size-large\"><img loading=\"lazy\" decoding=\"async\" width=\"1024\" height=\"591\" src=\"https:\/\/www.hsu-hh.de\/bgm\/wp-content\/uploads\/sites\/790\/2023\/06\/pexels-ella-olsson-3026806-scaled-e1686234106581-1024x591.jpg\" data-credit=\"www.pexels.com\" alt=\"M\u00fcsliriegel\" class=\"wp-image-2410\" srcset=\"https:\/\/www.hsu-hh.de\/bgm\/wp-content\/uploads\/sites\/790\/2023\/06\/pexels-ella-olsson-3026806-scaled-e1686234106581-1024x591.jpg 1024w, https:\/\/www.hsu-hh.de\/bgm\/wp-content\/uploads\/sites\/790\/2023\/06\/pexels-ella-olsson-3026806-scaled-e1686234106581-300x173.jpg 300w, https:\/\/www.hsu-hh.de\/bgm\/wp-content\/uploads\/sites\/790\/2023\/06\/pexels-ella-olsson-3026806-scaled-e1686234106581-768x443.jpg 768w, https:\/\/www.hsu-hh.de\/bgm\/wp-content\/uploads\/sites\/790\/2023\/06\/pexels-ella-olsson-3026806-scaled-e1686234106581-1536x887.jpg 1536w, https:\/\/www.hsu-hh.de\/bgm\/wp-content\/uploads\/sites\/790\/2023\/06\/pexels-ella-olsson-3026806-scaled-e1686234106581-2048x1182.jpg 2048w, https:\/\/www.hsu-hh.de\/bgm\/wp-content\/uploads\/sites\/790\/2023\/06\/pexels-ella-olsson-3026806-scaled-e1686234106581-1100x635.jpg 1100w\" sizes=\"auto, (max-width: 1024px) 100vw, 1024px\" \/><\/figure>\n<\/div>\n\n\n\n<div class=\"wp-block-column is-layout-flow wp-block-column-is-layout-flow\">\n<p class=\"has-text-align-center has-grey-background-color has-background\" style=\"font-size:25px\"><a href=\"https:\/\/www.hsu-hh.de\/bgm\/suppen-und-eintoepfe\" data-type=\"page\" data-id=\"2439\">Suppen &amp; Eint\u00f6pfe<\/a><\/p>\n\n\n\n<figure class=\"wp-block-image size-large\"><img loading=\"lazy\" decoding=\"async\" width=\"1024\" height=\"591\" src=\"https:\/\/www.hsu-hh.de\/bgm\/wp-content\/uploads\/sites\/790\/2023\/06\/pexels-cats-coming-1731535-scaled-e1686234025108-1024x591.jpg\" data-credit=\"www.pexels.com\" alt=\"Eintopf\" class=\"wp-image-2408\" srcset=\"https:\/\/www.hsu-hh.de\/bgm\/wp-content\/uploads\/sites\/790\/2023\/06\/pexels-cats-coming-1731535-scaled-e1686234025108-1024x591.jpg 1024w, https:\/\/www.hsu-hh.de\/bgm\/wp-content\/uploads\/sites\/790\/2023\/06\/pexels-cats-coming-1731535-scaled-e1686234025108-300x173.jpg 300w, https:\/\/www.hsu-hh.de\/bgm\/wp-content\/uploads\/sites\/790\/2023\/06\/pexels-cats-coming-1731535-scaled-e1686234025108-768x443.jpg 768w, https:\/\/www.hsu-hh.de\/bgm\/wp-content\/uploads\/sites\/790\/2023\/06\/pexels-cats-coming-1731535-scaled-e1686234025108-1536x887.jpg 1536w, https:\/\/www.hsu-hh.de\/bgm\/wp-content\/uploads\/sites\/790\/2023\/06\/pexels-cats-coming-1731535-scaled-e1686234025108-2048x1182.jpg 2048w, https:\/\/www.hsu-hh.de\/bgm\/wp-content\/uploads\/sites\/790\/2023\/06\/pexels-cats-coming-1731535-scaled-e1686234025108-1100x635.jpg 1100w\" sizes=\"auto, (max-width: 1024px) 100vw, 1024px\" \/><\/figure>\n<\/div>\n<\/div>\n\n\n\n<div style=\"height:50px\" aria-hidden=\"true\" class=\"wp-block-spacer\"><\/div>\n\n\n\n<p class=\"has-text-align-center\" style=\"font-size:25px\"><strong>Haben Sie selbst ein leckeres gesundes Rezept, welches Sie gern teilen m\u00f6chten?<\/strong><\/p>\n\n\n\n<p class=\"has-text-align-center\" style=\"font-size:25px\"><strong>Melden Sie sich gern bei uns!<\/strong><\/p>\n\n\n\n<div style=\"height:29px\" aria-hidden=\"true\" class=\"wp-block-spacer\"><\/div>\n\n\n\n<p class=\"has-text-align-center has-medium-font-size\">Melden Sie sich gerne f\u00fcr den Rezepte-Newsletter an und erhalten automatisch eine Erinnerung, sobald ein neues Rezept verf\u00fcgbar ist. Um sich anzumelden, schreiben Sie uns einfach eine kurze E-Mail an <a href=\"mailto:bgm@hsu-hh.de\" rel='nofollow'>bgm@hsu-hh.de<\/a> und Sie werden im Verteiler aufgenommen.<\/p>\n\n\n\n<div style=\"height:50px\" aria-hidden=\"true\" class=\"wp-block-spacer\"><\/div>\n\n\n<div class=\"wp-block-image\">\n<figure class=\"aligncenter size-full is-resized\"><img loading=\"lazy\" decoding=\"async\" src=\"https:\/\/www.hsu-hh.de\/bgm\/wp-content\/uploads\/sites\/790\/2023\/06\/BGM.png\" data-credit=\"Bundeswehr\" alt=\"BGM-Logo\" class=\"wp-image-2444\" width=\"216\" height=\"174\" srcset=\"https:\/\/www.hsu-hh.de\/bgm\/wp-content\/uploads\/sites\/790\/2023\/06\/BGM.png 310w, https:\/\/www.hsu-hh.de\/bgm\/wp-content\/uploads\/sites\/790\/2023\/06\/BGM-300x242.png 300w\" sizes=\"auto, (max-width: 216px) 100vw, 216px\" \/><\/figure>\n<\/div>\n\n\n<p><\/p>\n","protected":false},"excerpt":{"rendered":"<p>Hier finden Sie das Rezeptearchiv der HSU\/UniBw H. Backen Dips Fr\u00fchst\u00fcck Getr\u00e4nke Hauptgerichte Herzhafte Snacks Salate S\u00fc\u00dfe Snacks Suppen &amp; Eint\u00f6pfe Haben Sie selbst ein leckeres gesundes Rezept, welches Sie [&hellip;]<\/p>\n","protected":false},"author":153,"featured_media":0,"parent":0,"menu_order":0,"comment_status":"closed","ping_status":"closed","template":"","meta":{"footnotes":""},"categories":[4],"tags":[],"class_list":["post-2326","page","type-page","status-publish","hentry","category-forschung"],"_links":{"self":[{"href":"https:\/\/www.hsu-hh.de\/bgm\/wp-json\/wp\/v2\/pages\/2326","targetHints":{"allow":["GET"]}}],"collection":[{"href":"https:\/\/www.hsu-hh.de\/bgm\/wp-json\/wp\/v2\/pages"}],"about":[{"href":"https:\/\/www.hsu-hh.de\/bgm\/wp-json\/wp\/v2\/types\/page"}],"author":[{"embeddable":true,"href":"https:\/\/www.hsu-hh.de\/bgm\/wp-json\/wp\/v2\/users\/153"}],"replies":[{"embeddable":true,"href":"https:\/\/www.hsu-hh.de\/bgm\/wp-json\/wp\/v2\/comments?post=2326"}],"version-history":[{"count":16,"href":"https:\/\/www.hsu-hh.de\/bgm\/wp-json\/wp\/v2\/pages\/2326\/revisions"}],"predecessor-version":[{"id":2713,"href":"https:\/\/www.hsu-hh.de\/bgm\/wp-json\/wp\/v2\/pages\/2326\/revisions\/2713"}],"wp:attachment":[{"href":"https:\/\/www.hsu-hh.de\/bgm\/wp-json\/wp\/v2\/media?parent=2326"}],"wp:term":[{"taxonomy":"category","embeddable":true,"href":"https:\/\/www.hsu-hh.de\/bgm\/wp-json\/wp\/v2\/categories?post=2326"},{"taxonomy":"post_tag","embeddable":true,"href":"https:\/\/www.hsu-hh.de\/bgm\/wp-json\/wp\/v2\/tags?post=2326"}],"curies":[{"name":"wp","href":"https:\/\/api.w.org\/{rel}","templated":true}]}}