{"id":2254,"date":"2023-02-21T14:27:59","date_gmt":"2023-02-21T13:27:59","guid":{"rendered":"https:\/\/www.hsu-hh.de\/bgm\/?page_id=2254"},"modified":"2023-07-04T15:27:54","modified_gmt":"2023-07-04T13:27:54","slug":"trainsleep","status":"publish","type":"page","link":"https:\/\/www.hsu-hh.de\/bgm\/trainsleep","title":{"rendered":"trainSLEEP"},"content":{"rendered":"\n<div style=\"height:50px\" aria-hidden=\"true\" class=\"wp-block-spacer\"><\/div>\n\n\n\n<div class=\"wp-block-media-text alignwide is-stacked-on-mobile\" style=\"grid-template-columns:45% auto\"><figure class=\"wp-block-media-text__media\"><img loading=\"lazy\" decoding=\"async\" width=\"1024\" height=\"1024\" src=\"https:\/\/www.hsu-hh.de\/bgm\/wp-content\/uploads\/sites\/790\/2023\/02\/clock-g37ceebbbc_1280-1024x1024.png\" data-credit=\"www.pixabay.com\" alt=\"\" class=\"wp-image-2267 size-full\" srcset=\"https:\/\/www.hsu-hh.de\/bgm\/wp-content\/uploads\/sites\/790\/2023\/02\/clock-g37ceebbbc_1280-1024x1024.png 1024w, https:\/\/www.hsu-hh.de\/bgm\/wp-content\/uploads\/sites\/790\/2023\/02\/clock-g37ceebbbc_1280-300x300.png 300w, https:\/\/www.hsu-hh.de\/bgm\/wp-content\/uploads\/sites\/790\/2023\/02\/clock-g37ceebbbc_1280-150x150.png 150w, https:\/\/www.hsu-hh.de\/bgm\/wp-content\/uploads\/sites\/790\/2023\/02\/clock-g37ceebbbc_1280-768x768.png 768w, https:\/\/www.hsu-hh.de\/bgm\/wp-content\/uploads\/sites\/790\/2023\/02\/clock-g37ceebbbc_1280-100x100.png 100w, https:\/\/www.hsu-hh.de\/bgm\/wp-content\/uploads\/sites\/790\/2023\/02\/clock-g37ceebbbc_1280-1100x1100.png 1100w, https:\/\/www.hsu-hh.de\/bgm\/wp-content\/uploads\/sites\/790\/2023\/02\/clock-g37ceebbbc_1280.png 1280w\" sizes=\"auto, (max-width: 1024px) 100vw, 1024px\" \/><\/figure><div class=\"wp-block-media-text__content\">\n<p class=\"has-large-font-size\"><strong>Was ist trainSLEEP?<\/strong><\/p>\n\n\n\n<p class=\"has-grey-background-color has-background\">Es handelt sich hierbei um einen Online-Selbstlernkurs, der \u00fcber gesunden und gest\u00f6rten Schlaf aufkl\u00e4rt, gesundheitsf\u00f6rderliche Verhaltensweisen trainiert und mit dessen Hilfe die eigene Schlafqualit\u00e4t verbessert werden kann. <\/p>\n\n\n\n<p class=\"has-grey-background-color has-background\">trainSLEEP ist ein Trainingsangebot des Psychologischen Dienstes der Bundeswehr (PsychDstBw) zur Steigerung der Psychischen Fitness. Die Entwicklung und wissenschaftliche Untersuchung des Kursangebots oblag der Charit\u00e9 Berlin &#8211; Kompetenzzentrum f\u00fcr Schlafmedizin<\/p>\n<\/div><\/div>\n\n\n\n<div style=\"height:50px\" aria-hidden=\"true\" class=\"wp-block-spacer\"><\/div>\n\n\n\n<hr class=\"wp-block-separator has-alpha-channel-opacity is-style-default\" \/>\n\n\n\n<div style=\"height:50px\" aria-hidden=\"true\" class=\"wp-block-spacer\"><\/div>\n\n\n\n<div class=\"wp-block-media-text alignwide has-media-on-the-right is-stacked-on-mobile\" style=\"grid-template-columns:auto 45%\"><div class=\"wp-block-media-text__content\">\n<p class=\"has-large-font-size\"><strong>Warum ist das Thema Schlaf so wichtig?<\/strong><\/p>\n\n\n\n<p class=\"has-grey-background-color has-background\">Erholsamer Schlaf ist essenziell f\u00fcr die physische und psychische Gesunderhaltung und Leistungsf\u00e4higkeit des gesamten Personalk\u00f6rpers.<\/p>\n\n\n\n<p class=\"has-grey-background-color has-background\">Guter Schlaf kann M\u00fcdigkeit und Tagesschl\u00e4frigkeit vorbeugen und dient so der Unfallpr\u00e4vention. Die Gefahr k\u00f6rperlicher und psychischer Folgeerkrankungen und die Vulnerabilit\u00e4t f\u00fcr psychische Erkrankungen steigt bei langfristig anhaltendem unerholsamen Schlaf.<\/p>\n<\/div><figure class=\"wp-block-media-text__media\"><img loading=\"lazy\" decoding=\"async\" width=\"1024\" height=\"868\" src=\"https:\/\/www.hsu-hh.de\/bgm\/wp-content\/uploads\/sites\/790\/2023\/02\/alarm-clock-g3ae84d910_1920-1024x868.jpg\" data-credit=\"www.pixabay.com\" alt=\"Wecker\" class=\"wp-image-2266 size-full\" srcset=\"https:\/\/www.hsu-hh.de\/bgm\/wp-content\/uploads\/sites\/790\/2023\/02\/alarm-clock-g3ae84d910_1920-1024x868.jpg 1024w, https:\/\/www.hsu-hh.de\/bgm\/wp-content\/uploads\/sites\/790\/2023\/02\/alarm-clock-g3ae84d910_1920-300x254.jpg 300w, https:\/\/www.hsu-hh.de\/bgm\/wp-content\/uploads\/sites\/790\/2023\/02\/alarm-clock-g3ae84d910_1920-768x651.jpg 768w, https:\/\/www.hsu-hh.de\/bgm\/wp-content\/uploads\/sites\/790\/2023\/02\/alarm-clock-g3ae84d910_1920-1100x933.jpg 1100w, https:\/\/www.hsu-hh.de\/bgm\/wp-content\/uploads\/sites\/790\/2023\/02\/alarm-clock-g3ae84d910_1920.jpg 1512w\" sizes=\"auto, (max-width: 1024px) 100vw, 1024px\" \/><\/figure><\/div>\n\n\n\n<div style=\"height:41px\" aria-hidden=\"true\" class=\"wp-block-spacer\"><\/div>\n\n\n\n<hr class=\"wp-block-separator has-alpha-channel-opacity\" \/>\n\n\n\n<div style=\"height:41px\" aria-hidden=\"true\" class=\"wp-block-spacer\"><\/div>\n\n\n\n<p class=\"has-text-align-center has-grey-background-color has-background has-medium-font-size\"><em>Nutzen Sie f\u00fcr die Anmeldung gern den folgenden QR-Code oder klicken Sie <a href=\"http:\/\/www.trainsleep.de\" data-type=\"URL\" data-id=\"www.trainsleep.de\" rel='nofollow'>hier.<\/a> <\/em><\/p>\n\n\n\n<div style=\"height:10px\" aria-hidden=\"true\" class=\"wp-block-spacer\"><\/div>\n\n\n<div class=\"wp-block-image\">\n<figure class=\"aligncenter size-large is-resized\"><img loading=\"lazy\" decoding=\"async\" src=\"https:\/\/www.hsu-hh.de\/bgm\/wp-content\/uploads\/sites\/790\/2023\/02\/QR-Code_trainSLEEP-1024x586.jpg\" data-credit=\"Bundeswehr\" alt=\"Erreichbarkeit und QR-Code trainSLEEP\" class=\"wp-image-2256\" width=\"1024\" height=\"586\" srcset=\"https:\/\/www.hsu-hh.de\/bgm\/wp-content\/uploads\/sites\/790\/2023\/02\/QR-Code_trainSLEEP-1024x586.jpg 1024w, https:\/\/www.hsu-hh.de\/bgm\/wp-content\/uploads\/sites\/790\/2023\/02\/QR-Code_trainSLEEP-300x172.jpg 300w, https:\/\/www.hsu-hh.de\/bgm\/wp-content\/uploads\/sites\/790\/2023\/02\/QR-Code_trainSLEEP-768x439.jpg 768w, https:\/\/www.hsu-hh.de\/bgm\/wp-content\/uploads\/sites\/790\/2023\/02\/QR-Code_trainSLEEP-1100x629.jpg 1100w, https:\/\/www.hsu-hh.de\/bgm\/wp-content\/uploads\/sites\/790\/2023\/02\/QR-Code_trainSLEEP.jpg 1294w\" sizes=\"auto, (max-width: 1024px) 100vw, 1024px\" \/><\/figure>\n<\/div>\n\n\n<div style=\"height:41px\" aria-hidden=\"true\" class=\"wp-block-spacer\"><\/div>\n\n\n\n<hr class=\"wp-block-separator has-alpha-channel-opacity\" \/>\n\n\n\n<div style=\"height:41px\" aria-hidden=\"true\" class=\"wp-block-spacer\"><\/div>\n\n\n\n<p class=\"has-text-align-center\" style=\"font-size:30px\"><strong><em>Anfragen zum Programm oder Presseanfragen richten Sie bitte an<\/em><\/strong><\/p>\n\n\n\n<p class=\"has-text-align-center\" style=\"font-size:30px\"><a href=\"mailto:trainSLEEP@bundeswehr.org\" rel='nofollow'>trainSLEEP@bundeswehr.org<\/a><\/p>\n\n\n\n<div style=\"height:41px\" aria-hidden=\"true\" class=\"wp-block-spacer\"><\/div>\n\n\n\n<hr class=\"wp-block-separator has-alpha-channel-opacity\" \/>\n\n\n\n<div style=\"height:41px\" aria-hidden=\"true\" class=\"wp-block-spacer\"><\/div>\n\n\n\n<p class=\"has-large-font-size\"><strong>Inhalte<\/strong><\/p>\n\n\n\n<div style=\"height:41px\" aria-hidden=\"true\" class=\"wp-block-spacer\"><\/div>\n\n\n\n<p class=\"has-grey-background-color has-background has-medium-font-size\"><strong>Modul 0 \u2013 Einf\u00fchrung<\/strong><\/p>\n\n\n\n<ul class=\"wp-block-list\">\n<li>Einf\u00fchrung in das Kursprogramm<\/li>\n\n\n\n<li>Erl\u00e4uterung des Programmablaufs<\/li>\n<\/ul>\n\n\n\n<div style=\"height:41px\" aria-hidden=\"true\" class=\"wp-block-spacer\"><\/div>\n\n\n\n<p class=\"has-grey-background-color has-background has-medium-font-size\"><strong>Modul 1 \u2013 Warum ist Schlaf so wichtig?<\/strong><\/p>\n\n\n\n<ul class=\"wp-block-list\">\n<li>Relevanz von Schlaf f\u00fcr phys. und psych. Gesunderhaltung<\/li>\n\n\n\n<li>Aufkl\u00e4rung von typischen Schlaf-\u201eMythen\u201c<\/li>\n\n\n\n<li>Vorstellung \u201e12 Regeln f\u00fcr guten Schlaf\u201c und des Schlaftagebuchs<\/li>\n<\/ul>\n\n\n\n<div style=\"height:41px\" aria-hidden=\"true\" class=\"wp-block-spacer\"><\/div>\n\n\n\n<p class=\"has-grey-background-color has-background has-medium-font-size\"><strong>Modul 2 \u2013 Die vielen Gesichter des Schlafs<\/strong><\/p>\n\n\n\n<ul class=\"wp-block-list\">\n<li>Erkl\u00e4rung \u201enormales\u201c Schlafverhalten Erkl\u00e4rung verschiedener St\u00f6rungsbilder des Schlafs (<abbr title=\"unter anderem\">u.a.<\/abbr> atmungsbezogene Schlafst\u00f6rungen, Hyposomnien, Hyper-somnien, Schlaf-Wach-Rhythmus-St\u00f6rungen, Parasomnien <abbr title=\"inclusive\">inkl.<\/abbr> Alptr\u00e4ume<\/li>\n<\/ul>\n\n\n\n<div style=\"height:41px\" aria-hidden=\"true\" class=\"wp-block-spacer\"><\/div>\n\n\n\n<p class=\"has-grey-background-color has-background has-medium-font-size\"><strong>Modul 3 \u2013 Teufelskreis Schlaflosigkeit<\/strong><\/p>\n\n\n\n<ul class=\"wp-block-list\">\n<li>Wirkmechanismus der Entstehung und Aufrechterhaltung von Insomnien<\/li>\n\n\n\n<li>Vermittlung von positiven Schlafgewohnheiten, Methoden der Kognitiven Verhaltenstherapie sowie Entspannungstechniken<\/li>\n<\/ul>\n\n\n\n<div style=\"height:41px\" aria-hidden=\"true\" class=\"wp-block-spacer\"><\/div>\n\n\n\n<p class=\"has-grey-background-color has-background has-medium-font-size\"><strong>Modul 4 \u2013 Wie ticken wir?<\/strong><\/p>\n\n\n\n<ul class=\"wp-block-list\">\n<li>Erkl\u00e4rung Schlaf-Wach-Rhythmus<\/li>\n\n\n\n<li>Chronobiologie (Innere Uhr des Menschen und Schlaftypen)<\/li>\n\n\n\n<li>Umgang mit Jetlag und Schichtarbeit (Symptome und Vorbeugung)<\/li>\n\n\n\n<li>Umgang mit Schlafmangel \/ Schlafentzug<\/li>\n<\/ul>\n\n\n\n<div style=\"height:41px\" aria-hidden=\"true\" class=\"wp-block-spacer\"><\/div>\n\n\n\n<p class=\"has-grey-background-color has-background has-medium-font-size\"><strong>Modul 5 \u2013 Tagesschl\u00e4frigkeit<\/strong><\/p>\n\n\n\n<ul class=\"wp-block-list\">\n<li>Erkl\u00e4rung Tagesschl\u00e4frigkeit und deren Auswirkung auf Leistungsf\u00e4higkeit und Unfallwahrscheinlichkeit<\/li>\n\n\n\n<li>Gegenma\u00dfnahmen von Tagesschl\u00e4frigkeit auf Grund von gest\u00f6rtem Schlaf, k\u00f6rperlichen Erkrankungen oder psych. Belastungen<\/li>\n<\/ul>\n\n\n\n<div style=\"height:41px\" aria-hidden=\"true\" class=\"wp-block-spacer\"><\/div>\n\n\n\n<p class=\"has-grey-background-color has-background has-medium-font-size\"><strong>Modul 6 \u2013 Wie geht\u2019s weiter?<\/strong><\/p>\n\n\n\n<ul class=\"wp-block-list\">\n<li>Abschluss und Zusammenfassung<\/li>\n\n\n\n<li>Hinweise zur Verstetigung des Gelernten<\/li>\n\n\n\n<li>Verhaltenshinweise bei eventueller Verschlechterung des Schlafs<\/li>\n\n\n\n<li>Nennung von Ansprechstellen<\/li>\n<\/ul>\n\n\n\n<div style=\"height:41px\" aria-hidden=\"true\" class=\"wp-block-spacer\"><\/div>\n\n\n\n<hr class=\"wp-block-separator has-alpha-channel-opacity\" \/>\n\n\n\n<div style=\"height:41px\" aria-hidden=\"true\" class=\"wp-block-spacer\"><\/div>\n\n\n\n<div class=\"wp-block-columns is-layout-flex wp-container-core-columns-is-layout-9d6595d7 wp-block-columns-is-layout-flex\">\n<div class=\"wp-block-column is-layout-flow wp-block-column-is-layout-flow\">\n<figure class=\"wp-block-image size-large\"><img loading=\"lazy\" decoding=\"async\" width=\"723\" height=\"1024\" src=\"https:\/\/www.hsu-hh.de\/bgm\/wp-content\/uploads\/sites\/790\/2023\/02\/seite1_Seite_1-723x1024.jpg\" data-credit=\"Bundeswehr\" alt=\"Plakat\" class=\"wp-image-2279\" srcset=\"https:\/\/www.hsu-hh.de\/bgm\/wp-content\/uploads\/sites\/790\/2023\/02\/seite1_Seite_1-723x1024.jpg 723w, https:\/\/www.hsu-hh.de\/bgm\/wp-content\/uploads\/sites\/790\/2023\/02\/seite1_Seite_1-212x300.jpg 212w, https:\/\/www.hsu-hh.de\/bgm\/wp-content\/uploads\/sites\/790\/2023\/02\/seite1_Seite_1-768x1087.jpg 768w, https:\/\/www.hsu-hh.de\/bgm\/wp-content\/uploads\/sites\/790\/2023\/02\/seite1_Seite_1-1085x1536.jpg 1085w, https:\/\/www.hsu-hh.de\/bgm\/wp-content\/uploads\/sites\/790\/2023\/02\/seite1_Seite_1-1447x2048.jpg 1447w, https:\/\/www.hsu-hh.de\/bgm\/wp-content\/uploads\/sites\/790\/2023\/02\/seite1_Seite_1-1100x1557.jpg 1100w, https:\/\/www.hsu-hh.de\/bgm\/wp-content\/uploads\/sites\/790\/2023\/02\/seite1_Seite_1-scaled.jpg 1808w\" sizes=\"auto, (max-width: 723px) 100vw, 723px\" \/><\/figure>\n<\/div>\n\n\n\n<div class=\"wp-block-column is-layout-flow wp-block-column-is-layout-flow\">\n<figure class=\"wp-block-image size-large\"><img loading=\"lazy\" decoding=\"async\" width=\"723\" height=\"1024\" src=\"https:\/\/www.hsu-hh.de\/bgm\/wp-content\/uploads\/sites\/790\/2023\/02\/seite1_Seite_2-723x1024.jpg\" data-credit=\"Bundeswehr\" alt=\"Plakat\" class=\"wp-image-2278\" srcset=\"https:\/\/www.hsu-hh.de\/bgm\/wp-content\/uploads\/sites\/790\/2023\/02\/seite1_Seite_2-723x1024.jpg 723w, https:\/\/www.hsu-hh.de\/bgm\/wp-content\/uploads\/sites\/790\/2023\/02\/seite1_Seite_2-212x300.jpg 212w, https:\/\/www.hsu-hh.de\/bgm\/wp-content\/uploads\/sites\/790\/2023\/02\/seite1_Seite_2-768x1087.jpg 768w, https:\/\/www.hsu-hh.de\/bgm\/wp-content\/uploads\/sites\/790\/2023\/02\/seite1_Seite_2-1085x1536.jpg 1085w, https:\/\/www.hsu-hh.de\/bgm\/wp-content\/uploads\/sites\/790\/2023\/02\/seite1_Seite_2-1447x2048.jpg 1447w, https:\/\/www.hsu-hh.de\/bgm\/wp-content\/uploads\/sites\/790\/2023\/02\/seite1_Seite_2-1100x1557.jpg 1100w, https:\/\/www.hsu-hh.de\/bgm\/wp-content\/uploads\/sites\/790\/2023\/02\/seite1_Seite_2-scaled.jpg 1808w\" sizes=\"auto, (max-width: 723px) 100vw, 723px\" \/><\/figure>\n<\/div>\n\n\n\n<div class=\"wp-block-column is-layout-flow wp-block-column-is-layout-flow\">\n<figure class=\"wp-block-image size-large\"><img loading=\"lazy\" decoding=\"async\" width=\"723\" height=\"1024\" src=\"https:\/\/www.hsu-hh.de\/bgm\/wp-content\/uploads\/sites\/790\/2023\/02\/seite1_Seite_4-723x1024.jpg\" data-credit=\"Bundeswehr\" alt=\"Plakat\" class=\"wp-image-2277\" srcset=\"https:\/\/www.hsu-hh.de\/bgm\/wp-content\/uploads\/sites\/790\/2023\/02\/seite1_Seite_4-723x1024.jpg 723w, https:\/\/www.hsu-hh.de\/bgm\/wp-content\/uploads\/sites\/790\/2023\/02\/seite1_Seite_4-212x300.jpg 212w, https:\/\/www.hsu-hh.de\/bgm\/wp-content\/uploads\/sites\/790\/2023\/02\/seite1_Seite_4-768x1087.jpg 768w, https:\/\/www.hsu-hh.de\/bgm\/wp-content\/uploads\/sites\/790\/2023\/02\/seite1_Seite_4-1085x1536.jpg 1085w, https:\/\/www.hsu-hh.de\/bgm\/wp-content\/uploads\/sites\/790\/2023\/02\/seite1_Seite_4-1447x2048.jpg 1447w, https:\/\/www.hsu-hh.de\/bgm\/wp-content\/uploads\/sites\/790\/2023\/02\/seite1_Seite_4-1100x1557.jpg 1100w, https:\/\/www.hsu-hh.de\/bgm\/wp-content\/uploads\/sites\/790\/2023\/02\/seite1_Seite_4-scaled.jpg 1808w\" sizes=\"auto, (max-width: 723px) 100vw, 723px\" \/><\/figure>\n<\/div>\n<\/div>\n","protected":false},"excerpt":{"rendered":"<p>Was ist trainSLEEP? Es handelt sich hierbei um einen Online-Selbstlernkurs, der \u00fcber gesunden und gest\u00f6rten Schlaf aufkl\u00e4rt, gesundheitsf\u00f6rderliche Verhaltensweisen trainiert und mit dessen Hilfe die eigene Schlafqualit\u00e4t verbessert werden kann. [&hellip;]<\/p>\n","protected":false},"author":153,"featured_media":0,"parent":0,"menu_order":0,"comment_status":"closed","ping_status":"closed","template":"","meta":{"footnotes":""},"categories":[4],"tags":[],"class_list":["post-2254","page","type-page","status-publish","hentry","category-forschung"],"_links":{"self":[{"href":"https:\/\/www.hsu-hh.de\/bgm\/wp-json\/wp\/v2\/pages\/2254","targetHints":{"allow":["GET"]}}],"collection":[{"href":"https:\/\/www.hsu-hh.de\/bgm\/wp-json\/wp\/v2\/pages"}],"about":[{"href":"https:\/\/www.hsu-hh.de\/bgm\/wp-json\/wp\/v2\/types\/page"}],"author":[{"embeddable":true,"href":"https:\/\/www.hsu-hh.de\/bgm\/wp-json\/wp\/v2\/users\/153"}],"replies":[{"embeddable":true,"href":"https:\/\/www.hsu-hh.de\/bgm\/wp-json\/wp\/v2\/comments?post=2254"}],"version-history":[{"count":30,"href":"https:\/\/www.hsu-hh.de\/bgm\/wp-json\/wp\/v2\/pages\/2254\/revisions"}],"predecessor-version":[{"id":2705,"href":"https:\/\/www.hsu-hh.de\/bgm\/wp-json\/wp\/v2\/pages\/2254\/revisions\/2705"}],"wp:attachment":[{"href":"https:\/\/www.hsu-hh.de\/bgm\/wp-json\/wp\/v2\/media?parent=2254"}],"wp:term":[{"taxonomy":"category","embeddable":true,"href":"https:\/\/www.hsu-hh.de\/bgm\/wp-json\/wp\/v2\/categories?post=2254"},{"taxonomy":"post_tag","embeddable":true,"href":"https:\/\/www.hsu-hh.de\/bgm\/wp-json\/wp\/v2\/tags?post=2254"}],"curies":[{"name":"wp","href":"https:\/\/api.w.org\/{rel}","templated":true}]}}