{"id":1914,"date":"2022-06-02T08:58:43","date_gmt":"2022-06-02T06:58:43","guid":{"rendered":"https:\/\/www.hsu-hh.de\/bgm\/?page_id=1914"},"modified":"2023-07-04T14:26:26","modified_gmt":"2023-07-04T12:26:26","slug":"was-ist-bgm","status":"publish","type":"page","link":"https:\/\/www.hsu-hh.de\/bgm\/was-ist-bgm","title":{"rendered":"Was ist BGM?"},"content":{"rendered":"\n<div style=\"height:50px\" aria-hidden=\"true\" class=\"wp-block-spacer\"><\/div>\n\n\n\n<p class=\"has-text-align-center\" style=\"font-size:25px\"><strong>B<\/strong>etriebliches <strong>G<\/strong>esundheits<strong>m<\/strong>anagement (<strong>BGM<\/strong>)<\/p>\n\n\n\n<p class=\"has-text-align-center has-medium-font-size\">BGM umfasst alle Ma\u00dfnahmen, die dem Ziel dienen Arbeit, Organisation und Verhalten der Besch\u00e4ftigten im Dienst sicher und gesundheitsf\u00f6rderlich zu gestalten. Im Rahmen ihrer Vorbildfunktion sollten insbesondere F\u00fchrungskr\u00e4fte sich mit den Zielen des BGM identifizieren, notwendige Aktivit\u00e4ten unterst\u00fctzen und die Gesundheitsziele in ihr F\u00fchrungsverhalten einbringen, um die Aufgaben und Ziele des BGM kontinuierlich in die Abl\u00e4ufe, Prozesse und Routinen der Dienststellen zu integrieren.<\/p>\n\n\n\n<p class=\"has-text-align-center has-medium-font-size\">Im Bereich des BMVg beruht das BGM auf drei grunds\u00e4tzlichen S\u00e4ulen:<\/p>\n\n\n\n<div style=\"height:40px\" aria-hidden=\"true\" class=\"wp-block-spacer\"><\/div>\n\n\n<div class=\"wp-block-image\">\n<figure class=\"aligncenter size-full\"><img loading=\"lazy\" decoding=\"async\" width=\"606\" height=\"335\" src=\"https:\/\/www.hsu-hh.de\/bgm\/wp-content\/uploads\/sites\/790\/2022\/06\/BGM-Haus.png\" data-credit=\"Bundeswehr\" alt=\"BGM-S\u00e4ulen\" class=\"wp-image-1918\" srcset=\"https:\/\/www.hsu-hh.de\/bgm\/wp-content\/uploads\/sites\/790\/2022\/06\/BGM-Haus.png 606w, https:\/\/www.hsu-hh.de\/bgm\/wp-content\/uploads\/sites\/790\/2022\/06\/BGM-Haus-300x166.png 300w\" sizes=\"auto, (max-width: 606px) 100vw, 606px\" \/><figcaption class=\"wp-element-caption\">Darstellung der BGM Organisation<\/figcaption><\/figure>\n<\/div>\n\n\n<div style=\"height:60px\" aria-hidden=\"true\" class=\"wp-block-spacer\"><\/div>\n\n\n\n<div class=\"wp-block-columns is-layout-flex wp-container-core-columns-is-layout-9d6595d7 wp-block-columns-is-layout-flex\">\n<div class=\"wp-block-column is-layout-flow wp-block-column-is-layout-flow\">\n<p class=\"has-text-align-center\" style=\"font-size:25px\"><strong><a href=\"https:\/\/www.hsu-hh.de\/bgm\/betriebliche-gesundheitsfoerderung\" data-type=\"page\" data-id=\"2623\">Betriebliche Gesundheitsf\u00f6rderung<\/a><\/strong><\/p>\n\n\n\n<hr class=\"wp-block-separator has-css-opacity\" \/>\n\n\n\n<p class=\"has-text-align-center\">Betriebliche Gesundheitsf\u00f6rderung (BGF) bezieht sich auf alle Ma\u00dfnahmen zur Sicherung, zur St\u00e4rkung oder Erh\u00f6hung gesundheitsbezogener Widerstandsreserven.<\/p>\n\n\n\n<p class=\"has-text-align-left\"><\/p>\n\n\n\n<p class=\"has-text-align-left\">Gem\u00e4\u00df dem Konzept \u201eBetriebliches Gesundheitsmanagement\u201c der Bundeswehr werden unter dem Begriff Gesundheitsf\u00f6rderung Ma\u00dfnahmen in folgenden Bereichen verstanden:<\/p>\n\n\n\n<ul class=\"wp-block-list\">\n<li>Bewegung<\/li>\n\n\n\n<li>Stressbew\u00e4ltigung<\/li>\n\n\n\n<li>Ern\u00e4hrung<\/li>\n\n\n\n<li>Suchtpr\u00e4vention<\/li>\n<\/ul>\n<\/div>\n\n\n\n<div class=\"wp-block-column is-layout-flow wp-block-column-is-layout-flow\">\n<p class=\"has-text-align-center\" style=\"font-size:25px\"><strong><a href=\"https:\/\/www.hsu-hh.de\/bgm\/angebote-aus-dem-arbeits-und-gesundheitsschutz\" data-type=\"page\" data-id=\"115\">Arbeits- und Gesundheitsschutz<\/a><\/strong><\/p>\n\n\n\n<hr class=\"wp-block-separator has-css-opacity\" \/>\n\n\n\n<p class=\"has-text-align-center\">Der Arbeits- und Gesundheitsschutz (AGS) ist eine der elementaren Voraussetzungen f\u00fcr die Vereinbarkeit von F\u00fcrsorge und Auftragserf\u00fcllung der Bundeswehr. Mit der Einf\u00fchrung BGM geht der Gesch\u00e4ftsbereich BMVg im Rahmen des AGS \u00fcber die gesetzlichen Mindestvorgaben hinaus.<\/p>\n\n\n\n<p>Er umfasst bereits:<\/p>\n\n\n\n<ul class=\"wp-block-list\">\n<li>Vorkehrungen und Ma\u00dfnahmen zum personellen und technischen Arbeitsschutz,<\/li>\n\n\n\n<li>die gesundheitserhaltende, t\u00e4tigkeitsangepasste sowie behindertengerechte Gestaltung der Arbeitsumgebung und Arbeitsabl\u00e4ufe,<\/li>\n\n\n\n<li>die Bereitstellung sicherer Arbeitsmittel,<\/li>\n\n\n\n<li>die Unfallverh\u00fctung und Pr\u00e4vention,<\/li>\n\n\n\n<li>den medizinischen Arbeitsschutz,<\/li>\n\n\n\n<li>den sozialen Arbeitsschutz sowie<\/li>\n\n\n\n<li>den Schutz vor Gef\u00e4hrdungen wie <abbr title=\"zum Beispiel\">z.B.<\/abbr> durch ionisierende und nicht ionisierende Straheln, L\u00e4rm, Vibration und Gefahrstoffen.<\/li>\n<\/ul>\n<\/div>\n\n\n\n<div class=\"wp-block-column is-layout-flow wp-block-column-is-layout-flow\">\n<p class=\"has-text-align-center\" style=\"font-size:25px\"><strong><a href=\"https:\/\/www.hsu-hh.de\/bgm\/fuehrung-und-organisation\" data-type=\"page\" data-id=\"591\">F\u00fchrung und Organisation<\/a><\/strong><\/p>\n\n\n\n<hr class=\"wp-block-separator has-css-opacity\" \/>\n\n\n\n<p class=\"has-text-align-center\">Vorgesetzte und Mitarbeiterf\u00fchrung tragen bei der Umsetzung des BGM eine zentrale Rolle. Insbesondere ihre Rolle als Vorbild ist hierbei von besonderer Bedeutung. Sie sollten die Bereitschaft der Mitarbeiterinnen und Mitarbeiter zur Teilnahme am BGM durch Informationen und Dienstgestaltung f\u00f6rdern. Ansatzpunkte innerhalb des BGM im Bereich F\u00fchrung und Organisation (F&amp;O) ergeben sich vor allem in den Bereichen der Inneren F\u00fchrung, von Betreuung und F\u00fcrsorge sowie im Bereich Personalmanagement. Die dienstlichen Rahmenbedingungen f\u00fcr den Erhalt, die Wiederherstellung <abbr title=\"beziehungsweise\">bzw.<\/abbr> die Verbesserung der individuellen k\u00f6rperlichen und geistigen Leistungsf\u00e4higkeit sind demnach sicherzustellen.<\/p>\n<\/div>\n<\/div>\n\n\n\n<div style=\"height:40px\" aria-hidden=\"true\" class=\"wp-block-spacer\"><\/div>\n","protected":false},"excerpt":{"rendered":"<p>Betriebliches Gesundheitsmanagement (BGM) BGM umfasst alle Ma\u00dfnahmen, die dem Ziel dienen Arbeit, Organisation und Verhalten der Besch\u00e4ftigten im Dienst sicher und gesundheitsf\u00f6rderlich zu gestalten. Im Rahmen ihrer Vorbildfunktion sollten insbesondere [&hellip;]<\/p>\n","protected":false},"author":153,"featured_media":0,"parent":0,"menu_order":0,"comment_status":"closed","ping_status":"closed","template":"","meta":{"footnotes":""},"categories":[4],"tags":[],"class_list":["post-1914","page","type-page","status-publish","hentry","category-forschung"],"_links":{"self":[{"href":"https:\/\/www.hsu-hh.de\/bgm\/wp-json\/wp\/v2\/pages\/1914","targetHints":{"allow":["GET"]}}],"collection":[{"href":"https:\/\/www.hsu-hh.de\/bgm\/wp-json\/wp\/v2\/pages"}],"about":[{"href":"https:\/\/www.hsu-hh.de\/bgm\/wp-json\/wp\/v2\/types\/page"}],"author":[{"embeddable":true,"href":"https:\/\/www.hsu-hh.de\/bgm\/wp-json\/wp\/v2\/users\/153"}],"replies":[{"embeddable":true,"href":"https:\/\/www.hsu-hh.de\/bgm\/wp-json\/wp\/v2\/comments?post=1914"}],"version-history":[{"count":23,"href":"https:\/\/www.hsu-hh.de\/bgm\/wp-json\/wp\/v2\/pages\/1914\/revisions"}],"predecessor-version":[{"id":2698,"href":"https:\/\/www.hsu-hh.de\/bgm\/wp-json\/wp\/v2\/pages\/1914\/revisions\/2698"}],"wp:attachment":[{"href":"https:\/\/www.hsu-hh.de\/bgm\/wp-json\/wp\/v2\/media?parent=1914"}],"wp:term":[{"taxonomy":"category","embeddable":true,"href":"https:\/\/www.hsu-hh.de\/bgm\/wp-json\/wp\/v2\/categories?post=1914"},{"taxonomy":"post_tag","embeddable":true,"href":"https:\/\/www.hsu-hh.de\/bgm\/wp-json\/wp\/v2\/tags?post=1914"}],"curies":[{"name":"wp","href":"https:\/\/api.w.org\/{rel}","templated":true}]}}