{"id":1724,"date":"2021-06-28T11:16:00","date_gmt":"2021-06-28T09:16:00","guid":{"rendered":"https:\/\/www.hsu-hh.de\/bgm\/?page_id=1724"},"modified":"2021-06-30T12:46:32","modified_gmt":"2021-06-30T10:46:32","slug":"kieferentspannung","status":"publish","type":"page","link":"https:\/\/www.hsu-hh.de\/bgm\/online-angebote\/kieferentspannung","title":{"rendered":"Kieferentspannung"},"content":{"rendered":"\n<h2 class=\"wp-block-heading\">Sofortma\u00dfnahmen bei Beschwerden im Kiefergelenksbereich<\/h2>\n\n\n\n<p><br><br>Liebe Kameradinnen, liebe Kameraden, liebe Mitarbeiterinnen, liebe Mitarbeiter,<\/p>\n\n\n\n<p><br><br>kennen Sie das? Nach einem langen arbeitsreichen Tag schmerzt der Nacken, die Kaumuskulatur ist verspannt und die Kieferregion f\u00fchlt sich unangenehm hart an.<\/p>\n\n\n\n<p>Nacken und Kiefermuskulatur reagieren zuallererst auf Stress, Anspannung sowie Fehlhaltung, wie z.B. ung\u00fcnstige Sitzposition vor dem Computer. Nachts halten die Kiefermuskeln oft als Ventil her, da &#8222;Probleme&#8220; \u00fcber die Z\u00e4hne verarbeitet werden.<\/p>\n\n\n\n<div class=\"wp-block-image\"><figure class=\"alignright size-large is-resized\"><img loading=\"lazy\" decoding=\"async\" src=\"https:\/\/www.hsu-hh.de\/bgm\/wp-content\/uploads\/sites\/790\/2020\/06\/BGM_Logo_2-1024x719.png\" data-credit=\"Bundeswehr\" alt=\"BGM_Logo\" class=\"wp-image-853\" width=\"277\" height=\"194\" srcset=\"https:\/\/www.hsu-hh.de\/bgm\/wp-content\/uploads\/sites\/790\/2020\/06\/BGM_Logo_2-1024x719.png 1024w, https:\/\/www.hsu-hh.de\/bgm\/wp-content\/uploads\/sites\/790\/2020\/06\/BGM_Logo_2-300x211.png 300w, https:\/\/www.hsu-hh.de\/bgm\/wp-content\/uploads\/sites\/790\/2020\/06\/BGM_Logo_2-768x539.png 768w, https:\/\/www.hsu-hh.de\/bgm\/wp-content\/uploads\/sites\/790\/2020\/06\/BGM_Logo_2-1100x772.png 1100w, https:\/\/www.hsu-hh.de\/bgm\/wp-content\/uploads\/sites\/790\/2020\/06\/BGM_Logo_2.png 1108w\" sizes=\"auto, (max-width: 277px) 100vw, 277px\" \/><\/figure><\/div>\n\n\n\n<p>Die folgenden \u00dcbungen helfen Ihnen, akut etwas dagegen tun zu k\u00f6nnen. <br>Regelm\u00e4\u00dfig angewendet, beugen die \u00dcbungen in nur wenigen Minuten Verspannungen vor oder l\u00f6sen diese immer mehr auf.<br><br><\/p>\n\n\n\n<p>Viel Spa\u00df und gute Entspannung!<\/p>\n\n\n\n<p><br><br><\/p>\n\n\n\n<h2 class=\"wp-block-heading\"><strong>Tipp 1: W\u00e4rme<\/strong><\/h2>\n\n\n\n<div class=\"wp-block-media-text alignwide is-stacked-on-mobile\" style=\"grid-template-columns:24% auto\"><figure class=\"wp-block-media-text__media\"><img loading=\"lazy\" decoding=\"async\" width=\"731\" height=\"1024\" src=\"https:\/\/www.hsu-hh.de\/bgm\/wp-content\/uploads\/sites\/790\/2021\/06\/Uebung-1_edited-731x1024.jpg\" data-credit=\"Bundeswehr \/ Ulrike Schr\u00f6der\" alt=\"\u00dcbung 1 W\u00e4rmekissen\" class=\"wp-image-1749 size-full\" srcset=\"https:\/\/www.hsu-hh.de\/bgm\/wp-content\/uploads\/sites\/790\/2021\/06\/Uebung-1_edited-731x1024.jpg 731w, https:\/\/www.hsu-hh.de\/bgm\/wp-content\/uploads\/sites\/790\/2021\/06\/Uebung-1_edited-214x300.jpg 214w, https:\/\/www.hsu-hh.de\/bgm\/wp-content\/uploads\/sites\/790\/2021\/06\/Uebung-1_edited-768x1075.jpg 768w, https:\/\/www.hsu-hh.de\/bgm\/wp-content\/uploads\/sites\/790\/2021\/06\/Uebung-1_edited-1097x1536.jpg 1097w, https:\/\/www.hsu-hh.de\/bgm\/wp-content\/uploads\/sites\/790\/2021\/06\/Uebung-1_edited-1463x2048.jpg 1463w, https:\/\/www.hsu-hh.de\/bgm\/wp-content\/uploads\/sites\/790\/2021\/06\/Uebung-1_edited-1100x1540.jpg 1100w, https:\/\/www.hsu-hh.de\/bgm\/wp-content\/uploads\/sites\/790\/2021\/06\/Uebung-1_edited-scaled.jpg 1828w\" sizes=\"auto, (max-width: 731px) 100vw, 731px\" \/><\/figure><div class=\"wp-block-media-text__content\">\n<ul class=\"wp-block-list\" id=\"block-76f243fb-fd62-4501-9e43-a02dbd49d5f3\"><li>Legen Sie einen Waschlappen in warmes Wasser und im Anschluss diesen auf die verspannte Wangenmuskulatur. Dies wiederholen Sie gerne im Wechsel. Die W\u00e4rme bewirkt ein L\u00f6sen der Anspannungen.<br><br><\/li><li>Alternativen:&nbsp; Kirschkernkissen, Rapssamenkissen <br>(erw\u00e4rmbar in der Mikrowelle oder im Backofen)<br><br><\/li><li>Weitere Alternative: Rotlichtlampe z.B. aus Drogeriem\u00e4rkten oder Sanit\u00e4tsh\u00e4usern<\/li><\/ul>\n<\/div><\/div>\n\n\n\n<p><br><br><br><\/p>\n\n\n\n<h2 class=\"wp-block-heading\"><strong>Tipp 2: Kaumuskeln massieren<\/strong><\/h2>\n\n\n\n<div class=\"wp-block-media-text alignwide has-media-on-the-right is-stacked-on-mobile is-vertically-aligned-center\" style=\"grid-template-columns:auto 24%\"><figure class=\"wp-block-media-text__media\"><img loading=\"lazy\" decoding=\"async\" width=\"731\" height=\"1024\" src=\"https:\/\/www.hsu-hh.de\/bgm\/wp-content\/uploads\/sites\/790\/2021\/06\/Uebung-2.-Fortsetzung-731x1024.jpg\" data-credit=\"Bundeswehr \/ Ulrike Schr\u00f6der\" alt=\"\u00dcbung 1 Wangen Massage\" class=\"wp-image-1751 size-full\" srcset=\"https:\/\/www.hsu-hh.de\/bgm\/wp-content\/uploads\/sites\/790\/2021\/06\/Uebung-2.-Fortsetzung-731x1024.jpg 731w, https:\/\/www.hsu-hh.de\/bgm\/wp-content\/uploads\/sites\/790\/2021\/06\/Uebung-2.-Fortsetzung-214x300.jpg 214w, https:\/\/www.hsu-hh.de\/bgm\/wp-content\/uploads\/sites\/790\/2021\/06\/Uebung-2.-Fortsetzung-768x1075.jpg 768w, https:\/\/www.hsu-hh.de\/bgm\/wp-content\/uploads\/sites\/790\/2021\/06\/Uebung-2.-Fortsetzung-1097x1536.jpg 1097w, https:\/\/www.hsu-hh.de\/bgm\/wp-content\/uploads\/sites\/790\/2021\/06\/Uebung-2.-Fortsetzung-1463x2048.jpg 1463w, https:\/\/www.hsu-hh.de\/bgm\/wp-content\/uploads\/sites\/790\/2021\/06\/Uebung-2.-Fortsetzung-1100x1540.jpg 1100w, https:\/\/www.hsu-hh.de\/bgm\/wp-content\/uploads\/sites\/790\/2021\/06\/Uebung-2.-Fortsetzung-scaled.jpg 1829w\" sizes=\"auto, (max-width: 731px) 100vw, 731px\" \/><\/figure><div class=\"wp-block-media-text__content\">\n<ul class=\"wp-block-list\" id=\"block-0079354a-7413-4fc5-9c74-30c9b4af1e83\"><li>Wenn Sie Schmerzen im Bereich der Wangenmuskulatur haben, massieren Sie diesen Bereich regelm\u00e4\u00dfig.<br><br><\/li><li>Der Wangenmuskel (m. masseter) verl\u00e4uft vom hinteren Teil des Unterkieferwinkels nach oben bis zum Jochbein. Zu Beginn klopfen Sie diesen Bereich mit den Fingerspitzen beidseits ab. Danach massieren Sie mit den Mittelfingern in langsam, kreisenden Bewegungen von unten nach oben die Wangen.<br><br><\/li><li>Zwischendrin sch\u00fctteln Sie ihre H\u00e4nde und Arme aus und beginnen dann erneut mit der Massage.<\/li><\/ul>\n<\/div><\/div>\n\n\n\n<div class=\"wp-block-media-text alignwide is-stacked-on-mobile is-vertically-aligned-center\" style=\"grid-template-columns:24% auto\"><figure class=\"wp-block-media-text__media\"><img loading=\"lazy\" decoding=\"async\" width=\"731\" height=\"1024\" src=\"https:\/\/www.hsu-hh.de\/bgm\/wp-content\/uploads\/sites\/790\/2021\/06\/Uebung-2.1-731x1024.jpg\" data-credit=\"Bundeswehr \/ Ulrike Schr\u00f6der\" alt=\"\u00dcbung 1 \" class=\"wp-image-1753 size-full\" srcset=\"https:\/\/www.hsu-hh.de\/bgm\/wp-content\/uploads\/sites\/790\/2021\/06\/Uebung-2.1-731x1024.jpg 731w, https:\/\/www.hsu-hh.de\/bgm\/wp-content\/uploads\/sites\/790\/2021\/06\/Uebung-2.1-214x300.jpg 214w, https:\/\/www.hsu-hh.de\/bgm\/wp-content\/uploads\/sites\/790\/2021\/06\/Uebung-2.1-768x1075.jpg 768w, https:\/\/www.hsu-hh.de\/bgm\/wp-content\/uploads\/sites\/790\/2021\/06\/Uebung-2.1-1097x1536.jpg 1097w, https:\/\/www.hsu-hh.de\/bgm\/wp-content\/uploads\/sites\/790\/2021\/06\/Uebung-2.1-1463x2048.jpg 1463w, https:\/\/www.hsu-hh.de\/bgm\/wp-content\/uploads\/sites\/790\/2021\/06\/Uebung-2.1-1100x1540.jpg 1100w, https:\/\/www.hsu-hh.de\/bgm\/wp-content\/uploads\/sites\/790\/2021\/06\/Uebung-2.1-scaled.jpg 1828w\" sizes=\"auto, (max-width: 731px) 100vw, 731px\" \/><\/figure><div class=\"wp-block-media-text__content\">\n<ul class=\"wp-block-list\" id=\"block-0079354a-7413-4fc5-9c74-30c9b4af1e83\"><li>Haben Sie bei der Massage einzelne verspannte Punkte wahrgenommen, dann suchen Sie diese Punkte nacheinander auf.<br><br><br><\/li><li>Dr\u00fccken Sie mit dem Mittelfinger auf einen verspannten Punkt im Wangenbereich und \u00f6ffnen sowie schlie\u00dfen Sie ganz langsam den Mund.<\/li><\/ul>\n<\/div><\/div>\n\n\n\n<div class=\"wp-block-media-text alignwide has-media-on-the-right is-stacked-on-mobile is-vertically-aligned-center\" style=\"grid-template-columns:auto 24%\"><figure class=\"wp-block-media-text__media\"><img loading=\"lazy\" decoding=\"async\" width=\"731\" height=\"1024\" src=\"https:\/\/www.hsu-hh.de\/bgm\/wp-content\/uploads\/sites\/790\/2021\/06\/Uebung-2.-Schlaefe-731x1024.jpg\" data-credit=\"Bundeswehr \/ Ulrike Schr\u00f6der\" alt=\"\u00dcbung 2\" class=\"wp-image-1752 size-full\" srcset=\"https:\/\/www.hsu-hh.de\/bgm\/wp-content\/uploads\/sites\/790\/2021\/06\/Uebung-2.-Schlaefe-731x1024.jpg 731w, https:\/\/www.hsu-hh.de\/bgm\/wp-content\/uploads\/sites\/790\/2021\/06\/Uebung-2.-Schlaefe-214x300.jpg 214w, https:\/\/www.hsu-hh.de\/bgm\/wp-content\/uploads\/sites\/790\/2021\/06\/Uebung-2.-Schlaefe-768x1076.jpg 768w, https:\/\/www.hsu-hh.de\/bgm\/wp-content\/uploads\/sites\/790\/2021\/06\/Uebung-2.-Schlaefe-1097x1536.jpg 1097w, https:\/\/www.hsu-hh.de\/bgm\/wp-content\/uploads\/sites\/790\/2021\/06\/Uebung-2.-Schlaefe-1462x2048.jpg 1462w, https:\/\/www.hsu-hh.de\/bgm\/wp-content\/uploads\/sites\/790\/2021\/06\/Uebung-2.-Schlaefe-1100x1540.jpg 1100w, https:\/\/www.hsu-hh.de\/bgm\/wp-content\/uploads\/sites\/790\/2021\/06\/Uebung-2.-Schlaefe-scaled.jpg 1828w\" sizes=\"auto, (max-width: 731px) 100vw, 731px\" \/><\/figure><div class=\"wp-block-media-text__content\">\n<ul class=\"wp-block-list\" id=\"block-0079354a-7413-4fc5-9c74-30c9b4af1e83\"><li>Verspannungen im Schl\u00e4fenbereich: Hier kann ebenfalls der Schl\u00e4fenmuskel (m. temporalis) beklopft und kreisf\u00f6rmig massiert werden.<\/li><\/ul>\n<\/div><\/div>\n\n\n\n<div class=\"wp-block-media-text alignwide is-stacked-on-mobile is-vertically-aligned-center\" style=\"grid-template-columns:24% auto\"><figure class=\"wp-block-media-text__media\"><img loading=\"lazy\" decoding=\"async\" width=\"731\" height=\"1024\" src=\"https:\/\/www.hsu-hh.de\/bgm\/wp-content\/uploads\/sites\/790\/2021\/06\/Uebung-2-Ball-731x1024.jpg\" data-credit=\"Bundeswehr \/ Ulrike Schr\u00f6der\" alt=\"\u00dcbung 2 Ball\" class=\"wp-image-1750 size-full\" srcset=\"https:\/\/www.hsu-hh.de\/bgm\/wp-content\/uploads\/sites\/790\/2021\/06\/Uebung-2-Ball-731x1024.jpg 731w, https:\/\/www.hsu-hh.de\/bgm\/wp-content\/uploads\/sites\/790\/2021\/06\/Uebung-2-Ball-214x300.jpg 214w, https:\/\/www.hsu-hh.de\/bgm\/wp-content\/uploads\/sites\/790\/2021\/06\/Uebung-2-Ball-768x1075.jpg 768w, https:\/\/www.hsu-hh.de\/bgm\/wp-content\/uploads\/sites\/790\/2021\/06\/Uebung-2-Ball-1097x1536.jpg 1097w, https:\/\/www.hsu-hh.de\/bgm\/wp-content\/uploads\/sites\/790\/2021\/06\/Uebung-2-Ball-1463x2048.jpg 1463w, https:\/\/www.hsu-hh.de\/bgm\/wp-content\/uploads\/sites\/790\/2021\/06\/Uebung-2-Ball-1100x1540.jpg 1100w, https:\/\/www.hsu-hh.de\/bgm\/wp-content\/uploads\/sites\/790\/2021\/06\/Uebung-2-Ball-scaled.jpg 1828w\" sizes=\"auto, (max-width: 731px) 100vw, 731px\" \/><\/figure><div class=\"wp-block-media-text__content\">\n<ul class=\"wp-block-list\" id=\"block-d4e4b173-47e3-403e-8a76-5ae5cd208fb7\"><li>Alternativ kann die Massage im Wangen- und Schl\u00e4fenbereich auch mit einem kleinen Noppenball durchgef\u00fchrt werden. Rollen Sie 20 &#8211; 30 Sekunden \u00fcber den jeweiligen Bereich. Machen Sie dann eine Pause und sp\u00fcren Sie der \u00dcbung nach. Wiederholen Sie dann die \u00dcbung 2 &#8211; 4 Mal.<\/li><\/ul>\n<\/div><\/div>\n\n\n\n<p><br><br><br><\/p>\n\n\n\n<h2 class=\"wp-block-heading\"><strong>Tipp 3: Kiefermuskeln dehnen und entspannen<\/strong><\/h2>\n\n\n\n<div class=\"wp-block-media-text alignwide is-stacked-on-mobile\" style=\"grid-template-columns:24% auto\"><figure class=\"wp-block-media-text__media\"><img loading=\"lazy\" decoding=\"async\" width=\"731\" height=\"1024\" src=\"https:\/\/www.hsu-hh.de\/bgm\/wp-content\/uploads\/sites\/790\/2021\/06\/Uebung-3-731x1024.jpg\" data-credit=\"Bundeswehr \/ Ulrike \" alt=\"\u00dcbung 3\" class=\"wp-image-1754 size-full\" srcset=\"https:\/\/www.hsu-hh.de\/bgm\/wp-content\/uploads\/sites\/790\/2021\/06\/Uebung-3-731x1024.jpg 731w, https:\/\/www.hsu-hh.de\/bgm\/wp-content\/uploads\/sites\/790\/2021\/06\/Uebung-3-214x300.jpg 214w, https:\/\/www.hsu-hh.de\/bgm\/wp-content\/uploads\/sites\/790\/2021\/06\/Uebung-3-768x1075.jpg 768w, https:\/\/www.hsu-hh.de\/bgm\/wp-content\/uploads\/sites\/790\/2021\/06\/Uebung-3-1097x1536.jpg 1097w, https:\/\/www.hsu-hh.de\/bgm\/wp-content\/uploads\/sites\/790\/2021\/06\/Uebung-3-1463x2048.jpg 1463w, https:\/\/www.hsu-hh.de\/bgm\/wp-content\/uploads\/sites\/790\/2021\/06\/Uebung-3-1100x1540.jpg 1100w, https:\/\/www.hsu-hh.de\/bgm\/wp-content\/uploads\/sites\/790\/2021\/06\/Uebung-3-scaled.jpg 1828w\" sizes=\"auto, (max-width: 731px) 100vw, 731px\" \/><\/figure><div class=\"wp-block-media-text__content\">\n<ul class=\"wp-block-list\" id=\"block-e11e48f9-7ca1-4ae3-807f-ccfaa2129ff3\"><li>Die Wangenmuskeln (m. masseter) sind h\u00e4ufig verk\u00fcrzt und verkrampft. Dann k\u00f6nnen diese vorsichtig gedehnt werden. Hierzu \u00f6ffnen Sie den Mund und legen den Daumen einer Hand an die oberen Schneidez\u00e4hne. Mittel- und Zeigefinger der anderen Hand legen Sie auf die unteren Frontz\u00e4hne.<br><br><\/li><li>Nun ziehen Sie vorsichtig und sanft mit den Fingern den Oberkiefer nach oben und den Unterkiefer nach unten. Die Bewegung geht ausschlie\u00dflich von Ihren H\u00e4nden aus.<br><br><\/li><li>Die Dehnung wird f\u00fcr 15 &#8211; 30 Sekunden gehalten.<br><br><\/li><li>Kleiner Hinweis: Wenn Zeigefinger, Mittelfinger und Ringfinger einer Hand gestreckt zwischen die Frontz\u00e4hne passen, liegt eine ausreichende Mund\u00f6ffnung vor.<\/li><\/ul>\n<\/div><\/div>\n\n\n\n<p><br><br><br><\/p>\n\n\n\n<h2 class=\"wp-block-heading\"><strong>Tipp 4: Kopfhaut und Nackenmuskulatur ausklopfen<\/strong><\/h2>\n\n\n\n<p><img loading=\"lazy\" decoding=\"async\" width=\"1828\" height=\"2560\" class=\"wp-image-1755\" style=\"width: 276px\" src=\"https:\/\/www.hsu-hh.de\/bgm\/wp-content\/uploads\/sites\/790\/2021\/06\/Uebung-4.-scaled.jpg\" alt=\"\u00dcbung 4.\" srcset=\"https:\/\/www.hsu-hh.de\/bgm\/wp-content\/uploads\/sites\/790\/2021\/06\/Uebung-4.-scaled.jpg 1828w, https:\/\/www.hsu-hh.de\/bgm\/wp-content\/uploads\/sites\/790\/2021\/06\/Uebung-4.-214x300.jpg 214w, https:\/\/www.hsu-hh.de\/bgm\/wp-content\/uploads\/sites\/790\/2021\/06\/Uebung-4.-731x1024.jpg 731w, https:\/\/www.hsu-hh.de\/bgm\/wp-content\/uploads\/sites\/790\/2021\/06\/Uebung-4.-768x1075.jpg 768w, https:\/\/www.hsu-hh.de\/bgm\/wp-content\/uploads\/sites\/790\/2021\/06\/Uebung-4.-1097x1536.jpg 1097w, https:\/\/www.hsu-hh.de\/bgm\/wp-content\/uploads\/sites\/790\/2021\/06\/Uebung-4.-1463x2048.jpg 1463w, https:\/\/www.hsu-hh.de\/bgm\/wp-content\/uploads\/sites\/790\/2021\/06\/Uebung-4.-1100x1540.jpg 1100w\" sizes=\"auto, (max-width: 1828px) 100vw, 1828px\" \/><img loading=\"lazy\" decoding=\"async\" width=\"1828\" height=\"2560\" class=\"wp-image-1756\" style=\"width: 276px\" src=\"https:\/\/www.hsu-hh.de\/bgm\/wp-content\/uploads\/sites\/790\/2021\/06\/Uebung-4.1-scaled.jpg\" alt=\"\u00dcbung 4.1\" srcset=\"https:\/\/www.hsu-hh.de\/bgm\/wp-content\/uploads\/sites\/790\/2021\/06\/Uebung-4.1-scaled.jpg 1828w, https:\/\/www.hsu-hh.de\/bgm\/wp-content\/uploads\/sites\/790\/2021\/06\/Uebung-4.1-214x300.jpg 214w, https:\/\/www.hsu-hh.de\/bgm\/wp-content\/uploads\/sites\/790\/2021\/06\/Uebung-4.1-731x1024.jpg 731w, https:\/\/www.hsu-hh.de\/bgm\/wp-content\/uploads\/sites\/790\/2021\/06\/Uebung-4.1-768x1075.jpg 768w, https:\/\/www.hsu-hh.de\/bgm\/wp-content\/uploads\/sites\/790\/2021\/06\/Uebung-4.1-1097x1536.jpg 1097w, https:\/\/www.hsu-hh.de\/bgm\/wp-content\/uploads\/sites\/790\/2021\/06\/Uebung-4.1-1463x2048.jpg 1463w, https:\/\/www.hsu-hh.de\/bgm\/wp-content\/uploads\/sites\/790\/2021\/06\/Uebung-4.1-1100x1540.jpg 1100w\" sizes=\"auto, (max-width: 1828px) 100vw, 1828px\" \/><img loading=\"lazy\" decoding=\"async\" width=\"1828\" height=\"2560\" class=\"wp-image-1757\" style=\"width: 276px\" src=\"https:\/\/www.hsu-hh.de\/bgm\/wp-content\/uploads\/sites\/790\/2021\/06\/Uebung-4.2-scaled.jpg\" alt=\"\u00dcbung 4.2\" srcset=\"https:\/\/www.hsu-hh.de\/bgm\/wp-content\/uploads\/sites\/790\/2021\/06\/Uebung-4.2-scaled.jpg 1828w, https:\/\/www.hsu-hh.de\/bgm\/wp-content\/uploads\/sites\/790\/2021\/06\/Uebung-4.2-214x300.jpg 214w, https:\/\/www.hsu-hh.de\/bgm\/wp-content\/uploads\/sites\/790\/2021\/06\/Uebung-4.2-731x1024.jpg 731w, https:\/\/www.hsu-hh.de\/bgm\/wp-content\/uploads\/sites\/790\/2021\/06\/Uebung-4.2-768x1075.jpg 768w, https:\/\/www.hsu-hh.de\/bgm\/wp-content\/uploads\/sites\/790\/2021\/06\/Uebung-4.2-1097x1536.jpg 1097w, https:\/\/www.hsu-hh.de\/bgm\/wp-content\/uploads\/sites\/790\/2021\/06\/Uebung-4.2-1463x2048.jpg 1463w, https:\/\/www.hsu-hh.de\/bgm\/wp-content\/uploads\/sites\/790\/2021\/06\/Uebung-4.2-1100x1540.jpg 1100w\" sizes=\"auto, (max-width: 1828px) 100vw, 1828px\" \/><img loading=\"lazy\" decoding=\"async\" width=\"1829\" height=\"2560\" class=\"wp-image-1758\" style=\"width: 276px\" src=\"https:\/\/www.hsu-hh.de\/bgm\/wp-content\/uploads\/sites\/790\/2021\/06\/Uebung-4.3-scaled.jpg\" alt=\"\u00dcbung 4.3\" srcset=\"https:\/\/www.hsu-hh.de\/bgm\/wp-content\/uploads\/sites\/790\/2021\/06\/Uebung-4.3-scaled.jpg 1829w, https:\/\/www.hsu-hh.de\/bgm\/wp-content\/uploads\/sites\/790\/2021\/06\/Uebung-4.3-214x300.jpg 214w, https:\/\/www.hsu-hh.de\/bgm\/wp-content\/uploads\/sites\/790\/2021\/06\/Uebung-4.3-731x1024.jpg 731w, https:\/\/www.hsu-hh.de\/bgm\/wp-content\/uploads\/sites\/790\/2021\/06\/Uebung-4.3-768x1075.jpg 768w, https:\/\/www.hsu-hh.de\/bgm\/wp-content\/uploads\/sites\/790\/2021\/06\/Uebung-4.3-1097x1536.jpg 1097w, https:\/\/www.hsu-hh.de\/bgm\/wp-content\/uploads\/sites\/790\/2021\/06\/Uebung-4.3-1463x2048.jpg 1463w, https:\/\/www.hsu-hh.de\/bgm\/wp-content\/uploads\/sites\/790\/2021\/06\/Uebung-4.3-1100x1540.jpg 1100w\" sizes=\"auto, (max-width: 1829px) 100vw, 1829px\" \/><\/p>\n\n\n\n<ul class=\"wp-block-list\"><li>Klopfen Sie&nbsp;mit den Fingerkuppen beider H\u00e4nde die Kopfhaut von&nbsp;der Stirn \u00fcber den Hinterkopf bis zum Nacken aus.<br><br><\/li><li>Beginnen Sie von der Mitte aus und arbeiten sich dann weiter zu den seitlichen Anteilen vor.<br><br><\/li><li>F\u00fcr das Ausklopfen des Nackens beugen Sie den Kopf etwas vor. Ihre Fingerkuppen beider H\u00e4nde klopfen nun die Nackenmuskulatur vom Ohr beginnend bis Richtung Halswirbels\u00e4ule aus. Hierbei ist Ihr Unterkiefer entspannt und die Lippen leicht ge\u00f6ffnet.<\/li><\/ul>\n\n\n\n<p><br><br><\/p>\n\n\n\n<h2 class=\"wp-block-heading\"><strong>Weiterf\u00fchrende Tipps<\/strong><\/h2>\n\n\n\n<ul class=\"wp-block-list\"><li>Stressfaktoren eliminieren<br><br><\/li><li>Erlernen von Entspannungsverfahren wie z.B. Progressive Muskelentspannung nach Jakobsen, Autogenes Training, etc.<br><br><\/li><li>Akupunktur<br><br><\/li><li>Kein exzessives Kaugummikauen<br><br><\/li><li>Kein exzessives Kraftsporttraining<br><br><\/li><li>Bei Schmerzen und Fragen rund um muskul\u00e4re Verspannung im Kiefergelenk und Kaumuskelbereich kommen Sie auf Ihre Zahnarztgruppe zu.<br><br><br><br><\/li><\/ul>\n\n\n\n<p><br><br>Haben Ihnen die Tipps zur Kieferentspannung gefallen? Sie finden das Thema Kieferentspannung interessant? <br>Recherchieren Sie gern zu weiteren Artikeln, Beitr\u00e4gen oder Fernsehsendungen zum Thema Kieferentspannung und bilden sich zu dem Thema fort.<\/p>\n\n\n\n<div class=\"wp-block-image\"><figure class=\"aligncenter\"><img loading=\"lazy\" decoding=\"async\" width=\"300\" height=\"211\" src=\"https:\/\/www.hsu-hh.de\/bgm\/wp-content\/uploads\/sites\/790\/2020\/06\/BGM_Logo_2-300x211.png\" data-credit=\"Bundeswehr\" alt=\"BGM_Logo\" class=\"wp-image-853\" srcset=\"https:\/\/www.hsu-hh.de\/bgm\/wp-content\/uploads\/sites\/790\/2020\/06\/BGM_Logo_2-300x211.png 300w, https:\/\/www.hsu-hh.de\/bgm\/wp-content\/uploads\/sites\/790\/2020\/06\/BGM_Logo_2-1024x719.png 1024w, https:\/\/www.hsu-hh.de\/bgm\/wp-content\/uploads\/sites\/790\/2020\/06\/BGM_Logo_2-768x539.png 768w, https:\/\/www.hsu-hh.de\/bgm\/wp-content\/uploads\/sites\/790\/2020\/06\/BGM_Logo_2-1100x772.png 1100w, https:\/\/www.hsu-hh.de\/bgm\/wp-content\/uploads\/sites\/790\/2020\/06\/BGM_Logo_2.png 1108w\" sizes=\"auto, (max-width: 300px) 100vw, 300px\" \/><\/figure><\/div>\n\n\n\n<p><em>Quellenangabe:<\/em><br>Heike H\u00f6fler: Entspannungstraining f\u00fcr Kiefer, Nacken, Schulter<br>Heike H\u00f6fler: Nacken und Schulter entspannen<\/p>\n\n\n\n<p><\/p>\n\n\n\n<p><br><em>Rechtlicher Hinweis:<\/em><br>Alle Bilder auf dieser Seite wurden durch Frau Ulrike Schr\u00f6der in Kooperation mit dem SanVersZ Hamburg-Mitte und der BGM-Koordinierungsstelle Hamburg  erstellt.<\/p>\n\n\n\n<p><\/p>\n","protected":false},"excerpt":{"rendered":"<p>Sofortma\u00dfnahmen bei Beschwerden im Kiefergelenksbereich Liebe Kameradinnen, liebe Kameraden, liebe Mitarbeiterinnen, liebe Mitarbeiter, kennen Sie das? Nach einem langen arbeitsreichen Tag schmerzt der Nacken, die Kaumuskulatur ist verspannt und die [&hellip;]<\/p>\n","protected":false},"author":193,"featured_media":0,"parent":514,"menu_order":4,"comment_status":"closed","ping_status":"closed","template":"","meta":{"footnotes":""},"categories":[4],"tags":[],"class_list":["post-1724","page","type-page","status-publish","hentry","category-forschung"],"_links":{"self":[{"href":"https:\/\/www.hsu-hh.de\/bgm\/wp-json\/wp\/v2\/pages\/1724","targetHints":{"allow":["GET"]}}],"collection":[{"href":"https:\/\/www.hsu-hh.de\/bgm\/wp-json\/wp\/v2\/pages"}],"about":[{"href":"https:\/\/www.hsu-hh.de\/bgm\/wp-json\/wp\/v2\/types\/page"}],"author":[{"embeddable":true,"href":"https:\/\/www.hsu-hh.de\/bgm\/wp-json\/wp\/v2\/users\/193"}],"replies":[{"embeddable":true,"href":"https:\/\/www.hsu-hh.de\/bgm\/wp-json\/wp\/v2\/comments?post=1724"}],"version-history":[{"count":53,"href":"https:\/\/www.hsu-hh.de\/bgm\/wp-json\/wp\/v2\/pages\/1724\/revisions"}],"predecessor-version":[{"id":1813,"href":"https:\/\/www.hsu-hh.de\/bgm\/wp-json\/wp\/v2\/pages\/1724\/revisions\/1813"}],"up":[{"embeddable":true,"href":"https:\/\/www.hsu-hh.de\/bgm\/wp-json\/wp\/v2\/pages\/514"}],"wp:attachment":[{"href":"https:\/\/www.hsu-hh.de\/bgm\/wp-json\/wp\/v2\/media?parent=1724"}],"wp:term":[{"taxonomy":"category","embeddable":true,"href":"https:\/\/www.hsu-hh.de\/bgm\/wp-json\/wp\/v2\/categories?post=1724"},{"taxonomy":"post_tag","embeddable":true,"href":"https:\/\/www.hsu-hh.de\/bgm\/wp-json\/wp\/v2\/tags?post=1724"}],"curies":[{"name":"wp","href":"https:\/\/api.w.org\/{rel}","templated":true}]}}